{"id":1136,"date":"2023-05-11T20:21:26","date_gmt":"2023-05-12T01:21:26","guid":{"rendered":"https:\/\/subtomy.com\/?post_type=product&#038;p=1136"},"modified":"2024-03-02T21:54:02","modified_gmt":"2024-03-03T02:54:02","slug":"beta-humiliation-scripts","status":"publish","type":"product","link":"https:\/\/subtomy.com\/cs\/produkt\/beta-ponizovaci-skripty\/","title":{"rendered":"5 Beta Pay Pig Humiliation Findom\/Financial Domination Scripts Pack"},"content":{"rendered":"<p>Z\u00edskejte sc\u00e9n\u00e1\u0159e pro n\u00e1sleduj\u00edc\u00ed sc\u00e9n\u00e1\u0159e poni\u017eov\u00e1n\u00ed beta samc\u016f:<\/p>\n<ul>\n<li><strong>Nutit beta samce platit za jejich nedostate\u010dnost<\/strong> - Po\u017eadujte, aby beta samec platil poplatek za to, \u017ee nen\u00ed schopen splnit sv\u00e9 finan\u010dn\u00ed po\u017eadavky. Sestavte spl\u00e1tkov\u00fd kalend\u00e1\u0159 a po\u017eadujte po beta samci pravideln\u00e9 platby, p\u0159ipom\u00ednejte mu jeho nedostate\u010dnost a neschopnost uspokojit sv\u00e9ho nad\u0159\u00edzen\u00e9ho.<\/li>\n<li><strong>Poni\u017eov\u00e1n\u00ed beta samce za jeho nedostate\u010dn\u00fd finan\u010dn\u00ed \u00fasp\u011bch<\/strong> - Posm\u00edvejte se beta samci a zleh\u010dujte ho za to, \u017ee nen\u00ed schopen zajistit dostatek pen\u011bz, aby uspokojil pot\u0159eby a p\u0159\u00e1n\u00ed dominantn\u00edho mu\u017ee. Vyhro\u017eujte, \u017ee odhal\u00edte finan\u010dn\u00ed situaci beta mu\u017ee ostatn\u00edm, abyste ho je\u0161t\u011b v\u00edce pon\u00ed\u017eili.<\/li>\n<li><strong>Obl\u00e9k\u00e1n\u00ed beta samce pro jeho pod\u0159\u00edzenost<\/strong> - P\u0159inu\u0165te beta samce, aby se obl\u00e9kl do poni\u017euj\u00edc\u00edho oble\u010den\u00ed nebo plnil poni\u017euj\u00edc\u00ed \u00fakoly. Beta mus\u00ed nosit levn\u00e9 nebo neatraktivn\u00ed oble\u010den\u00ed, zat\u00edmco dominant se chlub\u00ed sv\u00fdm bohatstv\u00edm a luxusn\u00edmi p\u0159edm\u011bty.<\/li>\n<li><strong>Ve\u0159ejn\u00e9 pon\u00ed\u017een\u00ed beta samce<\/strong> - Vy\u017eadujte od beta-\u017eeny poni\u017euj\u00edc\u00ed \u00fakony na ve\u0159ejnosti, nap\u0159\u00edklad no\u0161en\u00ed cedulky, kter\u00e1 deklaruje jejich m\u00e9n\u011bcennost, nebo nucen\u00ed \u017eebrat na ulici o pen\u00edze. Pon\u00ed\u017een\u00ed by mohlo b\u00fdt umocn\u011bno p\u0159\u00edtomnost\u00ed dal\u0161\u00edch lid\u00ed, kte\u0159\u00ed by mohli b\u00fdt sv\u011bdky betaovy nedostate\u010dnosti.<\/li>\n<li><strong>Finan\u010dn\u00ed nadvl\u00e1da nad bankovn\u00edm \u00fa\u010dtem beta samce\u00a0<\/strong>- V\u00edte, co se tu d\u011bje!<\/li>\n<\/ul>\n<p><em>Sleduje\u0161, jak p\u0159ed tebou kle\u010d\u00ed beta samec. Jeho hlava je sklon\u011bn\u00e1 a tv\u00e1\u0159 je maskou hanby a pon\u00ed\u017een\u00ed. Je tu, proto\u017ee nesplnil va\u0161e finan\u010dn\u00ed ani jin\u00e1 o\u010dek\u00e1v\u00e1n\u00ed a nyn\u00ed mus\u00ed n\u00e9st n\u00e1sledky. Vychutn\u00e1v\u00e1\u0161 si tento okam\u017eik a vychutn\u00e1v\u00e1\u0161 si jeho otroctv\u00ed.<\/em><\/p>\n<p><em>\"Nem\u016f\u017ee\u0161 se s n\u00edm m\u011b\u0159it,\" \u0159ekne\u0161 mu s opovr\u017een\u00edm, \"tak\u017ee te\u010f mus\u00ed\u0161 zaplatit.\" Beta samec se nep\u0159\u00edjemn\u011b pohne, ale neodpov\u00ed ti; v\u00ed l\u00e9pe, ne\u017e aby se h\u00e1dal s tvou nad\u0159azenost\u00ed. Tv\u00e9 o\u010di se na n\u011bj up\u00edraj\u00ed, jako bys ho vyz\u00fdval, aby s t\u00edm n\u011bco ud\u011blal, cokoli. Ale nic z n\u011bj nevypadne, krom\u011b p\u0159ijet\u00ed toho, co se mezi v\u00e1mi d\u011bje, pochopen\u00ed, \u017ee pen\u00edze budou dnes vym\u011bn\u011bny za pon\u00ed\u017een\u00ed a degradaci.<\/em><\/p>\n<p><em>Otev\u0159e pen\u011b\u017eenku a pod\u00e1 ti pen\u00edze - mnohem m\u00e9n\u011b, ne\u017e kolik po\u017eadovaly tv\u00e9 slu\u017eby, ale v\u00edc ne\u017e dost, vzhledem k tomu, jak bezcenn\u00fd je v porovn\u00e1n\u00ed s tebou - co\u017e vyvol\u00e1 spokojen\u00fd \u00fasm\u011bv na tv\u00fdch rtech. Tenhle \u010das zat\u00edm st\u00e1l za to, ale dal\u0161\u00ed z\u00e1bava je\u0161t\u011b zb\u00fdv\u00e1!<\/em><\/p>\n<p><em>Uk\u00e1\u017ee\u0161 panova\u010dn\u011b sm\u011brem k zemi, kde se p\u0159edt\u00edm p\u0159i jednom z projev\u016f tv\u00e9 nad\u0159azenosti rozsypaly mince, a po\u017eaduje\u0161, aby ka\u017ed\u00e1 mince byla posb\u00edr\u00e1na zvl\u00e1\u0161\u0165, dokud v\u0161echny nezmiz\u00ed z dohledu. I tento po\u017eadavek beta samec poslu\u0161n\u011b spln\u00ed a ti\u0161e se p\u0159i ka\u017ed\u00e9m pohybu ohrad\u00ed, p\u0159esto\u017ee dob\u0159e v\u00ed, \u017ee neuposlechnut\u00ed by pozd\u011bji vedlo k je\u0161t\u011b tvrd\u0161\u00edm trest\u016fm.<\/em><\/p>\n<p><em>Kdy\u017e jsou v\u0161ak v\u0161echny mince kone\u010dn\u011b sebr\u00e1ny, jejich pozornost se od nich odvr\u00e1t\u00ed a zam\u011b\u0159\u00ed se na v\u00e1s - dychtiv\u011b o\u010dek\u00e1vaj\u00ed dal\u0161\u00ed pokyny nebo p\u0159\u00edkazy...<\/em><\/p>","protected":false},"excerpt":{"rendered":"<p>Z\u00edskejte okam\u017eit\u00fd p\u0159\u00edstup k 5 skript\u016fm pro poni\u017eov\u00e1n\u00ed beta mu\u017e\u016f! 1 344 slov zlata, kter\u00e9 lze p\u0159izp\u016fsobit jak pro nahran\u00e1 videa, tak pro virtu\u00e1ln\u00ed setk\u00e1n\u00ed jeden na jednoho.<\/p>\n<p>Na co \u010dek\u00e1te? Vylep\u0161ete svou hru na dominanci pr\u00e1v\u011b te\u010f.<\/p>","protected":false},"featured_media":2257,"comment_status":"closed","ping_status":"closed","template":"","meta":[],"product_brand":[],"product_cat":[47],"product_tag":[28],"class_list":{"0":"post-1136","1":"product","2":"type-product","3":"status-publish","4":"has-post-thumbnail","6":"product_cat-scripts","7":"product_tag-findom","8":"infinite-scroll-item","9":"no-featured-image-padding","10":"sales-flash-overlay","11":"woocommerce-text-align-center","12":"woocommerce-image-align-center","13":"wc-has-gallery","15":"first","16":"instock","17":"downloadable","18":"virtual","19":"sold-individually","20":"purchasable","21":"product-type-simple"},"aioseo_notices":[],"_links":{"self":[{"href":"https:\/\/subtomy.com\/cs\/wp-json\/wp\/v2\/product\/1136","targetHints":{"allow":["GET"]}}],"collection":[{"href":"https:\/\/subtomy.com\/cs\/wp-json\/wp\/v2\/product"}],"about":[{"href":"https:\/\/subtomy.com\/cs\/wp-json\/wp\/v2\/types\/product"}],"replies":[{"embeddable":true,"href":"https:\/\/subtomy.com\/cs\/wp-json\/wp\/v2\/comments?post=1136"}],"wp:featuredmedia":[{"embeddable":true,"href":"https:\/\/subtomy.com\/cs\/wp-json\/wp\/v2\/media\/2257"}],"wp:attachment":[{"href":"https:\/\/subtomy.com\/cs\/wp-json\/wp\/v2\/media?parent=1136"}],"wp:term":[{"taxonomy":"product_brand","embeddable":true,"href":"https:\/\/subtomy.com\/cs\/wp-json\/wp\/v2\/product_brand?post=1136"},{"taxonomy":"product_cat","embeddable":true,"href":"https:\/\/subtomy.com\/cs\/wp-json\/wp\/v2\/product_cat?post=1136"},{"taxonomy":"product_tag","embeddable":true,"href":"https:\/\/subtomy.com\/cs\/wp-json\/wp\/v2\/product_tag?post=1136"}],"curies":[{"name":"wp","href":"https:\/\/api.w.org\/{rel}","templated":true}]}}