{"id":1372,"date":"2023-05-15T22:49:16","date_gmt":"2023-05-16T03:49:16","guid":{"rendered":"https:\/\/subtomy.com\/?post_type=product&#038;p=1372"},"modified":"2023-05-24T16:42:13","modified_gmt":"2023-05-24T21:42:13","slug":"findom-debt-contract-template","status":"publish","type":"product","link":"https:\/\/subtomy.com\/cs\/produkt\/sablona-smlouvy-o-dluhu-findom\/","title":{"rendered":"\u0160ablona smlouvy o dluhu Findom"},"content":{"rendered":"<h3 style=\"text-align: center;\">P\u0159edstavujeme smlouvu o dluhu Findom: Zajist\u011bte si finan\u010dn\u00ed pod\u00e1n\u00ed sv\u00e9ho v\u00fdplatn\u00edho prasete<\/h3>\n<p>Uzav\u0159ete se sv\u00fdm plat\u00edc\u00edm prasetem neporu\u0161itelnou dohodu, kter\u00e9 nem\u016f\u017ee odolat. Se smlouvou Findom Debt Contract m\u016f\u017eete od sv\u00e9ho pod\u0159\u00edzen\u00e9ho vy\u017eadovat neochv\u011bjnou finan\u010dn\u00ed poslu\u0161nost. Tato pe\u010dliv\u011b vypracovan\u00e1 smlouva dod\u00e1 va\u0161\u00ed h\u0159e na roli na intenzit\u011b a zajist\u00ed, \u017ee va\u0161e plat\u00edc\u00ed prase bude plnit sv\u00e9 finan\u010dn\u00ed z\u00e1vazky.<\/p>\n<p><strong>Co z\u00edsk\u00e1te:<\/strong><\/p>\n<ol>\n<li><strong>P\u0159izp\u016fsobiteln\u00e1 smlouva na 698 slov<\/strong>: Obdr\u017e\u00edte komplexn\u00ed smlouvu zahrnuj\u00edc\u00ed v\u0161echny aspekty va\u0161eho finan\u010dn\u00edho uspo\u0159\u00e1d\u00e1n\u00ed. Tento dokument o 698 slovech poskytuje pevn\u00fd z\u00e1klad pro stanoven\u00ed podm\u00ednek dluhu va\u0161eho v\u00fdplatn\u00edho pras\u00e1tka. Smlouva je pohodln\u011b dostupn\u00e1 v Dokumentech Google, co\u017e umo\u017e\u0148uje snadnou univerz\u00e1ln\u00ed \u00fapravu.<\/li>\n<li><strong>Personalizovan\u00e9 sekce:<\/strong> Dluhov\u00e1 smlouva Findom nab\u00edz\u00ed zv\u00fdrazn\u011bn\u00e9 \u010d\u00e1sti, kter\u00e9 lze bez probl\u00e9m\u016f p\u0159izp\u016fsobit va\u0161emu jm\u00e9nu a jm\u00e9nu va\u0161eho submisiva, co\u017e dod\u00e1 va\u0161\u00ed mocensk\u00e9 dynamice osobn\u00ed n\u00e1dech. Pono\u0159te se do iluze finan\u010dn\u00ed kontroly a posilte svou nadvl\u00e1du nad sv\u00fdm v\u00fdplatn\u00edm pras\u00e1tkem.<\/li>\n<li><strong>Flexibilita pro p\u0159izp\u016fsoben\u00ed<\/strong>: P\u0159izp\u016fsobte smlouvu sv\u00fdm p\u0159\u00e1n\u00edm a preferenc\u00edm. Snadno p\u0159id\u00e1vejte nebo ub\u00edrejte \u010d\u00e1sti podle sv\u00e9ho uv\u00e1\u017een\u00ed, aby smlouva odr\u00e1\u017eela hloubku a slo\u017eitost va\u0161\u00ed hry. Ud\u011blejte z n\u00ed skute\u010dn\u00fd projev sv\u00fdch fantazi\u00ed o finan\u010dn\u00ed nadvl\u00e1d\u011b.<\/li>\n<li><strong>Divadlo hran\u00ed rol\u00ed<\/strong>: Je nutn\u00e9 si uv\u011bdomit, \u017ee smlouvy o dluhu Findom jsou \u010dist\u011b divadeln\u00ed povahy a jsou navr\u017eeny tak, aby zv\u00fd\u0161ily intenzitu a pono\u0159en\u00ed do hry. Jsou mocn\u00fdm n\u00e1strojem k prohlouben\u00ed dynamiky pod\u0159\u00edzenosti a finan\u010dn\u00ed kontroly, kter\u00fd zvy\u0161uje emocion\u00e1ln\u00ed spojen\u00ed mezi v\u00e1mi a va\u0161\u00ed submisivn\u00ed osobou.<\/li>\n<\/ol>\n<p>P\u0159ijm\u011bte dramatick\u00e9 kouzlo smlouvy Findom Debt Contract, kde se fantazie setk\u00e1v\u00e1 s realitou ve sv\u011bt\u011b finan\u010dn\u00ed nadvl\u00e1dy. S touto smlouvou v ruce m\u016f\u017eete pov\u00fd\u0161it sv\u00e9 hran\u00ed rol\u00ed, upevnit svou autoritu a zajistit, aby v\u00e1\u0161 platov\u00fd pras\u00e1k nem\u011bl jinou mo\u017enost ne\u017e plnit sv\u00e9 finan\u010dn\u00ed z\u00e1vazky.<\/p>\n<p>Dluhov\u00e9 smlouvy Findom sice zvy\u0161uj\u00ed hloubku hran\u00ed rol\u00ed, ale nemaj\u00ed \u017e\u00e1dnou pr\u00e1vn\u00ed v\u00e1hu. Souhlas, komunikace a d\u016fv\u011bra z\u016fst\u00e1vaj\u00ed prvo\u0159ad\u00e9 v jak\u00e9koli dynamice finan\u010dn\u00ed nadvl\u00e1dy. Pou\u017e\u00edvejte smlouvy zodpov\u011bdn\u011b a v r\u00e1mci hranic mezi v\u00e1mi a va\u0161\u00ed submisivn\u00ed osobou.<\/p>\n<p>Jste p\u0159ipraveni posunout hranice finan\u010dn\u00ed kontroly a zaujmout neochv\u011bjnou oddanost\u00ed sv\u00e9ho v\u00fdplatn\u00edho prasete? Vyu\u017eijte s\u00edlu smlouvy Findom Debt Contract a sledujte, jak se v\u00e1\u0161 pod\u0159\u00edzen\u00fd dobrovoln\u011b vzd\u00e1v\u00e1 sv\u00e9 finan\u010dn\u00ed svobody, aby v\u00e1m slou\u017eil.<\/p>","protected":false},"excerpt":{"rendered":"<p>P\u0159ipravte se na to, \u017ee va\u0161e v\u00fdplatn\u00ed p\u00e1ska bude uzav\u0159ena, proto\u017ee nebudou m\u00edt jinou mo\u017enost ne\u017e platit.<\/p>\n<p><strong>Co z\u00edsk\u00e1te:<\/strong><\/p>\n<ul>\n<li>Snadno p\u0159izp\u016fsobiteln\u00e1 smlouva o 698 slovech s odkazem na soubor Dokument\u016f Google pro univerz\u00e1ln\u00ed \u00fapravy.<\/li>\n<li>Zv\u00fdrazn\u011bn\u00e9 sekce, kter\u00e9 lze p\u0159izp\u016fsobit va\u0161emu jm\u00e9nu a jm\u00e9nu va\u0161eho pod\u0159\u00edzen\u00e9ho.<\/li>\n<li>Snadn\u00e9 p\u0159id\u00e1v\u00e1n\u00ed a odeb\u00edr\u00e1n\u00ed sekc\u00ed podle pot\u0159eby<\/li>\n<\/ul>\n<p><em>Nezapome\u0148te, \u017ee dluhov\u00e9 smlouvy findomu jsou \u010dist\u011b divadeln\u00edm p\u0159edstaven\u00edm, kter\u00e9 pouze zvy\u0161uje hloubku hry.\u00a0<\/em><\/p>","protected":false},"featured_media":1543,"comment_status":"closed","ping_status":"closed","template":"","meta":[],"product_brand":[],"product_cat":[140],"product_tag":[28],"class_list":{"0":"post-1372","1":"product","2":"type-product","3":"status-publish","4":"has-post-thumbnail","6":"product_cat-tools","7":"product_tag-findom","8":"infinite-scroll-item","9":"no-featured-image-padding","10":"sales-flash-overlay","11":"woocommerce-text-align-center","12":"woocommerce-image-align-center","14":"first","15":"instock","16":"downloadable","17":"virtual","18":"sold-individually","19":"purchasable","20":"product-type-simple"},"aioseo_notices":[],"_links":{"self":[{"href":"https:\/\/subtomy.com\/cs\/wp-json\/wp\/v2\/product\/1372","targetHints":{"allow":["GET"]}}],"collection":[{"href":"https:\/\/subtomy.com\/cs\/wp-json\/wp\/v2\/product"}],"about":[{"href":"https:\/\/subtomy.com\/cs\/wp-json\/wp\/v2\/types\/product"}],"replies":[{"embeddable":true,"href":"https:\/\/subtomy.com\/cs\/wp-json\/wp\/v2\/comments?post=1372"}],"wp:featuredmedia":[{"embeddable":true,"href":"https:\/\/subtomy.com\/cs\/wp-json\/wp\/v2\/media\/1543"}],"wp:attachment":[{"href":"https:\/\/subtomy.com\/cs\/wp-json\/wp\/v2\/media?parent=1372"}],"wp:term":[{"taxonomy":"product_brand","embeddable":true,"href":"https:\/\/subtomy.com\/cs\/wp-json\/wp\/v2\/product_brand?post=1372"},{"taxonomy":"product_cat","embeddable":true,"href":"https:\/\/subtomy.com\/cs\/wp-json\/wp\/v2\/product_cat?post=1372"},{"taxonomy":"product_tag","embeddable":true,"href":"https:\/\/subtomy.com\/cs\/wp-json\/wp\/v2\/product_tag?post=1372"}],"curies":[{"name":"wp","href":"https:\/\/api.w.org\/{rel}","templated":true}]}}