{"id":1811,"date":"2023-06-05T18:34:17","date_gmt":"2023-06-05T23:34:17","guid":{"rendered":"https:\/\/subtomy.com\/?post_type=product&#038;p=1811"},"modified":"2024-04-01T12:26:19","modified_gmt":"2024-04-01T17:26:19","slug":"joi-evening-messages-pack","status":"publish","type":"product","link":"https:\/\/subtomy.com\/cs\/produkt\/joi-evening-messages-pack\/","title":{"rendered":"65 Bal\u00ed\u010dek ve\u010dern\u00edch zpr\u00e1v JOI pro hromadn\u00e9 zas\u00edl\u00e1n\u00ed zpr\u00e1v a sch\u016fzky 1 na 1"},"content":{"rendered":"<h3 style=\"text-align: center;\">P\u0159edstavujeme bal\u00ed\u010dek 65 ve\u010dern\u00edch zpr\u00e1v JOI: Prov\u00e1zejte jejich pot\u011b\u0161en\u00ed a\u017e do noci<\/h3>\n<p>Uvoln\u011bte svou sv\u016fdnou s\u00edlu s bal\u00ed\u010dkem 65 ve\u010dern\u00edch zpr\u00e1v JOI. Tato sb\u00edrka dr\u00e1\u017ediv\u00fdch a rozkazova\u010dn\u00fdch zpr\u00e1v je ur\u010dena pro hromadn\u00e9 zas\u00edl\u00e1n\u00ed zpr\u00e1v a personalizovan\u00e9 interakce 1 na 1. D\u00edky t\u00e9to sb\u00edrce p\u0159evezmou va\u0161i odb\u011bratel\u00e9 kontrolu nad rozko\u0161\u00ed b\u011bhem noci. Od explicitn\u00edch pokyn\u016f po sv\u016fdn\u00e9 sc\u00e9n\u00e1\u0159e - tyto zpr\u00e1vy je dovedou k nov\u00fdm v\u00fd\u0161in\u00e1m ext\u00e1ze.<\/p>\n<ol>\n<li><strong>Velitelsk\u00e9 p\u0159edstaven\u00ed<\/strong>: Ka\u017edou zpr\u00e1vu za\u010dn\u011bte vzletn\u00fdm a vzru\u0161uj\u00edc\u00edm \u00favodem. Pou\u017eijte provokativn\u00ed jazyk, sv\u016fdn\u00e9 obr\u00e1zky nebo dr\u00e1\u017ediv\u00e9 emotikony, abyste upoutali jejich pozornost a udali t\u00f3n nezapomenuteln\u00e9mu ve\u010deru.<\/li>\n<li><strong>Personalizovan\u00e1 adresa<\/strong>: Nava\u017ete osobn\u00ed kontakt t\u00edm, \u017ee oslov\u00edte odb\u011bratele jm\u00e9nem nebo zahrnete jejich z\u00e1jmy. Dejte jim pocit, \u017ee jsou vid\u011bni a \u017e\u00e1d\u00e1ni, \u010d\u00edm\u017e zintenzivn\u00edte jejich o\u010dek\u00e1v\u00e1n\u00ed a p\u0159izp\u016fsob\u00edte jejich z\u00e1\u017eitek jejich p\u0159\u00e1n\u00edm.<\/li>\n<li><strong>Podrobn\u00e9 pokyny:<\/strong> Poskytn\u011bte v\u00fdslovn\u00e9 pokyny, kter\u00e9 jim pomohou z\u00edskat pot\u011b\u0161en\u00ed. Popi\u0161te jim, jak se maj\u00ed dot\u00fdkat, kam maj\u00ed zam\u011b\u0159it svou pozornost a jak\u00fdm tempem maj\u00ed postupovat. Povzbu\u010fte je, aby se pod\u0159\u00eddili va\u0161im p\u0159\u00edkaz\u016fm a pod va\u0161\u00edm veden\u00edm za\u017eili maxim\u00e1ln\u00ed rozko\u0161.<\/li>\n<li><strong>Smysln\u00e9 sc\u00e9n\u00e1\u0159e<\/strong>: Malujte smysln\u00e9 sc\u00e9ny, kter\u00e9 podn\u011bcuj\u00ed jejich p\u0159edstavivost a zvy\u0161uj\u00ed jejich vzru\u0161en\u00ed. Popi\u0161te jim l\u00e1kav\u00e9 sc\u00e9n\u00e1\u0159e nebo sc\u00e9n\u00e1\u0159e p\u0159izp\u016fsoben\u00e9 jejich specifick\u00fdm \u00fachylk\u00e1m a vyzv\u011bte je, aby se pono\u0159ili do sv\u011bta rozko\u0161e a touhy.<\/li>\n<li><strong>Progresivn\u00ed stimulace<\/strong>: Vyvol\u00e1vejte o\u010dek\u00e1v\u00e1n\u00ed a zintenzivn\u011bte jejich rozko\u0161 t\u00edm, \u017ee je provedete pocity. Dejte jim pokyn, aby za\u010dali pomalu a postupn\u011b zvy\u0161ovali intenzitu a tempo, dokud nedos\u00e1hnou vrcholu sv\u00e9 rozko\u0161e.<\/li>\n<li><strong>Slovn\u00ed povzbuzen\u00ed<\/strong>: Pou\u017e\u00edvejte sv\u016fdn\u00e9 a povzbudiv\u00e9 v\u00fdrazy, abyste podpo\u0159ili jejich vzru\u0161en\u00ed a motivovali je. P\u0159ipom\u00ednejte jim pot\u011b\u0161en\u00ed, kter\u00e9 v\u00e1m p\u0159in\u00e1\u0161ej\u00ed, a uspokojen\u00ed, kter\u00e9 za\u017e\u00edvaj\u00ed, kdy\u017e se pod\u0159izuj\u00ed va\u0161im p\u0159\u00edkaz\u016fm.<\/li>\n<li><strong>Teasing Teasers<\/strong>: Dr\u00e1\u017edit jejich smysly l\u00e1kav\u00fdmi z\u00e1blesky toho, co p\u0159ijde. Napov\u011bzte jim o nadch\u00e1zej\u00edc\u00edch sezen\u00edch, nov\u00fdch technik\u00e1ch nebo exkluzivn\u00edm obsahu, aby se t\u011b\u0161ili na dal\u0161\u00ed setk\u00e1n\u00ed s v\u00e1mi.<\/li>\n<li><strong>Interaktivn\u00ed zapojen\u00ed<\/strong>: Podpo\u0159te interakci t\u00edm, \u017ee je vyzvete, aby se pod\u011blili o sv\u00e9 z\u00e1\u017eitky, fantazie nebo p\u0159\u00e1n\u00ed. Vytvo\u0159te bezpe\u010dn\u00fd prostor pro otev\u0159en\u00fd dialog, kter\u00fd jim umo\u017en\u00ed prozkoumat jejich touhy a prohloubit jejich spojen\u00ed s va\u0161\u00edm veden\u00edm.<\/li>\n<li><strong>Reflexe po zased\u00e1n\u00ed<\/strong>: Po skon\u010den\u00ed sezen\u00ed v\u011bnujte chv\u00edli reflexi a p\u00e9\u010di. Povzbu\u010fte je, aby se pod\u011blili o sv\u00e9 my\u0161lenky, emoce nebo jakoukoli zp\u011btnou vazbu. Projevte jim uzn\u00e1n\u00ed za jejich d\u016fv\u011bru a oddanost va\u0161emu veden\u00ed.<\/li>\n<\/ol>\n<p>S bal\u00ed\u010dkem 65 ve\u010dern\u00edch zpr\u00e1v JOI m\u016f\u017eete sv\u00fdm p\u0159edplatitel\u016fm zp\u0159\u00edjemnit noc. Rozpalte jejich touhy, ovl\u00e1dn\u011bte jejich pozornost a ve\u010fte je na cestu ext\u00e1ze, na kterou nikdy nezapomenou.<\/p>\n<p>Nezapome\u0148te up\u0159ednostnit souhlas, komunikaci a vytvo\u0159it bezpe\u010dn\u00e9 prost\u0159ed\u00ed pro sv\u00e9 odb\u011bratele. Povzbuzujte je, aby zkoumali sv\u00e9 hranice vlastn\u00edm tempem, a v\u017edy respektujte jejich limity.<\/p>","protected":false},"excerpt":{"rendered":"<h3 style=\"text-align: center;\">P\u0159edstavujeme bal\u00ed\u010dek 65 ve\u010dern\u00edch zpr\u00e1v JOI: Prov\u00e1zejte jejich pot\u011b\u0161en\u00ed a\u017e do noci<\/h3>\n<p>P\u0159\u00edklady zahrnuj\u00ed:<\/p>\n<ul>\n<li><em>N\u00e1dhera, u\u017e se nem\u016f\u017eu do\u010dkat, a\u017e usly\u0161\u00edm tv\u00e9 st\u00e9n\u00e1n\u00ed, a\u017e se bude\u0161 \u0159\u00eddit m\u00fdmi pokyny a ztrat\u00ed\u0161 se v ext\u00e1zi \u2728\ud83d\udca6 P\u0159iprav se na noc plnou rozko\u0161e a blaha - jsem tu, abych se postaral o ka\u017ed\u00fd centimetr tv\u00e9ho t\u011bla \ud83d\udd25\ud83d\ude08.<\/em><\/li>\n<li><em>Tou\u017e\u00edte po sladk\u00e9m, l\u00e1kav\u00e9m JOI na z\u00e1v\u011br noci? \ud83e\udd24 Napad\u00e1 m\u011b n\u011bkolik n\u00e1pad\u016f, ze kter\u00fdch se ti budou podlamovat kolena, ne\u017e se pono\u0159\u00ed\u0161 do \u0159\u00ed\u0161e sn\u016f \ud83d\ude09 Nech m\u011b p\u0159evz\u00edt kontrolu a p\u0159ipravit t\u011b do postele sv\u00fdmi smysln\u00fdmi slovy \u2764\ufe0f.<\/em><\/li>\n<li><em>Odm\u011b\u0148te se za n\u00e1ro\u010dn\u00fd pracovn\u00ed den trochou nemravn\u00e9 z\u00e1bavy dnes ve\u010der \ud83d\udc8b Zav\u0159ete o\u010di a nechte se vz\u00edt na erotick\u00e9 dobrodru\u017estv\u00ed, kter\u00e9 v\u00e1s nech\u00e1 prosit o dal\u0161\u00ed \ud83d\ude09 \ud83e\udd24<\/em><\/li>\n<\/ul>","protected":false},"featured_media":2333,"comment_status":"closed","ping_status":"closed","template":"","meta":[],"product_brand":[],"product_cat":[141],"product_tag":[48],"class_list":{"0":"post-1811","1":"product","2":"type-product","3":"status-publish","4":"has-post-thumbnail","6":"product_cat-messaging","7":"product_tag-joi","8":"infinite-scroll-item","9":"no-featured-image-padding","10":"sales-flash-overlay","11":"woocommerce-text-align-center","12":"woocommerce-image-align-center","13":"wc-has-gallery","15":"first","16":"instock","17":"downloadable","18":"virtual","19":"sold-individually","20":"purchasable","21":"product-type-simple"},"aioseo_notices":[],"_links":{"self":[{"href":"https:\/\/subtomy.com\/cs\/wp-json\/wp\/v2\/product\/1811","targetHints":{"allow":["GET"]}}],"collection":[{"href":"https:\/\/subtomy.com\/cs\/wp-json\/wp\/v2\/product"}],"about":[{"href":"https:\/\/subtomy.com\/cs\/wp-json\/wp\/v2\/types\/product"}],"replies":[{"embeddable":true,"href":"https:\/\/subtomy.com\/cs\/wp-json\/wp\/v2\/comments?post=1811"}],"wp:featuredmedia":[{"embeddable":true,"href":"https:\/\/subtomy.com\/cs\/wp-json\/wp\/v2\/media\/2333"}],"wp:attachment":[{"href":"https:\/\/subtomy.com\/cs\/wp-json\/wp\/v2\/media?parent=1811"}],"wp:term":[{"taxonomy":"product_brand","embeddable":true,"href":"https:\/\/subtomy.com\/cs\/wp-json\/wp\/v2\/product_brand?post=1811"},{"taxonomy":"product_cat","embeddable":true,"href":"https:\/\/subtomy.com\/cs\/wp-json\/wp\/v2\/product_cat?post=1811"},{"taxonomy":"product_tag","embeddable":true,"href":"https:\/\/subtomy.com\/cs\/wp-json\/wp\/v2\/product_tag?post=1811"}],"curies":[{"name":"wp","href":"https:\/\/api.w.org\/{rel}","templated":true}]}}