{"id":1816,"date":"2023-06-05T18:57:25","date_gmt":"2023-06-05T23:57:25","guid":{"rendered":"https:\/\/subtomy.com\/?post_type=product&#038;p=1816"},"modified":"2024-04-01T12:21:59","modified_gmt":"2024-04-01T17:21:59","slug":"joi-morning-messages-pack","status":"publish","type":"product","link":"https:\/\/subtomy.com\/cs\/produkt\/joi-morning-messages-pack\/","title":{"rendered":"65 Bal\u00ed\u010dek rann\u00edch zpr\u00e1v JOI pro hromadn\u00e9 zas\u00edl\u00e1n\u00ed zpr\u00e1v a sch\u016fzky 1 na 1"},"content":{"rendered":"<h3 style=\"text-align: center;\">P\u0159edstavujeme bal\u00ed\u010dek 65 rann\u00edch zpr\u00e1v JOI: Za\u010dn\u011bte sv\u016fj den se smysln\u00fdm veden\u00edm<\/h3>\n<p>Zp\u0159\u00edjemn\u011bte sv\u00fdm odb\u011bratel\u016fm r\u00e1na pomoc\u00ed bal\u00ed\u010dku 65 rann\u00edch zpr\u00e1v JOI. Tato sb\u00edrka sv\u016fdn\u00fdch a velitelsk\u00fdch zpr\u00e1v, vytvo\u0159en\u00e1 pro hromadn\u00e9 zas\u00edl\u00e1n\u00ed zpr\u00e1v a personalizovan\u00e9 interakce 1 na 1, probud\u00ed jejich touhy a povede je k pot\u011b\u0161en\u00ed na za\u010d\u00e1tku dne.<\/p>\n<ol>\n<li><strong>Sv\u016fdn\u00e9 pozdravy<\/strong>: Upoutejte jejich pozornost od chv\u00edle, kdy se probud\u00ed, sv\u016fdn\u00fdmi a podmaniv\u00fdmi pozdravy. Pou\u017eijte provokativn\u00ed jazyk, sugestivn\u00ed emotikony nebo l\u00e1kav\u00e9 vizu\u00e1ln\u00ed prvky, abyste udali t\u00f3n nezapomenuteln\u00e9mu r\u00e1nu pln\u00e9mu rozko\u0161e.<\/li>\n<li><strong>Personalizovan\u00e1 adresa<\/strong>: Nava\u017ete osobn\u00ed kontakt osloven\u00edm odb\u011bratel\u016f jm\u00e9nem nebo zahrnut\u00edm jejich specifick\u00fdch z\u00e1jm\u016f. Dejte jim pocit, \u017ee jsou vid\u011bni a \u017e\u00e1d\u00e1ni, a vytvo\u0159te tak pocit d\u016fv\u011brnosti, kter\u00fd umocn\u00ed jejich o\u010dek\u00e1v\u00e1n\u00ed pot\u011b\u0161en\u00ed, kter\u00e9 je \u010dek\u00e1.<\/li>\n<li><strong>V\u00fdslovn\u00e9 pokyny<\/strong>: Poskytn\u011bte jim podrobn\u00e9 pokyny, kter\u00e9 je budou prov\u00e1zet. Popi\u0161te jim, jak se maj\u00ed dot\u00fdkat, jak\u00e9 techniky maj\u00ed pou\u017e\u00edvat a jak\u00e9 tempo maj\u00ed dodr\u017eovat. P\u0159evezm\u011bte kontrolu nad jejich rann\u00edm pot\u011b\u0161en\u00edm a ve\u010fte je k nov\u00fdm v\u00fd\u0161in\u00e1m ext\u00e1ze.<\/li>\n<li><strong>Smysln\u00e9 sc\u00e9n\u00e1\u0159e<\/strong>: Namalujte smysln\u00e9 sc\u00e9n\u00e1\u0159e, kter\u00e9 podn\u00edt\u00ed jejich p\u0159edstavivost a zes\u00edl\u00ed jejich vzru\u0161en\u00ed. Popi\u0161te l\u00e1kav\u00e9 sc\u00e9n\u00e1\u0159e nebo sc\u00e9n\u00e1\u0159e p\u0159izp\u016fsoben\u00e9 jejich specifick\u00fdm fantazi\u00edm a vyzv\u011bte je, aby se pod va\u0161\u00edm odborn\u00fdm veden\u00edm oddali sv\u00fdm touh\u00e1m.<\/li>\n<li><strong>Progresivn\u00ed stimulace<\/strong>: Ve\u010fte je na cestu stup\u0148uj\u00edc\u00edho se pot\u011b\u0161en\u00ed t\u00edm, \u017ee jim d\u00e1te pokyn, aby za\u010dali pomalu a postupn\u011b zvy\u0161ovali intenzitu. Prov\u00e1zejte je r\u016fzn\u00fdmi pocity a technikami a umo\u017en\u011bte jim za\u017e\u00edt postupn\u011b nar\u016fstaj\u00edc\u00ed rozko\u0161.<\/li>\n<li><strong>Slovn\u00ed povzbuzen\u00ed<\/strong>: Pou\u017e\u00edvejte sv\u016fdn\u00e9 a povzbudiv\u00e9 v\u00fdrazy, abyste podpo\u0159ili jejich vzru\u0161en\u00ed a motivovali je. P\u0159ipom\u00ednejte jim pot\u011b\u0161en\u00ed, kter\u00e9 v\u00e1m p\u0159in\u00e1\u0161ej\u00ed, a uspokojen\u00ed, kter\u00e9 za\u017e\u00edvaj\u00ed, kdy\u017e se pod\u0159izuj\u00ed va\u0161im p\u0159\u00edkaz\u016fm.<\/li>\n<li><strong>Teasing Teasers<\/strong>: Dr\u00e1\u017ed\u011bte jejich smysly l\u00e1kav\u00fdmi n\u00e1hledy na nadch\u00e1zej\u00edc\u00ed sezen\u00ed, nov\u00e9 techniky nebo exkluzivn\u00ed obsah. Vytvo\u0159te v nich o\u010dek\u00e1v\u00e1n\u00ed budouc\u00edch setk\u00e1n\u00ed s v\u00e1mi a nechte je tou\u017eit po dal\u0161\u00edch.<\/li>\n<li><strong>Interaktivn\u00ed zapojen\u00ed<\/strong>: Podpo\u0159te interakci t\u00edm, \u017ee je vyzvete, aby se pod\u011blili o sv\u00e9 z\u00e1\u017eitky, fantazie nebo p\u0159\u00e1n\u00ed. Vytvo\u0159te bezpe\u010dn\u00fd prostor pro otev\u0159en\u00fd dialog, kter\u00fd jim umo\u017en\u00ed prozkoumat jejich touhy a prohloubit jejich spojen\u00ed s va\u0161\u00edm veden\u00edm.<\/li>\n<li><strong>Reflexe po zased\u00e1n\u00ed<\/strong>: Po skon\u010den\u00ed sezen\u00ed v\u011bnujte chv\u00edli reflexi a p\u00e9\u010di. Povzbu\u010fte je, aby se pod\u011blili o sv\u00e9 my\u0161lenky, emoce nebo jakoukoli zp\u011btnou vazbu. Projevte jim uzn\u00e1n\u00ed za jejich d\u016fv\u011bru a oddanost va\u0161emu veden\u00ed.<\/li>\n<\/ol>\n<p>S bal\u00ed\u010dkem 65 rann\u00edch vzkaz\u016f JOI m\u00e1te moc za\u010d\u00edt den sv\u00fdch p\u0159edplatitel\u016f smysln\u00fdm veden\u00edm a pot\u011b\u0161en\u00edm. Probu\u010fte v nich touhy, z\u00edskejte jejich pozornost a ve\u010fte je na cestu ext\u00e1ze, na kterou jen tak nezapomenou.<\/p>\n<p>Nezapome\u0148te up\u0159ednostnit souhlas, komunikaci a vytvo\u0159it bezpe\u010dn\u00e9 prost\u0159ed\u00ed pro sv\u00e9 odb\u011bratele. Povzbuzujte je, aby zkoumali sv\u00e9 hranice vlastn\u00edm tempem, a v\u017edy respektujte jejich limity.<\/p>","protected":false},"excerpt":{"rendered":"<h3 style=\"text-align: center;\">Introducing the 65 JOI Morning Messages Pack: Start Their Day with Sensual Guidance<\/h3>\n<p>Examples include:<\/p>\n<ul>\n<li><em>Exquisite morning, my love \ud83d\udc8b I can almost feel your touch as I imagine you stroking yourself with me in mind. My instructions will leave you trembling with desire and aching for more. Let&#8217;s make this morning special; how about starting the day off right?\u00a0<\/em><\/li>\n<li><em>Hurry up and wake up, [Name], I&#8217;m feeling naughty and ready to give you the best JOI experience of your life \ud83e\udd29 Start your day off right with my voice guiding you through every stroke until pleasure takes over. \ud83d\ude09<\/em><\/li>\n<li><em>More than just a good morning, I want to give you something special \ud83e\udd29. I&#8217;m going to whisper naughty instructions in your ear and make all your fantasies come true \ud83d\udc45. Let me take control of you for the day and show you how hot it can be when we play together \u2764\ufe0f<\/em><\/li>\n<\/ul>\n","protected":false},"featured_media":2331,"comment_status":"closed","ping_status":"closed","template":"","meta":[],"product_brand":[],"product_cat":[141],"product_tag":[48],"class_list":{"0":"post-1816","1":"product","2":"type-product","3":"status-publish","4":"has-post-thumbnail","6":"product_cat-messaging","7":"product_tag-joi","8":"infinite-scroll-item","9":"no-featured-image-padding","10":"sales-flash-overlay","11":"woocommerce-text-align-center","12":"woocommerce-image-align-center","13":"wc-has-gallery","15":"first","16":"instock","17":"downloadable","18":"virtual","19":"sold-individually","20":"purchasable","21":"product-type-simple"},"aioseo_notices":[],"_links":{"self":[{"href":"https:\/\/subtomy.com\/cs\/wp-json\/wp\/v2\/product\/1816","targetHints":{"allow":["GET"]}}],"collection":[{"href":"https:\/\/subtomy.com\/cs\/wp-json\/wp\/v2\/product"}],"about":[{"href":"https:\/\/subtomy.com\/cs\/wp-json\/wp\/v2\/types\/product"}],"replies":[{"embeddable":true,"href":"https:\/\/subtomy.com\/cs\/wp-json\/wp\/v2\/comments?post=1816"}],"wp:featuredmedia":[{"embeddable":true,"href":"https:\/\/subtomy.com\/cs\/wp-json\/wp\/v2\/media\/2331"}],"wp:attachment":[{"href":"https:\/\/subtomy.com\/cs\/wp-json\/wp\/v2\/media?parent=1816"}],"wp:term":[{"taxonomy":"product_brand","embeddable":true,"href":"https:\/\/subtomy.com\/cs\/wp-json\/wp\/v2\/product_brand?post=1816"},{"taxonomy":"product_cat","embeddable":true,"href":"https:\/\/subtomy.com\/cs\/wp-json\/wp\/v2\/product_cat?post=1816"},{"taxonomy":"product_tag","embeddable":true,"href":"https:\/\/subtomy.com\/cs\/wp-json\/wp\/v2\/product_tag?post=1816"}],"curies":[{"name":"wp","href":"https:\/\/api.w.org\/{rel}","templated":true}]}}