{"id":2024,"date":"2023-08-02T19:40:03","date_gmt":"2023-08-03T00:40:03","guid":{"rendered":"https:\/\/subtomy.com\/?post_type=product&#038;p=2024"},"modified":"2023-08-02T22:38:53","modified_gmt":"2023-08-03T03:38:53","slug":"custom-captions-and-scripts","status":"publish","type":"product","link":"https:\/\/subtomy.com\/cs\/produkt\/vlastni-titulky-a-skripty\/","title":{"rendered":"Vlastn\u00ed titulky, skripty a dal\u0161\u00ed funkce"},"content":{"rendered":"<h2 style=\"text-align: center;\">Sna\u017e\u00edte se neust\u00e1le vytv\u00e1\u0159et poutav\u00fd a zaj\u00edmav\u00fd obsah pro sv\u00e9 platformy soci\u00e1ln\u00edch m\u00e9di\u00ed?<\/h2>\n<p><strong>Co nab\u00edz\u00edme:<\/strong><\/p>\n<ol>\n<li><strong>30 titulk\u016f na soci\u00e1ln\u00edch s\u00edt\u00edch:<\/strong> Odhalte s\u00edlu p\u016fsobiv\u00e9ho vypr\u00e1v\u011bn\u00ed p\u0159\u00edb\u011bh\u016f pomoc\u00ed 30 profesion\u00e1ln\u011b vytvo\u0159en\u00fdch popisk\u016f na soci\u00e1ln\u00edch s\u00edt\u00edch. N\u00e1\u0161 t\u00fdm zku\u0161en\u00fdch autor\u016f vytvo\u0159\u00ed poutav\u00e9 a zna\u010dkov\u00e9 titulky, kter\u00e9 budou rezonovat s va\u0161\u00ed c\u00edlovou skupinou a zanechaj\u00ed v n\u00ed touhu zapojit se do va\u0161eho obsahu.<\/li>\n<li><strong>10 vlastn\u00edch DM (hromadn\u00e9 zpr\u00e1vy nebo 1 na 1):<\/strong> Vytv\u00e1\u0159ejte hlub\u0161\u00ed spojen\u00ed se sv\u00fdmi sleduj\u00edc\u00edmi prost\u0159ednictv\u00edm personalizovan\u00fdch zpr\u00e1v DM. Na\u0161e vlastn\u00ed DM jsou navr\u017eeny tak, aby vytv\u00e1\u0159ely skute\u010dn\u00e9 interakce, podporovaly vztahy a smyslupln\u00e9 konverzace a pom\u00e1haly v\u00e1m budovat loaj\u00e1ln\u00ed a anga\u017eovanou komunitu.<\/li>\n<li><strong>3 video sc\u00e9n\u00e1\u0159e:<\/strong> Nechte na\u0161e zku\u0161en\u00e9 sc\u00e9n\u00e1risty vytvo\u0159it p\u0159esv\u011bd\u010div\u00e9 sc\u00e9n\u00e1\u0159e vide\u00ed, kter\u00e9 budou odpov\u00eddat osobnosti a c\u00edl\u016fm va\u0161\u00ed zna\u010dky. Na\u0161e sc\u00e9n\u00e1\u0159e zaujmou va\u0161e publikum a zanechaj\u00ed trval\u00fd dojem.<\/li>\n<\/ol>\n<p><strong>Jak to funguje:<\/strong><\/p>\n<ol>\n<li><strong>Dotazn\u00edk:<\/strong> Za\u010d\u00edn\u00e1me hloubkov\u00fdm dotazn\u00edkem, abychom pochopili va\u0161i zna\u010dku, c\u00edlovou skupinu a obsahov\u00e9 c\u00edle. T\u00edm zajist\u00edme, \u017ee n\u00e1\u0161 obsah bude dokonale odpov\u00eddat va\u0161im p\u0159edstav\u00e1m.<\/li>\n<li><strong>Tvorba obsahu na m\u00edru:<\/strong> N\u00e1\u0161 t\u00fdm odborn\u00edk\u016f kreativn\u011b a precizn\u011b zpracov\u00e1v\u00e1 ka\u017ed\u00fd obsah, aby m\u011bl ohlas u va\u0161eho publika a pos\u00edlil identitu va\u0161\u00ed zna\u010dky.<\/li>\n<li><strong>M\u011bs\u00ed\u010dn\u00ed dod\u00e1vka:<\/strong> Ka\u017ed\u00fd m\u011bs\u00edc obdr\u017e\u00edte d\u00e1vku 30 profesion\u00e1ln\u011b napsan\u00fdch titulk\u016f, 10 vlastn\u00edch DM, 3 video sc\u00e9n\u00e1\u0159e a dal\u0161\u00ed informace, kter\u00e9 jsou p\u0159ipraveny pos\u00edlit va\u0161e podnik\u00e1n\u00ed.<\/li>\n<\/ol>\n<p>V\u0161echen tento v\u00fdjime\u010dn\u00fd obsah a kreativitu z\u00edsk\u00e1te za p\u0159\u00edznivou cenu pouh\u00fdch $99 m\u011bs\u00ed\u010dn\u011b. Na\u0161\u00edm c\u00edlem je pos\u00edlit strategii va\u0161eho podnik\u00e1n\u00ed, ani\u017e byste museli prod\u011blat.<\/p>\n<p><strong>Pro\u010d si vybrat pr\u00e1v\u011b n\u00e1s:<\/strong><\/p>\n<ul>\n<li><strong>Odborn\u00e9 znalosti v oboru:<\/strong> M\u00e1me rozs\u00e1hl\u00e9 zku\u0161enosti v oboru pro dosp\u011bl\u00e9, co\u017e n\u00e1m umo\u017e\u0148uje vytv\u00e1\u0159et obsah, kter\u00fd dodr\u017euje z\u00e1sady platforem a z\u00e1rove\u0148 zvy\u0161uje anga\u017eovanost.<\/li>\n<li><strong>Kreativn\u00ed dokonalost:<\/strong> N\u00e1\u0161 t\u00fdm zku\u0161en\u00fdch autor\u016f a sc\u00e9n\u00e1rist\u016f se v\u011bnuje tvorb\u011b \u0161pi\u010dkov\u00e9ho obsahu, kter\u00fd va\u0161i zna\u010dku pov\u00fd\u0161\u00ed nad ostatn\u00ed.<\/li>\n<li><strong>Konzistence a pohodl\u00ed:<\/strong> Rozlu\u010dte se se stresem z tvorby obsahu. S na\u0161\u00edm modelem m\u011bs\u00ed\u010dn\u00edho p\u0159edplatn\u00e9ho budete pravideln\u011b dost\u00e1vat \u010derstv\u00fd, vysoce kvalitn\u00ed obsah bez jak\u00fdchkoli pot\u00ed\u017e\u00ed.<\/li>\n<\/ul>\n<p>Jste p\u0159ipraveni zlep\u0161it svou hru na soci\u00e1ln\u00edch s\u00edt\u00edch a zanechat trval\u00fd dojem na sv\u00e9 publikum?<\/p>","protected":false},"excerpt":{"rendered":"<p><strong>Z\u00edskejte 30 profesion\u00e1ln\u011b vytvo\u0159en\u00fdch popisk\u016f, 10 vlastn\u00edch DM pro hlub\u0161\u00ed spojen\u00ed s va\u0161imi sleduj\u00edc\u00edmi a 3 poutav\u00e9 video sc\u00e9n\u00e1\u0159e \u0161it\u00e9 na m\u00edru va\u0161\u00ed zna\u010dce.<\/strong><\/p>\n<p>N\u00e1\u0161 proces zahrnuje hloubkov\u00fd dotazn\u00edk pro pochopen\u00ed va\u0161\u00ed vize a zaji\u0161t\u011bn\u00ed souladu obsahu.<\/p>\n<p>Ka\u017ed\u00fd m\u011bs\u00edc budete dost\u00e1vat \u010derstv\u00fd, vysoce kvalitn\u00ed obsah za pouh\u00fdch $99\/m\u011bs\u00edc.<\/p>\n<p>Zlep\u0161ete svou hru na soci\u00e1ln\u00edch s\u00edt\u00edch a zanechte na sv\u00e9 publikum trval\u00fd dojem.<\/p>\n<p>P\u0159ipojte se nyn\u00ed a posilte sv\u00e9 podnik\u00e1n\u00ed!<\/p>\n<p><strong>Po zakoupen\u00ed obdr\u017e\u00edte na \u00fa\u010dtenku pozn\u00e1mku s odkazem na dotazn\u00edk, kter\u00fd je t\u0159eba vyplnit. Pokud jej nem\u016f\u017eete naj\u00edt, <a href=\"https:\/\/subtomy.com\/cs\/custom-content-questionnaire\/\">kliknut\u00edm sem se dostanete na str\u00e1nku s dotazn\u00edkem.<\/a>.\u00a0<\/strong><\/p>","protected":false},"featured_media":2025,"comment_status":"open","ping_status":"closed","template":"","meta":[],"product_brand":[],"product_cat":[179],"product_tag":[],"class_list":{"0":"post-2024","1":"product","2":"type-product","3":"status-publish","4":"has-post-thumbnail","6":"product_cat-micro-services","7":"infinite-scroll-item","8":"no-featured-image-padding","9":"sales-flash-overlay","10":"woocommerce-text-align-center","11":"woocommerce-image-align-center","13":"first","14":"instock","15":"featured","16":"virtual","17":"product-type-subscription"},"aioseo_notices":[],"_links":{"self":[{"href":"https:\/\/subtomy.com\/cs\/wp-json\/wp\/v2\/product\/2024","targetHints":{"allow":["GET"]}}],"collection":[{"href":"https:\/\/subtomy.com\/cs\/wp-json\/wp\/v2\/product"}],"about":[{"href":"https:\/\/subtomy.com\/cs\/wp-json\/wp\/v2\/types\/product"}],"replies":[{"embeddable":true,"href":"https:\/\/subtomy.com\/cs\/wp-json\/wp\/v2\/comments?post=2024"}],"wp:featuredmedia":[{"embeddable":true,"href":"https:\/\/subtomy.com\/cs\/wp-json\/wp\/v2\/media\/2025"}],"wp:attachment":[{"href":"https:\/\/subtomy.com\/cs\/wp-json\/wp\/v2\/media?parent=2024"}],"wp:term":[{"taxonomy":"product_brand","embeddable":true,"href":"https:\/\/subtomy.com\/cs\/wp-json\/wp\/v2\/product_brand?post=2024"},{"taxonomy":"product_cat","embeddable":true,"href":"https:\/\/subtomy.com\/cs\/wp-json\/wp\/v2\/product_cat?post=2024"},{"taxonomy":"product_tag","embeddable":true,"href":"https:\/\/subtomy.com\/cs\/wp-json\/wp\/v2\/product_tag?post=2024"}],"curies":[{"name":"wp","href":"https:\/\/api.w.org\/{rel}","templated":true}]}}