{"id":585,"date":"2023-04-13T23:44:56","date_gmt":"2023-04-14T04:44:56","guid":{"rendered":"https:\/\/shop.cammodelagency.com\/?post_type=product&#038;p=585"},"modified":"2024-03-26T19:39:22","modified_gmt":"2024-03-27T00:39:22","slug":"onlyfans-captions","status":"publish","type":"product","link":"https:\/\/subtomy.com\/cs\/produkt\/onlyfans-captions-2\/","title":{"rendered":"Bal\u00ed\u010dek 100+ titulk\u016f pro OnlyFans, Reddit a soci\u00e1ln\u00ed m\u00e9dia"},"content":{"rendered":"<p>Chcete, aby byl obsah OnlyFans st\u00e1le sv\u011b\u017e\u00ed a poutav\u00fd? N\u00e1\u0161 bal\u00ed\u010dek titulk\u016f pro dosp\u011bl\u00e9 modelky na soci\u00e1ln\u00edch s\u00edt\u00edch v\u00e1s zahrne!<\/p>\n<p>S <strong>V\u00cdCE NE\u017d 100 jedine\u010dn\u00fdch titulk\u016f<\/strong> navr\u017een\u00fd speci\u00e1ln\u011b pro obsah pro dosp\u011bl\u00e9, n\u00e1\u0161 bal\u00ed\u010dek v\u00e1m pom\u016f\u017ee upoutat pozornost publika a p\u0159im\u011bt ho, aby se k v\u00e1m vracelo. Na\u0161e titulky pokr\u00fdvaj\u00ed \u0161irokou \u0161k\u00e1lu t\u00e9mat a sc\u00e9n\u00e1\u0159\u016f, od koketn\u00edch a\u017e po explicitn\u00ed, tak\u017ee m\u016f\u017eete naj\u00edt perfektn\u00ed titulek pro ka\u017ed\u00fd p\u0159\u00edsp\u011bvek.<\/p>\n<p>N\u00e1\u0161 snadno pou\u017eiteln\u00fd form\u00e1t umo\u017e\u0148uje jednodu\u0161e zkop\u00edrovat a vlo\u017eit vybran\u00fd titulek do p\u0159\u00edsp\u011bvku na OnlyFans, co\u017e v\u00e1m u\u0161et\u0159\u00ed \u010das a n\u00e1mahu. Nav\u00edc m\u00e1te na v\u00fdb\u011br z tolika mo\u017enost\u00ed, \u017ee v\u00e1m nikdy nedojdou n\u00e1pady pro v\u00e1\u0161 obsah.<\/p>\n<p>A\u0165 u\u017e chcete prezentovat sv\u016fj nejnov\u011bj\u0161\u00ed set spodn\u00edho pr\u00e1dla, sd\u00edlet pikantn\u00ed p\u0159\u00edb\u011bh nebo se jen spojit se sv\u00fdm publikem na osobn\u011bj\u0161\u00ed \u00farovni, n\u00e1\u0161 bal\u00ed\u010dek titulk\u016f pro soci\u00e1ln\u00ed m\u00e9dia obsahuje v\u0161e, co pot\u0159ebujete, aby v\u00e1\u0161 obsah OnlyFans vynikl.<\/p>\n<p>Tak pro\u010d \u010dekat? Objednejte si n\u00e1\u0161 bal\u00ed\u010dek titulk\u016f OnlyFans pro soci\u00e1ln\u00ed m\u00e9dia je\u0161t\u011b dnes a posu\u0148te sv\u016fj obsah na vy\u0161\u0161\u00ed \u00farove\u0148!<\/p>\n<p>N\u00e1\u0161 bal\u00ed\u010dek obsahuje <strong>V\u00edce ne\u017e 100 jedine\u010dn\u00fdch titulk\u016f<\/strong> navr\u017een\u00e9 speci\u00e1ln\u011b pro obsah OnlyFans, abyste mohli upoutat pozornost sv\u00fdch sleduj\u00edc\u00edch a p\u0159im\u011bt je, aby se k v\u00e1m vraceli. A\u0165 u\u017e chcete p\u0159edv\u00e9st svou nejnov\u011bj\u0161\u00ed sadu spodn\u00edho pr\u00e1dla, sd\u00edlet parn\u00ed sc\u00e9nu ze sprchy nebo d\u00e1t sv\u00fdm sleduj\u00edc\u00edm nahl\u00e9dnout do z\u00e1kulis\u00ed sv\u00e9 ka\u017edodenn\u00ed rutiny, na\u0161e popisky v\u00e1m pomohou zaujmout.<\/p>\n<p>Na\u0161e popisky pokr\u00fdvaj\u00ed celou \u0161k\u00e1lu t\u00e9mat, od hrav\u00fdch po provokativn\u00ed, a v\u0161e mezi nimi. A\u0165 u\u017e chcete sv\u00e9 sleduj\u00edc\u00ed po\u0161k\u00e1dlit tajn\u00fdm pohledem, nebo je navnadit smyslnou zpr\u00e1vou, m\u00e1me pro v\u00e1s \u0159e\u0161en\u00ed. A d\u00edky na\u0161emu snadno pou\u017eiteln\u00e9mu form\u00e1tu m\u016f\u017eete vybran\u00fd titulek snadno a rychle zkop\u00edrovat a vlo\u017eit do p\u0159\u00edsp\u011bvk\u016f na OnlyFans, co\u017e v\u00e1m u\u0161et\u0159\u00ed \u010das i n\u00e1mahu.<\/p>\n<p>Pokud jste tedy p\u0159ipraveni posunout sv\u016fj obsah na OnlyFans na vy\u0161\u0161\u00ed \u00farove\u0148 a udr\u017eet sv\u00e9 sleduj\u00edc\u00ed v nap\u011bt\u00ed a nad\u0161en\u00ed, objednejte si n\u00e1\u0161 bal\u00ed\u010dek titulk\u016f pro soci\u00e1ln\u00ed m\u00e9dia je\u0161t\u011b dnes!<\/p>","protected":false},"excerpt":{"rendered":"<p><strong>Do\u017eivotn\u00ed aktualizace!<\/strong><\/p>\n<p>Chcete, aby v\u00e1\u0161 obsah OnlyFans vy\u010dn\u00edval z davu? Nehledejte nic jin\u00e9ho ne\u017e n\u00e1\u0161 bal\u00ed\u010dek titulk\u016f pro dosp\u011bl\u00e9 modely na soci\u00e1ln\u00edch s\u00edt\u00edch!<\/p>\n<p>P\u0159\u00edklady<\/p>\n<ul>\n<li><span data-sheets-value=\"{&quot;1&quot;:2,&quot;2&quot;:&quot;Easy as 1-2-3, let's get naughty \ud83d\udc8b Ready to unleash my wild side - who's ready to join me? #ReadyToPlay \ud83d\ude08&quot;}\" data-sheets-userformat=\"{&quot;2&quot;:8961,&quot;3&quot;:{&quot;1&quot;:0},&quot;11&quot;:4,&quot;12&quot;:0,&quot;16&quot;:12}\">Je to snadn\u00e9 jako 1-2-3, poj\u010fme zlobit \ud83d\udc8b Jsem p\u0159ipravena uvolnit svou divokou str\u00e1nku - kdo je p\u0159ipraven se ke mn\u011b p\u0159idat? #ReadyToPlay \ud83d\ude08<\/span><\/li>\n<li><span data-sheets-value=\"{&quot;1&quot;:2,&quot;2&quot;:&quot;Love to tease you with my \ud83d\udc8b\ud83e\udd75 Let's chat and explore our wildest fantasies together! #sexytime&quot;}\" data-sheets-userformat=\"{&quot;2&quot;:8961,&quot;3&quot;:{&quot;1&quot;:0},&quot;11&quot;:4,&quot;12&quot;:0,&quot;16&quot;:12}\">R\u00e1d t\u011b budu dr\u00e1\u017edit sv\u00fdmi \ud83d\udc8b\ud83e\udd75 Poj\u010fme si spolu popov\u00eddat a prozkoumat na\u0161e nejdivo\u010dej\u0161\u00ed fantazie! #sexytime<\/span><\/li>\n<li><span data-sheets-value=\"{&quot;1&quot;:2,&quot;2&quot;:&quot;Reward yourself with some pleasure \ud83d\udca6 I'm feeling extra naughty today, wanna join me? \ud83d\ude09 #LetMeTeaseYou&quot;}\" data-sheets-userformat=\"{&quot;2&quot;:8961,&quot;3&quot;:{&quot;1&quot;:0},&quot;11&quot;:4,&quot;12&quot;:0,&quot;16&quot;:12}\">Odm\u011b\u0148te se n\u011bjak\u00fdm pot\u011b\u0161en\u00edm \ud83d\udca6 Dneska se c\u00edt\u00edm extra nezbedn\u011b, nechcete se p\u0159idat? \ud83d\ude09 #LetMeTeaseYou<\/span><\/li>\n<\/ul>\n<p><strong>(Zahrnuje tak\u00e9 verze bez hashtag\u016f u ka\u017ed\u00e9ho popisku)<\/strong><\/p>","protected":false},"featured_media":2318,"comment_status":"open","ping_status":"closed","template":"","meta":[],"product_brand":[],"product_cat":[22],"product_tag":[142],"class_list":{"0":"post-585","1":"product","2":"type-product","3":"status-publish","4":"has-post-thumbnail","6":"product_cat-captions","7":"product_tag-onlyfans","8":"infinite-scroll-item","9":"no-featured-image-padding","10":"sales-flash-overlay","11":"woocommerce-text-align-center","12":"woocommerce-image-align-center","13":"wc-has-gallery","15":"first","16":"instock","17":"downloadable","18":"virtual","19":"sold-individually","20":"purchasable","21":"product-type-simple"},"aioseo_notices":[],"_links":{"self":[{"href":"https:\/\/subtomy.com\/cs\/wp-json\/wp\/v2\/product\/585","targetHints":{"allow":["GET"]}}],"collection":[{"href":"https:\/\/subtomy.com\/cs\/wp-json\/wp\/v2\/product"}],"about":[{"href":"https:\/\/subtomy.com\/cs\/wp-json\/wp\/v2\/types\/product"}],"replies":[{"embeddable":true,"href":"https:\/\/subtomy.com\/cs\/wp-json\/wp\/v2\/comments?post=585"}],"wp:featuredmedia":[{"embeddable":true,"href":"https:\/\/subtomy.com\/cs\/wp-json\/wp\/v2\/media\/2318"}],"wp:attachment":[{"href":"https:\/\/subtomy.com\/cs\/wp-json\/wp\/v2\/media?parent=585"}],"wp:term":[{"taxonomy":"product_brand","embeddable":true,"href":"https:\/\/subtomy.com\/cs\/wp-json\/wp\/v2\/product_brand?post=585"},{"taxonomy":"product_cat","embeddable":true,"href":"https:\/\/subtomy.com\/cs\/wp-json\/wp\/v2\/product_cat?post=585"},{"taxonomy":"product_tag","embeddable":true,"href":"https:\/\/subtomy.com\/cs\/wp-json\/wp\/v2\/product_tag?post=585"}],"curies":[{"name":"wp","href":"https:\/\/api.w.org\/{rel}","templated":true}]}}