{"id":59,"date":"2022-06-06T15:46:47","date_gmt":"2022-06-06T20:46:47","guid":{"rendered":"https:\/\/shop.cammodelagency.com\/?post_type=product&#038;p=59"},"modified":"2023-09-03T00:47:37","modified_gmt":"2023-09-03T05:47:37","slug":"how-to-sell-your-dick-pics-to-1000-per-month","status":"publish","type":"product","link":"https:\/\/subtomy.com\/cs\/produkt\/how-to-sell-your-dick-pics-to-1000-per-month\/","title":{"rendered":"Jak prodat sv\u00e9 D* fotky na $1,000 m\u011bs\u00ed\u010dn\u011b"},"content":{"rendered":"<h2 style=\"text-align: center;\">Jak m\u016f\u017eete vyd\u011blat $1,000 nebo v\u00edce m\u011bs\u00ed\u010dn\u011b z prodeje Dick Pics uvoln\u011bn\u00edm tohoto kompletn\u00edho pl\u00e1nu<\/h2>\n<p><img loading=\"lazy\" decoding=\"async\" class=\"aligncenter wp-image-61 size-full\" src=\"https:\/\/subtomy.com\/wp-content\/uploads\/2022\/06\/Selling-Your.jpg\" alt=\"\" width=\"960\" height=\"540\" srcset=\"https:\/\/subtomy.com\/wp-content\/uploads\/2022\/06\/Selling-Your.jpg 960w, https:\/\/subtomy.com\/wp-content\/uploads\/2022\/06\/Selling-Your-600x338.jpg 600w, https:\/\/subtomy.com\/wp-content\/uploads\/2022\/06\/Selling-Your-300x169.jpg 300w, https:\/\/subtomy.com\/wp-content\/uploads\/2022\/06\/Selling-Your-768x432.jpg 768w, https:\/\/subtomy.com\/wp-content\/uploads\/2022\/06\/Selling-Your-18x10.jpg 18w\" sizes=\"auto, (max-width: 960px) 100vw, 960px\" \/><\/p>\n<p style=\"text-align: center;\"><strong><span style=\"color: #008000;\">Nau\u010dte se p\u0159esn\u011b, jak vyd\u011bl\u00e1v\u00e1m v\u00edce ne\u017e $1,100 za m\u011bs\u00edc (na autopilota!)<\/span><\/strong><\/p>\n<p>R\u00e1di fot\u00edte, ale nev\u00edte, jak na tom vyd\u011blat. U\u017e jste je zkou\u0161eli prod\u00e1vat online, ale nikdy jste nic neprodali.<\/p>\n<p>Nyn\u00ed je tu kurz, kter\u00fd v\u00e1s nau\u010d\u00ed, jak prod\u00e1vat sv\u00e9 fotky pt\u00e1k\u016f online za m\u011bs\u00ed\u010dn\u00ed p\u0159\u00edjem $1,000 nebo v\u00edce. Nejedn\u00e1 se o \u017e\u00e1dn\u00e9 rychl\u00e9 zbohatnut\u00ed; je to pr\u016fvodce krok za krokem, kter\u00fd v\u00e1m uk\u00e1\u017ee, jak vybudovat \u00fasp\u011b\u0161n\u00fd byznys s fotkami penis\u016f od nuly.<\/p>\n<p>Nau\u010dte se, jak prod\u00e1vat fotky pt\u00e1k\u016f online a vyd\u011bl\u00e1vat si na pln\u00fd \u00favazek t\u00edm, co v\u00e1s bav\u00ed! Tento videokurz v\u00e1s sezn\u00e1m\u00ed se v\u0161\u00edm, co pot\u0159ebujete v\u011bd\u011bt, od hled\u00e1n\u00ed spr\u00e1vn\u00e9ho trhu pro va\u0161e fotky a\u017e po spr\u00e1vu klient\u016f.<\/p>\n<p>S t\u00edmto <strong>videokurz<\/strong>, z\u00edsk\u00e1te v\u00fdpis znalost\u00ed o v\u0161em od<\/p>\n<ul>\n<li>Jakou platformu pou\u017e\u00edt<\/li>\n<li>Jak \u0159\u00eddit klienty<\/li>\n<li>Jak roz\u0161\u00ed\u0159it svou klientskou z\u00e1kladnu<\/li>\n<li>Zp\u016fsob automatizace 97% podnik\u00e1n\u00ed<\/li>\n<\/ul>\n<p>Co je uvnit\u0159:<\/p>\n<ul>\n<li>12 vide\u00ed, kter\u00e1 v\u00e1s provedou <strong>P\u0158ESN\u011a<\/strong> jak za\u010d\u00edt<\/li>\n<li>PDF s celou prezentac\u00ed, abyste mohli snadno naj\u00edt kl\u00ed\u010dov\u00e9 body, kter\u00e9 zazn\u011bly v pr\u016fb\u011bhu kurzu.<\/li>\n<\/ul>\n<p>Existuje spousta lid\u00ed, kte\u0159\u00ed maj\u00ed z\u00e1jem prod\u00e1vat fotky pt\u00e1k\u016f online. Koneckonc\u016f je to skv\u011bl\u00fd zp\u016fsob, jak si vyd\u011blat n\u011bjak\u00e9 pen\u00edze nav\u00edc. A kdo by nem\u011bl r\u00e1d penis?<\/p>\n<p>Ne\u017e v\u0161ak za\u010dnete sv\u00e9 fotografie prod\u00e1vat, mus\u00edte v\u011bd\u011bt, jak na to. K tomu slou\u017e\u00ed n\u00e1\u0161 videokurz. Nau\u010d\u00edme v\u00e1s v\u0161e, co pot\u0159ebujete v\u011bd\u011bt, od toho, jak naj\u00edt ty spr\u00e1vn\u00e9 kupce, a\u017e po to, jak\u00e9 fotografie hledaj\u00ed.<\/p>\n<p>A\u0165 u\u017e jste zku\u0161en\u00fd profesion\u00e1l, nebo teprve za\u010d\u00edn\u00e1te, n\u00e1\u0161 kurz v\u00e1m pom\u016f\u017ee vyt\u011b\u017eit z fotografi\u00ed penisu maximum.<\/p>\n<p>Tak na co \u010dek\u00e1te?<\/p>","protected":false},"excerpt":{"rendered":"<p>Nau\u010dte se, jak prod\u00e1vat fotky pt\u00e1k\u016f online a vyd\u011bl\u00e1vat si na pln\u00fd \u00favazek t\u00edm, co v\u00e1s bav\u00ed! Tento videokurz v\u00e1s sezn\u00e1m\u00ed se v\u0161\u00edm, co pot\u0159ebujete v\u011bd\u011bt, od hled\u00e1n\u00ed spr\u00e1vn\u00e9ho trhu pro va\u0161e fotky a\u017e po spr\u00e1vu klient\u016f.<\/p>\n<p><strong>P\u0159ejd\u011bte dol\u016f a pod\u00edvejte se na video o tom, co z\u00edsk\u00e1te v tomto kurzu \ud83d\udc47\ud83c\udffe.<\/strong><\/p>","protected":false},"featured_media":1539,"comment_status":"open","ping_status":"closed","template":"","meta":[],"product_brand":[],"product_cat":[41],"product_tag":[33,40],"class_list":{"0":"post-59","1":"product","2":"type-product","3":"status-publish","4":"has-post-thumbnail","6":"product_cat-video-course","7":"product_tag-men","8":"product_tag-video","9":"infinite-scroll-item","10":"no-featured-image-padding","11":"sales-flash-overlay","12":"woocommerce-text-align-center","13":"woocommerce-image-align-center","15":"first","16":"instock","17":"downloadable","18":"virtual","19":"sold-individually","20":"purchasable","21":"product-type-simple"},"aioseo_notices":[],"_links":{"self":[{"href":"https:\/\/subtomy.com\/cs\/wp-json\/wp\/v2\/product\/59","targetHints":{"allow":["GET"]}}],"collection":[{"href":"https:\/\/subtomy.com\/cs\/wp-json\/wp\/v2\/product"}],"about":[{"href":"https:\/\/subtomy.com\/cs\/wp-json\/wp\/v2\/types\/product"}],"replies":[{"embeddable":true,"href":"https:\/\/subtomy.com\/cs\/wp-json\/wp\/v2\/comments?post=59"}],"wp:featuredmedia":[{"embeddable":true,"href":"https:\/\/subtomy.com\/cs\/wp-json\/wp\/v2\/media\/1539"}],"wp:attachment":[{"href":"https:\/\/subtomy.com\/cs\/wp-json\/wp\/v2\/media?parent=59"}],"wp:term":[{"taxonomy":"product_brand","embeddable":true,"href":"https:\/\/subtomy.com\/cs\/wp-json\/wp\/v2\/product_brand?post=59"},{"taxonomy":"product_cat","embeddable":true,"href":"https:\/\/subtomy.com\/cs\/wp-json\/wp\/v2\/product_cat?post=59"},{"taxonomy":"product_tag","embeddable":true,"href":"https:\/\/subtomy.com\/cs\/wp-json\/wp\/v2\/product_tag?post=59"}],"curies":[{"name":"wp","href":"https:\/\/api.w.org\/{rel}","templated":true}]}}