{"id":640,"date":"2023-04-17T16:46:17","date_gmt":"2023-04-17T21:46:17","guid":{"rendered":"https:\/\/shop.cammodelagency.com\/?post_type=product&#038;p=640"},"modified":"2023-05-15T22:43:13","modified_gmt":"2023-05-16T03:43:13","slug":"yogi-yoga-captions","status":"publish","type":"product","link":"https:\/\/subtomy.com\/cs\/produkt\/joginske-titulky-pro-jogu\/","title":{"rendered":"100+ Yogi\/Yoga Captions pro OnlyFans, Reddit, soci\u00e1ln\u00ed m\u00e9dia atd."},"content":{"rendered":"<p>Jste modelkou OnlyFans, kter\u00e1 miluje j\u00f3gu a chce p\u0159edv\u00e9st svou flexibilitu a s\u00edlu a z\u00e1rove\u0148 propagovat sv\u00e9 slu\u017eby na soci\u00e1ln\u00edch s\u00edt\u00edch? N\u00e1\u0161 bal\u00ed\u010dek titulk\u016f pro m\u00e9dia o j\u00f3ze v\u00e1m pom\u016f\u017ee!<\/p>\n<p>N\u00e1\u0161 bal\u00ed\u010dek obsahuje 100 jedine\u010dn\u00fdch titulk\u016f, kter\u00e9 v\u00e1m pomohou zaujmout va\u0161e sleduj\u00edc\u00ed a propagovat va\u0161e video slu\u017eby. A\u0165 u\u017e zve\u0159ej\u0148ujete svou fotografii v n\u00e1ro\u010dn\u00e9 j\u00f3gov\u00e9 pozici, nebo sd\u00edl\u00edte zpr\u00e1vu, kter\u00e1 zd\u016fraz\u0148uje va\u0161i s\u00edlu a flexibilitu, na\u0161e titulky v\u00e1m pomohou upoutat pozornost publika a p\u0159edv\u00e9st va\u0161e j\u00f3gov\u00e9 dovednosti.<\/p>\n<p>Na\u0161e popisky zahrnuj\u00ed celou \u0159adu t\u00e9mat, od inspirativn\u00edch po motiva\u010dn\u00ed, a v\u0161e mezi nimi. A\u0165 u\u017e se chcete pod\u011blit o sv\u00e9 obl\u00edben\u00e9 cit\u00e1ty z j\u00f3gy, nebo zd\u016fraznit fyzick\u00e9 a du\u0161evn\u00ed v\u00fdhody j\u00f3gy, m\u00e1me pro v\u00e1s \u0159e\u0161en\u00ed. A d\u00edky na\u0161emu snadno pou\u017eiteln\u00e9mu form\u00e1tu m\u016f\u017eete vybran\u00fd titulek snadno a rychle zkop\u00edrovat a vlo\u017eit do p\u0159\u00edsp\u011bvk\u016f na soci\u00e1ln\u00edch s\u00edt\u00edch, co\u017e v\u00e1m u\u0161et\u0159\u00ed \u010das i n\u00e1mahu.<\/p>\n<p>P\u0159\u00edklady:<\/p>\n<ul>\n<li><span data-sheets-value=\"{&quot;1&quot;:2,&quot;2&quot;:&quot;Can you feel the heat? \ud83d\udd25 I love being in control of my own body and showing off all my favorite yoga poses. Come join me on OnlyFans to get an intimate look into my spiritual, sexy side! \ud83d\udc8b &quot;}\" data-sheets-userformat=\"{&quot;2&quot;:14656,&quot;9&quot;:0,&quot;11&quot;:4,&quot;14&quot;:{&quot;1&quot;:2,&quot;2&quot;:0},&quot;15&quot;:&quot;Verdana&quot;,&quot;16&quot;:11}\">C\u00edt\u00edte to horko? \ud83d\udd25 Miluju, kdy\u017e m\u00e1m pod kontrolou sv\u00e9 t\u011blo a p\u0159edv\u00e1d\u00edm v\u0161echny sv\u00e9 obl\u00edben\u00e9 j\u00f3gov\u00e9 pozice. Poj\u010fte se ke mn\u011b p\u0159ipojit na OnlyFans a nahl\u00e9dn\u011bte intimn\u011b do m\u00e9 duchovn\u00ed, sexy str\u00e1nky! \ud83d\udc8b <\/span><\/li>\n<li><span data-sheets-value=\"{&quot;1&quot;:2,&quot;2&quot;:&quot;Gorgeous, graceful and oh so sexy. \ud83e\udd75 Join me in my yoga journey and let's chat about our favorite positions! I'm here to help you reach your full potential when it comes to physical, mental and spiritual health. Let's get sweaty together! \ud83d\ude09 &quot;}\" data-sheets-userformat=\"{&quot;2&quot;:14656,&quot;9&quot;:0,&quot;11&quot;:4,&quot;14&quot;:{&quot;1&quot;:2,&quot;2&quot;:0},&quot;15&quot;:&quot;Verdana&quot;,&quot;16&quot;:11}\">N\u00e1dhern\u00e1, p\u016fvabn\u00e1 a tak sexy. \ud83e\udd75 P\u0159idejte se ke mn\u011b na m\u00e9 cest\u011b j\u00f3gou a poj\u010fme si popov\u00eddat o na\u0161ich obl\u00edben\u00fdch pozic\u00edch! Jsem tu, abych v\u00e1m pomohla dos\u00e1hnout va\u0161eho pln\u00e9ho potenci\u00e1lu, pokud jde o fyzick\u00e9, du\u0161evn\u00ed a duchovn\u00ed zdrav\u00ed. Poj\u010fme se spole\u010dn\u011b zapotit! \ud83d\ude09<\/span><\/li>\n<li><span data-sheets-value=\"{&quot;1&quot;:2,&quot;2&quot;:&quot;Why can't yoga be both spiritual and sexy? \ud83e\udd29 Get ready to strike a pose with me in my new OnlyFans content! I'm feeling so pretty, strong &amp; confident today. Let's talk about our favorite positions together &amp; explore our wildest fantasies. \u2764\ufe0f #yoga #spiritualsexy&quot;}\" data-sheets-userformat=\"{&quot;2&quot;:8961,&quot;3&quot;:{&quot;1&quot;:0},&quot;11&quot;:4,&quot;12&quot;:0,&quot;16&quot;:12}\">Pro\u010d by j\u00f3ga nemohla b\u00fdt z\u00e1rove\u0148 duchovn\u00ed i sexy? \ud83e\udd29 P\u0159ipravte se se mnou na p\u00f3zu v m\u00e9m nov\u00e9m obsahu OnlyFans! Dnes se c\u00edt\u00edm tak kr\u00e1sn\u00e1, siln\u00e1 &amp; sebev\u011bdom\u00e1. Poj\u010fme si spolu popov\u00eddat o na\u0161ich obl\u00edben\u00fdch pozic\u00edch &amp; prozkoumat na\u0161e nejdivo\u010dej\u0161\u00ed fantazie. \u2764\ufe0f #yoga #spiritualsexy<\/span><\/li>\n<\/ul>\n<p>Pokud jste tedy nad\u0161enec do j\u00f3gy, kter\u00fd chce zaujmout sv\u00e9 sleduj\u00edc\u00ed a propagovat sv\u00e9 slu\u017eby na OnlyFans, objednejte si n\u00e1\u0161 bal\u00ed\u010dek titulk\u016f pro m\u00e9dia o j\u00f3ze je\u0161t\u011b dnes!<\/p>","protected":false},"excerpt":{"rendered":"<p>Jste modelkou OnlyFans, kter\u00e1 miluje j\u00f3gu a chce p\u0159edv\u00e9st svou flexibilitu a s\u00edlu a z\u00e1rove\u0148 propagovat sv\u00e9 slu\u017eby na soci\u00e1ln\u00edch s\u00edt\u00edch? N\u00e1\u0161 bal\u00ed\u010dek titulk\u016f pro m\u00e9dia o j\u00f3ze v\u00e1m pom\u016f\u017ee!<\/p>\n<p>P\u0159\u00edklady:<\/p>\n<ul>\n<li><span data-sheets-value=\"{&quot;1&quot;:2,&quot;2&quot;:&quot;Can you feel the heat? \ud83d\udd25 I love being in control of my own body and showing off all my favorite yoga poses. Come join me on OnlyFans to get an intimate look into my spiritual, sexy side! \ud83d\udc8b &quot;}\" data-sheets-userformat=\"{&quot;2&quot;:14656,&quot;9&quot;:0,&quot;11&quot;:4,&quot;14&quot;:{&quot;1&quot;:2,&quot;2&quot;:0},&quot;15&quot;:&quot;Verdana&quot;,&quot;16&quot;:11}\">C\u00edt\u00edte to horko? \ud83d\udd25 Miluju, kdy\u017e m\u00e1m pod kontrolou sv\u00e9 t\u011blo a p\u0159edv\u00e1d\u00edm v\u0161echny sv\u00e9 obl\u00edben\u00e9 j\u00f3gov\u00e9 pozice. Poj\u010fte se ke mn\u011b p\u0159ipojit na OnlyFans a nahl\u00e9dn\u011bte intimn\u011b do m\u00e9 duchovn\u00ed, sexy str\u00e1nky! \ud83d\udc8b <\/span><\/li>\n<li><span data-sheets-value=\"{&quot;1&quot;:2,&quot;2&quot;:&quot;Gorgeous, graceful and oh so sexy. \ud83e\udd75 Join me in my yoga journey and let's chat about our favorite positions! I'm here to help you reach your full potential when it comes to physical, mental and spiritual health. Let's get sweaty together! \ud83d\ude09 &quot;}\" data-sheets-userformat=\"{&quot;2&quot;:14656,&quot;9&quot;:0,&quot;11&quot;:4,&quot;14&quot;:{&quot;1&quot;:2,&quot;2&quot;:0},&quot;15&quot;:&quot;Verdana&quot;,&quot;16&quot;:11}\">N\u00e1dhern\u00e1, p\u016fvabn\u00e1 a tak sexy. \ud83e\udd75 P\u0159idejte se ke mn\u011b na m\u00e9 cest\u011b j\u00f3gou a poj\u010fme si popov\u00eddat o na\u0161ich obl\u00edben\u00fdch pozic\u00edch! Jsem tu, abych v\u00e1m pomohla dos\u00e1hnout va\u0161eho pln\u00e9ho potenci\u00e1lu, pokud jde o fyzick\u00e9, du\u0161evn\u00ed a duchovn\u00ed zdrav\u00ed. Poj\u010fme se spole\u010dn\u011b zapotit! \ud83d\ude09<\/span><\/li>\n<li><span data-sheets-value=\"{&quot;1&quot;:2,&quot;2&quot;:&quot;Why can't yoga be both spiritual and sexy? \ud83e\udd29 Get ready to strike a pose with me in my new OnlyFans content! I'm feeling so pretty, strong &amp; confident today. Let's talk about our favorite positions together &amp; explore our wildest fantasies. \u2764\ufe0f #yoga #spiritualsexy&quot;}\" data-sheets-userformat=\"{&quot;2&quot;:8961,&quot;3&quot;:{&quot;1&quot;:0},&quot;11&quot;:4,&quot;12&quot;:0,&quot;16&quot;:12}\">Pro\u010d by j\u00f3ga nemohla b\u00fdt z\u00e1rove\u0148 duchovn\u00ed i sexy? \ud83e\udd29 P\u0159ipravte se se mnou na p\u00f3zu v m\u00e9m nov\u00e9m obsahu OnlyFans! Dnes se c\u00edt\u00edm tak kr\u00e1sn\u00e1, siln\u00e1 &amp; sebev\u011bdom\u00e1. Poj\u010fme si spolu popov\u00eddat o na\u0161ich obl\u00edben\u00fdch pozic\u00edch &amp; prozkoumat na\u0161e nejdivo\u010dej\u0161\u00ed fantazie. \u2764\ufe0f #yoga #spiritualsexy<\/span><\/li>\n<\/ul>","protected":false},"featured_media":1232,"comment_status":"open","ping_status":"closed","template":"","meta":[],"product_brand":[],"product_cat":[22],"product_tag":[43],"class_list":{"0":"post-640","1":"product","2":"type-product","3":"status-publish","4":"has-post-thumbnail","6":"product_cat-captions","7":"product_tag-yoga","8":"infinite-scroll-item","9":"no-featured-image-padding","10":"sales-flash-overlay","11":"woocommerce-text-align-center","12":"woocommerce-image-align-center","13":"wc-has-gallery","15":"first","16":"instock","17":"downloadable","18":"virtual","19":"sold-individually","20":"purchasable","21":"product-type-simple"},"aioseo_notices":[],"_links":{"self":[{"href":"https:\/\/subtomy.com\/cs\/wp-json\/wp\/v2\/product\/640","targetHints":{"allow":["GET"]}}],"collection":[{"href":"https:\/\/subtomy.com\/cs\/wp-json\/wp\/v2\/product"}],"about":[{"href":"https:\/\/subtomy.com\/cs\/wp-json\/wp\/v2\/types\/product"}],"replies":[{"embeddable":true,"href":"https:\/\/subtomy.com\/cs\/wp-json\/wp\/v2\/comments?post=640"}],"wp:featuredmedia":[{"embeddable":true,"href":"https:\/\/subtomy.com\/cs\/wp-json\/wp\/v2\/media\/1232"}],"wp:attachment":[{"href":"https:\/\/subtomy.com\/cs\/wp-json\/wp\/v2\/media?parent=640"}],"wp:term":[{"taxonomy":"product_brand","embeddable":true,"href":"https:\/\/subtomy.com\/cs\/wp-json\/wp\/v2\/product_brand?post=640"},{"taxonomy":"product_cat","embeddable":true,"href":"https:\/\/subtomy.com\/cs\/wp-json\/wp\/v2\/product_cat?post=640"},{"taxonomy":"product_tag","embeddable":true,"href":"https:\/\/subtomy.com\/cs\/wp-json\/wp\/v2\/product_tag?post=640"}],"curies":[{"name":"wp","href":"https:\/\/api.w.org\/{rel}","templated":true}]}}