{"id":687,"date":"2023-04-18T00:22:09","date_gmt":"2023-04-18T05:22:09","guid":{"rendered":"https:\/\/shop.cammodelagency.com\/?post_type=product&#038;p=687"},"modified":"2024-03-28T00:31:07","modified_gmt":"2024-03-28T05:31:07","slug":"straight-male-captions","status":"publish","type":"product","link":"https:\/\/subtomy.com\/cs\/produkt\/straight-male-captions\/","title":{"rendered":"100+ Straight Male Captions pro OnlyFans, soci\u00e1ln\u00ed m\u00e9dia, Reddit atd."},"content":{"rendered":"<p>P\u0159edstavujeme dokonal\u00e9 \u0159e\u0161en\u00ed pro heterosexu\u00e1ln\u00ed modely OnlyFans, kte\u0159\u00ed cht\u011bj\u00ed zlep\u0161it svou p\u0159\u00edtomnost na soci\u00e1ln\u00edch s\u00edt\u00edch a z\u00edskat v\u00edce sleduj\u00edc\u00edch: bal\u00ed\u010dek titulk\u016f pro heterosexu\u00e1ln\u00ed mu\u017ee na soci\u00e1ln\u00edch s\u00edt\u00edch. Tento bal\u00ed\u010dek je speci\u00e1ln\u011b navr\u017een pro modely, kte\u0159\u00ed prod\u00e1vaj\u00ed slu\u017eby na OnlyFans, a obsahuje \u0161irokou \u0161k\u00e1lu poutav\u00fdch a pozornost upout\u00e1vaj\u00edc\u00edch popisk\u016f, kter\u00e9 jist\u011b p\u0159im\u011bj\u00ed va\u0161e publikum mluvit.<\/p>\n<p>A\u0165 u\u017e chcete prezentovat sv\u016fj nejnov\u011bj\u0161\u00ed obsah, propagovat nadch\u00e1zej\u00edc\u00ed ud\u00e1losti, nebo jednodu\u0161e zaujmout a pobavit sv\u00e9 sleduj\u00edc\u00ed, tento bal\u00ed\u010dek titulk\u016f obsahuje v\u0161e, co pot\u0159ebujete. Na\u0161e titulky jsou pe\u010dliv\u011b vytvo\u0159eny tak, aby oslovily p\u0159\u00edm\u00e9 mu\u017esk\u00e9 publikum a udr\u017eely v\u00e1\u0161 obsah sv\u011b\u017e\u00ed a vzru\u0161uj\u00edc\u00ed - od hrav\u00fdch jednov\u011bt\u00fdch hl\u00e1\u0161ek a\u017e po zaj\u00edmav\u00e9 ot\u00e1zky.<\/p>\n<p>P\u0159\u00edklady:<\/p>\n<ul>\n<li><span data-sheets-value=\"{&quot;1&quot;:2,&quot;2&quot;:&quot;Do you like what you see? \ud83e\udd24 I'm feeling so horny right now and can't wait to chat with all my fans. Let's get to know each other better, shall we? \ud83d\ude09 &quot;}\" data-sheets-userformat=\"{&quot;2&quot;:14656,&quot;9&quot;:0,&quot;11&quot;:4,&quot;14&quot;:{&quot;1&quot;:2,&quot;2&quot;:0},&quot;15&quot;:&quot;Verdana&quot;,&quot;16&quot;:11}\">L\u00edb\u00ed se v\u00e1m, co vid\u00edte? \ud83e\udd24 Jsem te\u010f tak nadr\u017een\u00e1 a nem\u016f\u017eu se do\u010dkat, a\u017e si popov\u00edd\u00e1m se v\u0161emi sv\u00fdmi fanou\u0161ky. Poj\u010fme se l\u00e9pe poznat, ano? \ud83d\ude09. <\/span><\/li>\n<li><span data-sheets-value=\"{&quot;1&quot;:2,&quot;2&quot;:&quot;Join my OnlyFans and let's get naughty \ud83d\udd25 I'm feeling really horny and ready to have some fun with you. Come talk to me, be my fan, and watch as I show off my handsome bod! \ud83d\ude0d #OnlyFansModel #MaleModel&quot;}\" data-sheets-userformat=\"{&quot;2&quot;:8961,&quot;3&quot;:{&quot;1&quot;:0},&quot;11&quot;:4,&quot;12&quot;:0,&quot;16&quot;:12}\">P\u0159idej se k m\u00fdm OnlyFans a poj\u010fme si za\u0159\u00e1dit \ud83d\udd25 C\u00edt\u00edm se opravdu nadr\u017een\u00e1 a p\u0159ipraven\u00e1 si s tebou u\u017e\u00edt. Poj\u010f si se mnou pov\u00eddat, bu\u010f m\u00fdm fanou\u0161kem a sleduj, jak p\u0159edv\u00e1d\u00edm sv\u00e9 kr\u00e1sn\u00e9 t\u011blo! \ud83d\ude0d #OnlyFansModel #MaleModel #MaleModel<\/span><\/li>\n<li><span data-sheets-value=\"{&quot;1&quot;:2,&quot;2&quot;:&quot;Submit your thirstiest fantasies to me and \ud83e\udd24 I'll make them come true! Be bold, take the plunge and join me in my world of pleasure. \ud83d\udd25&quot;}\" data-sheets-userformat=\"{&quot;2&quot;:8961,&quot;3&quot;:{&quot;1&quot;:0},&quot;11&quot;:4,&quot;12&quot;:0,&quot;16&quot;:12}\">Po\u0161li mi sv\u00e9 nej\u017e\u00edzniv\u011bj\u0161\u00ed fantazie a j\u00e1 je spln\u00edm \ud83e\udd24! Bu\u010f odv\u00e1\u017en\u00fd, odva\u017e se a p\u0159idej se ke mn\u011b do m\u00e9ho sv\u011bta rozko\u0161e. \ud83d\udd25<\/span><\/li>\n<\/ul>\n<p>Pokud jste tedy p\u0159ipraveni posunout sv\u016fj podnik OnlyFans na dal\u0161\u00ed \u00farove\u0148, ne\u010dekejte d\u00e9le. Objednejte si Straight Male Social Media Caption Pack je\u0161t\u011b dnes a za\u010dn\u011bte vy\u010dn\u00edvat z davu!<\/p>","protected":false},"excerpt":{"rendered":"<p>P\u0159edstavujeme dokonal\u00e9 \u0159e\u0161en\u00ed pro heterosexu\u00e1ln\u00ed modely OnlyFans, kte\u0159\u00ed cht\u011bj\u00ed zlep\u0161it svou p\u0159\u00edtomnost na soci\u00e1ln\u00edch s\u00edt\u00edch a z\u00edskat v\u00edce sleduj\u00edc\u00edch.<\/p>\n<p>P\u0159\u00edklady:<\/p>\n<ul>\n<li><span data-sheets-value=\"{&quot;1&quot;:2,&quot;2&quot;:&quot;Do you like what you see? \ud83e\udd24 I'm feeling so horny right now and can't wait to chat with all my fans. Let's get to know each other better, shall we? \ud83d\ude09 &quot;}\" data-sheets-userformat=\"{&quot;2&quot;:14656,&quot;9&quot;:0,&quot;11&quot;:4,&quot;14&quot;:{&quot;1&quot;:2,&quot;2&quot;:0},&quot;15&quot;:&quot;Verdana&quot;,&quot;16&quot;:11}\">L\u00edb\u00ed se v\u00e1m, co vid\u00edte? \ud83e\udd24 Jsem te\u010f tak nadr\u017een\u00e1 a nem\u016f\u017eu se do\u010dkat, a\u017e si popov\u00edd\u00e1m se v\u0161emi sv\u00fdmi fanou\u0161ky. Poj\u010fme se l\u00e9pe poznat, ano? \ud83d\ude09. <\/span><\/li>\n<li><span data-sheets-value=\"{&quot;1&quot;:2,&quot;2&quot;:&quot;Join my OnlyFans and let's get naughty \ud83d\udd25 I'm feeling really horny and ready to have some fun with you. Come talk to me, be my fan, and watch as I show off my handsome bod! \ud83d\ude0d #OnlyFansModel #MaleModel&quot;}\" data-sheets-userformat=\"{&quot;2&quot;:8961,&quot;3&quot;:{&quot;1&quot;:0},&quot;11&quot;:4,&quot;12&quot;:0,&quot;16&quot;:12}\">P\u0159idej se k m\u00fdm OnlyFans a poj\u010fme si za\u0159\u00e1dit \ud83d\udd25 C\u00edt\u00edm se opravdu nadr\u017een\u00e1 a p\u0159ipraven\u00e1 si s tebou u\u017e\u00edt. Poj\u010f si se mnou pov\u00eddat, bu\u010f m\u00fdm fanou\u0161kem a sleduj, jak p\u0159edv\u00e1d\u00edm sv\u00e9 kr\u00e1sn\u00e9 t\u011blo! \ud83d\ude0d #OnlyFansModel #MaleModel #MaleModel<\/span><\/li>\n<li><span data-sheets-value=\"{&quot;1&quot;:2,&quot;2&quot;:&quot;Submit your thirstiest fantasies to me and \ud83e\udd24 I'll make them come true! Be bold, take the plunge and join me in my world of pleasure. \ud83d\udd25&quot;}\" data-sheets-userformat=\"{&quot;2&quot;:8961,&quot;3&quot;:{&quot;1&quot;:0},&quot;11&quot;:4,&quot;12&quot;:0,&quot;16&quot;:12}\">Po\u0161li mi sv\u00e9 nej\u017e\u00edzniv\u011bj\u0161\u00ed fantazie a j\u00e1 je spln\u00edm \ud83e\udd24! Bu\u010f odv\u00e1\u017en\u00fd, odva\u017e se a p\u0159idej se ke mn\u011b do m\u00e9ho sv\u011bta rozko\u0161e. \ud83d\udd25<\/span><\/li>\n<\/ul>","protected":false},"featured_media":2322,"comment_status":"open","ping_status":"closed","template":"","meta":[],"product_brand":[],"product_cat":[22],"product_tag":[33],"class_list":{"0":"post-687","1":"product","2":"type-product","3":"status-publish","4":"has-post-thumbnail","6":"product_cat-captions","7":"product_tag-men","8":"infinite-scroll-item","9":"no-featured-image-padding","10":"sales-flash-overlay","11":"woocommerce-text-align-center","12":"woocommerce-image-align-center","13":"wc-has-gallery","15":"first","16":"instock","17":"downloadable","18":"virtual","19":"sold-individually","20":"purchasable","21":"product-type-simple"},"aioseo_notices":[],"_links":{"self":[{"href":"https:\/\/subtomy.com\/cs\/wp-json\/wp\/v2\/product\/687","targetHints":{"allow":["GET"]}}],"collection":[{"href":"https:\/\/subtomy.com\/cs\/wp-json\/wp\/v2\/product"}],"about":[{"href":"https:\/\/subtomy.com\/cs\/wp-json\/wp\/v2\/types\/product"}],"replies":[{"embeddable":true,"href":"https:\/\/subtomy.com\/cs\/wp-json\/wp\/v2\/comments?post=687"}],"wp:featuredmedia":[{"embeddable":true,"href":"https:\/\/subtomy.com\/cs\/wp-json\/wp\/v2\/media\/2322"}],"wp:attachment":[{"href":"https:\/\/subtomy.com\/cs\/wp-json\/wp\/v2\/media?parent=687"}],"wp:term":[{"taxonomy":"product_brand","embeddable":true,"href":"https:\/\/subtomy.com\/cs\/wp-json\/wp\/v2\/product_brand?post=687"},{"taxonomy":"product_cat","embeddable":true,"href":"https:\/\/subtomy.com\/cs\/wp-json\/wp\/v2\/product_cat?post=687"},{"taxonomy":"product_tag","embeddable":true,"href":"https:\/\/subtomy.com\/cs\/wp-json\/wp\/v2\/product_tag?post=687"}],"curies":[{"name":"wp","href":"https:\/\/api.w.org\/{rel}","templated":true}]}}