{"id":691,"date":"2023-04-18T12:33:29","date_gmt":"2023-04-18T17:33:29","guid":{"rendered":"https:\/\/shop.cammodelagency.com\/?post_type=product&#038;p=691"},"modified":"2024-04-01T13:59:54","modified_gmt":"2024-04-01T18:59:54","slug":"small-boobs-captions","status":"publish","type":"product","link":"https:\/\/subtomy.com\/cs\/produkt\/small-boobs-captions\/","title":{"rendered":"100+ Small Boobs Captions pro OnlyFans, Reddit, soci\u00e1ln\u00ed m\u00e9dia atd."},"content":{"rendered":"<p>P\u0159edstavujeme dokonal\u00e9 \u0159e\u0161en\u00ed pro modelky OnlyFans s mal\u00fdmi prsy, kter\u00e9 cht\u011bj\u00ed vylep\u0161it svou p\u0159\u00edtomnost na soci\u00e1ln\u00edch s\u00edt\u00edch a p\u0159il\u00e1kat v\u00edce sleduj\u00edc\u00edch: bal\u00ed\u010dek titulk\u016f pro soci\u00e1ln\u00ed m\u00e9dia s mal\u00fdmi prsy. Tento bal\u00ed\u010dek je speci\u00e1ln\u011b navr\u017een pro modelky, kter\u00e9 cht\u011bj\u00ed uk\u00e1zat svou jedine\u010dnou kr\u00e1su a p\u0159ednosti zp\u016fsobem, kter\u00fd je sexy a vkusn\u00fd z\u00e1rove\u0148.<\/p>\n<p>Se sadou titulk\u016f pro soci\u00e1ln\u00ed m\u00e9dia Small Boobs z\u00edsk\u00e1te \u0159adu vlastn\u00edch titulk\u016f, kter\u00e9 jsou p\u0159izp\u016fsobeny pot\u0159eb\u00e1m modelek s mal\u00fdmi prsy. Tyto titulky jsou poutav\u00e9, p\u0159itahuj\u00ed pozornost a jsou pe\u010dliv\u011b vytvo\u0159eny tak, aby vyzdvihly va\u0161e p\u0159ednosti v tom nejlep\u0161\u00edm sv\u011btle. Na\u0161e titulky v\u00e1m pomohou vyniknout z davu a z\u00edskat si v\u011brn\u00e9 a zaujat\u00e9 fanou\u0161ky - od hrav\u00fdch jednohubek a\u017e po ot\u00e1zky k zamy\u0161len\u00ed.<\/p>\n<p>N\u00e1\u0161 t\u00fdm zku\u0161en\u00fdch odborn\u00edk\u016f na soci\u00e1ln\u00ed m\u00e9dia ch\u00e1pe probl\u00e9my, kter\u00fdm \u010del\u00ed modelky s mal\u00fdmi prsy, a navrhl tento bal\u00ed\u010dek s ohledem na va\u0161e pot\u0159eby. V\u00edme, jak zv\u00fdraznit va\u0161e k\u0159ivky a zajistit, aby va\u0161e mal\u00e1 prsa vypadala co nejl\u00e9pe, ani\u017e byste se uch\u00fdlili k nerealistick\u00fdm nebo nedosa\u017eiteln\u00fdm standard\u016fm kr\u00e1sy.<\/p>\n<p>A\u0165 u\u017e na OnlyFans teprve za\u010d\u00edn\u00e1te, nebo chcete sv\u00e9 podnik\u00e1n\u00ed posunout na vy\u0161\u0161\u00ed \u00farove\u0148, Small Boobs Social Media Caption Pack je dokonal\u00fdm n\u00e1strojem pro zv\u00fd\u0161en\u00ed va\u0161\u00ed viditelnosti a p\u0159il\u00e1k\u00e1n\u00ed v\u00edce sleduj\u00edc\u00edch. S na\u0161\u00ed komplexn\u00ed strategi\u00ed pro soci\u00e1ln\u00ed m\u00e9dia si budete moci vybudovat siln\u00e9 a anga\u017eovan\u00e9 sleduj\u00edc\u00ed, kte\u0159\u00ed ocen\u00ed va\u0161i jedine\u010dnou kr\u00e1su a podpo\u0159\u00ed v\u00e1\u0161 \u00fasp\u011bch.<\/p>\n<p><strong>P\u0159\u00edklady:<\/strong><\/p>\n<ul>\n<li><span data-sheets-value=\"{&quot;1&quot;:2,&quot;2&quot;:&quot;Don't you wish you could \ud83e\udd24feel my petite boobies? I'm getting so horny just thinking about it \ud83d\ude0f. Slide into my DMs and let's explore the possibilities together! &quot;}\" data-sheets-userformat=\"{&quot;2&quot;:14656,&quot;9&quot;:0,&quot;11&quot;:4,&quot;14&quot;:{&quot;1&quot;:2,&quot;2&quot;:0},&quot;15&quot;:&quot;Verdana&quot;,&quot;16&quot;:11}\">Nep\u0159\u00e1li byste si \ud83e\udd24 c\u00edtit moje drobn\u00e1 prsa? Jsem tak nadr\u017een\u00e1, jen na to pomysl\u00edm \ud83d\ude0f. Vklouzni mi do DM a poj\u010fme spole\u010dn\u011b prozkoumat mo\u017enosti! <\/span><\/li>\n<li><span data-sheets-value=\"{&quot;1&quot;:2,&quot;2&quot;:&quot;Gorgeous \ud83d\udd25 and oh-so-sexy small boob goddess here! Who's ready to get naughty with me? \ud83d\ude09 DM me if you wanna chat, I'm feeling extra horny today. #SmallBoobs #SexyAF #ComePlayWithMe&quot;}\" data-sheets-userformat=\"{&quot;2&quot;:8961,&quot;3&quot;:{&quot;1&quot;:0},&quot;11&quot;:4,&quot;12&quot;:0,&quot;16&quot;:12}\">N\u00e1dhern\u00e1 \ud83d\udd25 a tak sexy bohyn\u011b mal\u00fdch prsou! Kdo je p\u0159ipraven se mnou zlobit? \ud83d\ude09 Pokud si chce\u0161 popov\u00eddat, po\u0161li mi DM, dnes se c\u00edt\u00edm extra nadr\u017een\u00e1. #SmallBoobs #SexyAF #ComePlayWithMe<\/span><\/li>\n<li><span data-sheets-value=\"{&quot;1&quot;:2,&quot;2&quot;:&quot;Shoulders back, small boobs out! \ud83e\udd29 Come talk to me and let's get a little naughty. I'm feeling extra horny tonight, so let's make it an unforgettable night for us both. &quot;}\" data-sheets-userformat=\"{&quot;2&quot;:14656,&quot;9&quot;:0,&quot;11&quot;:4,&quot;14&quot;:{&quot;1&quot;:2,&quot;2&quot;:0},&quot;15&quot;:&quot;Verdana&quot;,&quot;16&quot;:11}\">Ramena zp\u011bt, mal\u00e1 prsa ven! \ud83e\udd29 Poj\u010f si se mnou promluvit a trochu si za\u0159\u00e1d\u00edme. Dneska se c\u00edt\u00edm extra nadr\u017een\u00e1, tak a\u0165 je to pro n\u00e1s oba nezapomenuteln\u00e1 noc.<\/span><\/li>\n<\/ul>\n<p>Tak pro\u010d \u010dekat? Objednejte si Small Boobs Social Media Caption Pack je\u0161t\u011b dnes a posu\u0148te sv\u00e9 podnik\u00e1n\u00ed v OnlyFans na vy\u0161\u0161\u00ed \u00farove\u0148. S na\u0161\u00edm odborn\u00fdm veden\u00edm a profesion\u00e1ln\u00edmi zdroji budete moci hrd\u011b prezentovat sv\u00e1 mal\u00e1 prsa a p\u0159il\u00e1kat publikum, kter\u00e9 si zaslou\u017e\u00edte.<\/p>","protected":false},"excerpt":{"rendered":"<p>P\u0159edstavujeme dokonal\u00e9 \u0159e\u0161en\u00ed pro modelky OnlyFans s mal\u00fdmi prsy, kter\u00e9 cht\u011bj\u00ed zlep\u0161it svou p\u0159\u00edtomnost na soci\u00e1ln\u00edch s\u00edt\u00edch a p\u0159il\u00e1kat v\u00edce sleduj\u00edc\u00edch!<\/p>\n<p>P\u0159\u00edklady:<\/p>\n<ul>\n<li><span data-sheets-value=\"{&quot;1&quot;:2,&quot;2&quot;:&quot;Don't you wish you could \ud83e\udd24feel my petite boobies? I'm getting so horny just thinking about it \ud83d\ude0f. Slide into my DMs and let's explore the possibilities together! &quot;}\" data-sheets-userformat=\"{&quot;2&quot;:14656,&quot;9&quot;:0,&quot;11&quot;:4,&quot;14&quot;:{&quot;1&quot;:2,&quot;2&quot;:0},&quot;15&quot;:&quot;Verdana&quot;,&quot;16&quot;:11}\">Nep\u0159\u00e1li byste si \ud83e\udd24 c\u00edtit moje drobn\u00e1 prsa? Jsem tak nadr\u017een\u00e1, jen na to pomysl\u00edm \ud83d\ude0f. Vklouzni mi do DM a poj\u010fme spole\u010dn\u011b prozkoumat mo\u017enosti! <\/span><\/li>\n<li><span data-sheets-value=\"{&quot;1&quot;:2,&quot;2&quot;:&quot;Gorgeous \ud83d\udd25 and oh-so-sexy small boob goddess here! Who's ready to get naughty with me? \ud83d\ude09 DM me if you wanna chat, I'm feeling extra horny today. #SmallBoobs #SexyAF #ComePlayWithMe&quot;}\" data-sheets-userformat=\"{&quot;2&quot;:8961,&quot;3&quot;:{&quot;1&quot;:0},&quot;11&quot;:4,&quot;12&quot;:0,&quot;16&quot;:12}\">N\u00e1dhern\u00e1 \ud83d\udd25 a tak sexy bohyn\u011b mal\u00fdch prsou! Kdo je p\u0159ipraven se mnou zlobit? \ud83d\ude09 Pokud si chce\u0161 popov\u00eddat, po\u0161li mi DM, dnes se c\u00edt\u00edm extra nadr\u017een\u00e1. #SmallBoobs #SexyAF #ComePlayWithMe<\/span><\/li>\n<li><span data-sheets-value=\"{&quot;1&quot;:2,&quot;2&quot;:&quot;Shoulders back, small boobs out! \ud83e\udd29 Come talk to me and let's get a little naughty. I'm feeling extra horny tonight, so let's make it an unforgettable night for us both. &quot;}\" data-sheets-userformat=\"{&quot;2&quot;:14656,&quot;9&quot;:0,&quot;11&quot;:4,&quot;14&quot;:{&quot;1&quot;:2,&quot;2&quot;:0},&quot;15&quot;:&quot;Verdana&quot;,&quot;16&quot;:11}\">Ramena zp\u011bt, mal\u00e1 prsa ven! \ud83e\udd29 Poj\u010f si se mnou promluvit a trochu si za\u0159\u00e1d\u00edme. Dneska se c\u00edt\u00edm extra nadr\u017een\u00e1, tak a\u0165 je to pro n\u00e1s oba nezapomenuteln\u00e1 noc. <\/span><\/li>\n<\/ul>","protected":false},"featured_media":2336,"comment_status":"open","ping_status":"closed","template":"","meta":[],"product_brand":[],"product_cat":[22],"product_tag":[36],"class_list":{"0":"post-691","1":"product","2":"type-product","3":"status-publish","4":"has-post-thumbnail","6":"product_cat-captions","7":"product_tag-small-boobs","8":"infinite-scroll-item","9":"no-featured-image-padding","10":"sales-flash-overlay","11":"woocommerce-text-align-center","12":"woocommerce-image-align-center","13":"wc-has-gallery","15":"first","16":"instock","17":"downloadable","18":"virtual","19":"sold-individually","20":"purchasable","21":"product-type-simple"},"aioseo_notices":[],"_links":{"self":[{"href":"https:\/\/subtomy.com\/cs\/wp-json\/wp\/v2\/product\/691","targetHints":{"allow":["GET"]}}],"collection":[{"href":"https:\/\/subtomy.com\/cs\/wp-json\/wp\/v2\/product"}],"about":[{"href":"https:\/\/subtomy.com\/cs\/wp-json\/wp\/v2\/types\/product"}],"replies":[{"embeddable":true,"href":"https:\/\/subtomy.com\/cs\/wp-json\/wp\/v2\/comments?post=691"}],"wp:featuredmedia":[{"embeddable":true,"href":"https:\/\/subtomy.com\/cs\/wp-json\/wp\/v2\/media\/2336"}],"wp:attachment":[{"href":"https:\/\/subtomy.com\/cs\/wp-json\/wp\/v2\/media?parent=691"}],"wp:term":[{"taxonomy":"product_brand","embeddable":true,"href":"https:\/\/subtomy.com\/cs\/wp-json\/wp\/v2\/product_brand?post=691"},{"taxonomy":"product_cat","embeddable":true,"href":"https:\/\/subtomy.com\/cs\/wp-json\/wp\/v2\/product_cat?post=691"},{"taxonomy":"product_tag","embeddable":true,"href":"https:\/\/subtomy.com\/cs\/wp-json\/wp\/v2\/product_tag?post=691"}],"curies":[{"name":"wp","href":"https:\/\/api.w.org\/{rel}","templated":true}]}}