{"id":934,"date":"2023-04-23T03:38:42","date_gmt":"2023-04-23T08:38:42","guid":{"rendered":"https:\/\/subtomy.com\/?post_type=product&#038;p=934"},"modified":"2024-03-25T18:34:28","modified_gmt":"2024-03-25T23:34:28","slug":"joi-video-scripts","status":"publish","type":"product","link":"https:\/\/subtomy.com\/cs\/produkt\/joi-video-scripts\/","title":{"rendered":"5 video skript\u016f JOI pro ka\u017ed\u00e9ho"},"content":{"rendered":"","protected":false},"excerpt":{"rendered":"<p><strong>Zahrnuje<\/strong><\/p>\n<ul>\n<li>5 skript\u016f, kter\u00e9 m\u016f\u017ee pou\u017e\u00edt ka\u017ed\u00fd za\u010d\u00e1te\u010dn\u00edk<\/li>\n<li>Pokyny k pou\u017e\u00edv\u00e1n\u00ed skript\u016f<\/li>\n<li>Celkem 1 240 slov<\/li>\n<li><strong>Okam\u017eit\u00fd p\u0159\u00edstup po zakoupen\u00ed<\/strong><\/li>\n<\/ul>","protected":false},"featured_media":2307,"comment_status":"closed","ping_status":"closed","template":"","meta":[],"product_brand":[],"product_cat":[47],"product_tag":[48],"class_list":{"0":"post-934","1":"product","2":"type-product","3":"status-publish","4":"has-post-thumbnail","6":"product_cat-scripts","7":"product_tag-joi","8":"infinite-scroll-item","9":"no-featured-image-padding","10":"sales-flash-overlay","11":"woocommerce-text-align-center","12":"woocommerce-image-align-center","13":"wc-has-gallery","15":"first","16":"instock","17":"downloadable","18":"virtual","19":"sold-individually","20":"purchasable","21":"product-type-simple"},"aioseo_notices":[],"_links":{"self":[{"href":"https:\/\/subtomy.com\/cs\/wp-json\/wp\/v2\/product\/934","targetHints":{"allow":["GET"]}}],"collection":[{"href":"https:\/\/subtomy.com\/cs\/wp-json\/wp\/v2\/product"}],"about":[{"href":"https:\/\/subtomy.com\/cs\/wp-json\/wp\/v2\/types\/product"}],"replies":[{"embeddable":true,"href":"https:\/\/subtomy.com\/cs\/wp-json\/wp\/v2\/comments?post=934"}],"wp:featuredmedia":[{"embeddable":true,"href":"https:\/\/subtomy.com\/cs\/wp-json\/wp\/v2\/media\/2307"}],"wp:attachment":[{"href":"https:\/\/subtomy.com\/cs\/wp-json\/wp\/v2\/media?parent=934"}],"wp:term":[{"taxonomy":"product_brand","embeddable":true,"href":"https:\/\/subtomy.com\/cs\/wp-json\/wp\/v2\/product_brand?post=934"},{"taxonomy":"product_cat","embeddable":true,"href":"https:\/\/subtomy.com\/cs\/wp-json\/wp\/v2\/product_cat?post=934"},{"taxonomy":"product_tag","embeddable":true,"href":"https:\/\/subtomy.com\/cs\/wp-json\/wp\/v2\/product_tag?post=934"}],"curies":[{"name":"wp","href":"https:\/\/api.w.org\/{rel}","templated":true}]}}