{"id":1372,"date":"2023-05-15T22:49:16","date_gmt":"2023-05-16T03:49:16","guid":{"rendered":"https:\/\/subtomy.com\/?post_type=product&#038;p=1372"},"modified":"2023-05-24T16:42:13","modified_gmt":"2023-05-24T21:42:13","slug":"findom-debt-contract-template","status":"publish","type":"product","link":"https:\/\/subtomy.com\/da\/produkt\/findom-gaeldskontrakt-skabelon\/","title":{"rendered":"Findom skabelon til g\u00e6ldskontrakt"},"content":{"rendered":"<h3 style=\"text-align: center;\">Vi introducerer Findoms g\u00e6ldskontrakt: Sikr din l\u00f8ngris' \u00f8konomiske underkastelse<\/h3>\n<p>L\u00e5s din betalingsgris fast i en ubrydelig aftale, som de ikke kan modst\u00e5. Med Findom G\u00e6ldskontrakt kan du kr\u00e6ve urokkelig \u00f8konomisk lydighed fra din underdanige. Denne omhyggeligt udformede kontrakt tilf\u00f8jer ekstra intensitet til dit rollespil og sikrer, at din betalingsgris forpligter sig til at opfylde sine \u00f8konomiske forpligtelser.<\/p>\n<p><strong>Hvad du f\u00e5r:<\/strong><\/p>\n<ol>\n<li><strong>Kontrakt p\u00e5 698 ord, der kan tilpasses<\/strong>: Modtag en omfattende kontrakt, der omfatter alle aspekter af dit \u00f8konomiske arrangement. Dette dokument p\u00e5 698 ord giver et solidt grundlag for at fastl\u00e6gge vilk\u00e5r og betingelser for din betalingsgris' g\u00e6ld. Kontrakten er praktisk tilg\u00e6ngelig p\u00e5 Google Docs, hvilket giver mulighed for ubesv\u00e6ret universel redigering.<\/li>\n<li><strong>Personlige sektioner:<\/strong> Findom G\u00e6ldskontrakt tilbyder fremh\u00e6vede sektioner, der problemfrit kan tilpasses med dit navn og din underdaniges navn, hvilket tilf\u00f8jer et personligt pr\u00e6g til din magtdynamik. Fordyb dig i illusionen om \u00f8konomisk kontrol, og forst\u00e6rk din dominans over din l\u00f8ngris.<\/li>\n<li><strong>Fleksibilitet til skr\u00e6ddersyning<\/strong>: Skr\u00e6ddersy kontrakten, s\u00e5 den passer til dine \u00f8nsker og pr\u00e6ferencer. Tilf\u00f8j eller fjern nemt afsnit, som du finder passende, og s\u00f8rg for, at kontrakten afspejler dybden og kompleksiteten i dit rollespil. G\u00f8r den til en \u00e6gte manifestation af dine \u00f8konomiske dominansfantasier.<\/li>\n<li><strong>Teatralske aspekter af rollespil<\/strong>: Det er vigtigt at huske, at Findoms g\u00e6ldskontrakter er rent teatralske og designet til at \u00f8ge intensiteten og fordybelsen i dit rollespil. De er et kraftfuldt v\u00e6rkt\u00f8j til at uddybe dynamikken i underkastelse og \u00f8konomisk kontrol og \u00f8ge den f\u00f8lelsesm\u00e6ssige forbindelse mellem dig og din underdanige.<\/li>\n<\/ol>\n<p>Omfavn den dramatiske tiltr\u00e6kningskraft i Findom G\u00e6ldskontrakt, hvor fantasi m\u00f8der virkelighed i en verden af \u00f8konomisk dominans. Med denne kontrakt i h\u00e5nden kan du l\u00f8fte dit rollespil, styrke din autoritet og sikre, at dit betalingsgris ikke har andet valg end at opfylde sine \u00f8konomiske forpligtelser.<\/p>\n<p>Findoms g\u00e6ldskontrakter \u00f8ger dybden i rollespillet, men de har ikke nogen juridisk status. Samtykke, kommunikation og tillid er stadig altafg\u00f8rende i enhver \u00f8konomisk dominansdynamik. Brug kontrakten ansvarligt og inden for gr\u00e6nserne mellem dig og din underdanige.<\/p>\n<p>Er du klar til at skubbe gr\u00e6nserne for \u00f8konomisk kontrol og fange din betalingsgris' urokkelige engagement? Omfavn kraften i Findoms g\u00e6ldskontrakt, og se, hvordan din underdanige frivilligt overgiver sin \u00f8konomiske frihed til at tjene dig.<\/p>","protected":false},"excerpt":{"rendered":"<p>G\u00f8r dig klar til at l\u00e5se dit l\u00f8ngris fast i en aftale, som de ikke har andet valg end at betale.<\/p>\n<p><strong>Hvad du f\u00e5r:<\/strong><\/p>\n<ul>\n<li>En kontrakt p\u00e5 698 ord, der nemt kan tilpasses, med et link til Google Docs-filen til universel redigering.<\/li>\n<li>Fremh\u00e6vede sektioner, der kan tilpasses med dit og din underdaniges navn<\/li>\n<li>Du kan nemt tilf\u00f8je og fjerne sektioner, som det passer dig.<\/li>\n<\/ul>\n<p><em>Husk, at findomsg\u00e6ldskontrakter er rent skuespil, som kun g\u00f8r rollespillet dybere.\u00a0<\/em><\/p>","protected":false},"featured_media":1543,"comment_status":"closed","ping_status":"closed","template":"","meta":[],"product_brand":[],"product_cat":[140],"product_tag":[28],"class_list":{"0":"post-1372","1":"product","2":"type-product","3":"status-publish","4":"has-post-thumbnail","6":"product_cat-tools","7":"product_tag-findom","8":"infinite-scroll-item","9":"no-featured-image-padding","10":"sales-flash-overlay","11":"woocommerce-text-align-center","12":"woocommerce-image-align-center","14":"first","15":"instock","16":"downloadable","17":"virtual","18":"sold-individually","19":"purchasable","20":"product-type-simple"},"aioseo_notices":[],"_links":{"self":[{"href":"https:\/\/subtomy.com\/da\/wp-json\/wp\/v2\/product\/1372","targetHints":{"allow":["GET"]}}],"collection":[{"href":"https:\/\/subtomy.com\/da\/wp-json\/wp\/v2\/product"}],"about":[{"href":"https:\/\/subtomy.com\/da\/wp-json\/wp\/v2\/types\/product"}],"replies":[{"embeddable":true,"href":"https:\/\/subtomy.com\/da\/wp-json\/wp\/v2\/comments?post=1372"}],"wp:featuredmedia":[{"embeddable":true,"href":"https:\/\/subtomy.com\/da\/wp-json\/wp\/v2\/media\/1543"}],"wp:attachment":[{"href":"https:\/\/subtomy.com\/da\/wp-json\/wp\/v2\/media?parent=1372"}],"wp:term":[{"taxonomy":"product_brand","embeddable":true,"href":"https:\/\/subtomy.com\/da\/wp-json\/wp\/v2\/product_brand?post=1372"},{"taxonomy":"product_cat","embeddable":true,"href":"https:\/\/subtomy.com\/da\/wp-json\/wp\/v2\/product_cat?post=1372"},{"taxonomy":"product_tag","embeddable":true,"href":"https:\/\/subtomy.com\/da\/wp-json\/wp\/v2\/product_tag?post=1372"}],"curies":[{"name":"wp","href":"https:\/\/api.w.org\/{rel}","templated":true}]}}