{"id":1540,"date":"2023-05-24T16:39:17","date_gmt":"2023-05-24T21:39:17","guid":{"rendered":"https:\/\/subtomy.com\/?post_type=product&#038;p=1540"},"modified":"2024-03-02T22:05:11","modified_gmt":"2024-03-03T03:05:11","slug":"findom-question-pack","status":"publish","type":"product","link":"https:\/\/subtomy.com\/da\/produkt\/findom-sporgsmal-pakke\/","title":{"rendered":"Findom 100-sp\u00f8rgsm\u00e5lspakke til OnlyFans, Loyalfans, Reddit, Twitter osv."},"content":{"rendered":"<h3 style=\"text-align: center;\">Vi pr\u00e6senterer FinDom 100-sp\u00f8rgsm\u00e5lspakken: Slip din \u00f8konomiske dominans l\u00f8s<\/h3>\n<p>Kalder alle finansielle dominanter! Er du klar til at \u00f8ge din kontrol, fange dit publikum og sikre, at dine kunder higer efter din \u00f8konomiske dominans som aldrig f\u00f8r? Tr\u00e6d frem i rampelyset med FinDom 100-Question Pack, et kraftfuldt v\u00e6rkt\u00f8j designet til platforme som OnlyFans, Loyalfans, Reddit, Twitter og andre sociale mediekanaler.<\/p>\n<ol>\n<li><strong>Dominer dit marked<\/strong>: F\u00e5 en konkurrencem\u00e6ssig fordel i \u00f8konomisk dominans med denne omhyggeligt sammensatte sp\u00f8rgsm\u00e5lspakke. F\u00e6ngsl dit publikum, lok nye kunder til, og efterlad et uudsletteligt m\u00e6rke p\u00e5 dine eksisterende kunder, n\u00e5r du ubesv\u00e6ret tager styringen over deres \u00f8nsker.<\/li>\n<li><strong>T\u00e6nd deres beg\u00e6r<\/strong>: Slip en hvirvelvind af f\u00f8lelser l\u00f8s, og v\u00e6kk dine f\u00f8lgeres um\u00e6ttelige \u00f8nske om \u00f8konomisk underkastelse. Hvert sp\u00f8rgsm\u00e5l er udformet med pr\u00e6cision og er designet til at fremkalde intens forventning, l\u00e6ngsel og et overv\u00e6ldende behov for at opfylde deres dybeste \u00f8konomiske fantasier.<\/li>\n<li><strong>Br\u00e6ndstof til kundernes forbrug<\/strong>: Tag dine kunder med p\u00e5 en rejse, hvor nydelse og forbrug smelter sammen. Ved strategisk at udnytte FinDom 100-Question Pack kan du frig\u00f8re deres vilje til at investere mere og forst\u00e6rke deres \u00f8nske om at behage og tjene dig \u00f8konomisk.<\/li>\n<li><strong>Tilpas din tilgang<\/strong>: Skr\u00e6ddersy din sp\u00f8rgestrategi, s\u00e5 den passer til din individuelle stil og dine pr\u00e6ferencer. Uanset om du foretr\u00e6kker autoritet eller subtil manipulation, giver disse sp\u00f8rgsm\u00e5l dig mulighed for at finjustere din tilgang og sikre maksimal effekt ved hver interaktion.<\/li>\n<li><strong>Dyrk loyaliteten<\/strong>: Uddyb din forbindelse med din eksisterende kundebase ved at tilbyde dem en unik og fordybende oplevelse. FinDom 100-Question Pack skaber loyalitet, etablerer dig som den ubestridelige autoritet inden for finansiel dominans og opmuntrer til gentagen forretning.<\/li>\n<li><strong>Forst\u00e6rk engagementet<\/strong>: Tilskynd dine f\u00f8lgere til at engagere sig aktivt i dit indhold og dine diskussioner. S\u00e6t gang i stimulerende samtaler, inviter dem til at dele deres \u00f8nsker og gr\u00e6nser, og skab et f\u00e6llesskab, hvor \u00f8konomiske submissive og dominante kan forbinde og st\u00f8tte hinanden.<\/li>\n<li><strong>Styrk din dominans<\/strong>: Afsl\u00f8r hemmelighederne bag uimodst\u00e5elig \u00f8konomisk dominans og afsl\u00f8r dine kunders skjulte \u00f8nsker. Med FinDom 100-sp\u00f8rgsm\u00e5lspakken som din guide kan du fremvise din ekspertise, \u00f8ge forventningen og styrke din position som den dominerende kraft, de \u00f8nsker.<\/li>\n<\/ol>\n<p>Slip kraften l\u00f8s i FinDom 100-sp\u00f8rgsm\u00e5lspakken, og se, hvordan din \u00f8konomiske dominans n\u00e5r nye h\u00f8jder. F\u00e5 gr\u00e6nsel\u00f8s kontrol, uovertruffen tilfredshed og en loyal kundebase, der villigt underkaster sig din \u00f8konomiske dygtighed.<\/p>","protected":false},"excerpt":{"rendered":"<p>Vi pr\u00e6senterer FinDom 100-sp\u00f8rgsm\u00e5lspakken: Slip din \u00f8konomiske dominans l\u00f8s<\/p>\n<p>Kalder alle finansielle dominanter! Er du klar til at \u00f8ge din kontrol, fange dit publikum og sikre, at dine kunder \u00f8nsker din finansielle dominans som aldrig f\u00f8r? Tr\u00e6d frem i rampelyset med FinDom 100-Question Pack, et kraftfuldt v\u00e6rkt\u00f8j, der er designet udelukkende til platforme som OnlyFans, Loyalfans, Reddit, Twitter og andre sociale mediekanaler.<\/p>\n<ul>\n<li><em>Hvor skal jeg s\u00e6tte min st\u00f8vle? \ud83c\udf86 Underkast dig og betal for din ydmygelse nu, grisebasse! \ud83d\udcb8<\/em><\/li>\n<li><em>Hvem vil v\u00e6re min \u00f8konomiske underdanige og g\u00f8re alt, hvad der kr\u00e6ves \ud83d\udcb8for at g\u00f8re mig glad? Jeg er klar til at tage kontrollen og ydmyge dig, indtil du ikke kan lade v\u00e6re med at tigge om mere. \ud83d\ude08<\/em><\/li>\n<li><em>Hvem er klar til at blive \ud83e\udd11\ud83d\udcb8taken to the limit af deres sexede Findom? \ud83d\udd25Er du villig til at overgive al kontrol og blive fuldst\u00e6ndig udstillet, ydmyget og sat p\u00e5 plads for mig? \ud83d\ude08<\/em><\/li>\n<\/ul>","protected":false},"featured_media":2259,"comment_status":"closed","ping_status":"closed","template":"","meta":[],"product_brand":[],"product_cat":[35],"product_tag":[28],"class_list":{"0":"post-1540","1":"product","2":"type-product","3":"status-publish","4":"has-post-thumbnail","6":"product_cat-question-packs","7":"product_tag-findom","8":"infinite-scroll-item","9":"no-featured-image-padding","10":"sales-flash-overlay","11":"woocommerce-text-align-center","12":"woocommerce-image-align-center","13":"wc-has-gallery","15":"first","16":"instock","17":"downloadable","18":"virtual","19":"sold-individually","20":"purchasable","21":"product-type-simple"},"aioseo_notices":[],"_links":{"self":[{"href":"https:\/\/subtomy.com\/da\/wp-json\/wp\/v2\/product\/1540","targetHints":{"allow":["GET"]}}],"collection":[{"href":"https:\/\/subtomy.com\/da\/wp-json\/wp\/v2\/product"}],"about":[{"href":"https:\/\/subtomy.com\/da\/wp-json\/wp\/v2\/types\/product"}],"replies":[{"embeddable":true,"href":"https:\/\/subtomy.com\/da\/wp-json\/wp\/v2\/comments?post=1540"}],"wp:featuredmedia":[{"embeddable":true,"href":"https:\/\/subtomy.com\/da\/wp-json\/wp\/v2\/media\/2259"}],"wp:attachment":[{"href":"https:\/\/subtomy.com\/da\/wp-json\/wp\/v2\/media?parent=1540"}],"wp:term":[{"taxonomy":"product_brand","embeddable":true,"href":"https:\/\/subtomy.com\/da\/wp-json\/wp\/v2\/product_brand?post=1540"},{"taxonomy":"product_cat","embeddable":true,"href":"https:\/\/subtomy.com\/da\/wp-json\/wp\/v2\/product_cat?post=1540"},{"taxonomy":"product_tag","embeddable":true,"href":"https:\/\/subtomy.com\/da\/wp-json\/wp\/v2\/product_tag?post=1540"}],"curies":[{"name":"wp","href":"https:\/\/api.w.org\/{rel}","templated":true}]}}