{"id":1561,"date":"2023-05-25T10:39:07","date_gmt":"2023-05-25T15:39:07","guid":{"rendered":"https:\/\/subtomy.com\/?post_type=product&#038;p=1561"},"modified":"2024-03-20T18:06:00","modified_gmt":"2024-03-20T23:06:00","slug":"findom-good-morning-messages","status":"publish","type":"product","link":"https:\/\/subtomy.com\/da\/produkt\/findom-godmorgen-beskeder\/","title":{"rendered":"Findom 65 Godmorgen-beskedpakke (massebesked, 1-til-1)"},"content":{"rendered":"<h3 style=\"text-align: center;\">Vi pr\u00e6senterer Findom 65-pakken med godmorgen-budskaber: Styrk din \u00f8konomiske dominans<\/h3>\n<p>V\u00e5gn op, \u00f8konomiske dominanter! Tag kontrol over din underdaniges dag fra det \u00f8jeblik, de v\u00e5gner op, med Findom 65 Good Morning Messages Pack. Denne samling af provokerende og lokkende beskeder er skabt til massemeddelelser og personlige en-til-en-interaktioner og vil sikre, at din dominans over deres \u00f8konomi m\u00e6rkes lige fra starten af hver dag. Lad kraften i dine ord styre deres \u00f8konomiske underkastelse og styrke din kontrol.<\/p>\n<ol>\n<li><strong>S\u00e6t tonen for kontrol<\/strong>: Grib muligheden for at etablere dominans ved at starte dagen med en besked, der styrker din \u00f8konomiske kontrol. Mind dem om, at der er regninger, der skal betales, og at du er den drivende kraft bag deres \u00f8konomiske ustabilitet og utilfredshed.<\/li>\n<li><strong>Slip morgengl\u00e6den l\u00f8s<\/strong>: Begynd deres dag med et lokkende l\u00f8fte om nydelse og tilfredsstillelse. Lad dem vide, at ved at overgive deres \u00f8konomiske magt til dig, kan de opleve den ophidsende rus, det er at tjene en magtfuld \u00f8konomisk dominator som dig.<\/li>\n<li><strong>Gnist af forventning<\/strong>: T\u00e6nd deres begejstring for den kommende dag ved at drille dem med udsigten til dejlige pengestr\u00f8mme og forn\u00f8jelsen ved at give sig hen til pengespil. Skab forventning til den rigdom, de vil bidrage med til dit imperium.<\/li>\n<li><strong>Plej en underdanig tankegang<\/strong>: Tilskynd til en underdanig tankegang lige fra starten af dagen. Plant fr\u00f8et til deres \u00f8nske om at tjene og behage dig \u00f8konomisk, og mind dem om den gl\u00e6de og tilfredsstillelse, der venter dem, n\u00e5r de omfavner deres rolle som din hengivne betalingsgris.<\/li>\n<li><strong>G\u00f8r dine beskeder personlige<\/strong>: Skr\u00e6ddersy dine morgenbeskeder til hver enkelt person, s\u00e5 de f\u00f8ler sig specielle og \u00f8nskede. Brug deres navn, henvis til specifikke finansielle transaktioner, eller anerkend deres unikke \u00f8nsker. Personalisering tilf\u00f8jer et touch, der uddyber deres forbindelse til dig som deres dominerende.<\/li>\n<li><strong>Fremme l\u00f8bende kommunikation<\/strong>: Brug Good Morning Messages Pack til at opretholde \u00e5bne kommunikationslinjer med dine underdanige.<\/li>\n<li><strong>Udvid dit finansielle imperium<\/strong>: Med Findom 65 Good Morning Messages Pack har du et st\u00e6rkt v\u00e6rkt\u00f8j til r\u00e5dighed til at opdyrke og udvide dit \u00f8konomiske imperium. Styrk dine relationer med underdanige, inspirer til \u00f8gede \u00f8konomiske bidrag, og styrk din position som deres ultimative \u00f8konomiske dominator.<\/li>\n<\/ol>\n<p>Start hver dag med Findom 65 Good Morning Messages Pack, og oplev, hvordan dine ord p\u00e5virker dine underdaniges \u00f8konomiske underkastelse. Fastl\u00e6g din dominans, t\u00e6nd deres lyst til at tjene, og se, hvordan deres dedikation til dit \u00f8konomiske imperium bliver dybere. Tag kraften i en velformuleret morgenbesked til dig, og tag kontrol over deres \u00f8konomi som aldrig f\u00f8r.<\/p>\n<p>V\u00e6r venlig at ud\u00f8ve ansvarlig \u00f8konomisk dominans, respektere gr\u00e6nser, samtykke og \u00e5ben kommunikation i alle interaktioner.<\/p>","protected":false},"excerpt":{"rendered":"<h3 style=\"text-align: center;\">Vi pr\u00e6senterer Findom 65-pakken med godmorgen-budskaber: Styrk din \u00f8konomiske dominans<\/h3>\n<p><strong>Indeholder meddelelser som<\/strong><\/p>\n<ul>\n<li>Fantastisk morgen. Det bliver en fantastisk dag for pengespil! Jeg gl\u00e6der mig allerede til alle de fr\u00e6kke og l\u00e6kre pengestr\u00f8mme, der vil komme i dag \ud83d\ude09 #GoodMorning #FinancialDomination #Findom<\/li>\n<li>Jeg annoncerer starten p\u00e5 endnu en dag fyldt med muligheder! \ud83d\udcb8 Jeg h\u00e5ber, du er klar til at g\u00f8re mig endnu rigere i dag, min fr\u00e6kke lille betalingsgris \ud83d\ude09 #Findom #Femdom #FinancialDomination<\/li>\n<li><span data-sheets-value=\"{&quot;1&quot;:2,&quot;2&quot;:&quot;I know it's been a while since I gave you something to be grateful for, so here's your chance: open your wallet and pay tribute to me this morning \u2615\ufe0f \ud83d\ude09&quot;}\" data-sheets-userformat=\"{&quot;2&quot;:8961,&quot;3&quot;:{&quot;1&quot;:0},&quot;11&quot;:4,&quot;12&quot;:0,&quot;16&quot;:12}\">Jeg ved, det er l\u00e6nge siden, jeg har givet dig noget at v\u00e6re taknemmelig for, s\u00e5 her er din chance: \u00c5bn din pung og hyld mig her til morgen! \u2615\ufe0f \ud83d\ude09<\/span><\/li>\n<\/ul>","protected":false},"featured_media":2284,"comment_status":"closed","ping_status":"closed","template":"","meta":[],"product_brand":[],"product_cat":[141],"product_tag":[28],"class_list":{"0":"post-1561","1":"product","2":"type-product","3":"status-publish","4":"has-post-thumbnail","6":"product_cat-messaging","7":"product_tag-findom","8":"infinite-scroll-item","9":"no-featured-image-padding","10":"sales-flash-overlay","11":"woocommerce-text-align-center","12":"woocommerce-image-align-center","13":"wc-has-gallery","15":"first","16":"instock","17":"downloadable","18":"virtual","19":"sold-individually","20":"purchasable","21":"product-type-simple"},"aioseo_notices":[],"_links":{"self":[{"href":"https:\/\/subtomy.com\/da\/wp-json\/wp\/v2\/product\/1561","targetHints":{"allow":["GET"]}}],"collection":[{"href":"https:\/\/subtomy.com\/da\/wp-json\/wp\/v2\/product"}],"about":[{"href":"https:\/\/subtomy.com\/da\/wp-json\/wp\/v2\/types\/product"}],"replies":[{"embeddable":true,"href":"https:\/\/subtomy.com\/da\/wp-json\/wp\/v2\/comments?post=1561"}],"wp:featuredmedia":[{"embeddable":true,"href":"https:\/\/subtomy.com\/da\/wp-json\/wp\/v2\/media\/2284"}],"wp:attachment":[{"href":"https:\/\/subtomy.com\/da\/wp-json\/wp\/v2\/media?parent=1561"}],"wp:term":[{"taxonomy":"product_brand","embeddable":true,"href":"https:\/\/subtomy.com\/da\/wp-json\/wp\/v2\/product_brand?post=1561"},{"taxonomy":"product_cat","embeddable":true,"href":"https:\/\/subtomy.com\/da\/wp-json\/wp\/v2\/product_cat?post=1561"},{"taxonomy":"product_tag","embeddable":true,"href":"https:\/\/subtomy.com\/da\/wp-json\/wp\/v2\/product_tag?post=1561"}],"curies":[{"name":"wp","href":"https:\/\/api.w.org\/{rel}","templated":true}]}}