{"id":2024,"date":"2023-08-02T19:40:03","date_gmt":"2023-08-03T00:40:03","guid":{"rendered":"https:\/\/subtomy.com\/?post_type=product&#038;p=2024"},"modified":"2023-08-02T22:38:53","modified_gmt":"2023-08-03T03:38:53","slug":"custom-captions-and-scripts","status":"publish","type":"product","link":"https:\/\/subtomy.com\/da\/produkt\/brugerdefinerede-billedtekster-og-scripts\/","title":{"rendered":"Brugerdefinerede billedtekster, scripts og meget mere"},"content":{"rendered":"<h2 style=\"text-align: center;\">K\u00e6mper du med konsekvent at skabe engagerende og f\u00e6ngslende indhold til dine sociale medieplatforme?<\/h2>\n<p><strong>Hvad vi tilbyder:<\/strong><\/p>\n<ol>\n<li><strong>30 billedtekster til sociale medier:<\/strong> L\u00e5s op for kraften i virkningsfuld historiefort\u00e6lling med 30 professionelt udformede billedtekster til sociale medier. Vores team af erfarne skribenter vil udvikle f\u00e6ngslende og brandede billedtekster, der v\u00e6kker genklang hos din m\u00e5lgruppe og giver dem lyst til at engagere sig i dit indhold.<\/li>\n<li><strong>10 brugerdefinerede DM'er (massebeskeder eller 1-til-1):<\/strong> Skab dybere forbindelser med dine f\u00f8lgere gennem personlige DM'er. Vores skr\u00e6ddersyede DM'er er designet til at skabe \u00e6gte interaktioner, fremme relationer og drive meningsfulde samtaler, s\u00e5 du kan opbygge et loyalt og engageret f\u00e6llesskab.<\/li>\n<li><strong>3 video-scripts:<\/strong> Lad vores dygtige manuskriptforfattere skabe overbevisende videomanuskripter, der er skr\u00e6ddersyet til dit brands personlighed og m\u00e5l. Vores manuskripter vil fange dit publikum og efterlade et varigt indtryk.<\/li>\n<\/ol>\n<p><strong>S\u00e5dan fungerer det:<\/strong><\/p>\n<ol>\n<li><strong>Sp\u00f8rgeskema:<\/strong> Vi begynder med et dybdeg\u00e5ende sp\u00f8rgeskema for at forst\u00e5 dit brand, din m\u00e5lgruppe og dine indholdsm\u00e5l. Det sikrer, at vores indhold passer perfekt til din vision.<\/li>\n<li><strong>Skr\u00e6ddersyet oprettelse af indhold:<\/strong> Vores ekspertteam kuraterer kreativt og pr\u00e6cist hvert stykke indhold og sikrer, at det v\u00e6kker genklang hos dit publikum og styrker din brandidentitet.<\/li>\n<li><strong>M\u00e5nedlig levering:<\/strong> Hver m\u00e5ned modtager du et parti med 30 professionelt skrevne billedtekster, 10 tilpassede DM'er, 3 videoscripts og meget mere, klar til at s\u00e6tte skub i din forretning.<\/li>\n<\/ol>\n<p>Alt dette enest\u00e5ende indhold og kreativitet kommer til en budgetvenlig pris p\u00e5 kun $99\/m\u00e5ned. Vi sigter mod at styrke din virksomheds strategi uden at spr\u00e6nge banken.<\/p>\n<p><strong>Hvorfor v\u00e6lge os?<\/strong><\/p>\n<ul>\n<li><strong>Ekspertise inden for branchen:<\/strong> Vi har stor erfaring inden for voksenindustrien, hvilket g\u00f8r os i stand til at skabe indhold, der overholder platformens retningslinjer, samtidig med at det skaber engagement.<\/li>\n<li><strong>Kreativ ekspertise:<\/strong> Vores team af dygtige skribenter og manuskriptforfattere er dedikeret til at producere indhold i topklasse, der l\u00f8fter dit brand op over st\u00f8jen.<\/li>\n<li><strong>Ensartethed og bekvemmelighed:<\/strong> Sig farvel til stress med at skabe indhold. Med vores m\u00e5nedlige abonnementsmodel modtager du regelm\u00e6ssigt nyt indhold af h\u00f8j kvalitet uden besv\u00e6r.<\/li>\n<\/ul>\n<p>Er du klar til at l\u00f8fte dit spil p\u00e5 de sociale medier og efterlade et varigt indtryk p\u00e5 dit publikum?<\/p>","protected":false},"excerpt":{"rendered":"<p><strong>F\u00e5 30 professionelt udformede billedtekster, 10 tilpassede DM'er til dybere forbindelser med dine f\u00f8lgere og 3 f\u00e6ngslende videoscripts, der er skr\u00e6ddersyet til dit brand.<\/strong><\/p>\n<p>Vores proces omfatter et dybdeg\u00e5ende sp\u00f8rgeskema for at forst\u00e5 din vision og sikre, at indholdet stemmer overens.<\/p>\n<p>Du vil modtage nyt indhold af h\u00f8j kvalitet hver m\u00e5ned til kun $99\/m\u00e5ned.<\/p>\n<p>L\u00f8ft dit spil p\u00e5 de sociale medier, og efterlad et varigt indtryk p\u00e5 dit publikum.<\/p>\n<p>Tilmeld dig nu, og giv din forretning et boost!<\/p>\n<p><strong>N\u00e5r du har k\u00f8bt, vil du modtage en note p\u00e5 din kvittering med et link til et sp\u00f8rgeskema, du skal udfylde. Hvis du ikke kan finde det, <a href=\"https:\/\/subtomy.com\/da\/sporgeskema-om-tilpasset-indhold\/\">Klik her for at komme til sp\u00f8rgeskemasiden<\/a>.\u00a0<\/strong><\/p>","protected":false},"featured_media":2025,"comment_status":"open","ping_status":"closed","template":"","meta":[],"product_brand":[],"product_cat":[179],"product_tag":[],"class_list":{"0":"post-2024","1":"product","2":"type-product","3":"status-publish","4":"has-post-thumbnail","6":"product_cat-micro-services","7":"infinite-scroll-item","8":"no-featured-image-padding","9":"sales-flash-overlay","10":"woocommerce-text-align-center","11":"woocommerce-image-align-center","13":"first","14":"instock","15":"featured","16":"virtual","17":"product-type-subscription"},"aioseo_notices":[],"_links":{"self":[{"href":"https:\/\/subtomy.com\/da\/wp-json\/wp\/v2\/product\/2024","targetHints":{"allow":["GET"]}}],"collection":[{"href":"https:\/\/subtomy.com\/da\/wp-json\/wp\/v2\/product"}],"about":[{"href":"https:\/\/subtomy.com\/da\/wp-json\/wp\/v2\/types\/product"}],"replies":[{"embeddable":true,"href":"https:\/\/subtomy.com\/da\/wp-json\/wp\/v2\/comments?post=2024"}],"wp:featuredmedia":[{"embeddable":true,"href":"https:\/\/subtomy.com\/da\/wp-json\/wp\/v2\/media\/2025"}],"wp:attachment":[{"href":"https:\/\/subtomy.com\/da\/wp-json\/wp\/v2\/media?parent=2024"}],"wp:term":[{"taxonomy":"product_brand","embeddable":true,"href":"https:\/\/subtomy.com\/da\/wp-json\/wp\/v2\/product_brand?post=2024"},{"taxonomy":"product_cat","embeddable":true,"href":"https:\/\/subtomy.com\/da\/wp-json\/wp\/v2\/product_cat?post=2024"},{"taxonomy":"product_tag","embeddable":true,"href":"https:\/\/subtomy.com\/da\/wp-json\/wp\/v2\/product_tag?post=2024"}],"curies":[{"name":"wp","href":"https:\/\/api.w.org\/{rel}","templated":true}]}}