{"id":2037,"date":"2023-08-06T21:23:53","date_gmt":"2023-08-07T02:23:53","guid":{"rendered":"https:\/\/subtomy.com\/?post_type=product&#038;p=2037"},"modified":"2024-03-02T21:39:06","modified_gmt":"2024-03-03T02:39:06","slug":"findom-daily-affirmations","status":"publish","type":"product","link":"https:\/\/subtomy.com\/da\/produkt\/findom-daglige-bekraeftelser\/","title":{"rendered":"Findom daglige bekr\u00e6ftelser"},"content":{"rendered":"<p>Udnyt ordenes magt, og l\u00f8ft dit \u00f8konomiske dominansspil til hidtil usete h\u00f8jder med denne eksklusive samling af 50 omhyggeligt udformede bekr\u00e6ftelser. Hver dag kan du fordybe dig i en verden af dominans, kontrol og \u00f8konomisk styrke, mens du f\u00f8rer dine unders\u00e5tter ind i et rige af fuldst\u00e6ndig underkastelse.<\/p>\n<ol>\n<li><strong>50 styrkende bekr\u00e6ftelser:<\/strong> Tag ansvar for hver dag med en ny og st\u00e6rk bekr\u00e6ftelse, der er designet til at styrke din findom-evne. Fra at indgyde hengivenhed til at forst\u00e6rke \u00f8konomisk loyalitet - denne samling henvender sig til alle aspekter af din \u00f8konomiske dominans.<\/li>\n<li><strong>Slip den indre kraft l\u00f8s:<\/strong> Udnyt den enorme kraft i dig, og kanaliser den ind i dine \u00f8konomiske interaktioner. Disse affirmationer minder dig om din iboende autoritet, styrker din selvtillid og efterlader dine unders\u00e5tter i \u00e6refrygt.<\/li>\n<li><strong>Dominans, der kan tilpasses:<\/strong> Tilpas bekr\u00e6ftelserne, s\u00e5 de passer til din unikke findom-stil. Uanset om du foretr\u00e6kker blid overtalelse eller direkte dominans, kan du skr\u00e6ddersy bekr\u00e6ftelserne, s\u00e5 de styrker din foretrukne tilgang.<\/li>\n<li><strong>Skab urokkelig loyalitet:<\/strong> Opn\u00e5 urokkelig loyalitet fra dine unders\u00e5tter, n\u00e5r de omfavner den vanedannende rytme af daglige bekr\u00e6ftelser. Se dem blive hengivne, ivrige efter at behage og desperate efter at opfylde alle dine \u00f8konomiske \u00f8nsker.<\/li>\n<li><strong>Skab \u00f8konomisk overgivelse:<\/strong> Hver bekr\u00e6ftelse fungerer som en katalysator, der f\u00e5r dine subs til at overgive deres \u00f8konomi frivilligt. Dine ord vil lokke dem til at \u00e5bne deres tegneb\u00f8ger, drevet af et um\u00e6tteligt behov for at tjene dig.<\/li>\n<li><strong>\u00d8g den \u00f8konomiske gl\u00e6de:<\/strong> Med disse daglige bekr\u00e6ftelser bliver \u00f8konomisk tr\u00e6ldom en forn\u00f8jelse, der \u00f8ger din nydelse og dine hengivne unders\u00e5tter. Dine \u00f8nsker vil blive opfyldt entusiastisk og sikre, at deres ofre giver dig ultimativ tilfredsstillelse.<\/li>\n<\/ol>\n<p><strong>S\u00e5dan bruges den:<\/strong><\/p>\n<ol>\n<li><strong>Morgenritual:<\/strong> Kickstart din dag med en kraftfuld bekr\u00e6ftelse, der indretter din tankegang efter \u00f8konomisk dominans. Fokuser p\u00e5 dine intentioner, mens du gentager ordene, og forbered dig p\u00e5 en dag med forf\u00f8rende kontrol.<\/li>\n<li><strong>Interaktionsforst\u00e6rker:<\/strong> F\u00f8r du g\u00e5r i gang med en underordnet, skal du fremsige en bekr\u00e6ftelse, der stemmer overens med det \u00f8nskede resultat. Se, hvordan dine ord efterlader et uudsletteligt m\u00e6rke og f\u00e5r dem til at underkaste sig dine \u00f8konomiske luner fuldt ud.<\/li>\n<li><strong>Forst\u00e6rkning ved sengetid:<\/strong> Mens du slapper af, kan du fremsige en bekr\u00e6ftelse, der styrker dit \u00f8konomiske herred\u00f8mme.<\/li>\n<\/ol>\n<p>Omfavn din rolle som en bemyndiget findom, og lad \"Findom Daily Affirmations\" v\u00e6re din ledende kraft. N\u00e5r du svinger disse bekr\u00e6ftelser som en kommanderende tryllestav, kan du se den transformerende effekt, de har p\u00e5 dine \u00f8konomiske emner. Dominans, kontrol og \u00f8konomisk magt venter p\u00e5 dig med hver bekr\u00e6ftelse, du udtaler. <strong>Omfavn din sk\u00e6bne, og lad verden b\u00f8je sig for dit selvst\u00e6ndige findom-herred\u00f8mme.<\/strong><\/p>","protected":false},"excerpt":{"rendered":"<p>Udnyt ordenes magt, og l\u00f8ft dit \u00f8konomiske dominansspil til hidtil usete h\u00f8jder med denne eksklusive samling af 50 omhyggeligt udformede bekr\u00e6ftelser. Hver dag kan du fordybe dig i en verden af dominans, kontrol og \u00f8konomisk styrke, mens du f\u00f8rer dine unders\u00e5tter ind i et rige af fuldst\u00e6ndig underkastelse.<\/p>\n<p><strong>Eksempel p\u00e5 bekr\u00e6ftelser:<\/strong><\/p>\n<ul>\n<li>Jeg opdager nye m\u00e5der at kontrollere og dominere mine \u00f8konomiske slaver p\u00e5.<\/li>\n<li>Jeg opn\u00e5r fuldst\u00e6ndig \u00f8konomisk kontrol over mine afl\u00f8sere.<\/li>\n<li>Jeg frig\u00f8r den kraft, der er i mig, til at tage kontrol over deres tegneb\u00f8ger.<\/li>\n<\/ul>","protected":false},"featured_media":2249,"comment_status":"closed","ping_status":"closed","template":"","meta":[],"product_brand":[],"product_cat":[140],"product_tag":[180,26,28],"class_list":{"0":"post-2037","1":"product","2":"type-product","3":"status-publish","4":"has-post-thumbnail","6":"product_cat-tools","7":"product_tag-affirmations","8":"product_tag-dominatrix","9":"product_tag-findom","10":"infinite-scroll-item","11":"no-featured-image-padding","12":"sales-flash-overlay","13":"woocommerce-text-align-center","14":"woocommerce-image-align-center","15":"wc-has-gallery","17":"first","18":"instock","19":"downloadable","20":"virtual","21":"purchasable","22":"product-type-simple"},"aioseo_notices":[],"_links":{"self":[{"href":"https:\/\/subtomy.com\/da\/wp-json\/wp\/v2\/product\/2037","targetHints":{"allow":["GET"]}}],"collection":[{"href":"https:\/\/subtomy.com\/da\/wp-json\/wp\/v2\/product"}],"about":[{"href":"https:\/\/subtomy.com\/da\/wp-json\/wp\/v2\/types\/product"}],"replies":[{"embeddable":true,"href":"https:\/\/subtomy.com\/da\/wp-json\/wp\/v2\/comments?post=2037"}],"wp:featuredmedia":[{"embeddable":true,"href":"https:\/\/subtomy.com\/da\/wp-json\/wp\/v2\/media\/2249"}],"wp:attachment":[{"href":"https:\/\/subtomy.com\/da\/wp-json\/wp\/v2\/media?parent=2037"}],"wp:term":[{"taxonomy":"product_brand","embeddable":true,"href":"https:\/\/subtomy.com\/da\/wp-json\/wp\/v2\/product_brand?post=2037"},{"taxonomy":"product_cat","embeddable":true,"href":"https:\/\/subtomy.com\/da\/wp-json\/wp\/v2\/product_cat?post=2037"},{"taxonomy":"product_tag","embeddable":true,"href":"https:\/\/subtomy.com\/da\/wp-json\/wp\/v2\/product_tag?post=2037"}],"curies":[{"name":"wp","href":"https:\/\/api.w.org\/{rel}","templated":true}]}}