{"id":59,"date":"2022-06-06T15:46:47","date_gmt":"2022-06-06T20:46:47","guid":{"rendered":"https:\/\/shop.cammodelagency.com\/?post_type=product&#038;p=59"},"modified":"2023-09-03T00:47:37","modified_gmt":"2023-09-03T05:47:37","slug":"how-to-sell-your-dick-pics-to-1000-per-month","status":"publish","type":"product","link":"https:\/\/subtomy.com\/da\/produkt\/how-to-sell-your-dick-pics-to-1000-per-month\/","title":{"rendered":"S\u00e5dan s\u00e6lger du dine D*-billeder til $1.000 pr. m\u00e5ned"},"content":{"rendered":"<h2 style=\"text-align: center;\">Hvordan du kan tjene $1,000 eller mere om m\u00e5neden fra at s\u00e6lge Dick Pics ved at frig\u00f8re denne komplette Blueprint<\/h2>\n<p><img loading=\"lazy\" decoding=\"async\" class=\"aligncenter wp-image-61 size-full\" src=\"https:\/\/subtomy.com\/wp-content\/uploads\/2022\/06\/Selling-Your.jpg\" alt=\"\" width=\"960\" height=\"540\" srcset=\"https:\/\/subtomy.com\/wp-content\/uploads\/2022\/06\/Selling-Your.jpg 960w, https:\/\/subtomy.com\/wp-content\/uploads\/2022\/06\/Selling-Your-600x338.jpg 600w, https:\/\/subtomy.com\/wp-content\/uploads\/2022\/06\/Selling-Your-300x169.jpg 300w, https:\/\/subtomy.com\/wp-content\/uploads\/2022\/06\/Selling-Your-768x432.jpg 768w, https:\/\/subtomy.com\/wp-content\/uploads\/2022\/06\/Selling-Your-18x10.jpg 18w\" sizes=\"auto, (max-width: 960px) 100vw, 960px\" \/><\/p>\n<p style=\"text-align: center;\"><strong><span style=\"color: #008000;\">L\u00e6r pr\u00e6cis hvordan jeg g\u00f8r over $1,100 Per Month (On Autopilot!)<\/span><\/strong><\/p>\n<p>Du elsker at tage billeder, men du ved ikke, hvordan du kan tjene penge p\u00e5 dem. Du har pr\u00f8vet at s\u00e6lge dem online f\u00f8r, men du har aldrig f\u00e5et noget salg.<\/p>\n<p>Her er et kursus, der l\u00e6rer dig at s\u00e6lge dine pikbilleder online for en m\u00e5nedlig indkomst p\u00e5 $1.000 eller mere. Dette er ikke en get-rich-quick ordning; det er en trin-for-trin guide, der vil vise dig, hvordan du opbygger en succesfuld penisbillede forretning fra bunden.<\/p>\n<p>L\u00e6r at s\u00e6lge dine pikbilleder online og f\u00e5 fuldtidsindt\u00e6gt ved at g\u00f8re det, du elsker! Dette videokursus tager dig gennem alt, hvad du skal vide, fra at finde det rigtige marked for dine billeder til at administrere kunder.<\/p>\n<p>Med denne <strong>videokursus<\/strong>f\u00e5r du et videndump af alt fra<\/p>\n<ul>\n<li>Hvilken platform skal du bruge?<\/li>\n<li>Hvordan man h\u00e5ndterer kunder<\/li>\n<li>Hvordan du kan udvide din kundekreds<\/li>\n<li>En m\u00e5de at automatisere 97% af virksomheden p\u00e5<\/li>\n<\/ul>\n<p>Hvad er der indeni:<\/p>\n<ul>\n<li>12 videoer, der hj\u00e6lper dig gennem <strong>PR\u00c6CIS<\/strong> hvordan du kommer i gang<\/li>\n<li>En PDF-fil af hele pr\u00e6sentationen, s\u00e5 du nemt kan henvise til de vigtigste punkter, der er n\u00e6vnt i l\u00f8bet af kurset<\/li>\n<\/ul>\n<p>Der er mange mennesker derude, som er interesseret i at s\u00e6lge pikbilleder online. Det er trods alt en god m\u00e5de at tjene nogle ekstra penge p\u00e5. Og hvem elsker ikke noget penis?<\/p>\n<p>Men f\u00f8r du kan begynde at s\u00e6lge dine billeder, skal du vide, hvordan du skal g\u00f8re det. Det er her, vores videokursus kommer ind i billedet. Vi l\u00e6rer dig alt, hvad du skal vide, lige fra hvordan du finder de rigtige k\u00f8bere til hvilken slags billeder, de leder efter.<\/p>\n<p>S\u00e5 uanset om du er en erfaren professionel eller lige er begyndt, vil vores kursus hj\u00e6lpe dig med at f\u00e5 mest muligt ud af dine penisfotos.<\/p>\n<p>S\u00e5 hvad venter du p\u00e5?<\/p>","protected":false},"excerpt":{"rendered":"<p>L\u00e6r at s\u00e6lge dine pikbilleder online og f\u00e5 fuldtidsindt\u00e6gt ved at g\u00f8re det, du elsker! Dette videokursus tager dig gennem alt, hvad du skal vide, fra at finde det rigtige marked for dine billeder til at administrere kunder.<\/p>\n<p><strong>Rul ned for at se videoen om, hvad du f\u00e5r i dette kursus \ud83d\udc47\ud83c\udffe<\/strong><\/p>","protected":false},"featured_media":1539,"comment_status":"open","ping_status":"closed","template":"","meta":[],"product_brand":[],"product_cat":[41],"product_tag":[33,40],"class_list":{"0":"post-59","1":"product","2":"type-product","3":"status-publish","4":"has-post-thumbnail","6":"product_cat-video-course","7":"product_tag-men","8":"product_tag-video","9":"infinite-scroll-item","10":"no-featured-image-padding","11":"sales-flash-overlay","12":"woocommerce-text-align-center","13":"woocommerce-image-align-center","15":"first","16":"instock","17":"downloadable","18":"virtual","19":"sold-individually","20":"purchasable","21":"product-type-simple"},"aioseo_notices":[],"_links":{"self":[{"href":"https:\/\/subtomy.com\/da\/wp-json\/wp\/v2\/product\/59","targetHints":{"allow":["GET"]}}],"collection":[{"href":"https:\/\/subtomy.com\/da\/wp-json\/wp\/v2\/product"}],"about":[{"href":"https:\/\/subtomy.com\/da\/wp-json\/wp\/v2\/types\/product"}],"replies":[{"embeddable":true,"href":"https:\/\/subtomy.com\/da\/wp-json\/wp\/v2\/comments?post=59"}],"wp:featuredmedia":[{"embeddable":true,"href":"https:\/\/subtomy.com\/da\/wp-json\/wp\/v2\/media\/1539"}],"wp:attachment":[{"href":"https:\/\/subtomy.com\/da\/wp-json\/wp\/v2\/media?parent=59"}],"wp:term":[{"taxonomy":"product_brand","embeddable":true,"href":"https:\/\/subtomy.com\/da\/wp-json\/wp\/v2\/product_brand?post=59"},{"taxonomy":"product_cat","embeddable":true,"href":"https:\/\/subtomy.com\/da\/wp-json\/wp\/v2\/product_cat?post=59"},{"taxonomy":"product_tag","embeddable":true,"href":"https:\/\/subtomy.com\/da\/wp-json\/wp\/v2\/product_tag?post=59"}],"curies":[{"name":"wp","href":"https:\/\/api.w.org\/{rel}","templated":true}]}}