{"id":604,"date":"2023-04-14T18:59:44","date_gmt":"2023-04-14T23:59:44","guid":{"rendered":"https:\/\/shop.cammodelagency.com\/?post_type=product&#038;p=604"},"modified":"2024-03-21T14:20:51","modified_gmt":"2024-03-21T19:20:51","slug":"foot-fetish-captions","status":"publish","type":"product","link":"https:\/\/subtomy.com\/da\/produkt\/fod-fetish-tekster\/","title":{"rendered":"100+ Fodfetich-tekster til sociale medier, Reddit, OnlyFans osv."},"content":{"rendered":"<p>Hvis du er en voksenmodel, der s\u00e6lger fodindhold, ved du, at billedtekster er n\u00f8glen til at fange fodfetish-entusiasternes opm\u00e6rksomhed. Derfor har vi skabt den ultimative fodfetish-undertekstpakke til sociale medier til voksne modeller som dig!<\/p>\n<p>Vores pakke indeholder 100 unikke billedtekster, der er designet specielt til fodindhold, s\u00e5 du kan vise dine smukke f\u00f8dder frem og f\u00e5 dine f\u00f8lgere til at komme tilbage efter mere. Uanset om du viser din seneste pedicure, giver en fodmassage eller deler dit yndlingspar h\u00e6le, vil vores billedtekster hj\u00e6lpe dig med at g\u00f8re et statement.<\/p>\n<p>Vores billedtekster d\u00e6kker en r\u00e6kke forskellige temaer, fra flirtende til dominerende og alt derimellem. Uanset om du vil drille dine f\u00f8lgere med en pirrende beskrivelse eller give dem en kommando, som de ikke kan modst\u00e5, har vi styr p\u00e5 det. Og med vores brugervenlige format kan du hurtigt og nemt kopiere og inds\u00e6tte den valgte billedtekst i dine indl\u00e6g p\u00e5 de sociale medier, s\u00e5 du sparer tid og kr\u00e6fter.<\/p>\n<p>S\u00e5 hvis du er klar til at tage dit fodindhold til det n\u00e6ste niveau og tiltr\u00e6kke en loyal skare af fodfetish-entusiaster, s\u00e5 bestil vores fodfetish-underskriftspakke til sociale medier i dag!<\/p>","protected":false},"excerpt":{"rendered":"<p><strong>Livstidsopdateringer!<\/strong><\/p>\n<p>Hvis du er en voksenmodel, der s\u00e6lger fodindhold og \u00f8nsker at engagere dit fodfetish-publikum, er vores fodfetish-underskriftspakke til sociale medier pr\u00e6cis, hvad du har brug for!<\/p>\n<p><strong>Eksempel p\u00e5 billedtekster:<\/strong><\/p>\n<ul>\n<li><span data-sheets-value=\"{&quot;1&quot;:2,&quot;2&quot;:&quot;As good as my feet look in heels, they feel even better out of them \ud83d\ude09 &quot;}\" data-sheets-userformat=\"{&quot;2&quot;:8192,&quot;16&quot;:12}\">Lige s\u00e5 godt som mine f\u00f8dder ser ud i stiletter, lige s\u00e5 godt f\u00f8les de uden \ud83d\ude09 <\/span><\/li>\n<li><span data-sheets-value=\"{&quot;1&quot;:2,&quot;2&quot;:&quot;Flawless feet that will make you go \ud83e\udd24\ud83d\udca6\ud83d\ude0d Time to come and worship at my altar! #FeetLoversWelcome&quot;}\" data-sheets-userformat=\"{&quot;2&quot;:8961,&quot;3&quot;:{&quot;1&quot;:0},&quot;11&quot;:4,&quot;12&quot;:0,&quot;16&quot;:12}\">Fejlfri f\u00f8dder, der f\u00e5r dig til at sige \ud83e\udd24\ud83d\udca6\ud83d\ude0d Tid til at komme og tilbede ved mit alter! #FeetLoversVelkommen<\/span><\/li>\n<li><span data-sheets-value=\"{&quot;1&quot;:2,&quot;2&quot;:&quot;Only my feet can make you feel this way \ud83d\udc8b Come explore the pleasure and let me show you just how good it can be. \ud83e\udd24 #FeetLover&quot;}\" data-sheets-userformat=\"{&quot;2&quot;:8961,&quot;3&quot;:{&quot;1&quot;:0},&quot;11&quot;:4,&quot;12&quot;:0,&quot;16&quot;:12}\">Kun mine f\u00f8dder kan f\u00e5 dig til at f\u00f8le det p\u00e5 denne m\u00e5de \ud83d\udc8b Kom og udforsk nydelsen, og lad mig vise dig, hvor godt det kan v\u00e6re. \ud83e\udd24 #FeetLover<\/span><\/li>\n<\/ul>\n<p>Alle billedtekster med hashtags har en alternativ version uden hashtags, s\u00e5 det er nemt at kopiere og inds\u00e6tte.<\/p>","protected":false},"featured_media":2288,"comment_status":"open","ping_status":"closed","template":"","meta":[],"product_brand":[],"product_cat":[22],"product_tag":[30],"class_list":{"0":"post-604","1":"product","2":"type-product","3":"status-publish","4":"has-post-thumbnail","6":"product_cat-captions","7":"product_tag-foot-fetish","8":"infinite-scroll-item","9":"no-featured-image-padding","10":"sales-flash-overlay","11":"woocommerce-text-align-center","12":"woocommerce-image-align-center","13":"wc-has-gallery","15":"first","16":"instock","17":"downloadable","18":"virtual","19":"sold-individually","20":"purchasable","21":"product-type-simple"},"aioseo_notices":[],"_links":{"self":[{"href":"https:\/\/subtomy.com\/da\/wp-json\/wp\/v2\/product\/604","targetHints":{"allow":["GET"]}}],"collection":[{"href":"https:\/\/subtomy.com\/da\/wp-json\/wp\/v2\/product"}],"about":[{"href":"https:\/\/subtomy.com\/da\/wp-json\/wp\/v2\/types\/product"}],"replies":[{"embeddable":true,"href":"https:\/\/subtomy.com\/da\/wp-json\/wp\/v2\/comments?post=604"}],"wp:featuredmedia":[{"embeddable":true,"href":"https:\/\/subtomy.com\/da\/wp-json\/wp\/v2\/media\/2288"}],"wp:attachment":[{"href":"https:\/\/subtomy.com\/da\/wp-json\/wp\/v2\/media?parent=604"}],"wp:term":[{"taxonomy":"product_brand","embeddable":true,"href":"https:\/\/subtomy.com\/da\/wp-json\/wp\/v2\/product_brand?post=604"},{"taxonomy":"product_cat","embeddable":true,"href":"https:\/\/subtomy.com\/da\/wp-json\/wp\/v2\/product_cat?post=604"},{"taxonomy":"product_tag","embeddable":true,"href":"https:\/\/subtomy.com\/da\/wp-json\/wp\/v2\/product_tag?post=604"}],"curies":[{"name":"wp","href":"https:\/\/api.w.org\/{rel}","templated":true}]}}