{"id":628,"date":"2023-04-17T15:11:27","date_gmt":"2023-04-17T20:11:27","guid":{"rendered":"https:\/\/shop.cammodelagency.com\/?post_type=product&#038;p=628"},"modified":"2024-03-25T00:24:30","modified_gmt":"2024-03-25T05:24:30","slug":"bratty-captions","status":"publish","type":"product","link":"https:\/\/subtomy.com\/da\/produkt\/skore-billedtekster\/","title":{"rendered":"100+ Bratty Captions til OnlyFans, Reddit, sociale medier"},"content":{"rendered":"<p>Er du en OnlyFans-model, der elsker at vise din luksuri\u00f8se livsstil frem og gerne vil engagere dit publikum p\u00e5 de sociale medier? Vores fork\u00e6lede billedtekstpakke til sociale medier er lige, hvad du har brug for!<\/p>\n<p>Vores pakke indeholder over 100 unikke billedtekster, der er designet til at hj\u00e6lpe dig med at fremvise din overd\u00e5dige og luksuri\u00f8se livsstil, mens du f\u00e5r kontakt med dine f\u00f8lgere. Uanset om du poster et billede af dig selv, hvor du shopper i eksklusive butikker, rejser i luksus eller bare viser dine designeroutfits frem, vil vores billedtekster hj\u00e6lpe dig med at engagere dit publikum og promovere dine videotjenester.<\/p>\n<p>Vores billedtekster d\u00e6kker en r\u00e6kke temaer, fra fr\u00e6kke til legesyge, og alt derimellem. Uanset om du vil drille dine f\u00f8lgere med et strejf af mystik eller vise din selvsikre og selvh\u00e6vdende side, har vi det, du skal bruge. Og med vores brugervenlige format kan du hurtigt og nemt kopiere og inds\u00e6tte din valgte billedtekst i dine opslag p\u00e5 de sociale medier, s\u00e5 du sparer tid og kr\u00e6fter.<\/p>\n<p>S\u00e5 hvis du er en fork\u00e6let OnlyFans-model, der gerne vil i kontakt med dit publikum og promovere dine videotjenester, s\u00e5 bestil vores fork\u00e6lede billedtekstpakke til sociale medier i dag!<\/p>","protected":false},"excerpt":{"rendered":"<p><strong>Livstidsopdateringer og adgang!<\/strong><\/p>\n<p>Er du en OnlyFans-model, der er en fork\u00e6let m\u00f8gunge, og vil du gerne promovere dine videotjenester p\u00e5 de sociale medier? Vores billedtekstpakke til sociale medier er her for at hj\u00e6lpe!<\/p>\n<p>Eksempler herp\u00e5 er:<\/p>\n<ul>\n<li><span data-sheets-value=\"{&quot;1&quot;:2,&quot;2&quot;:&quot;Do you crave a bratty princess who always gets her way? \ud83e\udd34 I'm here to be spoiled, admired and adored. DM me if you're up for the challenge \ud83d\ude09 &quot;}\" data-sheets-userformat=\"{&quot;2&quot;:14656,&quot;9&quot;:0,&quot;11&quot;:4,&quot;14&quot;:{&quot;1&quot;:2,&quot;2&quot;:0},&quot;15&quot;:&quot;Verdana&quot;,&quot;16&quot;:11}\">Har du lyst til en m\u00f8gsur prinsesse, der altid f\u00e5r sin vilje? \ud83e\udd34 Jeg er her for at blive fork\u00e6let, beundret og tilbedt. Send mig en DM, hvis du er klar p\u00e5 udfordringen \ud83d\ude09.<\/span><\/li>\n<li><span data-sheets-value=\"{&quot;1&quot;:2,&quot;2&quot;:&quot;For members only \ud83d\udc40 I'm the brat who always gets her way! \ud83e\udd2d Come talk to me and spoil me rotten...I'm feelin' sexy AF &amp; ready for some naughty fun! \ud83d\ude0d &quot;}\" data-sheets-userformat=\"{&quot;2&quot;:14656,&quot;9&quot;:0,&quot;11&quot;:4,&quot;14&quot;:{&quot;1&quot;:2,&quot;2&quot;:0},&quot;15&quot;:&quot;Verdana&quot;,&quot;16&quot;:11}\">Kun for medlemmer \ud83d\udc40 Jeg er m\u00f8gungen, der altid f\u00e5r sin vilje! \ud83e\udd2d Kom og snak med mig og fork\u00e6l mig ... Jeg f\u00f8ler mig sexet AF og klar til noget fr\u00e6kt sjov! \ud83d\ude0d <\/span><\/li>\n<li><span data-sheets-value=\"{&quot;1&quot;:2,&quot;2&quot;:&quot;Right now I'm sitting here, looking pretty and feeling naughty. \ud83d\udc45 I always get my way; so if you want to talk with me, you better be ready to spoil me! \ud83d\udcb0 &quot;}\" data-sheets-userformat=\"{&quot;2&quot;:14656,&quot;9&quot;:0,&quot;11&quot;:4,&quot;14&quot;:{&quot;1&quot;:2,&quot;2&quot;:0},&quot;15&quot;:&quot;Verdana&quot;,&quot;16&quot;:11}\">Lige nu sidder jeg her, ser smuk ud og f\u00f8ler mig fr\u00e6k. \ud83d\udc45 Jeg f\u00e5r altid min vilje, s\u00e5 hvis du vil tale med mig, m\u00e5 du hellere v\u00e6re klar til at fork\u00e6le mig! \ud83d\udcb0 <\/span><\/li>\n<\/ul>","protected":false},"featured_media":2305,"comment_status":"open","ping_status":"closed","template":"","meta":[],"product_brand":[],"product_cat":[22],"product_tag":[21],"class_list":{"0":"post-628","1":"product","2":"type-product","3":"status-publish","4":"has-post-thumbnail","6":"product_cat-captions","7":"product_tag-bratty","8":"infinite-scroll-item","9":"no-featured-image-padding","10":"sales-flash-overlay","11":"woocommerce-text-align-center","12":"woocommerce-image-align-center","13":"wc-has-gallery","15":"first","16":"instock","17":"downloadable","18":"virtual","19":"sold-individually","20":"purchasable","21":"product-type-simple"},"aioseo_notices":[],"_links":{"self":[{"href":"https:\/\/subtomy.com\/da\/wp-json\/wp\/v2\/product\/628","targetHints":{"allow":["GET"]}}],"collection":[{"href":"https:\/\/subtomy.com\/da\/wp-json\/wp\/v2\/product"}],"about":[{"href":"https:\/\/subtomy.com\/da\/wp-json\/wp\/v2\/types\/product"}],"replies":[{"embeddable":true,"href":"https:\/\/subtomy.com\/da\/wp-json\/wp\/v2\/comments?post=628"}],"wp:featuredmedia":[{"embeddable":true,"href":"https:\/\/subtomy.com\/da\/wp-json\/wp\/v2\/media\/2305"}],"wp:attachment":[{"href":"https:\/\/subtomy.com\/da\/wp-json\/wp\/v2\/media?parent=628"}],"wp:term":[{"taxonomy":"product_brand","embeddable":true,"href":"https:\/\/subtomy.com\/da\/wp-json\/wp\/v2\/product_brand?post=628"},{"taxonomy":"product_cat","embeddable":true,"href":"https:\/\/subtomy.com\/da\/wp-json\/wp\/v2\/product_cat?post=628"},{"taxonomy":"product_tag","embeddable":true,"href":"https:\/\/subtomy.com\/da\/wp-json\/wp\/v2\/product_tag?post=628"}],"curies":[{"name":"wp","href":"https:\/\/api.w.org\/{rel}","templated":true}]}}