{"id":631,"date":"2023-04-17T15:27:14","date_gmt":"2023-04-17T20:27:14","guid":{"rendered":"https:\/\/shop.cammodelagency.com\/?post_type=product&#038;p=631"},"modified":"2024-03-24T06:16:29","modified_gmt":"2024-03-24T11:16:29","slug":"dominatrix-captions","status":"publish","type":"product","link":"https:\/\/subtomy.com\/da\/produkt\/dominatrix-tekster\/","title":{"rendered":"100+ Dominatrix-tekster til Onlyfans, Reddit, sociale medier osv."},"content":{"rendered":"<p>Er du en OnlyFans-model, der udstr\u00e5ler magt og kontrol, og som \u00f8nsker at promovere dine dominatrix-videotjenester p\u00e5 de sociale medier? Vores dominatrix media caption pack er her for at hj\u00e6lpe!<\/p>\n<p>Vores pakke indeholder over 100 unikke billedtekster, der er designet til at hj\u00e6lpe dig med at vise din dominerende og autoritative side, mens du lokker dit publikum til at se dig. Uanset om du sender et billede af dig selv i dit yndlingslatexoutfit eller deler en besked, der kr\u00e6ver opm\u00e6rksomhed, vil vores billedtekster hj\u00e6lpe dig med at engagere dine f\u00f8lgere og promovere dine videotjenester.<\/p>\n<p>Vores billedtekster d\u00e6kker en r\u00e6kke forskellige temaer, lige fra dominerende til forf\u00f8rende, og alt derimellem. Uanset om du \u00f8nsker at vise din dominans eller give dine f\u00f8lgere en smagspr\u00f8ve p\u00e5 din forf\u00f8rende side, har vi d\u00e6kket dig ind. Og med vores brugervenlige format kan du hurtigt og nemt kopiere og inds\u00e6tte den valgte billedtekst i dine indl\u00e6g p\u00e5 de sociale medier, s\u00e5 du sparer tid og kr\u00e6fter.<\/p>\n<p>S\u00e5 hvis du er klar til at vise din magt og kontrol frem og promovere dine dominatrix-videotjenester p\u00e5 OnlyFans, s\u00e5 bestil vores dominatrix media caption pack i dag!<\/p>","protected":false},"excerpt":{"rendered":"<p><strong>Livstidsopdateringer og adgang!<\/strong><\/p>\n<p>Er du en OnlyFans-model, der udstr\u00e5ler magt og kontrol, og som \u00f8nsker at promovere dine dominatrix-videotjenester p\u00e5 de sociale medier? Vores dominatrix media caption pack er her for at hj\u00e6lpe!<\/p>\n<p><strong>Eksempler:<\/strong><\/p>\n<ul>\n<li><span data-sheets-value=\"{&quot;1&quot;:2,&quot;2&quot;:&quot;Should you kneel at the feet of a goddess? \ud83e\udd34I'm here to show you that I always get my way. My power and beauty knows no bounds, so come spoil me with your attention! &quot;}\" data-sheets-userformat=\"{&quot;2&quot;:14656,&quot;9&quot;:0,&quot;11&quot;:4,&quot;14&quot;:{&quot;1&quot;:2,&quot;2&quot;:0},&quot;15&quot;:&quot;Verdana&quot;,&quot;16&quot;:11}\">Skal du kn\u00e6le for en gudindes f\u00f8dder? \ud83e\udd34Jeg er her for at vise dig, at jeg altid f\u00e5r min vilje. Min magt og sk\u00f8nhed kender ingen gr\u00e6nser, s\u00e5 kom og fork\u00e6l mig med din opm\u00e6rksomhed! <\/span><\/li>\n<li><span data-sheets-value=\"{&quot;1&quot;:2,&quot;2&quot;:&quot;Do you want to be my submissive? \ud83d\ude08 I'm always in control and never let anyone stand in the way of getting what I want. My beauty is undeniable and I love talking with my fans, so come spoil me! \ud83d\udc8b &quot;}\" data-sheets-userformat=\"{&quot;2&quot;:14656,&quot;9&quot;:0,&quot;11&quot;:4,&quot;14&quot;:{&quot;1&quot;:2,&quot;2&quot;:0},&quot;15&quot;:&quot;Verdana&quot;,&quot;16&quot;:11}\">Vil du v\u00e6re min underdanige? \ud83d\ude08 Jeg har altid kontrollen og lader aldrig nogen st\u00e5 i vejen for at f\u00e5 det, jeg vil have. Min sk\u00f8nhed er ubestridelig, og jeg elsker at tale med mine fans, s\u00e5 kom og fork\u00e6l mig! \ud83d\udc8b <\/span><\/li>\n<li><span data-sheets-value=\"{&quot;1&quot;:2,&quot;2&quot;:&quot;Gorgeous and powerful \ud83d\udc81\ud83c\udffb\u200d\u2640\ufe0f I get what I want when I want it, so let's talk about how you can make that happen. Spoil me with gifts and attention - who knows what might come of it... \ud83d\ude09 &quot;}\" data-sheets-userformat=\"{&quot;2&quot;:14656,&quot;9&quot;:0,&quot;11&quot;:4,&quot;14&quot;:{&quot;1&quot;:2,&quot;2&quot;:0},&quot;15&quot;:&quot;Verdana&quot;,&quot;16&quot;:11}\">Gorgeous and powerful \ud83d\udc81\ud83c\udffb\u200d\u2640\ufe0f Jeg f\u00e5r det, jeg vil have, n\u00e5r jeg vil have det, s\u00e5 lad os tale om, hvordan du kan f\u00e5 det til at ske. Fork\u00e6l mig med gaver og opm\u00e6rksomhed - hvem ved, hvad der kan komme ud af det... \ud83d\ude09 <\/span><\/li>\n<\/ul>","protected":false},"featured_media":2298,"comment_status":"open","ping_status":"closed","template":"","meta":[],"product_brand":[],"product_cat":[22],"product_tag":[26],"class_list":{"0":"post-631","1":"product","2":"type-product","3":"status-publish","4":"has-post-thumbnail","6":"product_cat-captions","7":"product_tag-dominatrix","8":"infinite-scroll-item","9":"no-featured-image-padding","10":"sales-flash-overlay","11":"woocommerce-text-align-center","12":"woocommerce-image-align-center","13":"wc-has-gallery","15":"first","16":"instock","17":"downloadable","18":"virtual","19":"sold-individually","20":"purchasable","21":"product-type-simple"},"aioseo_notices":[],"_links":{"self":[{"href":"https:\/\/subtomy.com\/da\/wp-json\/wp\/v2\/product\/631","targetHints":{"allow":["GET"]}}],"collection":[{"href":"https:\/\/subtomy.com\/da\/wp-json\/wp\/v2\/product"}],"about":[{"href":"https:\/\/subtomy.com\/da\/wp-json\/wp\/v2\/types\/product"}],"replies":[{"embeddable":true,"href":"https:\/\/subtomy.com\/da\/wp-json\/wp\/v2\/comments?post=631"}],"wp:featuredmedia":[{"embeddable":true,"href":"https:\/\/subtomy.com\/da\/wp-json\/wp\/v2\/media\/2298"}],"wp:attachment":[{"href":"https:\/\/subtomy.com\/da\/wp-json\/wp\/v2\/media?parent=631"}],"wp:term":[{"taxonomy":"product_brand","embeddable":true,"href":"https:\/\/subtomy.com\/da\/wp-json\/wp\/v2\/product_brand?post=631"},{"taxonomy":"product_cat","embeddable":true,"href":"https:\/\/subtomy.com\/da\/wp-json\/wp\/v2\/product_cat?post=631"},{"taxonomy":"product_tag","embeddable":true,"href":"https:\/\/subtomy.com\/da\/wp-json\/wp\/v2\/product_tag?post=631"}],"curies":[{"name":"wp","href":"https:\/\/api.w.org\/{rel}","templated":true}]}}