{"id":637,"date":"2023-04-17T16:13:24","date_gmt":"2023-04-17T21:13:24","guid":{"rendered":"https:\/\/shop.cammodelagency.com\/?post_type=product&#038;p=637"},"modified":"2024-04-02T18:10:44","modified_gmt":"2024-04-02T23:10:44","slug":"milf-captions","status":"publish","type":"product","link":"https:\/\/subtomy.com\/da\/produkt\/milf-tekster\/","title":{"rendered":"100+ MILF-tekster til OnlyFans, Reddit, sociale medier"},"content":{"rendered":"<p>Er du en OnlyFans-model, som er en MILF's sexede og selvsikre energi? Vores MILF media caption pack er her for at hj\u00e6lpe dig med at vise din uimodst\u00e5elige tiltr\u00e6kningskraft og promovere dine tjenester p\u00e5 de sociale medier!<\/p>\n<p>Vores pakke indeholder over 100 unikke billedtekster, der er designet til at hj\u00e6lpe dig med at engagere dine f\u00f8lgere og promovere dine videotjenester. Uanset om du poster et billede af dig selv i dit yndlingsundert\u00f8j eller deler en besked, der udstr\u00e5ler selvtillid og sexappeal, vil vores billedtekster hj\u00e6lpe dig med at fange dit publikums opm\u00e6rksomhed og f\u00e5 dem til at komme tilbage efter mere.<\/p>\n<p>Vores billedtekster d\u00e6kker en r\u00e6kke forskellige temaer, fra flirtende til sensuel og alt derimellem. Uanset om du \u00f8nsker at drille dine f\u00f8lgere med et strejf af mystik eller vise din selvsikre og lokkende side, s\u00e5 har vi alt, hvad du har brug for. Og med vores brugervenlige format kan du hurtigt og nemt kopiere og inds\u00e6tte den valgte billedtekst i dine indl\u00e6g p\u00e5 de sociale medier, s\u00e5 du sparer tid og kr\u00e6fter.<\/p>\n<p>S\u00e5 hvis du er en sexet og selvsikker MILF, som \u00f8nsker at engagere dine f\u00f8lgere og promovere dine tjenester p\u00e5 OnlyFans, s\u00e5 bestil vores MILF media caption pack i dag!<\/p>","protected":false},"excerpt":{"rendered":"<p><strong>Livsvarig adgang og opdateringer!<\/strong><\/p>\n<p>Er du en OnlyFans-model, som er en MILF's sexede og selvsikre energi? Vores MILF media caption pack er her for at hj\u00e6lpe dig med at vise din uimodst\u00e5elige tiltr\u00e6kningskraft og promovere dine tjenester p\u00e5 de sociale medier!<\/p>\n<p><strong>Eksempler herp\u00e5 er:<\/strong><\/p>\n<ul>\n<li><span data-sheets-value=\"{&quot;1&quot;:2,&quot;2&quot;:&quot;Do you desire I'm feeling \ud83d\udc8bsexy and ready to show off my MILFy curves! Who wants to come talk with me, spoil me a bit, and watch as I milk my mommy titties? \ud83d\ude09 &quot;}\" data-sheets-userformat=\"{&quot;2&quot;:14656,&quot;9&quot;:0,&quot;11&quot;:4,&quot;14&quot;:{&quot;1&quot;:2,&quot;2&quot;:0},&quot;15&quot;:&quot;Verdana&quot;,&quot;16&quot;:11}\">Har du lyst Jeg f\u00f8ler mig \ud83d\udc8bsexy og er klar til at vise mine MILFy kurver frem! Hvem har lyst til at komme og snakke med mig, fork\u00e6le mig lidt og se p\u00e5 mens jeg malker mine mommy titties? \ud83d\ude09 <\/span><\/li>\n<li><span data-sheets-value=\"{&quot;1&quot;:2,&quot;2&quot;:&quot;I'm the naughty MILF you've been looking for! \ud83c\udf51 Come talk to me and let me know what turns you on. I'm here to be spoiled and pampered, so make sure to bring your best game. Dare I say, my mommy milkers are out of this world? \ud83d\ude09 &quot;}\" data-sheets-userformat=\"{&quot;2&quot;:14656,&quot;9&quot;:0,&quot;11&quot;:4,&quot;14&quot;:{&quot;1&quot;:2,&quot;2&quot;:0},&quot;15&quot;:&quot;Verdana&quot;,&quot;16&quot;:11}\">Jeg er den fr\u00e6kke MILF du har ledt efter! \ud83c\udf51 Kom og snak med mig og lad mig vide, hvad der t\u00e6nder dig. Jeg er her for at blive fork\u00e6let og fork\u00e6let, s\u00e5 s\u00f8rg for at medbringe dit bedste spil.<\/span><\/li>\n<li><span data-sheets-value=\"{&quot;1&quot;:2,&quot;2&quot;:&quot;Pay the price and get the pleasure! \ud83d\udc8b I'm your MILF next door come to life. Come join me, be my naughty little secret. Let's talk dirty and explore each other's desires while I show off my hot body in lingerie that hugs me just right. &quot;}\" data-sheets-userformat=\"{&quot;2&quot;:14656,&quot;9&quot;:0,&quot;11&quot;:4,&quot;14&quot;:{&quot;1&quot;:2,&quot;2&quot;:0},&quot;15&quot;:&quot;Verdana&quot;,&quot;16&quot;:11}\">Betal prisen og f\u00e5 forn\u00f8jelsen! \ud83d\udc8b Jeg er din MILF n\u00e6ste d\u00f8r, der er blevet til virkelighed. Kom og v\u00e6r med mig, v\u00e6r min fr\u00e6kke lille hemmelighed. Lad os snakke fr\u00e6kt og udforske hinandens lyster, mens jeg viser min l\u00e6kre krop frem i lingeri, der omfavner mig helt rigtigt. <\/span><\/li>\n<\/ul>","protected":false},"featured_media":2344,"comment_status":"open","ping_status":"closed","template":"","meta":[],"product_brand":[],"product_cat":[22],"product_tag":[34],"class_list":{"0":"post-637","1":"product","2":"type-product","3":"status-publish","4":"has-post-thumbnail","6":"product_cat-captions","7":"product_tag-milfs","8":"infinite-scroll-item","9":"no-featured-image-padding","10":"sales-flash-overlay","11":"woocommerce-text-align-center","12":"woocommerce-image-align-center","13":"wc-has-gallery","15":"first","16":"instock","17":"downloadable","18":"virtual","19":"sold-individually","20":"purchasable","21":"product-type-simple"},"aioseo_notices":[],"_links":{"self":[{"href":"https:\/\/subtomy.com\/da\/wp-json\/wp\/v2\/product\/637","targetHints":{"allow":["GET"]}}],"collection":[{"href":"https:\/\/subtomy.com\/da\/wp-json\/wp\/v2\/product"}],"about":[{"href":"https:\/\/subtomy.com\/da\/wp-json\/wp\/v2\/types\/product"}],"replies":[{"embeddable":true,"href":"https:\/\/subtomy.com\/da\/wp-json\/wp\/v2\/comments?post=637"}],"wp:featuredmedia":[{"embeddable":true,"href":"https:\/\/subtomy.com\/da\/wp-json\/wp\/v2\/media\/2344"}],"wp:attachment":[{"href":"https:\/\/subtomy.com\/da\/wp-json\/wp\/v2\/media?parent=637"}],"wp:term":[{"taxonomy":"product_brand","embeddable":true,"href":"https:\/\/subtomy.com\/da\/wp-json\/wp\/v2\/product_brand?post=637"},{"taxonomy":"product_cat","embeddable":true,"href":"https:\/\/subtomy.com\/da\/wp-json\/wp\/v2\/product_cat?post=637"},{"taxonomy":"product_tag","embeddable":true,"href":"https:\/\/subtomy.com\/da\/wp-json\/wp\/v2\/product_tag?post=637"}],"curies":[{"name":"wp","href":"https:\/\/api.w.org\/{rel}","templated":true}]}}