{"id":640,"date":"2023-04-17T16:46:17","date_gmt":"2023-04-17T21:46:17","guid":{"rendered":"https:\/\/shop.cammodelagency.com\/?post_type=product&#038;p=640"},"modified":"2023-05-15T22:43:13","modified_gmt":"2023-05-16T03:43:13","slug":"yogi-yoga-captions","status":"publish","type":"product","link":"https:\/\/subtomy.com\/da\/produkt\/yogi-yoga-billedtekster\/","title":{"rendered":"100+ Yogi\/Yoga-tekster til OnlyFans, Reddit, sociale medier osv."},"content":{"rendered":"<p>Er du en OnlyFans-model, der elsker yoga og gerne vil vise din fleksibilitet og styrke frem, mens du promoverer dine tjenester p\u00e5 de sociale medier? Vores yoga-medietekstpakke er her for at hj\u00e6lpe!<\/p>\n<p>Vores pakke indeholder 100 unikke billedtekster, der er designet til at hj\u00e6lpe dig med at engagere dine f\u00f8lgere og promovere dine videotjenester. Uanset om du poster et foto af dig selv i en udfordrende yogastilling eller deler en besked, der fremh\u00e6ver din styrke og fleksibilitet, vil vores billedtekster hj\u00e6lpe dig med at fange dit publikums opm\u00e6rksomhed og fremvise dine yogaevner.<\/p>\n<p>Vores billedtekster d\u00e6kker en r\u00e6kke temaer, fra inspirerende til motiverende, og alt derimellem. Uanset om du vil dele dine yndlingsyogacitater eller fremh\u00e6ve de fysiske og mentale fordele ved yoga, har vi noget til dig. Og med vores brugervenlige format kan du hurtigt og nemt kopiere og inds\u00e6tte din valgte billedtekst i dine opslag p\u00e5 de sociale medier, s\u00e5 du sparer tid og kr\u00e6fter.<\/p>\n<p>Eksempler:<\/p>\n<ul>\n<li><span data-sheets-value=\"{&quot;1&quot;:2,&quot;2&quot;:&quot;Can you feel the heat? \ud83d\udd25 I love being in control of my own body and showing off all my favorite yoga poses. Come join me on OnlyFans to get an intimate look into my spiritual, sexy side! \ud83d\udc8b &quot;}\" data-sheets-userformat=\"{&quot;2&quot;:14656,&quot;9&quot;:0,&quot;11&quot;:4,&quot;14&quot;:{&quot;1&quot;:2,&quot;2&quot;:0},&quot;15&quot;:&quot;Verdana&quot;,&quot;16&quot;:11}\">Kan du m\u00e6rke varmen? \ud83d\udd25 Jeg elsker at have kontrol over min egen krop og vise alle mine yndlingsyogastillinger. Kom og v\u00e6r med p\u00e5 OnlyFans og f\u00e5 et intimt kig ind i min spirituelle, sexede side! \ud83d\udc8b <\/span><\/li>\n<li><span data-sheets-value=\"{&quot;1&quot;:2,&quot;2&quot;:&quot;Gorgeous, graceful and oh so sexy. \ud83e\udd75 Join me in my yoga journey and let's chat about our favorite positions! I'm here to help you reach your full potential when it comes to physical, mental and spiritual health. Let's get sweaty together! \ud83d\ude09 &quot;}\" data-sheets-userformat=\"{&quot;2&quot;:14656,&quot;9&quot;:0,&quot;11&quot;:4,&quot;14&quot;:{&quot;1&quot;:2,&quot;2&quot;:0},&quot;15&quot;:&quot;Verdana&quot;,&quot;16&quot;:11}\">Smuk, yndefuld og \u00e5h s\u00e5 sexet. \ud83e\udd75 Tag med mig p\u00e5 min yogarejse, og lad os tale om vores yndlingsstillinger! Jeg er her for at hj\u00e6lpe dig med at n\u00e5 dit fulde potentiale, n\u00e5r det g\u00e6lder fysisk, mental og \u00e5ndelig sundhed. Lad os f\u00e5 sved p\u00e5 panden sammen \ud83d\ude09.<\/span><\/li>\n<li><span data-sheets-value=\"{&quot;1&quot;:2,&quot;2&quot;:&quot;Why can't yoga be both spiritual and sexy? \ud83e\udd29 Get ready to strike a pose with me in my new OnlyFans content! I'm feeling so pretty, strong &amp; confident today. Let's talk about our favorite positions together &amp; explore our wildest fantasies. \u2764\ufe0f #yoga #spiritualsexy&quot;}\" data-sheets-userformat=\"{&quot;2&quot;:8961,&quot;3&quot;:{&quot;1&quot;:0},&quot;11&quot;:4,&quot;12&quot;:0,&quot;16&quot;:12}\">Hvorfor kan yoga ikke v\u00e6re b\u00e5de spirituelt og sexet? \ud83e\udd29 G\u00f8r dig klar til at tage en positur sammen med mig i mit nye OnlyFans-indhold! Jeg f\u00f8ler mig s\u00e5 smuk, st\u00e6rk og selvsikker i dag. Lad os tale om vores yndlingsstillinger sammen og udforske vores vildeste fantasier. \u2764\ufe0f #yoga #spiritualsexy<\/span><\/li>\n<\/ul>\n<p>S\u00e5 hvis du er en yoga-entusiast, der gerne vil engagere dine f\u00f8lgere og promovere dine tjenester p\u00e5 OnlyFans, s\u00e5 bestil vores yoga media caption pack i dag!<\/p>","protected":false},"excerpt":{"rendered":"<p>Er du en OnlyFans-model, der elsker yoga og gerne vil vise din fleksibilitet og styrke frem, mens du promoverer dine tjenester p\u00e5 de sociale medier? Vores yoga-medietekstpakke er her for at hj\u00e6lpe!<\/p>\n<p>Eksempler:<\/p>\n<ul>\n<li><span data-sheets-value=\"{&quot;1&quot;:2,&quot;2&quot;:&quot;Can you feel the heat? \ud83d\udd25 I love being in control of my own body and showing off all my favorite yoga poses. Come join me on OnlyFans to get an intimate look into my spiritual, sexy side! \ud83d\udc8b &quot;}\" data-sheets-userformat=\"{&quot;2&quot;:14656,&quot;9&quot;:0,&quot;11&quot;:4,&quot;14&quot;:{&quot;1&quot;:2,&quot;2&quot;:0},&quot;15&quot;:&quot;Verdana&quot;,&quot;16&quot;:11}\">Kan du m\u00e6rke varmen? \ud83d\udd25 Jeg elsker at have kontrol over min egen krop og vise alle mine yndlingsyogastillinger. Kom og v\u00e6r med p\u00e5 OnlyFans og f\u00e5 et intimt kig ind i min spirituelle, sexede side! \ud83d\udc8b <\/span><\/li>\n<li><span data-sheets-value=\"{&quot;1&quot;:2,&quot;2&quot;:&quot;Gorgeous, graceful and oh so sexy. \ud83e\udd75 Join me in my yoga journey and let's chat about our favorite positions! I'm here to help you reach your full potential when it comes to physical, mental and spiritual health. Let's get sweaty together! \ud83d\ude09 &quot;}\" data-sheets-userformat=\"{&quot;2&quot;:14656,&quot;9&quot;:0,&quot;11&quot;:4,&quot;14&quot;:{&quot;1&quot;:2,&quot;2&quot;:0},&quot;15&quot;:&quot;Verdana&quot;,&quot;16&quot;:11}\">Smuk, yndefuld og \u00e5h s\u00e5 sexet. \ud83e\udd75 Tag med mig p\u00e5 min yogarejse, og lad os tale om vores yndlingsstillinger! Jeg er her for at hj\u00e6lpe dig med at n\u00e5 dit fulde potentiale, n\u00e5r det g\u00e6lder fysisk, mental og \u00e5ndelig sundhed. Lad os f\u00e5 sved p\u00e5 panden sammen \ud83d\ude09.<\/span><\/li>\n<li><span data-sheets-value=\"{&quot;1&quot;:2,&quot;2&quot;:&quot;Why can't yoga be both spiritual and sexy? \ud83e\udd29 Get ready to strike a pose with me in my new OnlyFans content! I'm feeling so pretty, strong &amp; confident today. Let's talk about our favorite positions together &amp; explore our wildest fantasies. \u2764\ufe0f #yoga #spiritualsexy&quot;}\" data-sheets-userformat=\"{&quot;2&quot;:8961,&quot;3&quot;:{&quot;1&quot;:0},&quot;11&quot;:4,&quot;12&quot;:0,&quot;16&quot;:12}\">Hvorfor kan yoga ikke v\u00e6re b\u00e5de spirituelt og sexet? \ud83e\udd29 G\u00f8r dig klar til at tage en positur sammen med mig i mit nye OnlyFans-indhold! Jeg f\u00f8ler mig s\u00e5 smuk, st\u00e6rk og selvsikker i dag. Lad os tale om vores yndlingsstillinger sammen og udforske vores vildeste fantasier. \u2764\ufe0f #yoga #spiritualsexy<\/span><\/li>\n<\/ul>","protected":false},"featured_media":1232,"comment_status":"open","ping_status":"closed","template":"","meta":[],"product_brand":[],"product_cat":[22],"product_tag":[43],"class_list":{"0":"post-640","1":"product","2":"type-product","3":"status-publish","4":"has-post-thumbnail","6":"product_cat-captions","7":"product_tag-yoga","8":"infinite-scroll-item","9":"no-featured-image-padding","10":"sales-flash-overlay","11":"woocommerce-text-align-center","12":"woocommerce-image-align-center","13":"wc-has-gallery","15":"first","16":"instock","17":"downloadable","18":"virtual","19":"sold-individually","20":"purchasable","21":"product-type-simple"},"aioseo_notices":[],"_links":{"self":[{"href":"https:\/\/subtomy.com\/da\/wp-json\/wp\/v2\/product\/640","targetHints":{"allow":["GET"]}}],"collection":[{"href":"https:\/\/subtomy.com\/da\/wp-json\/wp\/v2\/product"}],"about":[{"href":"https:\/\/subtomy.com\/da\/wp-json\/wp\/v2\/types\/product"}],"replies":[{"embeddable":true,"href":"https:\/\/subtomy.com\/da\/wp-json\/wp\/v2\/comments?post=640"}],"wp:featuredmedia":[{"embeddable":true,"href":"https:\/\/subtomy.com\/da\/wp-json\/wp\/v2\/media\/1232"}],"wp:attachment":[{"href":"https:\/\/subtomy.com\/da\/wp-json\/wp\/v2\/media?parent=640"}],"wp:term":[{"taxonomy":"product_brand","embeddable":true,"href":"https:\/\/subtomy.com\/da\/wp-json\/wp\/v2\/product_brand?post=640"},{"taxonomy":"product_cat","embeddable":true,"href":"https:\/\/subtomy.com\/da\/wp-json\/wp\/v2\/product_cat?post=640"},{"taxonomy":"product_tag","embeddable":true,"href":"https:\/\/subtomy.com\/da\/wp-json\/wp\/v2\/product_tag?post=640"}],"curies":[{"name":"wp","href":"https:\/\/api.w.org\/{rel}","templated":true}]}}