{"id":1136,"date":"2023-05-11T20:21:26","date_gmt":"2023-05-12T01:21:26","guid":{"rendered":"https:\/\/subtomy.com\/?post_type=product&#038;p=1136"},"modified":"2024-03-02T21:54:02","modified_gmt":"2024-03-03T02:54:02","slug":"beta-humiliation-scripts","status":"publish","type":"product","link":"https:\/\/subtomy.com\/de\/produkt\/beta-humilierungsskripte\/","title":{"rendered":"5 Beta Pay Pig Dem\u00fctigung Findom\/Financial Domination Scripts Pack"},"content":{"rendered":"<p>Holen Sie sich Skripte f\u00fcr die folgenden Beta-M\u00e4nnchen-Dem\u00fctigungsszenarien:<\/p>\n<ul>\n<li><strong>Betam\u00e4nnchen f\u00fcr ihre Unzul\u00e4nglichkeit bezahlen lassen<\/strong> - Verlangen Sie vom Beta-M\u00e4nnchen eine Geb\u00fchr, weil es nicht in der Lage ist, seine finanziellen Forderungen zu erf\u00fcllen. Stellen Sie einen Zahlungsplan auf und verlangen Sie regelm\u00e4\u00dfige Zahlungen vom Beta-M\u00e4nnchen, indem Sie es an seine Unzul\u00e4nglichkeit und Unf\u00e4higkeit erinnern, seinen Vorgesetzten zufrieden zu stellen.<\/li>\n<li><strong>Dem\u00fctigung eines Betam\u00e4nnchens wegen seines mangelnden finanziellen Erfolgs<\/strong> - Verspotten und Verunglimpfen des Betam\u00e4nnchens, weil es nicht in der Lage ist, genug Geld aufzubringen, um die Bed\u00fcrfnisse und W\u00fcnsche des Dominanten zu befriedigen. Drohen Sie damit, die finanzielle Situation des Betas vor anderen zu enth\u00fcllen, um die Dem\u00fctigung zu verst\u00e4rken.<\/li>\n<li><strong>Einem Betam\u00e4nnchen seine Minderwertigkeit vorhalten<\/strong> - Bringen Sie den Beta-Mann dazu, erniedrigende Kleidung zu tragen oder erniedrigende Aufgaben zu erf\u00fcllen. Der Beta muss billige oder unattraktive Kleidung tragen, w\u00e4hrend der Dominante mit seinem Reichtum und seinen Luxusartikeln prahlt.<\/li>\n<li><strong>\u00d6ffentliche Dem\u00fctigung eines Betam\u00e4nnchens<\/strong> - Den Beta zu dem\u00fctigenden Handlungen in der \u00d6ffentlichkeit zwingen, z. B. das Tragen eines Schildes, das seine Unterlegenheit verk\u00fcndet, oder ihn auf der Stra\u00dfe um Geld betteln lassen. Die Dem\u00fctigung k\u00f6nnte durch die Anwesenheit anderer Menschen verst\u00e4rkt werden, die die Unzul\u00e4nglichkeit des Betas miterleben k\u00f6nnten.<\/li>\n<li><strong>Finanzielle Beherrschung des Bankkontos eines Betam\u00e4nnchens\u00a0<\/strong>- Sie wissen, was hier passiert!<\/li>\n<\/ul>\n<p><em>Du beobachtest, wie das Betam\u00e4nnchen vor dir kniet. Sein Kopf h\u00e4ngt tief, sein Gesicht ist eine Maske aus Scham und Dem\u00fctigung. Er ist hier, weil er deine finanziellen oder sonstigen Erwartungen nicht erf\u00fcllt hat und nun die Konsequenzen tragen muss. Du genie\u00dft diesen Moment und erfreust dich an seiner Knechtschaft.<\/em><\/p>\n<p><em>\"Du kannst nicht mithalten\", sagst du ihm mit Verachtung, \"also musst du jetzt bezahlen.\" Der Betamann bewegt sich unbehaglich, antwortet dir aber nicht; er wei\u00df, dass er sich nicht gegen deine \u00dcberlegenheit wehren kann. Dein Blick verweilt auf ihm, als w\u00fcrdest du ihn auffordern, etwas dagegen zu tun, irgendetwas. Aber es kommt nichts von ihm, au\u00dfer dass er akzeptiert, was zwischen euch vor sich geht, ein Verst\u00e4ndnis daf\u00fcr, dass heute Geld gegen Dem\u00fctigung und Erniedrigung getauscht wird.<\/em><\/p>\n<p><em>Er \u00f6ffnet sein Portemonnaie und \u00fcbergibt Ihnen Bargeld - weit weniger als das, was Ihre Findeldienste verlangt haben, aber mehr als genug, wenn man bedenkt, wie wertlos er im Vergleich zu Ihnen ist -, was ein zufriedenes Grinsen auf Ihre Lippen zaubert. Diese Zeit hat sich bisher gelohnt, aber der Spa\u00df geht weiter!<\/em><\/p>\n<p><em>Du zeigst gebieterisch auf den Boden, auf dem die M\u00fcnzen vorhin bei einer deiner Demonstrationen der \u00dcberlegenheit verstreut wurden, und verlangst, dass jede M\u00fcnze einzeln aufgesammelt wird, bis sie alle wieder aus dem Blickfeld verschwunden sind. Auch dieser Aufforderung kommt der Betamann gehorsam nach, wobei er bei jeder einzelnen Bewegung leise zusammenzuckt, obwohl er genau wei\u00df, dass Ungehorsam sp\u00e4ter zu noch h\u00e4rteren Strafen f\u00fchren w\u00fcrde.<\/em><\/p>\n<p><em>Wenn aber endlich alle M\u00fcnzen eingesammelt sind, richtet sich ihre Aufmerksamkeit nicht mehr auf sie, sondern auf dich - und sie warten sehns\u00fcchtig auf eine andere Richtung oder einen anderen Befehl, der als n\u00e4chstes gegeben wird...<\/em><\/p>","protected":false},"excerpt":{"rendered":"<p>Erhalten Sie sofortigen Zugang zu 5 Skripten f\u00fcr die Erniedrigung von Betam\u00e4nnchen! 1.344 W\u00f6rter aus Gold, die sowohl f\u00fcr aufgezeichnete Videos als auch f\u00fcr virtuelle Treffen unter vier Augen zugeschnitten werden k\u00f6nnen.<\/p>\n<p>Worauf warten Sie noch? Verbessern Sie jetzt Ihr Dominanzspiel.<\/p>","protected":false},"featured_media":2257,"comment_status":"closed","ping_status":"closed","template":"","meta":[],"product_brand":[],"product_cat":[47],"product_tag":[28],"class_list":{"0":"post-1136","1":"product","2":"type-product","3":"status-publish","4":"has-post-thumbnail","6":"product_cat-scripts","7":"product_tag-findom","8":"infinite-scroll-item","9":"no-featured-image-padding","10":"sales-flash-overlay","11":"woocommerce-text-align-center","12":"woocommerce-image-align-center","13":"wc-has-gallery","15":"first","16":"instock","17":"downloadable","18":"virtual","19":"sold-individually","20":"purchasable","21":"product-type-simple"},"aioseo_notices":[],"_links":{"self":[{"href":"https:\/\/subtomy.com\/de\/wp-json\/wp\/v2\/product\/1136","targetHints":{"allow":["GET"]}}],"collection":[{"href":"https:\/\/subtomy.com\/de\/wp-json\/wp\/v2\/product"}],"about":[{"href":"https:\/\/subtomy.com\/de\/wp-json\/wp\/v2\/types\/product"}],"replies":[{"embeddable":true,"href":"https:\/\/subtomy.com\/de\/wp-json\/wp\/v2\/comments?post=1136"}],"wp:featuredmedia":[{"embeddable":true,"href":"https:\/\/subtomy.com\/de\/wp-json\/wp\/v2\/media\/2257"}],"wp:attachment":[{"href":"https:\/\/subtomy.com\/de\/wp-json\/wp\/v2\/media?parent=1136"}],"wp:term":[{"taxonomy":"product_brand","embeddable":true,"href":"https:\/\/subtomy.com\/de\/wp-json\/wp\/v2\/product_brand?post=1136"},{"taxonomy":"product_cat","embeddable":true,"href":"https:\/\/subtomy.com\/de\/wp-json\/wp\/v2\/product_cat?post=1136"},{"taxonomy":"product_tag","embeddable":true,"href":"https:\/\/subtomy.com\/de\/wp-json\/wp\/v2\/product_tag?post=1136"}],"curies":[{"name":"wp","href":"https:\/\/api.w.org\/{rel}","templated":true}]}}