{"id":1549,"date":"2023-05-24T19:35:24","date_gmt":"2023-05-25T00:35:24","guid":{"rendered":"https:\/\/subtomy.com\/?post_type=product&#038;p=1549"},"modified":"2023-05-24T19:35:58","modified_gmt":"2023-05-25T00:35:58","slug":"small-boobs-question-pack","status":"publish","type":"product","link":"https:\/\/subtomy.com\/de\/produkt\/kleine-bruste-frage-pack\/","title":{"rendered":"Small Boobs 100-Question Pack f\u00fcr OnlyFans, Reddit, Twitter, etc."},"content":{"rendered":"<h3 style=\"text-align: center;\">Wir stellen das 100-Fragen-Paket \u00fcber kleine Br\u00fcste vor: Umarmen Sie die Sch\u00f6nheit und Sinnlichkeit von kleinen Br\u00fcsten<\/h3>\n<p>Zelebrieren Sie den Reiz kleiner Br\u00fcste wie nie zuvor mit dem Small Boobs 100-Question Pack. Diese umfassende Sammlung von Fragen, die zum Nachdenken anregen, wurde f\u00fcr Plattformen wie OnlyFans, Reddit, Twitter und andere entwickelt und gibt kleinbr\u00fcstigen Menschen die M\u00f6glichkeit, die Tiefen ihrer Sinnlichkeit zu erforschen, neue M\u00f6glichkeiten zu entdecken und ihre einzigartige Sch\u00f6nheit zu genie\u00dfen. Egal, ob Sie die Dinge aufpeppen wollen oder einfach nur nach Inspiration suchen, dieses Paket ist Ihr ultimativer Leitfaden, um die Anziehungskraft Ihrer kleinen Br\u00fcste zu verst\u00e4rken.<\/p>\n<ol>\n<li><strong>Akzeptieren Sie Ihre Einzigartigkeit<\/strong>: Entdecken Sie die Sch\u00f6nheit Ihrer zierlichen Br\u00fcste, indem Sie 100 sorgf\u00e4ltig zusammengestellte Fragen beantworten, die ihren Charme und ihre Sinnlichkeit feiern. Erforschen Sie die Nuancen Ihrer kleinen Br\u00fcste, umarmen Sie ihre Form und gewinnen Sie eine neue Wertsch\u00e4tzung f\u00fcr ihren besonderen Reiz.<\/li>\n<li><strong>Das Vertrauen st\u00e4rken<\/strong>: Steigern Sie Ihr Selbstvertrauen und Ihre Selbstsicherheit, indem Sie sich auf die Diskussion \u00fcber Ihren K\u00f6rper einlassen. Entdecken Sie das grenzenlose Potenzial f\u00fcr Sinnlichkeit und Sch\u00f6nheit, das in Ihren kleinen Br\u00fcsten steckt, und erlauben Sie sich, Selbstvertrauen und Anziehungskraft auszustrahlen.<\/li>\n<li><strong>Entfesseln Sie Ihre Sexualit\u00e4t<\/strong>: Entdecken Sie viele M\u00f6glichkeiten, Ihre Sexualit\u00e4t und Sinnlichkeit auszudr\u00fccken, wobei Ihre kleinen Br\u00fcste im Mittelpunkt stehen. Von der Wahl verf\u00fchrerischer Dessous bis hin zu kreativen Posen und der Stimulation der Brustwarzen - das Small Boobs 100-Question Pack wird Ihre Fantasie befl\u00fcgeln und Sie bef\u00e4higen, neue Wege der Lust und Verf\u00fchrung zu erkunden.<\/li>\n<li><strong>Die \u00c4sthetik kleiner Br\u00fcste zelebrieren<\/strong>: Akzeptieren Sie die Einzigartigkeit Ihrer kleinen Br\u00fcste und die k\u00fcnstlerischen M\u00f6glichkeiten, die sie bieten. Tauchen Sie ein in Diskussionen \u00fcber Fotografie, K\u00f6rperkunst und Mode, die Ihre kleinen Br\u00fcste hervorheben und betonen, so dass Sie Ihre Individualit\u00e4t zum Ausdruck bringen und Ihr Publikum fesseln k\u00f6nnen.<\/li>\n<li><strong>Verbindung mit Gleichgesinnten<\/strong>: Treten Sie einer unterst\u00fctzenden und lebendigen Gemeinschaft von Liebhabern kleiner Br\u00fcste bei. Tauschen Sie Erfahrungen, Geschichten und Tipps mit Gleichgesinnten aus, die die Sch\u00f6nheit kleiner Br\u00fcste feiern und annehmen. Finden Sie Inspiration, Ermutigung und ein starkes Netzwerk von Liebhabern kleiner Br\u00fcste.<\/li>\n<li><strong>Personalisieren Sie Ihre Reise<\/strong>: Passen Sie das 100-Fragen-Paket zu kleinen Br\u00fcsten an Ihre W\u00fcnsche und Ziele an. Ganz gleich, ob Sie Ihren sinnlichen Selbstausdruck erforschen, die Intimit\u00e4t mit Ihrem Partner verbessern oder Ihr Selbstvertrauen als kleinbr\u00fcstige Person st\u00e4rken m\u00f6chten, diese Fragen bieten eine Plattform f\u00fcr Selbstentdeckung und pers\u00f6nliches Wachstum.<\/li>\n<li><strong>Gespr\u00e4che anregen<\/strong>: Nutzen Sie das Small Boobs 100-Question Pack, um anregende Diskussionen zu entfachen und ein begeistertes Publikum auf Ihren bevorzugten Plattformen zu gewinnen. F\u00f6rdern Sie den Dialog, teilen Sie Erfahrungen und zeigen Sie Ihre einzigartige Perspektive auf die Sinnlichkeit und Sch\u00f6nheit kleiner Br\u00fcste. Werden Sie zu einer Stimme in der Gemeinschaft der kleinen Br\u00fcste und ermutigen Sie andere dazu, ihre eigene Sch\u00f6nheit zu akzeptieren.<\/li>\n<\/ol>\n<p>Zelebrieren Sie die Eleganz und den Reiz kleiner Br\u00fcste mit dem Small Boobs 100-Question Pack. Entfesseln Sie Ihre Sinnlichkeit, entdecken Sie neue Wege, Ihre einzigartige Sch\u00f6nheit zu umarmen, und schlie\u00dfen Sie sich einer Gemeinschaft an, die den Charme kleiner Br\u00fcste zu sch\u00e4tzen wei\u00df. Umarmen Sie Ihre kleinen Br\u00fcste mit Selbstvertrauen, und lassen Sie Ihre Reise der Selbstliebe und des Selbstausdrucks beginnen.<\/p>\n<p>Bitte beachten Sie, dass das Small Boobs 100-Question Pack f\u00fcr ein erwachsenes Publikum gedacht ist und verantwortungsbewusst verwendet werden sollte, indem man Zustimmung, K\u00f6rperfreundlichkeit und offene Kommunikation respektiert.<\/p>","protected":false},"excerpt":{"rendered":"<p><strong>Wir stellen das 100-Fragen-Paket \u00fcber kleine Br\u00fcste vor: Umarmen Sie die Sch\u00f6nheit und Sinnlichkeit von kleinen Br\u00fcsten<\/strong><\/p>\n<p>Beispiele hierf\u00fcr sind:<\/p>\n<ul>\n<li><em>Was kann ich mit meinen \ud83e\udd0e kleinen Br\u00fcsten noch machen, au\u00dfer einfach nur s\u00fc\u00df auszusehen? Irgendwelche Ideen, um die Sache aufzupeppen? #SmallBoobLover \ud83d\udd25<\/em><\/li>\n<li><em>Wer ist bereit, \ud83d\udd25 ihre Nacht zu erh\u00f6hen? \ud83d\udc59Sehnst du dich nach einem kleinen Extra von einer kleinbr\u00fcstigen G\u00f6ttin wie mir?\ud83d\udc83 Lass es uns m\u00f6glich machen! \ud83d\ude09\u00a0<\/em><\/li>\n<li><em>Was \ud83d\udc59 denkst du, macht meine \ud83c\udf52 kleine Brust noch sexier? \ud83e\udd14\ud83d\ude09 <\/em><\/li>\n<\/ul>","protected":false},"featured_media":1550,"comment_status":"closed","ping_status":"closed","template":"","meta":[],"product_brand":[],"product_cat":[35],"product_tag":[36],"class_list":{"0":"post-1549","1":"product","2":"type-product","3":"status-publish","4":"has-post-thumbnail","6":"product_cat-question-packs","7":"product_tag-small-boobs","8":"infinite-scroll-item","9":"no-featured-image-padding","10":"sales-flash-overlay","11":"woocommerce-text-align-center","12":"woocommerce-image-align-center","14":"first","15":"instock","16":"downloadable","17":"virtual","18":"sold-individually","19":"purchasable","20":"product-type-simple"},"aioseo_notices":[],"_links":{"self":[{"href":"https:\/\/subtomy.com\/de\/wp-json\/wp\/v2\/product\/1549","targetHints":{"allow":["GET"]}}],"collection":[{"href":"https:\/\/subtomy.com\/de\/wp-json\/wp\/v2\/product"}],"about":[{"href":"https:\/\/subtomy.com\/de\/wp-json\/wp\/v2\/types\/product"}],"replies":[{"embeddable":true,"href":"https:\/\/subtomy.com\/de\/wp-json\/wp\/v2\/comments?post=1549"}],"wp:featuredmedia":[{"embeddable":true,"href":"https:\/\/subtomy.com\/de\/wp-json\/wp\/v2\/media\/1550"}],"wp:attachment":[{"href":"https:\/\/subtomy.com\/de\/wp-json\/wp\/v2\/media?parent=1549"}],"wp:term":[{"taxonomy":"product_brand","embeddable":true,"href":"https:\/\/subtomy.com\/de\/wp-json\/wp\/v2\/product_brand?post=1549"},{"taxonomy":"product_cat","embeddable":true,"href":"https:\/\/subtomy.com\/de\/wp-json\/wp\/v2\/product_cat?post=1549"},{"taxonomy":"product_tag","embeddable":true,"href":"https:\/\/subtomy.com\/de\/wp-json\/wp\/v2\/product_tag?post=1549"}],"curies":[{"name":"wp","href":"https:\/\/api.w.org\/{rel}","templated":true}]}}