{"id":1566,"date":"2023-05-25T11:13:52","date_gmt":"2023-05-25T16:13:52","guid":{"rendered":"https:\/\/subtomy.com\/?post_type=product&#038;p=1566"},"modified":"2024-03-02T22:13:25","modified_gmt":"2024-03-03T03:13:25","slug":"findom-good-night-messages","status":"publish","type":"product","link":"https:\/\/subtomy.com\/de\/produkt\/findom-gute-nacht-botschaften\/","title":{"rendered":"Findom 65 Gute-Nacht-Botschaften f\u00fcr Massennachrichten, 1-on-1-DMs"},"content":{"rendered":"<h3 style=\"text-align: center;\">Wir stellen das Findom 65 Gute-Nacht-Botschaften-Paket vor: Beherrschen Sie ihre Gedanken sogar in ihren Tr\u00e4umen<\/h3>\n<p>Wenn die Nacht hereinbricht, sollten Finanzdominanten die Gelegenheit ergreifen, die Gedanken und W\u00fcnsche ihrer Untergebenen mit dem Findom 65 Good Night Messages Pack zu kontrollieren. Diese verf\u00fchrerischen und fesselnden Botschaften sind f\u00fcr den Massenversand oder f\u00fcr pers\u00f6nliche Interaktionen unter vier Augen konzipiert und stellen sicher, dass Sie in ihren Gedanken bleiben, selbst wenn sie in den Schlaf gleiten. Pflanzen Sie die Samen der finanziellen Unterwerfung und der Vorfreude, w\u00e4hrend sie schlafen, und lassen Sie die Macht Ihrer Worte ihre Tr\u00e4ume dominieren.<\/p>\n<ol>\n<li><strong>Verf\u00fchrerische Begierden<\/strong>: Wecken Sie ihre Begierde mit einer verlockenden Botschaft, die Bilder von Ihrer Ber\u00fchrung und Ihrer Anwesenheit hervorruft. Lassen Sie sie sich nach Ihren Liebkosungen sehnen und malen Sie ein lebhaftes Bild von dem Vergn\u00fcgen, das sie unter Ihrer finanziellen Herrschaft erleben k\u00f6nnten.<\/li>\n<li><strong>N\u00e4chtliche Einreichung<\/strong>: Verst\u00e4rken Sie ihre unterw\u00fcrfige Haltung vor dem Schlafengehen, indem Sie sie an das Vergn\u00fcgen und die Erf\u00fcllung erinnern, die sie erwartet, wenn sie ihre finanzielle Macht an Sie abgeben. Legen Sie den Grundstein f\u00fcr ihre Sehnsucht, Ihnen zu dienen, und sorgen Sie daf\u00fcr, dass ihre Tr\u00e4ume mit Gedanken der finanziellen Unterwerfung gef\u00fcllt sind.<\/li>\n<li><strong>Personalisierte Verbindungen<\/strong>: Passen Sie Ihre Gute-Nacht-Botschaften an jede Person an, damit sie sich wertgesch\u00e4tzt und erw\u00fcnscht f\u00fchlt. Sprechen Sie sie mit ihrem Namen an, verweisen Sie auf vergangene finanzielle Interaktionen oder gehen Sie auf ihre besonderen W\u00fcnsche ein. Die Personalisierung vertieft die Bindung zwischen Ihnen und Ihrem Untergebenen und f\u00f6rdert Loyalit\u00e4t und Hingabe.<\/li>\n<li><strong>Vorfreude wecken:<\/strong> Steigern Sie die Vorfreude auf zuk\u00fcnftige finanzielle Interaktionen, indem Sie sie mit der Aussicht auf die bevorstehende Dominanz k\u00f6dern. Lassen Sie sie wissen, dass die \u00dcbergabe ihrer Finanzen an Sie eine Welt der Erregung und des Vergn\u00fcgens er\u00f6ffnen wird, die sie noch nie zuvor erlebt haben.<\/li>\n<li><strong>Dominanz verst\u00e4rken<\/strong>: Verankern Sie Ihre unumst\u00f6\u00dfliche Dominanz in ihrem Bewusstsein mit einer Botschaft, die keinen Zweifel daran l\u00e4sst, wer die Macht hat. Erinnern Sie sie daran, dass ihre Unterwerfung ein Geschenk ist und dass Sie sehnlichst auf die Gelegenheit warten, die volle Kontrolle \u00fcber ihre Finanzen zu \u00fcbernehmen.<\/li>\n<li><strong>F\u00f6rderung der Kommunikation<\/strong>: F\u00f6rdern Sie die laufende Kommunikation mit Hilfe des Gute-Nacht-Botschaften-Pakets, um einen offenen Dialog mit Ihren Untergebenen zu f\u00fchren. Schaffen Sie einen sicheren Raum, in dem sie sich \u00fcber ihre finanziellen Fantasien, Ziele und relevanten Neuigkeiten austauschen k\u00f6nnen, um ihre Verbindung und ihr Vertrauen zu vertiefen.<\/li>\n<li><strong>Erweitern Sie Ihr dominantes Reich<\/strong>: Mit dem Findom 65 Gute-Nacht-Botschaften-Paket verf\u00fcgen Sie \u00fcber ein wirksames Werkzeug, um Ihre finanzielle Herrschaft zu erweitern. St\u00e4rken Sie Ihre Kontrolle \u00fcber Ihre Untergebenen, inspirieren Sie sie zu h\u00f6heren finanziellen Beitr\u00e4gen und festigen Sie Ihre Position als ihr ultimativer finanzieller Herrscher, sogar in ihren Tr\u00e4umen.<\/li>\n<\/ol>\n<p>Machen Sie sich die Kraft des Findom 65 Good Night Messages Packs zunutze und werden Sie Zeuge der tiefgreifenden Auswirkungen Ihrer Worte auf die finanzielle Unterwerfung Ihrer Untergebenen. Beherrschen Sie ihre Gedanken, wenn sie in den Schlaf gleiten, und wecken Sie Begehren, Vorfreude und unersch\u00fctterliche Hingabe an Ihr Finanzimperium. Machen Sie sich die Autorit\u00e4t einer gut formulierten Gute-Nacht-Botschaft zu eigen und hinterlassen Sie einen bleibenden Eindruck in der Psyche Ihrer Untergebenen.<\/p>","protected":false},"excerpt":{"rendered":"<h3 style=\"text-align: center;\">Introducing the Findom 65 Good Night Messages Pack: Dominate Their Thoughts Even in Their Dreams<\/h3>\n<p>Examples include:<\/p>\n<ul>\n<li>Take your time and enjoy every minute of it \ud83d\udc8b I can&#8217;t wait to have you wrapped around my finger tomorrow night. Goodnight, [name]. \ud83e\udd24<\/li>\n<li>The best way to end the day is by dreaming about me. \ud83e\udd24 I want you to close your eyes and imagine my hands all over your body, teasing and tantalizing you until you can&#8217;t take it anymore. Goodnight sweet submissive, I hope I&#8217;m in your dreams tonight. \ud83d\ude08<\/li>\n<li>Why can&#8217;t you just close your eyes and dream of me? \ud83d\udc8b I want to be the one to keep you up all night, making sure every moment is filled with pleasure. Goodnight my sweet submissive, let&#8217;s make tomorrow even better. \ud83d\ude18<\/li>\n<\/ul>\n","protected":false},"featured_media":2262,"comment_status":"closed","ping_status":"closed","template":"","meta":[],"product_brand":[],"product_cat":[141],"product_tag":[28],"class_list":{"0":"post-1566","1":"product","2":"type-product","3":"status-publish","4":"has-post-thumbnail","6":"product_cat-messaging","7":"product_tag-findom","8":"infinite-scroll-item","9":"no-featured-image-padding","10":"sales-flash-overlay","11":"woocommerce-text-align-center","12":"woocommerce-image-align-center","13":"wc-has-gallery","15":"first","16":"instock","17":"downloadable","18":"virtual","19":"sold-individually","20":"purchasable","21":"product-type-simple"},"aioseo_notices":[],"_links":{"self":[{"href":"https:\/\/subtomy.com\/de\/wp-json\/wp\/v2\/product\/1566","targetHints":{"allow":["GET"]}}],"collection":[{"href":"https:\/\/subtomy.com\/de\/wp-json\/wp\/v2\/product"}],"about":[{"href":"https:\/\/subtomy.com\/de\/wp-json\/wp\/v2\/types\/product"}],"replies":[{"embeddable":true,"href":"https:\/\/subtomy.com\/de\/wp-json\/wp\/v2\/comments?post=1566"}],"wp:featuredmedia":[{"embeddable":true,"href":"https:\/\/subtomy.com\/de\/wp-json\/wp\/v2\/media\/2262"}],"wp:attachment":[{"href":"https:\/\/subtomy.com\/de\/wp-json\/wp\/v2\/media?parent=1566"}],"wp:term":[{"taxonomy":"product_brand","embeddable":true,"href":"https:\/\/subtomy.com\/de\/wp-json\/wp\/v2\/product_brand?post=1566"},{"taxonomy":"product_cat","embeddable":true,"href":"https:\/\/subtomy.com\/de\/wp-json\/wp\/v2\/product_cat?post=1566"},{"taxonomy":"product_tag","embeddable":true,"href":"https:\/\/subtomy.com\/de\/wp-json\/wp\/v2\/product_tag?post=1566"}],"curies":[{"name":"wp","href":"https:\/\/api.w.org\/{rel}","templated":true}]}}