{"id":604,"date":"2023-04-14T18:59:44","date_gmt":"2023-04-14T23:59:44","guid":{"rendered":"https:\/\/shop.cammodelagency.com\/?post_type=product&#038;p=604"},"modified":"2024-03-21T14:20:51","modified_gmt":"2024-03-21T19:20:51","slug":"foot-fetish-captions","status":"publish","type":"product","link":"https:\/\/subtomy.com\/de\/produkt\/fusfetisch-beschriftungen\/","title":{"rendered":"100+ Fu\u00dffetisch-Beschriftungen f\u00fcr soziale Medien, Reddit, OnlyFans, etc."},"content":{"rendered":"<p>Wenn du ein Erotikmodel bist, das Fu\u00df-Inhalte verkauft, wei\u00dft du, dass Bildunterschriften der Schl\u00fcssel sind, um die Aufmerksamkeit von Fu\u00dffetisch-Enthusiasten zu erregen. Deshalb haben wir das ultimative Fu\u00dffetisch-Social-Media-Beschriftungspaket f\u00fcr erwachsene Models wie Sie erstellt!<\/p>\n<p>Unser Paket enth\u00e4lt 100 einzigartige Bildunterschriften, die speziell f\u00fcr Fu\u00dfinhalte entwickelt wurden, damit Sie Ihre sch\u00f6nen F\u00fc\u00dfe pr\u00e4sentieren k\u00f6nnen und Ihre Follower immer wieder zur\u00fcckkommen. Ganz gleich, ob Sie Ihre neueste Pedik\u00fcre zeigen, eine Fu\u00dfmassage geben oder Ihr Lieblingspaar Abs\u00e4tze teilen, unsere Bildunterschriften helfen Ihnen, ein Statement abzugeben.<\/p>\n<p>Unsere Bildunterschriften decken eine Reihe von Themen ab, von kokett bis dominant und alles dazwischen. Ganz gleich, ob Sie Ihre Follower mit einer aufreizenden Beschreibung necken oder ihnen einen Befehl geben m\u00f6chten, dem sie nicht widerstehen k\u00f6nnen - wir haben alles, was Sie brauchen. Und mit unserem benutzerfreundlichen Format k\u00f6nnen Sie die von Ihnen gew\u00e4hlte Beschriftung schnell und einfach kopieren und in Ihre Beitr\u00e4ge in sozialen Medien einf\u00fcgen, was Ihnen Zeit und M\u00fche spart.<\/p>\n<p>Wenn Sie also bereit sind, Ihren Fu\u00df-Content auf die n\u00e4chste Stufe zu heben und eine treue Fangemeinde von Fu\u00dffetisch-Enthusiasten zu gewinnen, bestellen Sie noch heute unser Fu\u00dffetisch-Social-Media-Titelpaket!<\/p>","protected":false},"excerpt":{"rendered":"<p><strong>Lebenslange Updates!<\/strong><\/p>\n<p>Wenn Sie ein erwachsenes Model sind, das Inhalte \u00fcber F\u00fc\u00dfe verkauft und Ihr Fu\u00dffetisch-Publikum ansprechen m\u00f6chte, ist unser Fu\u00dffetisch-Social-Media-Titelpaket genau das Richtige f\u00fcr Sie!<\/p>\n<p><strong>Beispielhafte Beschriftungen:<\/strong><\/p>\n<ul>\n<li><span data-sheets-value=\"{&quot;1&quot;:2,&quot;2&quot;:&quot;As good as my feet look in heels, they feel even better out of them \ud83d\ude09 &quot;}\" data-sheets-userformat=\"{&quot;2&quot;:8192,&quot;16&quot;:12}\">So gut wie meine F\u00fc\u00dfe in Abs\u00e4tzen aussehen, so gut f\u00fchlen sie sich auch au\u00dferhalb davon \ud83d\ude09 . <\/span><\/li>\n<li><span data-sheets-value=\"{&quot;1&quot;:2,&quot;2&quot;:&quot;Flawless feet that will make you go \ud83e\udd24\ud83d\udca6\ud83d\ude0d Time to come and worship at my altar! #FeetLoversWelcome&quot;}\" data-sheets-userformat=\"{&quot;2&quot;:8961,&quot;3&quot;:{&quot;1&quot;:0},&quot;11&quot;:4,&quot;12&quot;:0,&quot;16&quot;:12}\">Makellose F\u00fc\u00dfe, die dich dazu bringen, \ud83e\udd24\ud83d\udca6\ud83d\ude0d Zeit zu kommen und an meinem Altar anzubeten! #FeetLoversWelcome<\/span><\/li>\n<li><span data-sheets-value=\"{&quot;1&quot;:2,&quot;2&quot;:&quot;Only my feet can make you feel this way \ud83d\udc8b Come explore the pleasure and let me show you just how good it can be. \ud83e\udd24 #FeetLover&quot;}\" data-sheets-userformat=\"{&quot;2&quot;:8961,&quot;3&quot;:{&quot;1&quot;:0},&quot;11&quot;:4,&quot;12&quot;:0,&quot;16&quot;:12}\">Nur meine F\u00fc\u00dfe k\u00f6nnen dir dieses Gef\u00fchl geben \ud83d\udc8b Komm und entdecke das Vergn\u00fcgen, und lass mich dir zeigen, wie gut es sein kann. \ud83e\udd24 #FeetLover<\/span><\/li>\n<\/ul>\n<p>Alle Beschriftungen mit Hashtags haben eine alternative Version ohne Hashtags zum einfachen Kopieren und Einf\u00fcgen.<\/p>","protected":false},"featured_media":2288,"comment_status":"open","ping_status":"closed","template":"","meta":[],"product_brand":[],"product_cat":[22],"product_tag":[30],"class_list":{"0":"post-604","1":"product","2":"type-product","3":"status-publish","4":"has-post-thumbnail","6":"product_cat-captions","7":"product_tag-foot-fetish","8":"infinite-scroll-item","9":"no-featured-image-padding","10":"sales-flash-overlay","11":"woocommerce-text-align-center","12":"woocommerce-image-align-center","13":"wc-has-gallery","15":"first","16":"instock","17":"downloadable","18":"virtual","19":"sold-individually","20":"purchasable","21":"product-type-simple"},"aioseo_notices":[],"_links":{"self":[{"href":"https:\/\/subtomy.com\/de\/wp-json\/wp\/v2\/product\/604","targetHints":{"allow":["GET"]}}],"collection":[{"href":"https:\/\/subtomy.com\/de\/wp-json\/wp\/v2\/product"}],"about":[{"href":"https:\/\/subtomy.com\/de\/wp-json\/wp\/v2\/types\/product"}],"replies":[{"embeddable":true,"href":"https:\/\/subtomy.com\/de\/wp-json\/wp\/v2\/comments?post=604"}],"wp:featuredmedia":[{"embeddable":true,"href":"https:\/\/subtomy.com\/de\/wp-json\/wp\/v2\/media\/2288"}],"wp:attachment":[{"href":"https:\/\/subtomy.com\/de\/wp-json\/wp\/v2\/media?parent=604"}],"wp:term":[{"taxonomy":"product_brand","embeddable":true,"href":"https:\/\/subtomy.com\/de\/wp-json\/wp\/v2\/product_brand?post=604"},{"taxonomy":"product_cat","embeddable":true,"href":"https:\/\/subtomy.com\/de\/wp-json\/wp\/v2\/product_cat?post=604"},{"taxonomy":"product_tag","embeddable":true,"href":"https:\/\/subtomy.com\/de\/wp-json\/wp\/v2\/product_tag?post=604"}],"curies":[{"name":"wp","href":"https:\/\/api.w.org\/{rel}","templated":true}]}}