{"id":608,"date":"2023-04-14T19:14:00","date_gmt":"2023-04-15T00:14:00","guid":{"rendered":"https:\/\/shop.cammodelagency.com\/?post_type=product&#038;p=608"},"modified":"2024-03-02T21:46:54","modified_gmt":"2024-03-03T02:46:54","slug":"findom-caption-pack","status":"publish","type":"product","link":"https:\/\/subtomy.com\/de\/produkt\/findom-untertitel-paket\/","title":{"rendered":"100+ FinDom\/Financial Domination Caption Pack f\u00fcr Social Media, Reddit, Onlyfans, etc."},"content":{"rendered":"<p>Wenn Sie ein erwachsenes Model sind, das finanzielle Herrschaftsdienste anbietet und Ihre Zahlschweine und Geldsklaven engagieren m\u00f6chte, dann ist unser Social Media Caption Pack genau das Richtige f\u00fcr Sie!<\/p>\n<p>Unser Paket enth\u00e4lt 100 einzigartige Bildunterschriften, die Ihnen dabei helfen, Ihre Dominanz zu behaupten, Ihren Followern das Gef\u00fchl zu geben, unterw\u00fcrfig zu sein, und letztendlich Ihre Einnahmen zu steigern. Ganz gleich, ob Sie Ihre Designerkleidung zur Schau stellen, Ihren luxuri\u00f6sen Lebensstil zur Schau stellen oder Ihre Follower einfach nur daran erinnern wollen, wer das Sagen hat - unsere Bildunterschriften helfen Ihnen, ein Zeichen zu setzen.<\/p>\n<p>Unsere Bildunterschriften decken eine Reihe von Themen ab, von Sticheleien bis hin zu Spott und allem, was dazwischen liegt. Ganz gleich, ob Sie Ihre Follower dazu inspirieren m\u00f6chten, Ihnen Tribut zu zollen, ob Sie Ihren Top-Paypigs exklusive Inhalte anbieten oder jeden daran erinnern m\u00f6chten, dass er seinen Platz in Ihrer Welt hat - wir haben das Richtige f\u00fcr Sie. Und dank unseres benutzerfreundlichen Formats k\u00f6nnen Sie die von Ihnen gew\u00e4hlte Bildunterschrift schnell und einfach kopieren und in Ihre Beitr\u00e4ge in den sozialen Medien einf\u00fcgen, wodurch Sie Zeit und M\u00fche sparen.<\/p>\n<p>Wenn Sie also bereit sind, Ihr Spiel der finanziellen Beherrschung auf die n\u00e4chste Stufe zu heben und Ihren Verdienst zu maximieren, bestellen Sie noch heute unser Social Media Caption Pack f\u00fcr finanzielle Beherrschung!<\/p>","protected":false},"excerpt":{"rendered":"<p>Unser Paket enth\u00e4lt 100 einzigartige Bildunterschriften, mit denen Sie Ihre Follower in Ihren Bann ziehen und sie dazu bringen k\u00f6nnen, ihr Portemonnaie f\u00fcr Sie zu \u00f6ffnen. Ganz gleich, ob Sie ein Foto von sich in einem luxuri\u00f6sen Outfit posten, Ihren Reichtum und Ihre Macht zur Schau stellen oder einfach nur eine provokante Nachricht hinterlassen, unsere Bildunterschriften werden Ihnen helfen, Eindruck zu schinden.<\/p>\n<p><strong>Beispiele:<\/strong><\/p>\n<ul>\n<li><span data-sheets-value=\"{&quot;1&quot;:2,&quot;2&quot;:&quot;Better start counting those coins, boys. \ud83d\udcb0 I'm not here to play nice - I'm here to take your hard earned cash and put it in my pocket where it belongs. Come and get a taste of what you can't resist...you know you want to! \ud83d\ude08 #Goddess&quot;}\" data-sheets-userformat=\"{&quot;2&quot;:8961,&quot;3&quot;:{&quot;1&quot;:0},&quot;11&quot;:4,&quot;12&quot;:0,&quot;16&quot;:12}\">Fangt lieber an, die M\u00fcnzen zu z\u00e4hlen, Jungs. Ich bin nicht hier, um nett zu sein - ich bin hier, um dein hart verdientes Geld zu nehmen und es in meine Tasche zu stecken, wo es hingeh\u00f6rt. Komm und hol dir eine Kostprobe von dem, dem du nicht widerstehen kannst...du wei\u00dft, dass du es willst! \ud83d\ude08 #Goddess<\/span><\/li>\n<li><span data-sheets-value=\"{&quot;1&quot;:2,&quot;2&quot;:&quot;Flawless and in control, I live for the power games that come with financial domination. Your extravagance is my pleasure; you will beg to be my pay pig \ud83e\udd11\ud83d\udcb0&quot;}\" data-sheets-userformat=\"{&quot;2&quot;:8961,&quot;3&quot;:{&quot;1&quot;:0},&quot;11&quot;:4,&quot;12&quot;:0,&quot;16&quot;:12}\">Makellos und unter Kontrolle, lebe ich f\u00fcr die Machtspiele, die mit finanzieller Dominanz einhergehen. Deine Extravaganz ist mein Vergn\u00fcgen; du wirst darum betteln, mein Zahlschwein zu sein \ud83e\udd11\ud83d\udcb0.<\/span><\/li>\n<li><span data-sheets-value=\"{&quot;1&quot;:2,&quot;2&quot;:&quot;Look at you, so desperate and thirsty for a Goddess like me. You're nothing more than my piggy bank, ready to do whatever it takes to be allowed to worship me \ud83d\udcb0\ud83d\udc51&quot;}\" data-sheets-userformat=\"{&quot;2&quot;:8961,&quot;3&quot;:{&quot;1&quot;:0},&quot;11&quot;:4,&quot;12&quot;:0,&quot;16&quot;:12}\">Schau dich an, so verzweifelt und durstig nach einer G\u00f6ttin wie mir. Du bist nichts weiter als mein Sparschwein, bereit, alles zu tun, um mich anbeten zu d\u00fcrfen \ud83d\udcb0\ud83d\udc51.<\/span><\/li>\n<\/ul>","protected":false},"featured_media":2252,"comment_status":"open","ping_status":"closed","template":"","meta":[],"product_brand":[],"product_cat":[22],"product_tag":[28],"class_list":{"0":"post-608","1":"product","2":"type-product","3":"status-publish","4":"has-post-thumbnail","6":"product_cat-captions","7":"product_tag-findom","8":"infinite-scroll-item","9":"no-featured-image-padding","10":"sales-flash-overlay","11":"woocommerce-text-align-center","12":"woocommerce-image-align-center","13":"wc-has-gallery","15":"first","16":"instock","17":"downloadable","18":"virtual","19":"sold-individually","20":"purchasable","21":"product-type-simple"},"aioseo_notices":[],"_links":{"self":[{"href":"https:\/\/subtomy.com\/de\/wp-json\/wp\/v2\/product\/608","targetHints":{"allow":["GET"]}}],"collection":[{"href":"https:\/\/subtomy.com\/de\/wp-json\/wp\/v2\/product"}],"about":[{"href":"https:\/\/subtomy.com\/de\/wp-json\/wp\/v2\/types\/product"}],"replies":[{"embeddable":true,"href":"https:\/\/subtomy.com\/de\/wp-json\/wp\/v2\/comments?post=608"}],"wp:featuredmedia":[{"embeddable":true,"href":"https:\/\/subtomy.com\/de\/wp-json\/wp\/v2\/media\/2252"}],"wp:attachment":[{"href":"https:\/\/subtomy.com\/de\/wp-json\/wp\/v2\/media?parent=608"}],"wp:term":[{"taxonomy":"product_brand","embeddable":true,"href":"https:\/\/subtomy.com\/de\/wp-json\/wp\/v2\/product_brand?post=608"},{"taxonomy":"product_cat","embeddable":true,"href":"https:\/\/subtomy.com\/de\/wp-json\/wp\/v2\/product_cat?post=608"},{"taxonomy":"product_tag","embeddable":true,"href":"https:\/\/subtomy.com\/de\/wp-json\/wp\/v2\/product_tag?post=608"}],"curies":[{"name":"wp","href":"https:\/\/api.w.org\/{rel}","templated":true}]}}