{"id":673,"date":"2023-04-17T21:29:49","date_gmt":"2023-04-18T02:29:49","guid":{"rendered":"https:\/\/shop.cammodelagency.com\/?post_type=product&#038;p=673"},"modified":"2024-03-26T20:15:53","modified_gmt":"2024-03-27T01:15:53","slug":"big-boobs-captions","status":"publish","type":"product","link":"https:\/\/subtomy.com\/de\/produkt\/big-boobs-captions\/","title":{"rendered":"100+ Big Boobs Caption Pack f\u00fcr OnlyFans, Reddit, Social Media, etc."},"content":{"rendered":"<p>Bist du ein OnlyFans-Model mit gro\u00dfen und sch\u00f6nen Br\u00fcsten, das mehr Fans und Follower in den sozialen Medien gewinnen m\u00f6chte? Unser Big Boobs Girls Media Caption Pack hilft dir, deine Dienste zu bewerben und mit deinem Publikum in Kontakt zu treten!<\/p>\n<p>Unser Paket enth\u00e4lt 100 einzigartige Bildunterschriften, mit denen Sie Ihre Vorz\u00fcge hervorheben und Ihre Videodienste bewerben k\u00f6nnen. Ganz gleich, ob Sie ein Foto oder Video posten, das Ihre gro\u00dfen Br\u00fcste zeigt, oder eine Nachricht teilen, die Ihre Kurven hervorhebt - unsere Bildunterschriften helfen Ihnen, die Aufmerksamkeit Ihres Publikums zu erregen und Ihre einzigartige Sch\u00f6nheit zu pr\u00e4sentieren.<\/p>\n<p>Unsere Bildunterschriften decken eine Reihe von Themen ab, von verf\u00fchrerisch bis verspielt und alles dazwischen. Ganz gleich, ob Sie Ihre Follower mit einer verf\u00fchrerischen Botschaft necken oder eine verspielte Nachricht teilen m\u00f6chten, die Ihre Vorz\u00fcge hervorhebt - wir haben alles f\u00fcr Sie. Und dank unseres benutzerfreundlichen Formats k\u00f6nnen Sie die von Ihnen gew\u00e4hlte Bildunterschrift schnell und einfach kopieren und in Ihre Beitr\u00e4ge in sozialen Medien einf\u00fcgen, wodurch Sie Zeit und M\u00fche sparen.<\/p>\n<p>Wenn du also ein M\u00e4dchen mit gro\u00dfen Br\u00fcsten bist, das mehr Fans und Follower auf OnlyFans gewinnen m\u00f6chte, dann bestelle noch heute unser Medienbeschriftungspaket f\u00fcr M\u00e4dchen mit gro\u00dfen Br\u00fcsten!<\/p>\n<p>Beispiele<\/p>\n<ul>\n<li><span data-sheets-value=\"{&quot;1&quot;:2,&quot;2&quot;:&quot;Do you like my \ud83e\udd29busty figure? I'm feeling extra \ud83d\udd25horny tonight, so let's have some naughty fun! Come chat with me to see how far I can take you \ud83d\ude09 &quot;}\" data-sheets-userformat=\"{&quot;2&quot;:14656,&quot;9&quot;:0,&quot;11&quot;:4,&quot;14&quot;:{&quot;1&quot;:2,&quot;2&quot;:0},&quot;15&quot;:&quot;Verdana&quot;,&quot;16&quot;:11}\">Magst du meine \ud83e\udd29vollbusige Figur? Ich f\u00fchle mich heute Abend besonders \ud83d\udd25geil, also lass uns etwas unanst\u00e4ndigen Spa\u00df haben! Komm und chatte mit mir, um zu sehen, wie weit ich dich bringen kann \ud83d\ude09. <\/span><\/li>\n<li><span data-sheets-value=\"{&quot;1&quot;:2,&quot;2&quot;:&quot;Join the party! \ud83c\udf89 I'm always ready to show off my busty body and have some fun. If you've been looking for someone sexy, hot, and horny -- that's me! Come explore the wild side with me and let's get naughty together. \ud83d\ude08 &quot;}\" data-sheets-userformat=\"{&quot;2&quot;:14656,&quot;9&quot;:0,&quot;11&quot;:4,&quot;14&quot;:{&quot;1&quot;:2,&quot;2&quot;:0},&quot;15&quot;:&quot;Verdana&quot;,&quot;16&quot;:11}\">Mach mit bei der Party! \ud83c\udf89 Ich bin immer bereit, meinen vollbusigen K\u00f6rper zu zeigen und etwas Spa\u00df zu haben. Wenn du jemanden gesucht hast, der sexy, hei\u00df und geil ist - das bin ich! Komm und entdecke mit mir die wilde Seite und lass uns zusammen unanst\u00e4ndig werden. \ud83d\ude08 <\/span><\/li>\n<li><span data-sheets-value=\"{&quot;1&quot;:2,&quot;2&quot;:&quot;Submit to my world of pleasure \ud83e\udd0d Big boobs, long lashes and a thirst for adventure \ud83d\ude09 I'm ready to make all your fantasies come true. Come explore with me and let's get naughty together \ud83d\udc8b &quot;}\" data-sheets-userformat=\"{&quot;2&quot;:14656,&quot;9&quot;:0,&quot;11&quot;:4,&quot;14&quot;:{&quot;1&quot;:2,&quot;2&quot;:0},&quot;15&quot;:&quot;Verdana&quot;,&quot;16&quot;:11}\">Unterwerfe dich meiner Welt der Lust \ud83e\udd0d Gro\u00dfe Br\u00fcste, lange Wimpern und Abenteuerlust \ud83d\ude09 Ich bin bereit, alle deine Fantasien wahr werden zu lassen. Komm mit mir auf Entdeckungsreise und lass uns zusammen unanst\u00e4ndig werden \ud83d\udc8b.<\/span><\/li>\n<\/ul>","protected":false},"excerpt":{"rendered":"<p>Bist du ein OnlyFans-Model mit gro\u00dfen und sch\u00f6nen Br\u00fcsten, das mehr Fans und Follower in den sozialen Medien gewinnen m\u00f6chte? Unser Big Boobs Girls Media Caption Pack hilft dir, deine Dienste zu bewerben und mit deinem Publikum in Kontakt zu treten!<\/p>\n<p>Beispiele<\/p>\n<ul>\n<li><span data-sheets-value=\"{&quot;1&quot;:2,&quot;2&quot;:&quot;Do you like my \ud83e\udd29busty figure? I'm feeling extra \ud83d\udd25horny tonight, so let's have some naughty fun! Come chat with me to see how far I can take you \ud83d\ude09 &quot;}\" data-sheets-userformat=\"{&quot;2&quot;:14656,&quot;9&quot;:0,&quot;11&quot;:4,&quot;14&quot;:{&quot;1&quot;:2,&quot;2&quot;:0},&quot;15&quot;:&quot;Verdana&quot;,&quot;16&quot;:11}\">Magst du meine \ud83e\udd29vollbusige Figur? Ich f\u00fchle mich heute Abend besonders \ud83d\udd25geil, also lass uns etwas unanst\u00e4ndigen Spa\u00df haben! Komm und chatte mit mir, um zu sehen, wie weit ich dich bringen kann \ud83d\ude09. <\/span><\/li>\n<li><span data-sheets-value=\"{&quot;1&quot;:2,&quot;2&quot;:&quot;Join the party! \ud83c\udf89 I'm always ready to show off my busty body and have some fun. If you've been looking for someone sexy, hot, and horny -- that's me! Come explore the wild side with me and let's get naughty together. \ud83d\ude08 &quot;}\" data-sheets-userformat=\"{&quot;2&quot;:14656,&quot;9&quot;:0,&quot;11&quot;:4,&quot;14&quot;:{&quot;1&quot;:2,&quot;2&quot;:0},&quot;15&quot;:&quot;Verdana&quot;,&quot;16&quot;:11}\">Mach mit bei der Party! \ud83c\udf89 Ich bin immer bereit, meinen vollbusigen K\u00f6rper zu zeigen und etwas Spa\u00df zu haben. Wenn du jemanden gesucht hast, der sexy, hei\u00df und geil ist - das bin ich! Komm und entdecke mit mir die wilde Seite und lass uns zusammen unanst\u00e4ndig werden. \ud83d\ude08 <\/span><\/li>\n<li><span data-sheets-value=\"{&quot;1&quot;:2,&quot;2&quot;:&quot;Submit to my world of pleasure \ud83e\udd0d Big boobs, long lashes and a thirst for adventure \ud83d\ude09 I'm ready to make all your fantasies come true. Come explore with me and let's get naughty together \ud83d\udc8b &quot;}\" data-sheets-userformat=\"{&quot;2&quot;:14656,&quot;9&quot;:0,&quot;11&quot;:4,&quot;14&quot;:{&quot;1&quot;:2,&quot;2&quot;:0},&quot;15&quot;:&quot;Verdana&quot;,&quot;16&quot;:11}\">Unterwerfe dich meiner Welt der Lust \ud83e\udd0d Gro\u00dfe Br\u00fcste, lange Wimpern und Abenteuerlust \ud83d\ude09 Ich bin bereit, alle deine Fantasien wahr werden zu lassen. Komm mit mir auf Entdeckungsreise und lass uns zusammen unanst\u00e4ndig werden \ud83d\udc8b. <\/span><\/li>\n<\/ul>","protected":false},"featured_media":2320,"comment_status":"open","ping_status":"closed","template":"","meta":[],"product_brand":[],"product_cat":[22],"product_tag":[19],"class_list":{"0":"post-673","1":"product","2":"type-product","3":"status-publish","4":"has-post-thumbnail","6":"product_cat-captions","7":"product_tag-big-boobs","8":"infinite-scroll-item","9":"no-featured-image-padding","10":"sales-flash-overlay","11":"woocommerce-text-align-center","12":"woocommerce-image-align-center","13":"wc-has-gallery","15":"first","16":"instock","17":"downloadable","18":"virtual","19":"sold-individually","20":"purchasable","21":"product-type-simple"},"aioseo_notices":[],"_links":{"self":[{"href":"https:\/\/subtomy.com\/de\/wp-json\/wp\/v2\/product\/673","targetHints":{"allow":["GET"]}}],"collection":[{"href":"https:\/\/subtomy.com\/de\/wp-json\/wp\/v2\/product"}],"about":[{"href":"https:\/\/subtomy.com\/de\/wp-json\/wp\/v2\/types\/product"}],"replies":[{"embeddable":true,"href":"https:\/\/subtomy.com\/de\/wp-json\/wp\/v2\/comments?post=673"}],"wp:featuredmedia":[{"embeddable":true,"href":"https:\/\/subtomy.com\/de\/wp-json\/wp\/v2\/media\/2320"}],"wp:attachment":[{"href":"https:\/\/subtomy.com\/de\/wp-json\/wp\/v2\/media?parent=673"}],"wp:term":[{"taxonomy":"product_brand","embeddable":true,"href":"https:\/\/subtomy.com\/de\/wp-json\/wp\/v2\/product_brand?post=673"},{"taxonomy":"product_cat","embeddable":true,"href":"https:\/\/subtomy.com\/de\/wp-json\/wp\/v2\/product_cat?post=673"},{"taxonomy":"product_tag","embeddable":true,"href":"https:\/\/subtomy.com\/de\/wp-json\/wp\/v2\/product_tag?post=673"}],"curies":[{"name":"wp","href":"https:\/\/api.w.org\/{rel}","templated":true}]}}