{"id":676,"date":"2023-04-17T23:52:47","date_gmt":"2023-04-18T04:52:47","guid":{"rendered":"https:\/\/shop.cammodelagency.com\/?post_type=product&#038;p=676"},"modified":"2023-05-15T22:42:47","modified_gmt":"2023-05-16T03:42:47","slug":"strong-male-captions","status":"publish","type":"product","link":"https:\/\/subtomy.com\/de\/produkt\/strong-male-captions\/","title":{"rendered":"100+ starke m\u00e4nnliche \u00dcberschriften f\u00fcr OnlyFans, Reddit, Social Media, etc."},"content":{"rendered":"<p>Wir stellen die ultimative L\u00f6sung f\u00fcr OnlyFans-Models vor, die ihre Pr\u00e4senz in den sozialen Medien verbessern und mehr Follower gewinnen m\u00f6chten: das Strong Male Social Media Caption Pack. Dieses Paket wurde speziell f\u00fcr Models entwickelt, die ihre Dienste auf OnlyFans und anderen Fanclub-Seiten anbieten. Es enth\u00e4lt eine breite Palette an ansprechenden und aufmerksamkeitsstarken Bildunterschriften, die Ihr Publikum garantiert zum Reden bringen werden.<\/p>\n<p>Ganz gleich, ob Sie Ihre neuesten Inhalte pr\u00e4sentieren, f\u00fcr anstehende Veranstaltungen werben oder einfach nur Ihre Follower unterhalten wollen - dieses Bildunterschriftenpaket bietet alles, was Sie brauchen. Von frechen Einzeilern bis hin zu Fragen, die zum Nachdenken anregen - unsere Bildunterschriften sind sorgf\u00e4ltig ausgearbeitet, um eine Vielzahl von Zielgruppen anzusprechen und Ihre Inhalte frisch und spannend zu halten.<\/p>\n<p>Wenn Sie also bereit sind, Ihr OnlyFans-Gesch\u00e4ft auf die n\u00e4chste Stufe zu heben, warten Sie nicht l\u00e4nger. Bestellen Sie noch heute das Strong Male Social Media Caption Pack und heben Sie sich von der Masse ab!<\/p>\n<p>Beispiele sind<\/p>\n<ul>\n<li><span data-sheets-value=\"{&quot;1&quot;:2,&quot;2&quot;:&quot;Do you desire a \ud83d\udcaa\ud83c\udffc man that's hung, handsome and horny? I'm your guy! DM me for hot conversations and let's explore our wildest fantasies together #sexy #horny #hungAF \ud83e\udd75&quot;}\" data-sheets-userformat=\"{&quot;2&quot;:8961,&quot;3&quot;:{&quot;1&quot;:0},&quot;11&quot;:4,&quot;12&quot;:0,&quot;16&quot;:12}\">Hast du Lust auf einen \ud83d\udcaa\ud83c\udffc Mann, der gut aussieht und geil ist? Ich bin dein Mann! DM mich f\u00fcr hei\u00dfe Gespr\u00e4che und lassen Sie uns unsere wildesten Fantasien zusammen erkunden #sexy #horny #hungAF \ud83e\udd75<\/span><\/li>\n<li><span data-sheets-value=\"{&quot;1&quot;:2,&quot;2&quot;:&quot;Favorite thing to do? \ud83d\udd25 Let me show you!\ud83d\udca6I'm hung, handsome and strong. Come talk with me and let's explore our wildest fantasies together! I'm always horny for more \ud83d\ude1c &quot;}\" data-sheets-userformat=\"{&quot;2&quot;:14656,&quot;9&quot;:0,&quot;11&quot;:4,&quot;14&quot;:{&quot;1&quot;:2,&quot;2&quot;:0},&quot;15&quot;:&quot;Verdana&quot;,&quot;16&quot;:11}\">Was du am liebsten tust? \ud83d\udd25 Lass es mich dir zeigen!\ud83d\udca6Ich bin gut best\u00fcckt, gutaussehend und stark. Komm mit mir ins Gespr\u00e4ch und lass uns gemeinsam unsere wildesten Fantasien ausleben! Ich bin immer geil auf mehr \ud83d\ude1c <\/span><\/li>\n<li><span data-sheets-value=\"{&quot;1&quot;:2,&quot;2&quot;:&quot;Shoulders back, abs tight. Come explore this strong and handsome \ud83e\udd29\ud83d\udcaa man who's always ready to talk with ya'll \ud83d\ude0f and just so happens to be extra horny tonight \ud83e\udd75 &quot;}\" data-sheets-userformat=\"{&quot;2&quot;:14656,&quot;9&quot;:0,&quot;11&quot;:4,&quot;14&quot;:{&quot;1&quot;:2,&quot;2&quot;:0},&quot;15&quot;:&quot;Verdana&quot;,&quot;16&quot;:11}\">Schultern zur\u00fcck, Bauchmuskeln straff. Komm und entdecke diesen starken und gutaussehenden \ud83e\udd29\ud83d\udcaa Mann, der immer bereit ist, mit euch zu reden \ud83d\ude0f und gerade so zuf\u00e4llig heute Abend extra geil ist \ud83e\udd75. <\/span><\/li>\n<\/ul>","protected":false},"excerpt":{"rendered":"<p>Wir stellen die ultimative L\u00f6sung f\u00fcr OnlyFans-Models vor, die ihre Social-Media-Pr\u00e4senz verbessern und mehr Follower gewinnen m\u00f6chten: das Strong Male Social Media Caption Pack.<\/p>\n<p><strong>Beispiele sind<\/strong><\/p>\n<ul>\n<li><span data-sheets-value=\"{&quot;1&quot;:2,&quot;2&quot;:&quot;Do you desire a \ud83d\udcaa\ud83c\udffc man that's hung, handsome and horny? I'm your guy! DM me for hot conversations and let's explore our wildest fantasies together #sexy #horny #hungAF \ud83e\udd75&quot;}\" data-sheets-userformat=\"{&quot;2&quot;:8961,&quot;3&quot;:{&quot;1&quot;:0},&quot;11&quot;:4,&quot;12&quot;:0,&quot;16&quot;:12}\">Hast du Lust auf einen \ud83d\udcaa\ud83c\udffc Mann, der gut aussieht und geil ist? Ich bin dein Mann! DM mich f\u00fcr hei\u00dfe Gespr\u00e4che und lassen Sie uns unsere wildesten Fantasien zusammen erkunden #sexy #horny #hungAF \ud83e\udd75<\/span><\/li>\n<li><span data-sheets-value=\"{&quot;1&quot;:2,&quot;2&quot;:&quot;Favorite thing to do? \ud83d\udd25 Let me show you!\ud83d\udca6I'm hung, handsome and strong. Come talk with me and let's explore our wildest fantasies together! I'm always horny for more \ud83d\ude1c &quot;}\" data-sheets-userformat=\"{&quot;2&quot;:14656,&quot;9&quot;:0,&quot;11&quot;:4,&quot;14&quot;:{&quot;1&quot;:2,&quot;2&quot;:0},&quot;15&quot;:&quot;Verdana&quot;,&quot;16&quot;:11}\">Was du am liebsten tust? \ud83d\udd25 Lass es mich dir zeigen!\ud83d\udca6Ich bin gut best\u00fcckt, gutaussehend und stark. Komm mit mir ins Gespr\u00e4ch und lass uns gemeinsam unsere wildesten Fantasien ausleben! Ich bin immer geil auf mehr \ud83d\ude1c <\/span><\/li>\n<li><span data-sheets-value=\"{&quot;1&quot;:2,&quot;2&quot;:&quot;Shoulders back, abs tight. Come explore this strong and handsome \ud83e\udd29\ud83d\udcaa man who's always ready to talk with ya'll \ud83d\ude0f and just so happens to be extra horny tonight \ud83e\udd75 &quot;}\" data-sheets-userformat=\"{&quot;2&quot;:14656,&quot;9&quot;:0,&quot;11&quot;:4,&quot;14&quot;:{&quot;1&quot;:2,&quot;2&quot;:0},&quot;15&quot;:&quot;Verdana&quot;,&quot;16&quot;:11}\">Schultern zur\u00fcck, Bauchmuskeln straff. Komm und entdecke diesen starken und gutaussehenden \ud83e\udd29\ud83d\udcaa Mann, der immer bereit ist, mit euch zu reden \ud83d\ude0f und gerade so zuf\u00e4llig heute Abend extra geil ist \ud83e\udd75.<\/span><\/li>\n<\/ul>","protected":false},"featured_media":1238,"comment_status":"open","ping_status":"closed","template":"","meta":[],"product_brand":[],"product_cat":[22],"product_tag":[33],"class_list":{"0":"post-676","1":"product","2":"type-product","3":"status-publish","4":"has-post-thumbnail","6":"product_cat-captions","7":"product_tag-men","8":"infinite-scroll-item","9":"no-featured-image-padding","10":"sales-flash-overlay","11":"woocommerce-text-align-center","12":"woocommerce-image-align-center","13":"wc-has-gallery","15":"first","16":"instock","17":"downloadable","18":"virtual","19":"sold-individually","20":"purchasable","21":"product-type-simple"},"aioseo_notices":[],"_links":{"self":[{"href":"https:\/\/subtomy.com\/de\/wp-json\/wp\/v2\/product\/676","targetHints":{"allow":["GET"]}}],"collection":[{"href":"https:\/\/subtomy.com\/de\/wp-json\/wp\/v2\/product"}],"about":[{"href":"https:\/\/subtomy.com\/de\/wp-json\/wp\/v2\/types\/product"}],"replies":[{"embeddable":true,"href":"https:\/\/subtomy.com\/de\/wp-json\/wp\/v2\/comments?post=676"}],"wp:featuredmedia":[{"embeddable":true,"href":"https:\/\/subtomy.com\/de\/wp-json\/wp\/v2\/media\/1238"}],"wp:attachment":[{"href":"https:\/\/subtomy.com\/de\/wp-json\/wp\/v2\/media?parent=676"}],"wp:term":[{"taxonomy":"product_brand","embeddable":true,"href":"https:\/\/subtomy.com\/de\/wp-json\/wp\/v2\/product_brand?post=676"},{"taxonomy":"product_cat","embeddable":true,"href":"https:\/\/subtomy.com\/de\/wp-json\/wp\/v2\/product_cat?post=676"},{"taxonomy":"product_tag","embeddable":true,"href":"https:\/\/subtomy.com\/de\/wp-json\/wp\/v2\/product_tag?post=676"}],"curies":[{"name":"wp","href":"https:\/\/api.w.org\/{rel}","templated":true}]}}