{"id":1136,"date":"2023-05-11T20:21:26","date_gmt":"2023-05-12T01:21:26","guid":{"rendered":"https:\/\/subtomy.com\/?post_type=product&#038;p=1136"},"modified":"2024-03-02T21:54:02","modified_gmt":"2024-03-03T02:54:02","slug":"beta-humiliation-scripts","status":"publish","type":"product","link":"https:\/\/subtomy.com\/es\/producto\/guiones-de-humillacion-beta\/","title":{"rendered":"5 Beta Pay Pig Humillaci\u00f3n Findom \/ Dominaci\u00f3n Financiera Scripts Pack"},"content":{"rendered":"<p>Consigue guiones para los siguientes escenarios de Humillaci\u00f3n de Macho Beta:<\/p>\n<ul>\n<li><strong>Hacer pagar a un macho beta por su ineptitud<\/strong> - Exigir al macho beta el pago de una cuota por no poder satisfacer sus demandas econ\u00f3micas. Establece un plan de pagos y exige pagos regulares al beta, record\u00e1ndole su insuficiencia e incapacidad para complacer a su superior.<\/li>\n<li><strong>Humillar a un macho beta por su falta de \u00e9xito financiero<\/strong> - Burlarse y menospreciar al macho beta por no ser capaz de proporcionar suficiente dinero para satisfacer las necesidades y deseos del dominante. Amenazar con exponer la situaci\u00f3n financiera del macho beta a otras personas para aumentar la humillaci\u00f3n.<\/li>\n<li><strong>Viste a un macho beta por su inferioridad<\/strong> - Haz que el macho beta se vista con ropa humillante o realice tareas degradantes. El beta debe llevar ropa barata o poco atractiva mientras que el dominante hace alarde de su riqueza y art\u00edculos de lujo.<\/li>\n<li><strong>Humillaci\u00f3n p\u00fablica de un macho beta<\/strong> - Obligar al beta a realizar actos humillantes en p\u00fablico, como llevar un cartel que declare su inferioridad o hacerle pedir dinero en la calle. La humillaci\u00f3n podr\u00eda verse amplificada por la presencia de otras personas, que podr\u00edan ser testigos de la insuficiencia del beta.<\/li>\n<li><strong>Dominaci\u00f3n financiera de la cuenta bancaria de un macho beta\u00a0<\/strong>- \u00a1Sabes lo que est\u00e1 pasando aqu\u00ed!<\/li>\n<\/ul>\n<p><em>Observas c\u00f3mo el macho beta se arrodilla ante ti. Con la cabeza gacha, su rostro es una m\u00e1scara de verg\u00fcenza y humillaci\u00f3n. Est\u00e1 aqu\u00ed porque no ha cumplido tus expectativas econ\u00f3micas o de otro tipo y ahora debe sufrir las consecuencias. Saboreas este momento, disfrutando de su servidumbre.<\/em><\/p>\n<p><em>\"No est\u00e1s a la altura\", le dices con desd\u00e9n, \"as\u00ed que ahora debes pagar\". El macho beta se revuelve inc\u00f3modo, pero no te contesta; sabe que no puede rebatir tu superioridad. Tus ojos se detienen en \u00e9l como si lo desafiaras a hacer algo al respecto, cualquier cosa. Pero no dice nada, excepto que acepta lo que est\u00e1 pasando entre vosotros, que entiende que hoy se cambiar\u00e1 dinero por humillaci\u00f3n y degradaci\u00f3n.<\/em><\/p>\n<p><em>Abre la cartera y entrega dinero en efectivo -mucho menos de lo que ped\u00edan tus servicios de findom, pero m\u00e1s que suficiente teniendo en cuenta lo in\u00fatil que es en comparaci\u00f3n contigo-, lo que hace que una sonrisa de satisfacci\u00f3n se dibuje en tus labios. Este tiempo ha merecido la pena hasta ahora, \u00a1pero a\u00fan queda m\u00e1s diversi\u00f3n!<\/em><\/p>\n<p><em>Se\u00f1alas imperiosamente hacia el suelo donde se esparcieron antes las monedas durante una de tus demostraciones de superioridad, exigiendo que cada moneda sea recogida individualmente hasta que todas desaparezcan de la vista de nuevo. El macho beta tambi\u00e9n sigue obedientemente esta petici\u00f3n, haciendo muecas silenciosas con cada uno de sus movimientos a pesar de saber perfectamente que desobedecer le acarrear\u00eda castigos a\u00fan m\u00e1s severos m\u00e1s adelante.<\/em><\/p>\n<p><em>Sin embargo, cuando por fin se han recogido todas las monedas, su atenci\u00f3n se desv\u00eda de ellas y se centra en ti, que esperas con impaciencia cualquier otra direcci\u00f3n u orden que te den a continuaci\u00f3n...<\/em><\/p>","protected":false},"excerpt":{"rendered":"<p>\u00a1Obt\u00e9n acceso instant\u00e1neo a 5 guiones para la humillaci\u00f3n de hombres beta! 1.344 palabras de oro que se pueden adaptar tanto para v\u00eddeos grabados como para encuentros virtuales uno a uno.<\/p>\n<p>\u00bfA qu\u00e9 esperas? Mejora tu juego de dominaci\u00f3n ahora mismo.<\/p>","protected":false},"featured_media":2257,"comment_status":"closed","ping_status":"closed","template":"","meta":[],"product_brand":[],"product_cat":[47],"product_tag":[28],"class_list":{"0":"post-1136","1":"product","2":"type-product","3":"status-publish","4":"has-post-thumbnail","6":"product_cat-scripts","7":"product_tag-findom","8":"infinite-scroll-item","9":"no-featured-image-padding","10":"sales-flash-overlay","11":"woocommerce-text-align-center","12":"woocommerce-image-align-center","13":"wc-has-gallery","15":"first","16":"instock","17":"downloadable","18":"virtual","19":"sold-individually","20":"purchasable","21":"product-type-simple"},"aioseo_notices":[],"_links":{"self":[{"href":"https:\/\/subtomy.com\/es\/wp-json\/wp\/v2\/product\/1136","targetHints":{"allow":["GET"]}}],"collection":[{"href":"https:\/\/subtomy.com\/es\/wp-json\/wp\/v2\/product"}],"about":[{"href":"https:\/\/subtomy.com\/es\/wp-json\/wp\/v2\/types\/product"}],"replies":[{"embeddable":true,"href":"https:\/\/subtomy.com\/es\/wp-json\/wp\/v2\/comments?post=1136"}],"wp:featuredmedia":[{"embeddable":true,"href":"https:\/\/subtomy.com\/es\/wp-json\/wp\/v2\/media\/2257"}],"wp:attachment":[{"href":"https:\/\/subtomy.com\/es\/wp-json\/wp\/v2\/media?parent=1136"}],"wp:term":[{"taxonomy":"product_brand","embeddable":true,"href":"https:\/\/subtomy.com\/es\/wp-json\/wp\/v2\/product_brand?post=1136"},{"taxonomy":"product_cat","embeddable":true,"href":"https:\/\/subtomy.com\/es\/wp-json\/wp\/v2\/product_cat?post=1136"},{"taxonomy":"product_tag","embeddable":true,"href":"https:\/\/subtomy.com\/es\/wp-json\/wp\/v2\/product_tag?post=1136"}],"curies":[{"name":"wp","href":"https:\/\/api.w.org\/{rel}","templated":true}]}}