{"id":1540,"date":"2023-05-24T16:39:17","date_gmt":"2023-05-24T21:39:17","guid":{"rendered":"https:\/\/subtomy.com\/?post_type=product&#038;p=1540"},"modified":"2024-03-02T22:05:11","modified_gmt":"2024-03-03T03:05:11","slug":"findom-question-pack","status":"publish","type":"product","link":"https:\/\/subtomy.com\/es\/producto\/findom-question-pack\/","title":{"rendered":"Pack Findom de 100 preguntas para OnlyFans, Loyalfans, Reddit, Twitter, etc."},"content":{"rendered":"<h3 style=\"text-align: center;\">Presentamos el paquete de 100 preguntas FinDom: D\u00e9 rienda suelta a su dominio financiero<\/h3>\n<p>\u00a1Llamando a todos los Dominantes Financieros! \u00bfEst\u00e1s listo para elevar tu control, cautivar a tu audiencia y asegurarte de que tus clientes anhelan tu dominio financiero como nunca antes? Entra en el centro de atenci\u00f3n con el FinDom 100-Question Pack, una poderosa herramienta dise\u00f1ada para plataformas como OnlyFans, Loyalfans, Reddit, Twitter y otros canales de medios sociales.<\/p>\n<ol>\n<li><strong>Domine su mercado<\/strong>: Consiga una ventaja competitiva en el dominio financiero con este paquete de preguntas meticulosamente elaborado. Cautive a su p\u00fablico, atraiga a nuevos clientes potenciales y deje una huella indeleble en sus clientes actuales mientras se hace cargo de sus deseos sin esfuerzo.<\/li>\n<li><strong>Encienda su deseo<\/strong>: Desate un torbellino de emociones y despierte el insaciable deseo de sumisi\u00f3n financiera de sus seguidores. Elaboradas con precisi\u00f3n, cada pregunta est\u00e1 dise\u00f1ada para provocar una intensa expectaci\u00f3n, anhelo y una abrumadora necesidad de satisfacer sus fantas\u00edas financieras m\u00e1s profundas.<\/li>\n<li><strong>Impulsar el gasto de los clientes<\/strong>: Lleve a sus clientes a un viaje en el que el placer y el gasto se entrelazan. Aprovechando estrat\u00e9gicamente el paquete de 100 preguntas FinDom, puedes desbloquear su disposici\u00f3n a invertir m\u00e1s, amplificando su deseo de complacerte y servirte financieramente.<\/li>\n<li><strong>Personalice su enfoque<\/strong>: Adapte su estrategia de preguntas a su estilo y preferencias personales. Tanto si prefiere la autoridad dominante como la manipulaci\u00f3n sutil, estas preguntas le permitir\u00e1n afinar su enfoque, garantizando el m\u00e1ximo impacto en cada interacci\u00f3n.<\/li>\n<li><strong>Cultivar la lealtad<\/strong>: Profundice su conexi\u00f3n con su base de clientes actual ofreci\u00e9ndoles una experiencia \u00fanica y envolvente. El FinDom 100-Question Pack fomenta la lealtad, estableci\u00e9ndote como la autoridad indiscutible en la dominaci\u00f3n financiera y fomentando la repetici\u00f3n de negocios.<\/li>\n<li><strong>Ampliar el compromiso<\/strong>: Anima a tus seguidores a participar activamente en tus contenidos y debates. Entabla conversaciones estimulantes, inv\u00edtales a compartir sus deseos y l\u00edmites, y crea una comunidad en la que sumisos y dominantes financieros puedan conectarse y apoyarse mutuamente.<\/li>\n<li><strong>Potencie su dominio<\/strong>: Descubra los secretos de una dominaci\u00f3n financiera irresistible, desvelando los deseos ocultos de sus clientes. Con el paquete de 100 preguntas FinDom como gu\u00eda, podr\u00e1 mostrar su experiencia, aumentar la expectaci\u00f3n y consolidar su posici\u00f3n como la fuerza dominante que anhelan.<\/li>\n<\/ol>\n<p>Libere el poder del paquete de 100 preguntas FinDom y vea c\u00f3mo su dominio financiero alcanza nuevas cotas. Acceda a un control ilimitado, a una satisfacci\u00f3n sin precedentes y a una base de clientes leales que sucumben de buen grado a sus proezas financieras.<\/p>","protected":false},"excerpt":{"rendered":"<p>Presentamos el paquete de 100 preguntas FinDom: D\u00e9 rienda suelta a su dominio financiero<\/p>\n<p>\u00a1Llamando a todos los Dominantes Financieros! \u00bfEst\u00e1s listo para elevar tu control, cautivar a tu audiencia y asegurarte de que tus clientes anhelan tu dominio financiero como nunca antes? Entra en el centro de atenci\u00f3n con el FinDom 100-Question Pack, una poderosa herramienta dise\u00f1ada exclusivamente para plataformas como OnlyFans, Loyalfans, Reddit, Twitter y otros canales de medios sociales.<\/p>\n<ul>\n<li><em>D\u00f3nde quieres que ponga mi bota? \ud83c\udf86 \u00a1Somete y paga por tu humillaci\u00f3n ahora, cerdito! \ud83d\udcb8<\/em><\/li>\n<li><em>Qui\u00e9n quiere ser mi sumiso financiero y hacer lo que sea necesario \ud83d\udcb8para hacerme feliz? Estoy lista para tomar el control y humillarte hasta que no puedas evitar suplicar por m\u00e1s. \ud83d\ude08<\/em><\/li>\n<li><em>Qui\u00e9n est\u00e1 listo para obtener \ud83e\udd11\ud83d\udcb8taken hasta el l\u00edmite por su sexy Findom? \ud83d\udd25\u00bfEst\u00e1s dispuesto a renunciar a todo control y ser completamente expuesto, humillado y puesto en tu lugar para m\u00ed? \ud83d\ude08<\/em><\/li>\n<\/ul>","protected":false},"featured_media":2259,"comment_status":"closed","ping_status":"closed","template":"","meta":[],"product_brand":[],"product_cat":[35],"product_tag":[28],"class_list":{"0":"post-1540","1":"product","2":"type-product","3":"status-publish","4":"has-post-thumbnail","6":"product_cat-question-packs","7":"product_tag-findom","8":"infinite-scroll-item","9":"no-featured-image-padding","10":"sales-flash-overlay","11":"woocommerce-text-align-center","12":"woocommerce-image-align-center","13":"wc-has-gallery","15":"first","16":"instock","17":"downloadable","18":"virtual","19":"sold-individually","20":"purchasable","21":"product-type-simple"},"aioseo_notices":[],"_links":{"self":[{"href":"https:\/\/subtomy.com\/es\/wp-json\/wp\/v2\/product\/1540","targetHints":{"allow":["GET"]}}],"collection":[{"href":"https:\/\/subtomy.com\/es\/wp-json\/wp\/v2\/product"}],"about":[{"href":"https:\/\/subtomy.com\/es\/wp-json\/wp\/v2\/types\/product"}],"replies":[{"embeddable":true,"href":"https:\/\/subtomy.com\/es\/wp-json\/wp\/v2\/comments?post=1540"}],"wp:featuredmedia":[{"embeddable":true,"href":"https:\/\/subtomy.com\/es\/wp-json\/wp\/v2\/media\/2259"}],"wp:attachment":[{"href":"https:\/\/subtomy.com\/es\/wp-json\/wp\/v2\/media?parent=1540"}],"wp:term":[{"taxonomy":"product_brand","embeddable":true,"href":"https:\/\/subtomy.com\/es\/wp-json\/wp\/v2\/product_brand?post=1540"},{"taxonomy":"product_cat","embeddable":true,"href":"https:\/\/subtomy.com\/es\/wp-json\/wp\/v2\/product_cat?post=1540"},{"taxonomy":"product_tag","embeddable":true,"href":"https:\/\/subtomy.com\/es\/wp-json\/wp\/v2\/product_tag?post=1540"}],"curies":[{"name":"wp","href":"https:\/\/api.w.org\/{rel}","templated":true}]}}