{"id":1811,"date":"2023-06-05T18:34:17","date_gmt":"2023-06-05T23:34:17","guid":{"rendered":"https:\/\/subtomy.com\/?post_type=product&#038;p=1811"},"modified":"2024-04-01T12:26:19","modified_gmt":"2024-04-01T17:26:19","slug":"joi-evening-messages-pack","status":"publish","type":"product","link":"https:\/\/subtomy.com\/es\/producto\/joi-evening-messages-pack\/","title":{"rendered":"65 JOI Paquete de Mensajes Vespertinos para Mensajes Masivos y 1-a-1"},"content":{"rendered":"<h3 style=\"text-align: center;\">Presentamos el Pack de 65 Mensajes Vespertinos JOI: Gu\u00ede su placer hasta la noche<\/h3>\n<p>D\u00e9 rienda suelta a su poder de seducci\u00f3n con el paquete de 65 mensajes nocturnos JOI. Dise\u00f1ada para mensajes masivos e interacciones personalizadas 1 a 1, esta colecci\u00f3n de mensajes tentadores y dominantes tomar\u00e1 el control del placer de sus suscriptores a medida que se desarrolla la noche. Desde instrucciones expl\u00edcitas hasta tentadores escenarios, estos mensajes les guiar\u00e1n a nuevas cotas de \u00e9xtasis.<\/p>\n<ol>\n<li><strong>Presentaciones de mando<\/strong>: Comienza cada mensaje con una introducci\u00f3n cautivadora y excitante. Utiliza un lenguaje provocativo, im\u00e1genes seductoras o emojis provocadores para captar su atenci\u00f3n y establecer el tono de una velada inolvidable.<\/li>\n<li><strong>Direcci\u00f3n personalizada<\/strong>: Establezca una conexi\u00f3n personal dirigi\u00e9ndose a sus abonados por su nombre o incorporando sus intereses. Haz que se sientan vistos y deseados, intensificando su expectaci\u00f3n y haciendo que su experiencia se adapte a sus deseos.<\/li>\n<li><strong>Instrucciones detalladas:<\/strong> Proporcione instrucciones expl\u00edcitas para guiar su placer. Descr\u00edbeles c\u00f3mo quieres que se toquen, d\u00f3nde centrar su atenci\u00f3n y el ritmo que deben seguir. An\u00edmale a que se rinda a tus \u00f3rdenes y experimente el m\u00e1ximo placer bajo tu direcci\u00f3n.<\/li>\n<li><strong>Escenarios sensuales<\/strong>: Dibuja escenarios sensuales que estimulen su imaginaci\u00f3n y aumenten su excitaci\u00f3n. Describe escenarios tentadores o adaptados a sus man\u00edas espec\u00edficas, invit\u00e1ndoles a sumergirse en un mundo de placer y deseo.<\/li>\n<li><strong>Estimulaci\u00f3n progresiva<\/strong>: Anticipa e intensifica el placer gui\u00e1ndoles a trav\u00e9s de las sensaciones. Ind\u00edcales que empiecen despacio, aumentando gradualmente la intensidad y el ritmo hasta que alcancen la cima del placer.<\/li>\n<li><strong>Aliento verbal<\/strong>: Utiliza un lenguaje seductor y alentador para avivar su excitaci\u00f3n y motivar su excitaci\u00f3n. Recu\u00e9rdales el placer que te proporcionan y la satisfacci\u00f3n que experimentan al someterse a tus \u00f3rdenes.<\/li>\n<li><strong>Teasers burlones<\/strong>: Provoque sus sentidos con tentadores atisbos de lo que est\u00e1 por venir. D\u00e9 pistas sobre pr\u00f3ximas sesiones, nuevas t\u00e9cnicas o contenidos exclusivos, y d\u00e9jelos ansiosos por tener futuros encuentros con usted.<\/li>\n<li><strong>Compromiso interactivo<\/strong>: Fomenta la interacci\u00f3n invit\u00e1ndoles a compartir sus experiencias, fantas\u00edas o peticiones. Crea un espacio seguro para el di\u00e1logo abierto, permiti\u00e9ndoles explorar sus deseos y profundizar en su conexi\u00f3n con tu gu\u00eda.<\/li>\n<li><strong>Reflexi\u00f3n posterior a la sesi\u00f3n<\/strong>: Tras la sesi\u00f3n, ofrezca un momento de reflexi\u00f3n y atenci\u00f3n. An\u00edmeles a compartir sus pensamientos, emociones o cualquier comentario que puedan tener. Muestra tu agradecimiento por su confianza y compromiso con tu orientaci\u00f3n.<\/li>\n<\/ol>\n<p>Con el Paquete de 65 Mensajes Nocturnos JOI, podr\u00e1 guiar el placer de sus suscriptores hasta la noche. Encienda sus deseos, dirija su atenci\u00f3n y ll\u00e9velos a un viaje de \u00e9xtasis que nunca olvidar\u00e1n.<\/p>\n<p>Recuerda dar prioridad al consentimiento, la comunicaci\u00f3n y la creaci\u00f3n de un entorno seguro para tus abonados. An\u00edmales a explorar sus l\u00edmites a su propio ritmo y respeta siempre sus l\u00edmites.<\/p>","protected":false},"excerpt":{"rendered":"<h3 style=\"text-align: center;\">Presentamos el Pack de 65 Mensajes Vespertinos JOI: Gu\u00ede su placer hasta la noche<\/h3>\n<p>Algunos ejemplos son:<\/p>\n<ul>\n<li><em>Exquisita, no puedo esperar a o\u00edr tus gemidos mientras sigues mis instrucciones y te pierdes en el \u00e9xtasis \u2728\ud83d\udca6 Prep\u00e1rate para una noche de puro placer y dicha, estoy aqu\u00ed para asegurarme de que cada cent\u00edmetro de tu cuerpo est\u00e9 cuidado \ud83d\udd25\ud83d\ude08.<\/em><\/li>\n<li><em>\u00bfDeseas un dulce y tentador JOI para terminar la noche? \ud83e\udd24 Se me ocurren unas cuantas ideas que har\u00e1n que te tiemblen las piernas antes de caer en la tierra de los sue\u00f1os \ud83d\ude09 D\u00e9jame tomar el control y prepararte para la cama con mis sensuales palabras \u2764\ufe0f<\/em><\/li>\n<li><em>Recomp\u00e9nsate por un duro d\u00eda de trabajo con un poco de diversi\u00f3n traviesa esta noche \ud83d\udc8b Cierra los ojos y d\u00e9jame llevarte a una aventura er\u00f3tica que te dejar\u00e1 pidiendo m\u00e1s \ud83d\ude09 \ud83e\udd24.<\/em><\/li>\n<\/ul>","protected":false},"featured_media":2333,"comment_status":"closed","ping_status":"closed","template":"","meta":[],"product_brand":[],"product_cat":[141],"product_tag":[48],"class_list":{"0":"post-1811","1":"product","2":"type-product","3":"status-publish","4":"has-post-thumbnail","6":"product_cat-messaging","7":"product_tag-joi","8":"infinite-scroll-item","9":"no-featured-image-padding","10":"sales-flash-overlay","11":"woocommerce-text-align-center","12":"woocommerce-image-align-center","13":"wc-has-gallery","15":"first","16":"instock","17":"downloadable","18":"virtual","19":"sold-individually","20":"purchasable","21":"product-type-simple"},"aioseo_notices":[],"_links":{"self":[{"href":"https:\/\/subtomy.com\/es\/wp-json\/wp\/v2\/product\/1811","targetHints":{"allow":["GET"]}}],"collection":[{"href":"https:\/\/subtomy.com\/es\/wp-json\/wp\/v2\/product"}],"about":[{"href":"https:\/\/subtomy.com\/es\/wp-json\/wp\/v2\/types\/product"}],"replies":[{"embeddable":true,"href":"https:\/\/subtomy.com\/es\/wp-json\/wp\/v2\/comments?post=1811"}],"wp:featuredmedia":[{"embeddable":true,"href":"https:\/\/subtomy.com\/es\/wp-json\/wp\/v2\/media\/2333"}],"wp:attachment":[{"href":"https:\/\/subtomy.com\/es\/wp-json\/wp\/v2\/media?parent=1811"}],"wp:term":[{"taxonomy":"product_brand","embeddable":true,"href":"https:\/\/subtomy.com\/es\/wp-json\/wp\/v2\/product_brand?post=1811"},{"taxonomy":"product_cat","embeddable":true,"href":"https:\/\/subtomy.com\/es\/wp-json\/wp\/v2\/product_cat?post=1811"},{"taxonomy":"product_tag","embeddable":true,"href":"https:\/\/subtomy.com\/es\/wp-json\/wp\/v2\/product_tag?post=1811"}],"curies":[{"name":"wp","href":"https:\/\/api.w.org\/{rel}","templated":true}]}}