{"id":2024,"date":"2023-08-02T19:40:03","date_gmt":"2023-08-03T00:40:03","guid":{"rendered":"https:\/\/subtomy.com\/?post_type=product&#038;p=2024"},"modified":"2023-08-02T22:38:53","modified_gmt":"2023-08-03T03:38:53","slug":"custom-captions-and-scripts","status":"publish","type":"product","link":"https:\/\/subtomy.com\/es\/producto\/subtitulos-y-guiones-personalizados\/","title":{"rendered":"Subt\u00edtulos personalizados, guiones y mucho m\u00e1s"},"content":{"rendered":"<h2 style=\"text-align: center;\">\u00bfLe cuesta crear contenidos atractivos y cautivadores para sus redes sociales?<\/h2>\n<p><strong>Lo que ofrecemos:<\/strong><\/p>\n<ol>\n<li><strong>30 leyendas para redes sociales:<\/strong> Desbloquea el poder de la narraci\u00f3n impactante con 30 pies de foto profesionales para redes sociales. Nuestro equipo de redactores experimentados desarrollar\u00e1 pies de foto cautivadores y acordes con la marca que resuenen con tu p\u00fablico objetivo, dej\u00e1ndoles con ganas de interactuar con tu contenido.<\/li>\n<li><strong>10 DMs personalizados (mensajes masivos o 1 a 1):<\/strong> Establece conexiones m\u00e1s profundas con tus seguidores a trav\u00e9s de mensajes de texto personalizados. Nuestros DM personalizados est\u00e1n dise\u00f1ados para crear interacciones genuinas, fomentar las relaciones e impulsar conversaciones significativas, ayud\u00e1ndote a construir una comunidad leal y comprometida.<\/li>\n<li><strong>3 guiones de v\u00eddeo:<\/strong> Deje que nuestros expertos guionistas elaboren guiones de v\u00eddeo convincentes y adaptados a la personalidad y los objetivos de su marca. Nuestros guiones cautivar\u00e1n a tu audiencia y dejar\u00e1n un impacto duradero.<\/li>\n<\/ol>\n<p><strong>C\u00f3mo funciona:<\/strong><\/p>\n<ol>\n<li><strong>Cuestionario:<\/strong> Comenzamos con un cuestionario en profundidad para comprender su marca, su p\u00fablico objetivo y sus objetivos de contenido. As\u00ed nos aseguramos de que nuestros contenidos se ajusten perfectamente a su visi\u00f3n.<\/li>\n<li><strong>Creaci\u00f3n de contenidos a medida:<\/strong> Nuestro equipo de expertos elabora de forma creativa y precisa cada pieza de contenido, asegur\u00e1ndose de que resuene entre su audiencia y refuerce la identidad de su marca.<\/li>\n<li><strong>Entrega mensual:<\/strong> Cada mes, recibir\u00e1s un lote de 30 pies de foto escritos por profesionales, 10 DM personalizados, 3 guiones de v\u00eddeo y mucho m\u00e1s, listos para potenciar tu negocio.<\/li>\n<\/ol>\n<p>Todo este contenido y creatividad excepcionales a un precio asequible de s\u00f3lo $99 al mes. Nuestro objetivo es potenciar la estrategia de tu empresa sin arruinarte.<\/p>\n<p><strong>Por qu\u00e9 elegirnos:<\/strong><\/p>\n<ul>\n<li><strong>Experiencia en el sector:<\/strong> Contamos con una amplia experiencia en el sector para adultos, lo que nos permite crear contenidos que se ajustan a las directrices de la plataforma al tiempo que fomentan la participaci\u00f3n.<\/li>\n<li><strong>Excelencia creativa:<\/strong> Nuestro equipo de escritores y guionistas especializados se dedica a producir contenidos de primera calidad que elevan su marca por encima del ruido.<\/li>\n<li><strong>Coherencia y comodidad:<\/strong> Diga adi\u00f3s al estr\u00e9s de la creaci\u00f3n de contenidos. Con nuestro modelo de suscripci\u00f3n mensual, recibir\u00e1s regularmente contenidos frescos y de alta calidad sin ninguna molestia.<\/li>\n<\/ul>\n<p>\u00bfEst\u00e1 preparado para mejorar sus resultados en las redes sociales y dejar una impresi\u00f3n duradera en su p\u00fablico?<\/p>","protected":false},"excerpt":{"rendered":"<p><strong>Consigue 30 pies de foto elaborados por profesionales, 10 DM personalizados para establecer una conexi\u00f3n m\u00e1s profunda con tus seguidores y 3 guiones de v\u00eddeo cautivadores adaptados a tu marca.<\/strong><\/p>\n<p>Nuestro proceso incluye un cuestionario en profundidad para comprender su visi\u00f3n y garantizar la alineaci\u00f3n de los contenidos.<\/p>\n<p>Recibir\u00e1s contenidos frescos y de alta calidad cada mes por s\u00f3lo $99\/mes.<\/p>\n<p>Mejore sus resultados en las redes sociales y deje una impresi\u00f3n duradera en su p\u00fablico.<\/p>\n<p>\u00danase ahora y potencie su negocio.<\/p>\n<p><strong>Una vez realizada la compra, recibir\u00e1 una nota en su recibo con un enlace a un cuestionario que deber\u00e1 rellenar. Si no lo encuentra, <a href=\"https:\/\/subtomy.com\/es\/custom-content-questionnaire\/\">haga clic aqu\u00ed para acceder a la p\u00e1gina del cuestionario<\/a>.\u00a0<\/strong><\/p>","protected":false},"featured_media":2025,"comment_status":"open","ping_status":"closed","template":"","meta":[],"product_brand":[],"product_cat":[179],"product_tag":[],"class_list":{"0":"post-2024","1":"product","2":"type-product","3":"status-publish","4":"has-post-thumbnail","6":"product_cat-micro-services","7":"infinite-scroll-item","8":"no-featured-image-padding","9":"sales-flash-overlay","10":"woocommerce-text-align-center","11":"woocommerce-image-align-center","13":"first","14":"instock","15":"featured","16":"virtual","17":"product-type-subscription"},"aioseo_notices":[],"_links":{"self":[{"href":"https:\/\/subtomy.com\/es\/wp-json\/wp\/v2\/product\/2024","targetHints":{"allow":["GET"]}}],"collection":[{"href":"https:\/\/subtomy.com\/es\/wp-json\/wp\/v2\/product"}],"about":[{"href":"https:\/\/subtomy.com\/es\/wp-json\/wp\/v2\/types\/product"}],"replies":[{"embeddable":true,"href":"https:\/\/subtomy.com\/es\/wp-json\/wp\/v2\/comments?post=2024"}],"wp:featuredmedia":[{"embeddable":true,"href":"https:\/\/subtomy.com\/es\/wp-json\/wp\/v2\/media\/2025"}],"wp:attachment":[{"href":"https:\/\/subtomy.com\/es\/wp-json\/wp\/v2\/media?parent=2024"}],"wp:term":[{"taxonomy":"product_brand","embeddable":true,"href":"https:\/\/subtomy.com\/es\/wp-json\/wp\/v2\/product_brand?post=2024"},{"taxonomy":"product_cat","embeddable":true,"href":"https:\/\/subtomy.com\/es\/wp-json\/wp\/v2\/product_cat?post=2024"},{"taxonomy":"product_tag","embeddable":true,"href":"https:\/\/subtomy.com\/es\/wp-json\/wp\/v2\/product_tag?post=2024"}],"curies":[{"name":"wp","href":"https:\/\/api.w.org\/{rel}","templated":true}]}}