{"id":2174,"date":"2023-12-19T16:09:37","date_gmt":"2023-12-19T21:09:37","guid":{"rendered":"https:\/\/subtomy.com\/?post_type=product&#038;p=2174"},"modified":"2024-02-01T00:00:45","modified_gmt":"2024-02-01T05:00:45","slug":"complete-content-guide-for-february","status":"publish","type":"product","link":"https:\/\/subtomy.com\/es\/producto\/guia-completa-de-contenidos-para-febrero\/","title":{"rendered":"Gu\u00eda completa de contenidos para febrero (tema, subt\u00edtulos, DMs masivos, gui\u00f3n de v\u00eddeo, idea de contenido)"},"content":{"rendered":"<p>Da rienda suelta a tu creatividad y cautiva a tu audiencia con nuestra gu\u00eda meticulosamente elaborada y adaptada espec\u00edficamente para creadores de contenidos para adultos. La \"Gu\u00eda completa de contenidos para febrero\" es tu arma secreta, ya que te proporciona 29 d\u00edas de temas de contenidos cuidadosamente seleccionados, ideas de contenidos detalladas, guiones de v\u00eddeo, pies de foto para redes sociales y DMs masivos personalizados. Mejora tus contenidos para adultos y haz de febrero un mes inolvidable.<\/p>\n<p><strong>Qu\u00e9 hay dentro:<\/strong><\/p>\n<ol>\n<li><strong>Temas de contenido diario:<\/strong> Encienda la pasi\u00f3n y la excitaci\u00f3n con 29 temas de contenido \u00fanicos dise\u00f1ados para resonar con su p\u00fablico adulto. Cada d\u00eda, de sensual a l\u00fadico, ofrece una nueva oportunidad para conectar \u00edntimamente.<\/li>\n<li><strong>Ideas de contenido detalladas:<\/strong> Lib\u00e9rese de las limitaciones creativas con ideas de contenido detalladas que satisfagan los deseos y fantas\u00edas de su p\u00fablico. Dale vida a tus contenidos y haz que vuelvan a por m\u00e1s.<\/li>\n<li><strong>Gui\u00f3n de v\u00eddeo:<\/strong> Convierta sus fantas\u00edas en realidad con guiones de v\u00eddeo elaborados por profesionales. Nuestros guiones est\u00e1n dise\u00f1ados para mejorar tu narrativa, garantizando que tus v\u00eddeos sean atractivos y conecten a un nivel m\u00e1s profundo.<\/li>\n<li><strong>Leyendas en las redes sociales:<\/strong> Seduzca a su p\u00fablico con pies de foto que llamen su atenci\u00f3n y les dejen con ganas de m\u00e1s. Impulsa la participaci\u00f3n y crea una presencia online seductora con pies de foto que capten la esencia de tu contenido.<\/li>\n<li><strong>Plantillas de DM masivo:<\/strong> Maximice su alcance con plantillas personalizadas de mensajes directos matutinos, vespertinos y generales. Cree mensajes \u00edntimos que resuenen con su audiencia, manteniendo su marca en mente durante todo el d\u00eda.<\/li>\n<\/ol>\n<p><strong>Por qu\u00e9 te encantar\u00e1:<\/strong><\/p>\n<ul>\n<li><strong>A la medida de los creadores de contenidos para adultos:<\/strong> Esta gu\u00eda se ha dise\u00f1ado espec\u00edficamente para satisfacer las necesidades y deseos exclusivos de los creadores de contenidos para adultos, garantizando que disponga de las herramientas necesarias para crear contenidos que resuenen entre su audiencia.<\/li>\n<li><strong>Aumento de la creatividad:<\/strong> Lib\u00e9rese de los bloqueos creativos y explore nuevos \u00e1mbitos de la creaci\u00f3n de contenidos para adultos con temas diarios e ideas detalladas que ampl\u00edan los l\u00edmites.<\/li>\n<li><strong>Mayor compromiso:<\/strong> Los subt\u00edtulos seductores, los guiones elaborados por profesionales y los mensajes de texto personalizados se combinan para crear una experiencia envolvente para su audiencia, manteni\u00e9ndola atenta y esperando con impaciencia su pr\u00f3xima creaci\u00f3n.<\/li>\n<\/ul>\n<p>Haz que febrero sea tu mes m\u00e1s picante y atractivo. Pide ahora tu \"Gu\u00eda completa de contenidos para febrero\" y sum\u00e9rgete en un mundo de creaci\u00f3n de contenidos para adultos que traspasa los l\u00edmites y deja una impresi\u00f3n duradera.<\/p>","protected":false},"excerpt":{"rendered":"<p>Encienda la pasi\u00f3n y eleve su creaci\u00f3n de contenidos para adultos con la \"Gu\u00eda completa de contenidos para febrero\". Explora 29 d\u00edas de contenidos tem\u00e1ticos, cada uno de los cuales ofrece ideas detalladas, guiones de v\u00eddeo elaborados por profesionales, atractivos pies de foto para redes sociales y DMs masivos personalizados. Adaptada a los creadores de contenido para adultos, esta gu\u00eda es la clave para un mes de febrero cautivador y atractivo.<\/p>\n<p style=\"text-align: right;\"><em>Disponible en formatos HTML, PDF, CSV y XLS.<\/em><\/p>","protected":false},"featured_media":2179,"comment_status":"closed","ping_status":"closed","template":"","meta":[],"product_brand":[],"product_cat":[183],"product_tag":[142],"class_list":{"0":"post-2174","1":"product","2":"type-product","3":"status-publish","4":"has-post-thumbnail","6":"product_cat-monthly-package","7":"product_tag-onlyfans","8":"infinite-scroll-item","9":"no-featured-image-padding","10":"sales-flash-overlay","11":"woocommerce-text-align-center","12":"woocommerce-image-align-center","13":"wc-has-gallery","15":"first","16":"instock","17":"downloadable","18":"virtual","19":"purchasable","20":"product-type-simple"},"aioseo_notices":[],"_links":{"self":[{"href":"https:\/\/subtomy.com\/es\/wp-json\/wp\/v2\/product\/2174","targetHints":{"allow":["GET"]}}],"collection":[{"href":"https:\/\/subtomy.com\/es\/wp-json\/wp\/v2\/product"}],"about":[{"href":"https:\/\/subtomy.com\/es\/wp-json\/wp\/v2\/types\/product"}],"replies":[{"embeddable":true,"href":"https:\/\/subtomy.com\/es\/wp-json\/wp\/v2\/comments?post=2174"}],"wp:featuredmedia":[{"embeddable":true,"href":"https:\/\/subtomy.com\/es\/wp-json\/wp\/v2\/media\/2179"}],"wp:attachment":[{"href":"https:\/\/subtomy.com\/es\/wp-json\/wp\/v2\/media?parent=2174"}],"wp:term":[{"taxonomy":"product_brand","embeddable":true,"href":"https:\/\/subtomy.com\/es\/wp-json\/wp\/v2\/product_brand?post=2174"},{"taxonomy":"product_cat","embeddable":true,"href":"https:\/\/subtomy.com\/es\/wp-json\/wp\/v2\/product_cat?post=2174"},{"taxonomy":"product_tag","embeddable":true,"href":"https:\/\/subtomy.com\/es\/wp-json\/wp\/v2\/product_tag?post=2174"}],"curies":[{"name":"wp","href":"https:\/\/api.w.org\/{rel}","templated":true}]}}