{"id":585,"date":"2023-04-13T23:44:56","date_gmt":"2023-04-14T04:44:56","guid":{"rendered":"https:\/\/shop.cammodelagency.com\/?post_type=product&#038;p=585"},"modified":"2024-03-26T19:39:22","modified_gmt":"2024-03-27T00:39:22","slug":"onlyfans-captions","status":"publish","type":"product","link":"https:\/\/subtomy.com\/es\/producto\/subtitulos-onlyfans-2\/","title":{"rendered":"Pack de m\u00e1s de 100 pies de foto para OnlyFans, Reddit y redes sociales"},"content":{"rendered":"<p>\u00bfQuieres mantener tu contenido OnlyFans fresco y atractivo? Nuestro pack de leyendas para redes sociales para modelos adultas te lo pone f\u00e1cil.<\/p>\n<p>Con <strong>M\u00c1S de 100 pies de foto \u00fanicos<\/strong> Dise\u00f1ado espec\u00edficamente para contenido para adultos, nuestro pack te ayudar\u00e1 a captar la atenci\u00f3n de tu audiencia y hacer que vuelvan a por m\u00e1s. De coquetos a expl\u00edcitos, nuestros pies de foto cubren una amplia gama de temas y escenarios, para que encuentres el pie de foto perfecto para cada publicaci\u00f3n.<\/p>\n<p>Nuestro formato f\u00e1cil de usar hace que sea sencillo copiar y pegar el pie de foto elegido en tu publicaci\u00f3n de OnlyFans, ahorr\u00e1ndote tiempo y esfuerzo. Adem\u00e1s, con tantas opciones para elegir, nunca te quedar\u00e1s sin ideas para tu contenido.<\/p>\n<p>Tanto si quieres mostrar tu \u00faltimo conjunto de lencer\u00eda, compartir una historia t\u00f3rrida o simplemente conectar con tu audiencia a un nivel m\u00e1s personal, nuestro pack de pies de foto para redes sociales tiene todo lo que necesitas para que tu contenido OnlyFans destaque.<\/p>\n<p>\u00bfA qu\u00e9 esperas? Pide hoy mismo nuestro pack de leyendas para redes sociales OnlyFans y lleva tu contenido al siguiente nivel.<\/p>\n<p>Nuestro pack incluye <strong>M\u00e1s de 100 pies de foto \u00fanicos<\/strong> dise\u00f1ados espec\u00edficamente para el contenido de OnlyFans, para que puedas captar la atenci\u00f3n de tus seguidores y hacer que vuelvan a por m\u00e1s. Tanto si quieres mostrar tu \u00faltimo conjunto de lencer\u00eda como si quieres compartir una escena vaporosa en la ducha o dar a tus seguidores un vistazo entre bastidores de tu rutina diaria, nuestros pies de foto te ayudar\u00e1n a destacar.<\/p>\n<p>Nuestros pies de foto abarcan una amplia gama de temas, desde juguetones a provocativos, pasando por todos los dem\u00e1s. Tanto si quieres provocar a tus seguidores con un adelanto como si quieres seducirlos con un mensaje sensual, tenemos todo lo que necesitas. Y con nuestro formato f\u00e1cil de usar, puedes copiar y pegar r\u00e1pida y f\u00e1cilmente el pie de foto que elijas en tus publicaciones de OnlyFans, ahorr\u00e1ndote tiempo y esfuerzo.<\/p>\n<p>As\u00ed que si est\u00e1s listo para llevar tu contenido OnlyFans al siguiente nivel y mantener a tus seguidores comprometidos y entusiasmados, \u00a1pide hoy mismo nuestro pack de leyendas para redes sociales!<\/p>","protected":false},"excerpt":{"rendered":"<p><strong>Actualizaciones de por vida<\/strong><\/p>\n<p>\u00bfQuieres que tu contenido OnlyFans destaque entre la multitud? No busques m\u00e1s: \u00a1nuestro pack de leyendas para redes sociales para modelos adultas!<\/p>\n<p>Ejemplos<\/p>\n<ul>\n<li><span data-sheets-value=\"{&quot;1&quot;:2,&quot;2&quot;:&quot;Easy as 1-2-3, let's get naughty \ud83d\udc8b Ready to unleash my wild side - who's ready to join me? #ReadyToPlay \ud83d\ude08&quot;}\" data-sheets-userformat=\"{&quot;2&quot;:8961,&quot;3&quot;:{&quot;1&quot;:0},&quot;11&quot;:4,&quot;12&quot;:0,&quot;16&quot;:12}\">Tan f\u00e1cil como 1-2-3, vamos a ser traviesos \ud83d\udc8b Listo para dar rienda suelta a mi lado salvaje - \u00bfqui\u00e9n est\u00e1 listo para unirse a m\u00ed? #ReadyToPlay \ud83d\ude08<\/span><\/li>\n<li><span data-sheets-value=\"{&quot;1&quot;:2,&quot;2&quot;:&quot;Love to tease you with my \ud83d\udc8b\ud83e\udd75 Let's chat and explore our wildest fantasies together! #sexytime&quot;}\" data-sheets-userformat=\"{&quot;2&quot;:8961,&quot;3&quot;:{&quot;1&quot;:0},&quot;11&quot;:4,&quot;12&quot;:0,&quot;16&quot;:12}\">Me encanta provocarte con mi \ud83d\udc8b\ud83e\udd75 \u00a1Chateemos y exploremos juntos nuestras fantas\u00edas m\u00e1s salvajes! #sexytime<\/span><\/li>\n<li><span data-sheets-value=\"{&quot;1&quot;:2,&quot;2&quot;:&quot;Reward yourself with some pleasure \ud83d\udca6 I'm feeling extra naughty today, wanna join me? \ud83d\ude09 #LetMeTeaseYou&quot;}\" data-sheets-userformat=\"{&quot;2&quot;:8961,&quot;3&quot;:{&quot;1&quot;:0},&quot;11&quot;:4,&quot;12&quot;:0,&quot;16&quot;:12}\">Recomp\u00e9nsate con un poco de placer \ud83d\udca6 Hoy me siento extra traviesa, \u00bfquieres acompa\u00f1arme? \ud83d\ude09 #LetMeTeaseYou<\/span><\/li>\n<\/ul>\n<p><strong>(Tambi\u00e9n incluye versiones sin hashtag de cada pie de foto)<\/strong><\/p>","protected":false},"featured_media":2318,"comment_status":"open","ping_status":"closed","template":"","meta":[],"product_brand":[],"product_cat":[22],"product_tag":[142],"class_list":{"0":"post-585","1":"product","2":"type-product","3":"status-publish","4":"has-post-thumbnail","6":"product_cat-captions","7":"product_tag-onlyfans","8":"infinite-scroll-item","9":"no-featured-image-padding","10":"sales-flash-overlay","11":"woocommerce-text-align-center","12":"woocommerce-image-align-center","13":"wc-has-gallery","15":"first","16":"instock","17":"downloadable","18":"virtual","19":"sold-individually","20":"purchasable","21":"product-type-simple"},"aioseo_notices":[],"_links":{"self":[{"href":"https:\/\/subtomy.com\/es\/wp-json\/wp\/v2\/product\/585","targetHints":{"allow":["GET"]}}],"collection":[{"href":"https:\/\/subtomy.com\/es\/wp-json\/wp\/v2\/product"}],"about":[{"href":"https:\/\/subtomy.com\/es\/wp-json\/wp\/v2\/types\/product"}],"replies":[{"embeddable":true,"href":"https:\/\/subtomy.com\/es\/wp-json\/wp\/v2\/comments?post=585"}],"wp:featuredmedia":[{"embeddable":true,"href":"https:\/\/subtomy.com\/es\/wp-json\/wp\/v2\/media\/2318"}],"wp:attachment":[{"href":"https:\/\/subtomy.com\/es\/wp-json\/wp\/v2\/media?parent=585"}],"wp:term":[{"taxonomy":"product_brand","embeddable":true,"href":"https:\/\/subtomy.com\/es\/wp-json\/wp\/v2\/product_brand?post=585"},{"taxonomy":"product_cat","embeddable":true,"href":"https:\/\/subtomy.com\/es\/wp-json\/wp\/v2\/product_cat?post=585"},{"taxonomy":"product_tag","embeddable":true,"href":"https:\/\/subtomy.com\/es\/wp-json\/wp\/v2\/product_tag?post=585"}],"curies":[{"name":"wp","href":"https:\/\/api.w.org\/{rel}","templated":true}]}}