{"id":59,"date":"2022-06-06T15:46:47","date_gmt":"2022-06-06T20:46:47","guid":{"rendered":"https:\/\/shop.cammodelagency.com\/?post_type=product&#038;p=59"},"modified":"2023-09-03T00:47:37","modified_gmt":"2023-09-03T05:47:37","slug":"how-to-sell-your-dick-pics-to-1000-per-month","status":"publish","type":"product","link":"https:\/\/subtomy.com\/es\/producto\/how-to-sell-your-dick-pics-to-1000-per-month\/","title":{"rendered":"C\u00f3mo vender tus fotos D* a $1.000 al mes"},"content":{"rendered":"<h2 style=\"text-align: center;\">C\u00f3mo usted puede hacer $1,000 o m\u00e1s al mes de la venta de Dick Pics Por la liberaci\u00f3n de este plan completo<\/h2>\n<p><img loading=\"lazy\" decoding=\"async\" class=\"aligncenter wp-image-61 size-full\" src=\"https:\/\/subtomy.com\/wp-content\/uploads\/2022\/06\/Selling-Your.jpg\" alt=\"\" width=\"960\" height=\"540\" srcset=\"https:\/\/subtomy.com\/wp-content\/uploads\/2022\/06\/Selling-Your.jpg 960w, https:\/\/subtomy.com\/wp-content\/uploads\/2022\/06\/Selling-Your-600x338.jpg 600w, https:\/\/subtomy.com\/wp-content\/uploads\/2022\/06\/Selling-Your-300x169.jpg 300w, https:\/\/subtomy.com\/wp-content\/uploads\/2022\/06\/Selling-Your-768x432.jpg 768w, https:\/\/subtomy.com\/wp-content\/uploads\/2022\/06\/Selling-Your-18x10.jpg 18w\" sizes=\"auto, (max-width: 960px) 100vw, 960px\" \/><\/p>\n<p style=\"text-align: center;\"><strong><span style=\"color: #008000;\">Aprenda Exactamente C\u00f3mo Estoy Ganando M\u00e1s De $1,100 Por Mes (\u00a1En Piloto Autom\u00e1tico!)<\/span><\/strong><\/p>\n<p>Te encanta hacer fotos, pero no sabes c\u00f3mo ganar dinero con ellas. Ya has probado a venderlas por Internet, pero nunca has conseguido vender nada.<\/p>\n<p>Ahora te presentamos un curso que te ense\u00f1ar\u00e1 c\u00f3mo vender tus fotos de penes en l\u00ednea para obtener un ingreso mensual de $1,000 o m\u00e1s. Esto no es un esquema de hacerse rico r\u00e1pido; es una gu\u00eda paso a paso que le mostrar\u00e1 c\u00f3mo construir un exitoso negocio de fotos de pene desde cero.<\/p>\n<p>Aprende a vender tus fotos de pollas en Internet y g\u00e1nate la vida a tiempo completo haciendo lo que te gusta. Este curso de v\u00eddeo te lleva a trav\u00e9s de todo lo que necesita saber, desde encontrar el mercado adecuado para sus fotos para la gesti\u00f3n de clientes.<\/p>\n<p>Con este <strong>curso de v\u00eddeo<\/strong>obtendr\u00e1 un volcado de conocimientos de todo, desde<\/p>\n<ul>\n<li>Qu\u00e9 plataforma utilizar<\/li>\n<li>C\u00f3mo gestionar clientes<\/li>\n<li>C\u00f3mo aumentar su cartera de clientes<\/li>\n<li>Una forma de automatizar 97% del negocio<\/li>\n<\/ul>\n<p>Lo que hay dentro:<\/p>\n<ul>\n<li>12 v\u00eddeos que le guiar\u00e1n <strong>EXACTAMENTE<\/strong> c\u00f3mo empezar<\/li>\n<li>Un PDF con toda la presentaci\u00f3n para que pueda consultar f\u00e1cilmente los puntos clave del curso.<\/li>\n<\/ul>\n<p>Hay mucha gente interesada en vender fotos de pollas en Internet. Al fin y al cabo, es una forma estupenda de ganar dinero extra. \u00bfY a qui\u00e9n no le gustan los penes?<\/p>\n<p>Sin embargo, antes de empezar a vender tus fotos, tienes que saber c\u00f3mo hacerlo. Ah\u00ed es donde entra en juego nuestro curso en v\u00eddeo. Te ense\u00f1aremos todo lo que necesitas saber, desde c\u00f3mo encontrar a los compradores adecuados hasta qu\u00e9 tipo de fotos buscan.<\/p>\n<p>Tanto si eres un profesional experimentado como si acabas de empezar, nuestro curso te ayudar\u00e1 a sacar el m\u00e1ximo partido a tus fotos de penes.<\/p>\n<p>\u00bfA qu\u00e9 espera?<\/p>","protected":false},"excerpt":{"rendered":"<p>Aprende a vender tus fotos de pollas en Internet y g\u00e1nate la vida a tiempo completo haciendo lo que te gusta. Este curso de v\u00eddeo te lleva a trav\u00e9s de todo lo que necesita saber, desde encontrar el mercado adecuado para sus fotos para la gesti\u00f3n de clientes.<\/p>\n<p><strong>Despl\u00e1cese hacia abajo para ver el v\u00eddeo sobre lo que obtendr\u00e1 en este curso \ud83d\udc47\ud83c\udffe<\/strong><\/p>","protected":false},"featured_media":1539,"comment_status":"open","ping_status":"closed","template":"","meta":[],"product_brand":[],"product_cat":[41],"product_tag":[33,40],"class_list":{"0":"post-59","1":"product","2":"type-product","3":"status-publish","4":"has-post-thumbnail","6":"product_cat-video-course","7":"product_tag-men","8":"product_tag-video","9":"infinite-scroll-item","10":"no-featured-image-padding","11":"sales-flash-overlay","12":"woocommerce-text-align-center","13":"woocommerce-image-align-center","15":"first","16":"instock","17":"downloadable","18":"virtual","19":"sold-individually","20":"purchasable","21":"product-type-simple"},"aioseo_notices":[],"_links":{"self":[{"href":"https:\/\/subtomy.com\/es\/wp-json\/wp\/v2\/product\/59","targetHints":{"allow":["GET"]}}],"collection":[{"href":"https:\/\/subtomy.com\/es\/wp-json\/wp\/v2\/product"}],"about":[{"href":"https:\/\/subtomy.com\/es\/wp-json\/wp\/v2\/types\/product"}],"replies":[{"embeddable":true,"href":"https:\/\/subtomy.com\/es\/wp-json\/wp\/v2\/comments?post=59"}],"wp:featuredmedia":[{"embeddable":true,"href":"https:\/\/subtomy.com\/es\/wp-json\/wp\/v2\/media\/1539"}],"wp:attachment":[{"href":"https:\/\/subtomy.com\/es\/wp-json\/wp\/v2\/media?parent=59"}],"wp:term":[{"taxonomy":"product_brand","embeddable":true,"href":"https:\/\/subtomy.com\/es\/wp-json\/wp\/v2\/product_brand?post=59"},{"taxonomy":"product_cat","embeddable":true,"href":"https:\/\/subtomy.com\/es\/wp-json\/wp\/v2\/product_cat?post=59"},{"taxonomy":"product_tag","embeddable":true,"href":"https:\/\/subtomy.com\/es\/wp-json\/wp\/v2\/product_tag?post=59"}],"curies":[{"name":"wp","href":"https:\/\/api.w.org\/{rel}","templated":true}]}}