{"id":608,"date":"2023-04-14T19:14:00","date_gmt":"2023-04-15T00:14:00","guid":{"rendered":"https:\/\/shop.cammodelagency.com\/?post_type=product&#038;p=608"},"modified":"2024-03-02T21:46:54","modified_gmt":"2024-03-03T02:46:54","slug":"findom-caption-pack","status":"publish","type":"product","link":"https:\/\/subtomy.com\/es\/producto\/findom-caption-pack\/","title":{"rendered":"100+ FinDom\/Financial Domination Caption Pack para Redes Sociales, Reddit, Onlyfans, etc."},"content":{"rendered":"<p>Si eres un modelo adulto que ofrece servicios de dominaci\u00f3n financiera y quieres atraer a tus pagadores y esclavos financieros, \u00a1nuestro paquete de leyendas de dominaci\u00f3n financiera para redes sociales es exactamente lo que necesitas!<\/p>\n<p>Nuestro pack incluye 100 pies de foto \u00fanicos dise\u00f1ados para ayudarte a afirmar tu dominio, hacer que tus seguidores se sientan sumisos y, en \u00faltima instancia, aumentar tus ganancias. Tanto si quieres presumir de tu ropa de dise\u00f1o, alardear de tu lujoso estilo de vida o simplemente recordar a tus seguidores qui\u00e9n manda, nuestros pies de foto te ayudar\u00e1n a dar la nota.<\/p>\n<p>Nuestros pies de foto cubren una amplia gama de temas, desde la burla a la mofa y todo lo dem\u00e1s. Tanto si quieres inspirar a tus seguidores para que te rindan tributo, ofrecer contenido exclusivo a tus mejores pagadores o recordar a todo el mundo el lugar que ocupan en tu mundo, tenemos todo lo que necesitas. Y con nuestro formato f\u00e1cil de usar, puedes copiar y pegar r\u00e1pida y f\u00e1cilmente el pie de foto que elijas en tus publicaciones en las redes sociales, ahorr\u00e1ndote tiempo y esfuerzo.<\/p>\n<p>As\u00ed que si est\u00e1s listo para llevar tu juego de dominaci\u00f3n financiera al siguiente nivel y maximizar tus ganancias, \u00a1pide hoy mismo nuestro paquete de captaci\u00f3n de medios sociales de dominaci\u00f3n financiera!<\/p>","protected":false},"excerpt":{"rendered":"<p>Nuestro pack incluye 100 pies de foto \u00fanicos dise\u00f1ados para ayudarte a cautivar a tus seguidores de findom y conseguir que abran la cartera por ti. Tanto si publicas una foto tuya con un atuendo lujoso, como si haces alarde de tu riqueza y poder, o simplemente dejas caer un mensaje provocativo, nuestros pies de foto te ayudar\u00e1n a causar impacto.<\/p>\n<p><strong>Ejemplos:<\/strong><\/p>\n<ul>\n<li><span data-sheets-value=\"{&quot;1&quot;:2,&quot;2&quot;:&quot;Better start counting those coins, boys. \ud83d\udcb0 I'm not here to play nice - I'm here to take your hard earned cash and put it in my pocket where it belongs. Come and get a taste of what you can't resist...you know you want to! \ud83d\ude08 #Goddess&quot;}\" data-sheets-userformat=\"{&quot;2&quot;:8961,&quot;3&quot;:{&quot;1&quot;:0},&quot;11&quot;:4,&quot;12&quot;:0,&quot;16&quot;:12}\">Ser\u00e1 mejor que empec\u00e9is a contar esas monedas, chicos. \ud83d\udcb0 No estoy aqu\u00ed para jugar limpio - Estoy aqu\u00ed para tomar su dinero duramente ganado y ponerlo en mi bolsillo donde pertenece. Ven y prueba lo que no puedes resistir... \u00a1sabes que quieres! \ud83d\ude08 #Goddess<\/span><\/li>\n<li><span data-sheets-value=\"{&quot;1&quot;:2,&quot;2&quot;:&quot;Flawless and in control, I live for the power games that come with financial domination. Your extravagance is my pleasure; you will beg to be my pay pig \ud83e\udd11\ud83d\udcb0&quot;}\" data-sheets-userformat=\"{&quot;2&quot;:8961,&quot;3&quot;:{&quot;1&quot;:0},&quot;11&quot;:4,&quot;12&quot;:0,&quot;16&quot;:12}\">Impecable y en control, vivo para los juegos de poder que vienen con la dominaci\u00f3n financiera. Tu extravagancia es mi placer; suplicar\u00e1s ser mi cerdo de pago \ud83e\udd11\ud83d\udcb0.<\/span><\/li>\n<li><span data-sheets-value=\"{&quot;1&quot;:2,&quot;2&quot;:&quot;Look at you, so desperate and thirsty for a Goddess like me. You're nothing more than my piggy bank, ready to do whatever it takes to be allowed to worship me \ud83d\udcb0\ud83d\udc51&quot;}\" data-sheets-userformat=\"{&quot;2&quot;:8961,&quot;3&quot;:{&quot;1&quot;:0},&quot;11&quot;:4,&quot;12&quot;:0,&quot;16&quot;:12}\">M\u00edrate, tan desesperada y sedienta de una Diosa como yo. No eres m\u00e1s que mi hucha, dispuesta a lo que haga falta para que te permita adorarme \ud83d\udcb0\ud83d\udc51.<\/span><\/li>\n<\/ul>","protected":false},"featured_media":2252,"comment_status":"open","ping_status":"closed","template":"","meta":[],"product_brand":[],"product_cat":[22],"product_tag":[28],"class_list":{"0":"post-608","1":"product","2":"type-product","3":"status-publish","4":"has-post-thumbnail","6":"product_cat-captions","7":"product_tag-findom","8":"infinite-scroll-item","9":"no-featured-image-padding","10":"sales-flash-overlay","11":"woocommerce-text-align-center","12":"woocommerce-image-align-center","13":"wc-has-gallery","15":"first","16":"instock","17":"downloadable","18":"virtual","19":"sold-individually","20":"purchasable","21":"product-type-simple"},"aioseo_notices":[],"_links":{"self":[{"href":"https:\/\/subtomy.com\/es\/wp-json\/wp\/v2\/product\/608","targetHints":{"allow":["GET"]}}],"collection":[{"href":"https:\/\/subtomy.com\/es\/wp-json\/wp\/v2\/product"}],"about":[{"href":"https:\/\/subtomy.com\/es\/wp-json\/wp\/v2\/types\/product"}],"replies":[{"embeddable":true,"href":"https:\/\/subtomy.com\/es\/wp-json\/wp\/v2\/comments?post=608"}],"wp:featuredmedia":[{"embeddable":true,"href":"https:\/\/subtomy.com\/es\/wp-json\/wp\/v2\/media\/2252"}],"wp:attachment":[{"href":"https:\/\/subtomy.com\/es\/wp-json\/wp\/v2\/media?parent=608"}],"wp:term":[{"taxonomy":"product_brand","embeddable":true,"href":"https:\/\/subtomy.com\/es\/wp-json\/wp\/v2\/product_brand?post=608"},{"taxonomy":"product_cat","embeddable":true,"href":"https:\/\/subtomy.com\/es\/wp-json\/wp\/v2\/product_cat?post=608"},{"taxonomy":"product_tag","embeddable":true,"href":"https:\/\/subtomy.com\/es\/wp-json\/wp\/v2\/product_tag?post=608"}],"curies":[{"name":"wp","href":"https:\/\/api.w.org\/{rel}","templated":true}]}}