{"id":612,"date":"2023-04-14T21:16:41","date_gmt":"2023-04-15T02:16:41","guid":{"rendered":"https:\/\/shop.cammodelagency.com\/?post_type=product&#038;p=612"},"modified":"2023-05-15T22:43:41","modified_gmt":"2023-05-16T03:43:41","slug":"solo-vid-captions","status":"publish","type":"product","link":"https:\/\/subtomy.com\/es\/producto\/subtitulos-de-videos-en-solitario\/","title":{"rendered":"100+ Solo Vid and POV Captions for Social Media, OnlyFans, Reddit, etc."},"content":{"rendered":"<p>Si eres una modelo para adultos que vende v\u00eddeos de masturbaci\u00f3n en solitario y quieres captar la atenci\u00f3n de tu p\u00fablico en las redes sociales, nuestro pack de leyendas para redes sociales sobre masturbaci\u00f3n en solitario es exactamente lo que necesitas.<\/p>\n<p>Nuestro pack incluye 100 pies de foto \u00fanicos dise\u00f1ados para ayudarte a cautivar a tus seguidores y entusiasmarlos con el contenido de tus v\u00eddeos. Tanto si compartes un adelanto de tu \u00faltima sesi\u00f3n en solitario como si quieres que tus seguidores vean entre bastidores tu proceso, nuestros pies de foto te ayudar\u00e1n a causar impacto.<\/p>\n<p>Nuestros pies de foto abarcan una amplia gama de temas, desde los m\u00e1s sensuales a los m\u00e1s picantes, pasando por todos los dem\u00e1s. Tanto si quieres provocar a tus seguidores con un mensaje juguet\u00f3n como si quieres invitarles directamente a que se unan a ti, tenemos todo lo que necesitas. Y con nuestro formato f\u00e1cil de usar, puedes copiar y pegar r\u00e1pida y f\u00e1cilmente el pie de foto que elijas en tus publicaciones en las redes sociales, ahorr\u00e1ndote tiempo y esfuerzo.<\/p>\n<p>As\u00ed que si est\u00e1s listo para llevar tus ventas de v\u00eddeos de masturbaci\u00f3n en solitario al siguiente nivel y hacer que tus seguidores vuelvan a por m\u00e1s, \u00a1pide hoy mismo nuestro pack de subt\u00edtulos para redes sociales de masturbaci\u00f3n en solitario!<\/p>","protected":false},"excerpt":{"rendered":"<p>Whether posting a sensual photo of yourself in the act, sharing a steamy video, or simply dropping a provocative message, our captions will help you captivate your audience.<\/p>\n<p><strong>Examples:<\/strong><\/p>\n<ul>\n<li><span data-sheets-value=\"{&quot;1&quot;:2,&quot;2&quot;:&quot;Exquisite pleasure awaits! \ud83d\udca6 I'm feeling so sexy and ready to show you just how I get off all by myself. Come join me for some naughty fun! \ud83d\ude09 &quot;}\" data-sheets-userformat=\"{&quot;2&quot;:14400,&quot;9&quot;:0,&quot;14&quot;:{&quot;1&quot;:2,&quot;2&quot;:0},&quot;15&quot;:&quot;Verdana&quot;,&quot;16&quot;:11}\">Exquisite pleasure awaits! \ud83d\udca6 I&#8217;m feeling so sexy and ready to show you just how I get off all by myself. Come join me for some naughty fun! \ud83d\ude09 <\/span><\/li>\n<li><span data-sheets-value=\"{&quot;1&quot;:2,&quot;2&quot;:&quot;For members only: \ud83d\udca6 Tonight I'm embracing my inner goddess and getting naughty with myself! Join me for an intimate solo session that will make you melt. &quot;}\" data-sheets-userformat=\"{&quot;2&quot;:14400,&quot;9&quot;:0,&quot;14&quot;:{&quot;1&quot;:2,&quot;2&quot;:0},&quot;15&quot;:&quot;Verdana&quot;,&quot;16&quot;:11}\">For members only: \ud83d\udca6 Tonight I&#8217;m embracing my inner goddess and getting naughty with myself! Join me for an intimate solo session that will make you melt. <\/span><\/li>\n<li><span data-sheets-value=\"{&quot;1&quot;:2,&quot;2&quot;:&quot;New video \ud83d\udd25\ud83d\udca6\ud83d\udc45 Come watch me take care of myself &amp; get lost in my pleasure. I'm feeling sooooo sexy, let's talk while I make myself feel pretty ;) &quot;}\" data-sheets-userformat=\"{&quot;2&quot;:14400,&quot;9&quot;:0,&quot;14&quot;:{&quot;1&quot;:2,&quot;2&quot;:0},&quot;15&quot;:&quot;Verdana&quot;,&quot;16&quot;:11}\">New video \ud83d\udd25\ud83d\udc45 Come watch me take care of myself &amp; get lost in my pleasure. I&#8217;m feeling sooooo sexy, let&#8217;s talk while I make myself feel pretty \ud83d\ude09 <\/span><\/li>\n<\/ul>\n<div class=\"flex flex-grow flex-col gap-3\">\n<div class=\"min-h-[20px] flex flex-col items-start gap-4 whitespace-pre-wrap\">\n<div class=\"markdown prose w-full break-words dark:prose-invert light\">\n<p>So if you&#8217;re ready to promote your solo masturbation video and increase your earnings, order our solo masturbation social media caption pack today!<\/p>\n<\/div>\n<\/div>\n<\/div>\n","protected":false},"featured_media":1226,"comment_status":"open","ping_status":"closed","template":"","meta":[],"product_brand":[],"product_cat":[22],"product_tag":[37],"class_list":{"0":"post-612","1":"product","2":"type-product","3":"status-publish","4":"has-post-thumbnail","6":"product_cat-captions","7":"product_tag-solo-video","8":"infinite-scroll-item","9":"no-featured-image-padding","10":"sales-flash-overlay","11":"woocommerce-text-align-center","12":"woocommerce-image-align-center","13":"wc-has-gallery","15":"first","16":"instock","17":"downloadable","18":"virtual","19":"sold-individually","20":"purchasable","21":"product-type-simple"},"aioseo_notices":[],"_links":{"self":[{"href":"https:\/\/subtomy.com\/es\/wp-json\/wp\/v2\/product\/612","targetHints":{"allow":["GET"]}}],"collection":[{"href":"https:\/\/subtomy.com\/es\/wp-json\/wp\/v2\/product"}],"about":[{"href":"https:\/\/subtomy.com\/es\/wp-json\/wp\/v2\/types\/product"}],"replies":[{"embeddable":true,"href":"https:\/\/subtomy.com\/es\/wp-json\/wp\/v2\/comments?post=612"}],"wp:featuredmedia":[{"embeddable":true,"href":"https:\/\/subtomy.com\/es\/wp-json\/wp\/v2\/media\/1226"}],"wp:attachment":[{"href":"https:\/\/subtomy.com\/es\/wp-json\/wp\/v2\/media?parent=612"}],"wp:term":[{"taxonomy":"product_brand","embeddable":true,"href":"https:\/\/subtomy.com\/es\/wp-json\/wp\/v2\/product_brand?post=612"},{"taxonomy":"product_cat","embeddable":true,"href":"https:\/\/subtomy.com\/es\/wp-json\/wp\/v2\/product_cat?post=612"},{"taxonomy":"product_tag","embeddable":true,"href":"https:\/\/subtomy.com\/es\/wp-json\/wp\/v2\/product_tag?post=612"}],"curies":[{"name":"wp","href":"https:\/\/api.w.org\/{rel}","templated":true}]}}