{"id":656,"date":"2023-04-17T18:36:29","date_gmt":"2023-04-17T23:36:29","guid":{"rendered":"https:\/\/shop.cammodelagency.com\/?post_type=product&#038;p=656"},"modified":"2023-05-15T22:43:07","modified_gmt":"2023-05-16T03:43:07","slug":"fitness-girl-captions","status":"publish","type":"product","link":"https:\/\/subtomy.com\/es\/producto\/fitness-girl-captions\/","title":{"rendered":"100+ leyendas de chicas en forma para OnlyFans, Reddit, redes sociales"},"content":{"rendered":"<p>\u00bfEres una modelo de OnlyFans a la que le encanta mantenerse en forma y mostrar su f\u00edsico tonificado en las redes sociales? Nuestro pack de leyendas para chicas en forma est\u00e1 aqu\u00ed para ayudarte a promocionar tus servicios y atraer a tus seguidores.<\/p>\n<p>Nuestro pack incluye m\u00e1s de 100 pies de foto \u00fanicos dise\u00f1ados para ayudarte a mostrar tu duro trabajo y dedicaci\u00f3n al fitness mientras promocionas tus servicios de v\u00eddeo. Nuestros pies de foto te ayudar\u00e1n a captar la atenci\u00f3n de tu p\u00fablico y a mostrar tu cuerpo en forma y tonificado, tanto si publicas una foto tuya con tu ropa de entrenamiento favorita como si compartes un mensaje en el que destaques tu trayectoria en el mundo del fitness.<\/p>\n<p>Nuestros pies de foto cubren una amplia gama de temas, desde la motivaci\u00f3n a la inspiraci\u00f3n, y todo lo dem\u00e1s. Tanto si quieres compartir tus frases favoritas de fitness como si quieres mostrar tu progreso hacia tus objetivos de fitness, tenemos todo lo que necesitas. Y con nuestro formato f\u00e1cil de usar, puedes copiar y pegar r\u00e1pida y f\u00e1cilmente el pie de foto que elijas en tus publicaciones en las redes sociales, lo que te ahorrar\u00e1 tiempo y esfuerzo.<\/p>\n<p>Ejemplos:<\/p>\n<ul>\n<li><span data-sheets-value=\"{&quot;1&quot;:2,&quot;2&quot;:&quot;All of your fantasies come true when you join my OnlyFans. \ud83d\udc8b Get a glimpse of my sexy workouts, where I show off my strength and beauty. Come chat with me for something special - let's start the heat! \ud83d\ude09 &quot;}\" data-sheets-userformat=\"{&quot;2&quot;:14656,&quot;9&quot;:0,&quot;11&quot;:4,&quot;14&quot;:{&quot;1&quot;:2,&quot;2&quot;:0},&quot;15&quot;:&quot;Verdana&quot;,&quot;16&quot;:11}\">Todas tus fantas\u00edas se hacen realidad cuando te unes a mi OnlyFans. \ud83d\udc8b Echa un vistazo a mis entrenamientos sexys, donde presumo de fuerza y belleza. Ven a chatear conmigo para algo especial - \u00a1que empiece el calor! \ud83d\ude09. <\/span><\/li>\n<li><span data-sheets-value=\"{&quot;1&quot;:2,&quot;2&quot;:&quot;Gorgeous, strong and ready for anything! \ud83d\udcaa Workin' on my fitness all day long. Working up a sweat and getting extra sexy for you - come talk to me about it on OnlyFans! \ud83d\ude09 &quot;}\" data-sheets-userformat=\"{&quot;2&quot;:14656,&quot;9&quot;:0,&quot;11&quot;:4,&quot;14&quot;:{&quot;1&quot;:2,&quot;2&quot;:0},&quot;15&quot;:&quot;Verdana&quot;,&quot;16&quot;:11}\">\u00a1Guap\u00edsima, fuerte y dispuesta a todo! \ud83d\udcaa Trabajando en mi forma f\u00edsica todo el d\u00eda. Sudando la gota gorda y poni\u00e9ndome extra sexy para ti - \u00a1ven a hablar conmigo sobre ello en OnlyFans! \ud83d\ude09. <\/span><\/li>\n<li><span data-sheets-value=\"{&quot;1&quot;:2,&quot;2&quot;:&quot;Top off my workout with a \ud83e\udd75 sexy sweat sesh. Showing off my strong, toned body and curves is one of my favorite things to do. Come follow me on OnlyFans to see more pics and hear what I have to say! Let's get flirty and talk about all the naughty thoughts you have \ud83d\ude09 #LetMeSweatOnYou&quot;}\" data-sheets-userformat=\"{&quot;2&quot;:8961,&quot;3&quot;:{&quot;1&quot;:0},&quot;11&quot;:4,&quot;12&quot;:0,&quot;16&quot;:12}\">Remato mi entrenamiento con una sesi\u00f3n de sudor \ud83e\udd75 sexy. Mostrar mi cuerpo fuerte y tonificado y mis curvas es una de mis cosas favoritas. S\u00edgueme en OnlyFans para ver m\u00e1s fotos y escuchar lo que tengo que decir. Vamos a coquetear y hablar de todos los pensamientos traviesos que tienes \ud83d\ude09 #LetMeSweatOnYou<\/span><\/li>\n<\/ul>\n<p>As\u00ed que si eres una modelo en forma y tonificada de OnlyFans que quiere captar la atenci\u00f3n de sus seguidores y promocionar sus servicios, \u00a1pide hoy mismo nuestro pack de leyendas medi\u00e1ticas para chicas en forma!<\/p>","protected":false},"excerpt":{"rendered":"<p><strong>Acceso de por vida y actualizaciones gratuitas<\/strong><\/p>\n<p>\u00bfEres una modelo de OnlyFans a la que le encanta mantenerse en forma y mostrar su f\u00edsico tonificado en las redes sociales? Nuestro pack de leyendas para chicas en forma est\u00e1 aqu\u00ed para ayudarte a promocionar tus servicios y atraer a tus seguidores.<\/p>\n<p>Ejemplos:<\/p>\n<ul>\n<li><span data-sheets-value=\"{&quot;1&quot;:2,&quot;2&quot;:&quot;All of your fantasies come true when you join my OnlyFans. \ud83d\udc8b Get a glimpse of my sexy workouts, where I show off my strength and beauty. Come chat with me for something special - let's start the heat! \ud83d\ude09 &quot;}\" data-sheets-userformat=\"{&quot;2&quot;:14656,&quot;9&quot;:0,&quot;11&quot;:4,&quot;14&quot;:{&quot;1&quot;:2,&quot;2&quot;:0},&quot;15&quot;:&quot;Verdana&quot;,&quot;16&quot;:11}\">Todas tus fantas\u00edas se hacen realidad cuando te unes a mi OnlyFans. \ud83d\udc8b Echa un vistazo a mis entrenamientos sexys, donde presumo de fuerza y belleza. Ven a chatear conmigo para algo especial - \u00a1que empiece el calor! \ud83d\ude09. <\/span><\/li>\n<li><span data-sheets-value=\"{&quot;1&quot;:2,&quot;2&quot;:&quot;Gorgeous, strong and ready for anything! \ud83d\udcaa Workin' on my fitness all day long. Working up a sweat and getting extra sexy for you - come talk to me about it on OnlyFans! \ud83d\ude09 &quot;}\" data-sheets-userformat=\"{&quot;2&quot;:14656,&quot;9&quot;:0,&quot;11&quot;:4,&quot;14&quot;:{&quot;1&quot;:2,&quot;2&quot;:0},&quot;15&quot;:&quot;Verdana&quot;,&quot;16&quot;:11}\">\u00a1Guap\u00edsima, fuerte y dispuesta a todo! \ud83d\udcaa Trabajando en mi forma f\u00edsica todo el d\u00eda. Sudando la gota gorda y poni\u00e9ndome extra sexy para ti - \u00a1ven a hablar conmigo sobre ello en OnlyFans! \ud83d\ude09. <\/span><\/li>\n<li><span data-sheets-value=\"{&quot;1&quot;:2,&quot;2&quot;:&quot;Top off my workout with a \ud83e\udd75 sexy sweat sesh. Showing off my strong, toned body and curves is one of my favorite things to do. Come follow me on OnlyFans to see more pics and hear what I have to say! Let's get flirty and talk about all the naughty thoughts you have \ud83d\ude09 #LetMeSweatOnYou&quot;}\" data-sheets-userformat=\"{&quot;2&quot;:8961,&quot;3&quot;:{&quot;1&quot;:0},&quot;11&quot;:4,&quot;12&quot;:0,&quot;16&quot;:12}\">Remato mi entrenamiento con una sesi\u00f3n de sudor \ud83e\udd75 sexy. Mostrar mi cuerpo fuerte y tonificado y mis curvas es una de mis cosas favoritas. S\u00edgueme en OnlyFans para ver m\u00e1s fotos y escuchar lo que tengo que decir. Vamos a coquetear y hablar de todos los pensamientos traviesos que tienes \ud83d\ude09 #LetMeSweatOnYou<\/span><\/li>\n<\/ul>","protected":false},"featured_media":1233,"comment_status":"open","ping_status":"closed","template":"","meta":[],"product_brand":[],"product_cat":[22],"product_tag":[29],"class_list":{"0":"post-656","1":"product","2":"type-product","3":"status-publish","4":"has-post-thumbnail","6":"product_cat-captions","7":"product_tag-fitness-girls","8":"infinite-scroll-item","9":"no-featured-image-padding","10":"sales-flash-overlay","11":"woocommerce-text-align-center","12":"woocommerce-image-align-center","13":"wc-has-gallery","15":"first","16":"instock","17":"downloadable","18":"virtual","19":"sold-individually","20":"purchasable","21":"product-type-simple"},"aioseo_notices":[],"_links":{"self":[{"href":"https:\/\/subtomy.com\/es\/wp-json\/wp\/v2\/product\/656","targetHints":{"allow":["GET"]}}],"collection":[{"href":"https:\/\/subtomy.com\/es\/wp-json\/wp\/v2\/product"}],"about":[{"href":"https:\/\/subtomy.com\/es\/wp-json\/wp\/v2\/types\/product"}],"replies":[{"embeddable":true,"href":"https:\/\/subtomy.com\/es\/wp-json\/wp\/v2\/comments?post=656"}],"wp:featuredmedia":[{"embeddable":true,"href":"https:\/\/subtomy.com\/es\/wp-json\/wp\/v2\/media\/1233"}],"wp:attachment":[{"href":"https:\/\/subtomy.com\/es\/wp-json\/wp\/v2\/media?parent=656"}],"wp:term":[{"taxonomy":"product_brand","embeddable":true,"href":"https:\/\/subtomy.com\/es\/wp-json\/wp\/v2\/product_brand?post=656"},{"taxonomy":"product_cat","embeddable":true,"href":"https:\/\/subtomy.com\/es\/wp-json\/wp\/v2\/product_cat?post=656"},{"taxonomy":"product_tag","embeddable":true,"href":"https:\/\/subtomy.com\/es\/wp-json\/wp\/v2\/product_tag?post=656"}],"curies":[{"name":"wp","href":"https:\/\/api.w.org\/{rel}","templated":true}]}}