{"id":695,"date":"2023-04-18T13:17:03","date_gmt":"2023-04-18T18:17:03","guid":{"rendered":"https:\/\/shop.cammodelagency.com\/?post_type=product&#038;p=695"},"modified":"2024-04-01T18:47:40","modified_gmt":"2024-04-01T23:47:40","slug":"bbw-captions","status":"publish","type":"product","link":"https:\/\/subtomy.com\/es\/producto\/bbw-captions\/","title":{"rendered":"100+ leyendas BBW para redes sociales, OnlyFans, Reddit, etc."},"content":{"rendered":"<p>Presentamos la soluci\u00f3n definitiva para las modelos BBW de OnlyFans que buscan mejorar su presencia en las redes sociales y atraer a m\u00e1s seguidores: el pack de leyendas BBW para redes sociales. Este paquete est\u00e1 dise\u00f1ado espec\u00edficamente para modelos que quieren mostrar su belleza \u00fanica y activos de una manera que es a la vez sexy y empoderamiento.<\/p>\n<p>Con el paquete de pies de foto BBW para redes sociales, recibir\u00e1s una serie de pies de foto personalizados que se adaptan a las necesidades de las modelos BBW. Nuestros pies de foto son atractivos, llaman la atenci\u00f3n y est\u00e1n cuidadosamente dise\u00f1ados para resaltar tus activos de la mejor manera posible. Desde frases divertidas hasta preguntas que invitan a la reflexi\u00f3n, nuestros pies de foto est\u00e1n dise\u00f1ados para suscitar conversaciones y conectar con tus fans a un nivel m\u00e1s profundo.<\/p>\n<p>Nuestro equipo de expertos en redes sociales comprende los retos a los que se enfrentan las modelos BBW y ha dise\u00f1ado este pack pensando en tus necesidades. Sabemos c\u00f3mo acentuar tus curvas y hacerte sentir segura y sexy, sin recurrir a est\u00e1ndares de belleza poco realistas o inalcanzables.<\/p>\n<p>Tanto si acabas de empezar en OnlyFans como si quieres llevar tu negocio al siguiente nivel, el BBW Social Media Caption Pack es la herramienta perfecta para aumentar tu visibilidad y atraer a m\u00e1s seguidores. Con nuestra estrategia integral de redes sociales, podr\u00e1s construir un grupo de seguidores fuerte y comprometido que aprecie tu belleza \u00fanica y apoye tu \u00e9xito.<\/p>\n<p>Nuestros pies de foto abarcan una amplia gama de temas, entre los que se incluyen ser gorda, querer hablar con los fans y estar cachonda. Entendemos que estos son elementos importantes de la industria del modelaje BBW y hemos creado subt\u00edtulos que hablan de estos temas de una manera que es a la vez de buen gusto y atractivo.<\/p>\n<p><strong>Por ejemplo<\/strong><\/p>\n<ul>\n<li><span data-sheets-value=\"{&quot;1&quot;:2,&quot;2&quot;:&quot;What are you waiting for? \ud83d\udd25\ud83e\udd24 I'm a thick BBW who loves to talk naughty with my fans. Come get your fill of all this juicy goodness, you won't regret it! \ud83d\ude09 &quot;}\" data-sheets-userformat=\"{&quot;2&quot;:14656,&quot;9&quot;:0,&quot;11&quot;:4,&quot;14&quot;:{&quot;1&quot;:2,&quot;2&quot;:0},&quot;15&quot;:&quot;Verdana&quot;,&quot;16&quot;:11}\">\u00bfQu\u00e9 est\u00e1s esperando? \ud83d\udd25\ud83e\udd24 Soy una BBW gruesa a la que le encanta hablar travieso con mis fans. Ven a llenarte de toda esta jugosa bondad, \u00a1no te arrepentir\u00e1s! \ud83d\ude09 . <\/span><\/li>\n<li><span data-sheets-value=\"{&quot;1&quot;:2,&quot;2&quot;:&quot;Stunningly thick and oh so ready to talk \ud83d\udc45 DM me for a naughty chat. I'm feeling some major \ud83d\udd25\ud83d\udd25 tonight - let's share it together! &quot;}\" data-sheets-userformat=\"{&quot;2&quot;:14656,&quot;9&quot;:0,&quot;11&quot;:4,&quot;14&quot;:{&quot;1&quot;:2,&quot;2&quot;:0},&quot;15&quot;:&quot;Verdana&quot;,&quot;16&quot;:11}\">Impresionantemente grueso y oh tan listo para hablar \ud83d\udc45 DM m\u00ed para una charla traviesa. Me siento muy \ud83d\udd25\ud83d\udd25 esta noche - \u00a1compart\u00e1moslo juntos! <\/span><\/li>\n<li><span data-sheets-value=\"{&quot;1&quot;:2,&quot;2&quot;:&quot;More curves than you can handle \ud83e\udd24 Thick thighs, juicy booty, and ready to get naughty! Come explore my world and let's have some fun \ud83d\udd25 &quot;}\" data-sheets-userformat=\"{&quot;2&quot;:14656,&quot;9&quot;:0,&quot;11&quot;:4,&quot;14&quot;:{&quot;1&quot;:2,&quot;2&quot;:0},&quot;15&quot;:&quot;Verdana&quot;,&quot;16&quot;:11}\">M\u00e1s curvas de las que puedes manejar \ud83e\udd24 \u00a1Muslos gruesos, bot\u00edn jugoso y lista para ser traviesa! Ven a explorar mi mundo y vamos a tener un poco de diversi\u00f3n \ud83d\udd25<\/span><\/li>\n<\/ul>\n<p>\u00bfA qu\u00e9 esperas? Pide hoy mismo el BBW Social Media Caption Pack y empieza a llevar tu negocio OnlyFans al siguiente nivel. Con nuestra gu\u00eda experta y recursos profesionales, podr\u00e1s mostrar tu belleza y activos con orgullo y atraer a la audiencia que mereces.<\/p>","protected":false},"excerpt":{"rendered":"<p>Presentamos la soluci\u00f3n definitiva para las modelos BBW OnlyFans que buscan mejorar su presencia en las redes sociales y atraer a m\u00e1s seguidores.<\/p>\n<p>Por ejemplo<\/p>\n<ul>\n<li><span data-sheets-value=\"{&quot;1&quot;:2,&quot;2&quot;:&quot;What are you waiting for? \ud83d\udd25\ud83e\udd24 I'm a thick BBW who loves to talk naughty with my fans. Come get your fill of all this juicy goodness, you won't regret it! \ud83d\ude09 &quot;}\" data-sheets-userformat=\"{&quot;2&quot;:14656,&quot;9&quot;:0,&quot;11&quot;:4,&quot;14&quot;:{&quot;1&quot;:2,&quot;2&quot;:0},&quot;15&quot;:&quot;Verdana&quot;,&quot;16&quot;:11}\">\u00bfQu\u00e9 est\u00e1s esperando? \ud83d\udd25\ud83e\udd24 Soy una BBW gruesa a la que le encanta hablar travieso con mis fans. Ven a llenarte de toda esta jugosa bondad, \u00a1no te arrepentir\u00e1s! \ud83d\ude09 . <\/span><\/li>\n<li><span data-sheets-value=\"{&quot;1&quot;:2,&quot;2&quot;:&quot;Stunningly thick and oh so ready to talk \ud83d\udc45 DM me for a naughty chat. I'm feeling some major \ud83d\udd25\ud83d\udd25 tonight - let's share it together! &quot;}\" data-sheets-userformat=\"{&quot;2&quot;:14656,&quot;9&quot;:0,&quot;11&quot;:4,&quot;14&quot;:{&quot;1&quot;:2,&quot;2&quot;:0},&quot;15&quot;:&quot;Verdana&quot;,&quot;16&quot;:11}\">Impresionantemente grueso y oh tan listo para hablar \ud83d\udc45 DM m\u00ed para una charla traviesa. Me siento muy \ud83d\udd25\ud83d\udd25 esta noche - \u00a1compart\u00e1moslo juntos! <\/span><\/li>\n<li><span data-sheets-value=\"{&quot;1&quot;:2,&quot;2&quot;:&quot;More curves than you can handle \ud83e\udd24 Thick thighs, juicy booty, and ready to get naughty! Come explore my world and let's have some fun \ud83d\udd25 &quot;}\" data-sheets-userformat=\"{&quot;2&quot;:14656,&quot;9&quot;:0,&quot;11&quot;:4,&quot;14&quot;:{&quot;1&quot;:2,&quot;2&quot;:0},&quot;15&quot;:&quot;Verdana&quot;,&quot;16&quot;:11}\">M\u00e1s curvas de las que puedes manejar \ud83e\udd24 \u00a1Muslos gruesos, bot\u00edn jugoso y lista para ser traviesa! Ven a explorar mi mundo y vamos a tener un poco de diversi\u00f3n \ud83d\udd25 <\/span><\/li>\n<\/ul>","protected":false},"featured_media":2340,"comment_status":"open","ping_status":"closed","template":"","meta":[],"product_brand":[],"product_cat":[22],"product_tag":[18],"class_list":{"0":"post-695","1":"product","2":"type-product","3":"status-publish","4":"has-post-thumbnail","6":"product_cat-captions","7":"product_tag-bbw","8":"infinite-scroll-item","9":"no-featured-image-padding","10":"sales-flash-overlay","11":"woocommerce-text-align-center","12":"woocommerce-image-align-center","13":"wc-has-gallery","15":"first","16":"instock","17":"downloadable","18":"virtual","19":"sold-individually","20":"purchasable","21":"product-type-simple"},"aioseo_notices":[],"_links":{"self":[{"href":"https:\/\/subtomy.com\/es\/wp-json\/wp\/v2\/product\/695","targetHints":{"allow":["GET"]}}],"collection":[{"href":"https:\/\/subtomy.com\/es\/wp-json\/wp\/v2\/product"}],"about":[{"href":"https:\/\/subtomy.com\/es\/wp-json\/wp\/v2\/types\/product"}],"replies":[{"embeddable":true,"href":"https:\/\/subtomy.com\/es\/wp-json\/wp\/v2\/comments?post=695"}],"wp:featuredmedia":[{"embeddable":true,"href":"https:\/\/subtomy.com\/es\/wp-json\/wp\/v2\/media\/2340"}],"wp:attachment":[{"href":"https:\/\/subtomy.com\/es\/wp-json\/wp\/v2\/media?parent=695"}],"wp:term":[{"taxonomy":"product_brand","embeddable":true,"href":"https:\/\/subtomy.com\/es\/wp-json\/wp\/v2\/product_brand?post=695"},{"taxonomy":"product_cat","embeddable":true,"href":"https:\/\/subtomy.com\/es\/wp-json\/wp\/v2\/product_cat?post=695"},{"taxonomy":"product_tag","embeddable":true,"href":"https:\/\/subtomy.com\/es\/wp-json\/wp\/v2\/product_tag?post=695"}],"curies":[{"name":"wp","href":"https:\/\/api.w.org\/{rel}","templated":true}]}}