{"id":1390,"date":"2023-05-16T16:45:09","date_gmt":"2023-05-16T21:45:09","guid":{"rendered":"https:\/\/subtomy.com\/?page_id=1390"},"modified":"2023-05-16T16:45:10","modified_gmt":"2023-05-16T21:45:10","slug":"freebies","status":"publish","type":"page","link":"https:\/\/subtomy.com\/et\/tasuta-kingitused\/","title":{"rendered":"Freebies"},"content":{"rendered":"<p>Tutvu m\u00f5ne tasuta v\u00f5imalusega. <\/p>\n\n\n\n<div class=\"_form_1\"><\/div><script src=\"https:\/\/cammodelagency.activehosted.com\/f\/embed.php?id=1\" type=\"text\/javascript\" charset=\"utf-8\"><\/script>\n\n\n\n<h2 class=\"gb-headline gb-headline-eb5180d9 gb-headline-text\">30 p\u00e4eva kuni $3,000<\/h2>\n\n\n\n<p>L\u00fchike e-raamat ja m\u00e4nguplaan, mis paneb aluse sellele, mida pead tegema, et olla edukas. Kl\u00f5psake pildil, et j\u00f5uda PDF-ile, kust saate selle alla laadida. <\/p>\n\n\n\n<figure class=\"wp-block-image size-large\"><a href=\"https:\/\/subtomy.com\/wp-content\/uploads\/2022\/06\/30-days-to-3000.pdf\" target=\"_blank\" rel=\"noreferrer noopener\"><img loading=\"lazy\" decoding=\"async\" width=\"1024\" height=\"576\" src=\"https:\/\/subtomy.com\/wp-content\/uploads\/2022\/06\/30-days-to-3000-1-1024x576.jpg\" alt=\"\" class=\"wp-image-21\" srcset=\"https:\/\/subtomy.com\/wp-content\/uploads\/2022\/06\/30-days-to-3000-1-1024x576.jpg 1024w, https:\/\/subtomy.com\/wp-content\/uploads\/2022\/06\/30-days-to-3000-1-600x338.jpg 600w, https:\/\/subtomy.com\/wp-content\/uploads\/2022\/06\/30-days-to-3000-1-300x169.jpg 300w, https:\/\/subtomy.com\/wp-content\/uploads\/2022\/06\/30-days-to-3000-1-768x432.jpg 768w, https:\/\/subtomy.com\/wp-content\/uploads\/2022\/06\/30-days-to-3000-1-1536x864.jpg 1536w, https:\/\/subtomy.com\/wp-content\/uploads\/2022\/06\/30-days-to-3000-1-18x10.jpg 18w, https:\/\/subtomy.com\/wp-content\/uploads\/2022\/06\/30-days-to-3000-1.jpg 1920w\" sizes=\"auto, (max-width: 1024px) 100vw, 1024px\" \/><\/a><\/figure>\n\n\n\n<h2 class=\"gb-headline gb-headline-daeecd36 gb-headline-text\">V\u00f5tke nende raha<\/h2>\n\n\n\n<p>Esimese e-raamatu l\u00f5ime 2020. aastal. See ei ole enam piisavalt hea, et seda m\u00fc\u00fca, seega anname selle teabe \u00e4ra. Opt-in ei ole vajalik; pea meeles, et see on kirjutatud m\u00f5ned aastad tagasi, nii et m\u00f5ned platvormid v\u00f5ivad n\u00fc\u00fcdseks suletud olla \ud83d\ude22 Kliki alloleval pildil, et seda vaadata.<\/p>\n\n\n\n<figure class=\"gb-block-image gb-block-image-bda75b36\"><a href=\"https:\/\/subtomy.com\/wp-content\/uploads\/2023\/05\/Take-Their-Money.pdf\" target=\"_blank\" rel=\"noopener noreferrer\"><img loading=\"lazy\" decoding=\"async\" width=\"724\" height=\"1024\" class=\"gb-image gb-image-bda75b36\" src=\"https:\/\/subtomy.com\/wp-content\/uploads\/2023\/04\/Take-their-money-724x1024.jpg\" alt=\"\" title=\"V\u00f5ta-nei-m\u00f5ista-raha.jpg\" srcset=\"https:\/\/subtomy.com\/wp-content\/uploads\/2023\/04\/Take-their-money-724x1024.jpg 724w, https:\/\/subtomy.com\/wp-content\/uploads\/2023\/04\/Take-their-money-212x300.jpg 212w, https:\/\/subtomy.com\/wp-content\/uploads\/2023\/04\/Take-their-money-768x1086.jpg 768w, https:\/\/subtomy.com\/wp-content\/uploads\/2023\/04\/Take-their-money-1086x1536.jpg 1086w, https:\/\/subtomy.com\/wp-content\/uploads\/2023\/04\/Take-their-money-8x12.jpg 8w, https:\/\/subtomy.com\/wp-content\/uploads\/2023\/04\/Take-their-money-600x849.jpg 600w, https:\/\/subtomy.com\/wp-content\/uploads\/2023\/04\/Take-their-money.jpg 1414w\" sizes=\"auto, (max-width: 724px) 100vw, 724px\" \/><\/a><\/figure>\n\n\n\n<h2 class=\"gb-headline gb-headline-b5c96cea gb-headline-text\">Kasvata oma publikut<\/h2>\n\n\n\n<p>Nagu Take Their Money, Grow Your Audience on kirjutatud 2020. aastal ja pakub m\u00f5ned viisid, kuidas loojad saavad kasutada erinevaid platvorme ja turundusalgatusi oma kontode kasvatamiseks.<\/p>\n\n\n\n<figure class=\"gb-block-image gb-block-image-e702cc2d\"><a href=\"https:\/\/subtomy.com\/wp-content\/uploads\/2023\/05\/Grow-Your-Audience.pdf\" target=\"_blank\" rel=\"noopener noreferrer\"><img loading=\"lazy\" decoding=\"async\" width=\"724\" height=\"1024\" class=\"gb-image gb-image-e702cc2d\" src=\"https:\/\/subtomy.com\/wp-content\/uploads\/2023\/04\/Grow-Your-Audience-724x1024.png\" alt=\"\" title=\"Kasvata oma publikut.png\" srcset=\"https:\/\/subtomy.com\/wp-content\/uploads\/2023\/04\/Grow-Your-Audience-724x1024.png 724w, https:\/\/subtomy.com\/wp-content\/uploads\/2023\/04\/Grow-Your-Audience-212x300.png 212w, https:\/\/subtomy.com\/wp-content\/uploads\/2023\/04\/Grow-Your-Audience-768x1086.png 768w, https:\/\/subtomy.com\/wp-content\/uploads\/2023\/04\/Grow-Your-Audience-1086x1536.png 1086w, https:\/\/subtomy.com\/wp-content\/uploads\/2023\/04\/Grow-Your-Audience-8x12.png 8w, https:\/\/subtomy.com\/wp-content\/uploads\/2023\/04\/Grow-Your-Audience-600x849.png 600w, https:\/\/subtomy.com\/wp-content\/uploads\/2023\/04\/Grow-Your-Audience.png 1414w\" sizes=\"auto, (max-width: 724px) 100vw, 724px\" \/><\/a><\/figure>","protected":false},"excerpt":{"rendered":"<p>Check out a few free options for you to explore. 30 Days to $3,000 A short ebook and game plan that lays out the foundation for what you need to do to be successful. Click the image to be taken to the PDF, where you can download it. Take Their Money The first ebook we &#8230; <\/p>\n<p class=\"read-more-container\"><a title=\"Freebies\" class=\"read-more button\" href=\"https:\/\/subtomy.com\/et\/tasuta-kingitused\/#more-1390\" aria-label=\"Read more about Freebies\">Read more<\/a><\/p>","protected":false},"author":1,"featured_media":0,"parent":0,"menu_order":0,"comment_status":"closed","ping_status":"closed","template":"","meta":{"footnotes":""},"class_list":{"0":"post-1390","1":"page","2":"type-page","3":"status-publish","5":"infinite-scroll-item","6":"no-featured-image-padding"},"aioseo_notices":[],"_links":{"self":[{"href":"https:\/\/subtomy.com\/et\/wp-json\/wp\/v2\/pages\/1390","targetHints":{"allow":["GET"]}}],"collection":[{"href":"https:\/\/subtomy.com\/et\/wp-json\/wp\/v2\/pages"}],"about":[{"href":"https:\/\/subtomy.com\/et\/wp-json\/wp\/v2\/types\/page"}],"author":[{"embeddable":true,"href":"https:\/\/subtomy.com\/et\/wp-json\/wp\/v2\/users\/1"}],"replies":[{"embeddable":true,"href":"https:\/\/subtomy.com\/et\/wp-json\/wp\/v2\/comments?post=1390"}],"version-history":[{"count":2,"href":"https:\/\/subtomy.com\/et\/wp-json\/wp\/v2\/pages\/1390\/revisions"}],"predecessor-version":[{"id":1395,"href":"https:\/\/subtomy.com\/et\/wp-json\/wp\/v2\/pages\/1390\/revisions\/1395"}],"wp:attachment":[{"href":"https:\/\/subtomy.com\/et\/wp-json\/wp\/v2\/media?parent=1390"}],"curies":[{"name":"wp","href":"https:\/\/api.w.org\/{rel}","templated":true}]}}