{"id":1372,"date":"2023-05-15T22:49:16","date_gmt":"2023-05-16T03:49:16","guid":{"rendered":"https:\/\/subtomy.com\/?post_type=product&#038;p=1372"},"modified":"2023-05-24T16:42:13","modified_gmt":"2023-05-24T21:42:13","slug":"findom-debt-contract-template","status":"publish","type":"product","link":"https:\/\/subtomy.com\/et\/toode\/findom-debt-contract-template\/","title":{"rendered":"Findom v\u00f5lgade lepingu mall"},"content":{"rendered":"<h3 style=\"text-align: center;\">Findom v\u00f5lgade lepingu tutvustamine: kindlustage oma palgasigade rahaline esitamine<\/h3>\n<p>Lukustage oma palgasiga rikkumatu leping, millele nad ei saa vastu panna. Findomi v\u00f5lgade lepingu abil saate n\u00f5uda oma alluvatelt vankumatut rahalist kuulekust. See hoolikalt koostatud leping lisab teie rollim\u00e4ngule lisaintensiivsust, tagades teie palgasigade p\u00fchendumuse oma rahaliste kohustuste t\u00e4itmisele.<\/p>\n<p><strong>Mida sa saad:<\/strong><\/p>\n<ol>\n<li><strong>Kohandatav 698-s\u00f5naline leping<\/strong>: Saate p\u00f5hjaliku lepingu, mis h\u00f5lmab k\u00f5iki teie finantskokkuleppe aspekte. See 698-s\u00f5naline dokument annab kindla aluse teie palgasigade v\u00f5la tingimuste kehtestamiseks. Leping on mugavalt k\u00e4ttesaadav Google Docsis, mis v\u00f5imaldab h\u00f5lpsasti universaalset redigeerimist.<\/li>\n<li><strong>Isikup\u00e4rastatud l\u00f5igud:<\/strong> Findom v\u00f5lgade leping pakub esile t\u00f5stetud sektsioone, mida saab sujuvalt kohandada teie nime ja alluva nimega, lisades teie v\u00f5imud\u00fcnaamikale isikliku puudutuse. Sukelduge finantskontrolli illusiooni, tugevdades oma \u00fclemv\u00f5imu oma palgasigade \u00fcle.<\/li>\n<li><strong>Kohandamise paindlikkus<\/strong>: Kohandage leping vastavalt oma soovidele ja eelistustele. Lisage v\u00f5i eemaldage h\u00f5lpsasti osi, kui vajalikuks peate, tagades, et leping peegeldab teie rollim\u00e4ngu s\u00fcgavust ja keerukust. Tehke sellest oma rahalise domineerimise fantaasiate t\u00f5eline ilming.<\/li>\n<li><strong>Rollim\u00e4ngu teater<\/strong>: Oluline on meeles pidada, et Findomi v\u00f5lakirjad on oma olemuselt puhtalt teatraalsed, mis on loodud selleks, et suurendada teie rollim\u00e4ngu intensiivsust ja s\u00fcvenemist. Need on v\u00f5imas vahend, et s\u00fcvendada alistumise ja rahalise kontrolli d\u00fcnaamikat, suurendades emotsionaalset sidet teie ja teie alluva vahel.<\/li>\n<\/ol>\n<p>V\u00f5ta omaks Findomi v\u00f5la lepingu dramaatiline v\u00f5lu, kus fantaasia kohtub reaalsusega finantsdomineerimise maailmas. Selle lepinguga k\u00e4es saate oma rollim\u00e4ngu t\u00f5sta, oma autoriteeti kindlustada ja tagada, et teie palgasigadel ei j\u00e4\u00e4 muud \u00fcle, kui oma rahalisi kohustusi t\u00e4ita.<\/p>\n<p>Kuigi Findomi v\u00f5la\u00f5iguslepingud suurendavad rollim\u00e4ngu s\u00fcgavust, ei ole neil mingit \u00f5iguslikku t\u00e4hendust. N\u00f5usolek, suhtlemine ja usaldus on endiselt \u00fclimalt olulised mis tahes rahalise domineerimise d\u00fcnaamikas. Kasutage lepingut vastutustundlikult ja teie ja teie alluva vaheliste piiride piires.<\/p>\n<p>Kas olete valmis nihutama finantskontrolli piire ja vallutama oma palgasigade vankumatut p\u00fchendumust? V\u00f5tke omaks Findomi v\u00f5la lepingu j\u00f5ud ja vaadake, kuidas teie alluv loobub vabatahtlikult oma rahalisest vabadusest, et teenida teid.<\/p>","protected":false},"excerpt":{"rendered":"<p>Ole valmis lukustama oma palgasiga lepingusse, mida neil ei ole muud valikut kui maksta.<\/p>\n<p><strong>Mida sa saad:<\/strong><\/p>\n<ul>\n<li>Lihtsalt kohandatav 698-s\u00f5naline leping koos lingiga Google Docs failile universaalseks redigeerimiseks.<\/li>\n<li>Eraldatud l\u00f5igud, mida saab kohandada oma nime ja alluva nimega.<\/li>\n<li>Lisage ja eemaldage jaotisi h\u00f5lpsasti vastavalt vajadusele.<\/li>\n<\/ul>\n<p><em>Pidage meeles, et findom v\u00f5lgade lepingud on puhtalt teatraalsed, mis ainult lisavad rollim\u00e4ngu s\u00fcgavust.\u00a0<\/em><\/p>","protected":false},"featured_media":1543,"comment_status":"closed","ping_status":"closed","template":"","meta":[],"product_brand":[],"product_cat":[140],"product_tag":[28],"class_list":{"0":"post-1372","1":"product","2":"type-product","3":"status-publish","4":"has-post-thumbnail","6":"product_cat-tools","7":"product_tag-findom","8":"infinite-scroll-item","9":"no-featured-image-padding","10":"sales-flash-overlay","11":"woocommerce-text-align-center","12":"woocommerce-image-align-center","14":"first","15":"instock","16":"downloadable","17":"virtual","18":"sold-individually","19":"purchasable","20":"product-type-simple"},"aioseo_notices":[],"_links":{"self":[{"href":"https:\/\/subtomy.com\/et\/wp-json\/wp\/v2\/product\/1372","targetHints":{"allow":["GET"]}}],"collection":[{"href":"https:\/\/subtomy.com\/et\/wp-json\/wp\/v2\/product"}],"about":[{"href":"https:\/\/subtomy.com\/et\/wp-json\/wp\/v2\/types\/product"}],"replies":[{"embeddable":true,"href":"https:\/\/subtomy.com\/et\/wp-json\/wp\/v2\/comments?post=1372"}],"wp:featuredmedia":[{"embeddable":true,"href":"https:\/\/subtomy.com\/et\/wp-json\/wp\/v2\/media\/1543"}],"wp:attachment":[{"href":"https:\/\/subtomy.com\/et\/wp-json\/wp\/v2\/media?parent=1372"}],"wp:term":[{"taxonomy":"product_brand","embeddable":true,"href":"https:\/\/subtomy.com\/et\/wp-json\/wp\/v2\/product_brand?post=1372"},{"taxonomy":"product_cat","embeddable":true,"href":"https:\/\/subtomy.com\/et\/wp-json\/wp\/v2\/product_cat?post=1372"},{"taxonomy":"product_tag","embeddable":true,"href":"https:\/\/subtomy.com\/et\/wp-json\/wp\/v2\/product_tag?post=1372"}],"curies":[{"name":"wp","href":"https:\/\/api.w.org\/{rel}","templated":true}]}}