{"id":1540,"date":"2023-05-24T16:39:17","date_gmt":"2023-05-24T21:39:17","guid":{"rendered":"https:\/\/subtomy.com\/?post_type=product&#038;p=1540"},"modified":"2024-03-02T22:05:11","modified_gmt":"2024-03-03T03:05:11","slug":"findom-question-pack","status":"publish","type":"product","link":"https:\/\/subtomy.com\/et\/toode\/findom-question-pack\/","title":{"rendered":"Findom 100-k\u00fcsimuste pakett OnlyFans, Loyalfans, Reddit, Twitter jne. jaoks."},"content":{"rendered":"<h3 style=\"text-align: center;\">Tutvustame FinDom 100-k\u00fcsimuste paketti: Finantsdomineerimine: Vabastage oma finantsdomineerimine<\/h3>\n<p>Kutse k\u00f5igile finantshalduritele! Kas olete valmis t\u00f5stma oma kontrolli, k\u00fctkestama oma publikut ja tagama, et teie kliendid ihkavad teie finantsdomineerimist nagu kunagi varem? Astuge t\u00e4helepanu keskpunkti FinDom 100-k\u00fcsimuste paketiga, mis on v\u00f5imas t\u00f6\u00f6riist, mis on m\u00f5eldud selliste platvormide jaoks nagu OnlyFans, Loyalfans, Reddit, Twitter ja muud sotsiaalmeediakanalid.<\/p>\n<ol>\n<li><strong>Domineeri oma turul<\/strong>: Saavutage konkurentsieelis rahalises domineerimises selle hoolikalt kureeritud k\u00fcsimuste paketiga. Lummake oma publikut, meelitage uusi v\u00e4ljavaateid ja j\u00e4tke kustutamatu j\u00e4lje oma olemasolevatele klientidele, kui v\u00f5tate vaevata nende soovide eest vastutuse.<\/li>\n<li><strong>S\u00fc\u00fcta nende soov<\/strong>: Vabastage emotsioonide keeristorm ja \u00e4ratage oma j\u00e4lgijate kustumatu soov rahalise allumise j\u00e4rele. Iga k\u00fcsimus on t\u00e4pselt koostatud, et tekitada intensiivset ootust, igatsust ja \u00fclevoolavat vajadust t\u00e4ita nende s\u00fcgavaimad finantsfantaasiad.<\/li>\n<li><strong>Klientide kulutused k\u00fctusele<\/strong>: Viige oma kliendid teekonnale, kus nauding ja kulutused p\u00f5imuvad. Kasutades strateegiliselt FinDom 100-k\u00fcsimuste paketti, saate avada nende valmisoleku investeerida rohkem, suurendades nende soovi teile meeldida ja teid rahaliselt teenida.<\/li>\n<li><strong>Isikup\u00e4rastage oma l\u00e4henemine<\/strong>: Kohandage oma k\u00fcsitlusstrateegia vastavalt oma individuaalsele stiilile ja eelistustele. Need k\u00fcsimused v\u00f5imaldavad teil oma l\u00e4henemist peenh\u00e4\u00e4lestada, olenemata sellest, kas eelistate k\u00e4skivat autoriteeti v\u00f5i peent manipuleerimist, tagades iga suhtluse puhul maksimaalse m\u00f5ju.<\/li>\n<li><strong>Kultiveerida lojaalsust<\/strong>: S\u00fcvendage oma sidet olemasoleva kliendibaasiga, pakkudes neile ainulaadset ja kaasahaaravat kogemust. FinDom 100-k\u00fcsimuste pakett soodustab lojaalsust, kehtestades teid kui vaieldamatut autoriteeti finantsdomineerimise alal ja julgustades korduvkasutust.<\/li>\n<li><strong>Tugevdada kaasamist<\/strong>: Julgustage oma j\u00e4rgijaid aktiivselt oma sisuga ja aruteludega tegelema. S\u00fc\u00fcta stimuleerivaid vestlusi, kutsu neid \u00fcles jagama oma soove ja piire ning loo kogukond, kus rahalised alluvad ja domineerijad saavad \u00fcksteist \u00fchendada ja toetada.<\/li>\n<li><strong>V\u00f5imaldage oma domineerimist<\/strong>: Avage vastupandamatu rahalise domineerimise saladused, paljastades oma klientide varjatud soovid. FinDom 100-k\u00fcsimuste paketi abil saate n\u00e4idata oma teadmisi, suurendada ootust ja kindlustada oma positsiooni kui domineerivat j\u00f5udu, mida nad ihaldavad.<\/li>\n<\/ol>\n<p>Vabastage FinDom 100-k\u00fcsimuste paketi j\u00f5ud ja vaadake, kuidas teie finantsdomineerimine saavutab uued k\u00f5rgused. Astuge piiramatu kontrolli, v\u00f5rratu rahulolu ja lojaalse kliendibaasi juurde, kes alistub meeleldi teie rahalisele v\u00f5imekusele.<\/p>","protected":false},"excerpt":{"rendered":"<p>Tutvustame FinDom 100-k\u00fcsimuste paketti: Finantsdomineerimine: Vabastage oma finantsdomineerimine<\/p>\n<p>Kutse k\u00f5igile finantshalduritele! Kas olete valmis t\u00f5stma oma kontrolli, k\u00fctkestama oma publikut ja tagama, et teie kliendid ihkavad teie finantsdomineerimist nagu kunagi varem? Astuge t\u00e4helepanu keskpunkti FinDom 100-k\u00fcsimuste paketiga, mis on v\u00f5imas vahend, mis on m\u00f5eldud ainult sellistele platvormidele nagu OnlyFans, Loyalfans, Reddit, Twitter ja muud sotsiaalmeediakanalid.<\/p>\n<ul>\n<li><em>Kuhu ma oma saapad panen? \ud83c\udf86 Alistu ja maksa oma alanduse eest n\u00fc\u00fcd, siga! \ud83d\udcb8<\/em><\/li>\n<li><em>Kes tahab olla minu rahaline alistuja ja teha k\u00f5ik, mis vaja \ud83d\udcb8, et mind \u00f5nnelikuks teha? Ma olen valmis v\u00f5tma kontrolli ja alandama sind, kuni sa ei saa aidata, kuid anuda rohkem. \ud83d\ude08<\/em><\/li>\n<li><em>Kes on valmis saama \ud83e\udd11\ud83d\udcb8taked to the limit by their sexy Findom? \ud83d\udd25Oled sa valmis loobuma igasugusest kontrollist ja laskma end minu jaoks t\u00e4ielikult paljastada, alandada ja oma kohale panna? \ud83d\ude08<\/em><\/li>\n<\/ul>","protected":false},"featured_media":2259,"comment_status":"closed","ping_status":"closed","template":"","meta":[],"product_brand":[],"product_cat":[35],"product_tag":[28],"class_list":{"0":"post-1540","1":"product","2":"type-product","3":"status-publish","4":"has-post-thumbnail","6":"product_cat-question-packs","7":"product_tag-findom","8":"infinite-scroll-item","9":"no-featured-image-padding","10":"sales-flash-overlay","11":"woocommerce-text-align-center","12":"woocommerce-image-align-center","13":"wc-has-gallery","15":"first","16":"instock","17":"downloadable","18":"virtual","19":"sold-individually","20":"purchasable","21":"product-type-simple"},"aioseo_notices":[],"_links":{"self":[{"href":"https:\/\/subtomy.com\/et\/wp-json\/wp\/v2\/product\/1540","targetHints":{"allow":["GET"]}}],"collection":[{"href":"https:\/\/subtomy.com\/et\/wp-json\/wp\/v2\/product"}],"about":[{"href":"https:\/\/subtomy.com\/et\/wp-json\/wp\/v2\/types\/product"}],"replies":[{"embeddable":true,"href":"https:\/\/subtomy.com\/et\/wp-json\/wp\/v2\/comments?post=1540"}],"wp:featuredmedia":[{"embeddable":true,"href":"https:\/\/subtomy.com\/et\/wp-json\/wp\/v2\/media\/2259"}],"wp:attachment":[{"href":"https:\/\/subtomy.com\/et\/wp-json\/wp\/v2\/media?parent=1540"}],"wp:term":[{"taxonomy":"product_brand","embeddable":true,"href":"https:\/\/subtomy.com\/et\/wp-json\/wp\/v2\/product_brand?post=1540"},{"taxonomy":"product_cat","embeddable":true,"href":"https:\/\/subtomy.com\/et\/wp-json\/wp\/v2\/product_cat?post=1540"},{"taxonomy":"product_tag","embeddable":true,"href":"https:\/\/subtomy.com\/et\/wp-json\/wp\/v2\/product_tag?post=1540"}],"curies":[{"name":"wp","href":"https:\/\/api.w.org\/{rel}","templated":true}]}}