{"id":1561,"date":"2023-05-25T10:39:07","date_gmt":"2023-05-25T15:39:07","guid":{"rendered":"https:\/\/subtomy.com\/?post_type=product&#038;p=1561"},"modified":"2024-03-20T18:06:00","modified_gmt":"2024-03-20T23:06:00","slug":"findom-good-morning-messages","status":"publish","type":"product","link":"https:\/\/subtomy.com\/et\/toode\/findom-good-morning-messages-2\/","title":{"rendered":"Findom 65 hea hommiku s\u00f5numite pakett (massis\u00f5num, 1-on-1)"},"content":{"rendered":"<h3 style=\"text-align: center;\">Tutvustame Findom 65 hea hommiku s\u00f5numite paketti: V\u00f5imaldage oma rahalist domineerimist<\/h3>\n<p>T\u00f5uske ja s\u00e4rage, finantsdominandid! V\u00f5ta oma alluva p\u00e4ev kontrolli alla kohe p\u00e4rast \u00e4rkamist Findom 65 Good Morning Messages Packi abil. See provokatiivsete ja ahvatlevate s\u00f5numite kogumik, mis on m\u00f5eldud massiliste s\u00f5numite saatmiseks ja personaalseks suhtlemiseks, tagab, et teie domineerimine nende rahaasjade \u00fcle on tunda juba iga p\u00e4eva algusest peale. Laske oma s\u00f5nade j\u00f5ul juhtida nende rahalist allumist ja kindlustada oma kontrolli.<\/p>\n<ol>\n<li><strong>M\u00e4\u00e4rake kontrolli toon<\/strong>: Kasutage v\u00f5imalust kehtestada domineerimine, alustades oma p\u00e4eva s\u00f5numiga, mis tugevdab teie finantskontrolli. Tuletage neile meelde, et arveid tuleb maksta ja et teie olete nende rahalise ebastabiilsuse ja rahulolematuse liikumapanev j\u00f5ud.<\/li>\n<li><strong>Vabastage hommikune nauding<\/strong>: Alustage oma p\u00e4eva ahvatleva lubadusega, mis pakub naudingut ja rahulolu. Andke neile teada, et kui nad loovutavad oma rahalise v\u00f5imu teile, saavad nad kogeda kosutavat kiirust, mida pakub v\u00f5imsa finantsdomineerija nagu te ise.<\/li>\n<li><strong>S\u00e4demete ootamine<\/strong>: S\u00fc\u00fcta nende p\u00f5nevust eelseisvaks p\u00e4evaks, \u00e4rritades neid v\u00e4ljavaadetega meeldivatest rahavoogudest ja raham\u00e4ngu nautimisest. Kujundage ootus\u00e4revust j\u00f5ukuse suhtes, mida nad vabatahtlikult teie impeeriumi panustavad.<\/li>\n<li><strong>Kasvatage alistuvat m\u00f5tteviisi<\/strong>: Julgustage alistuvat m\u00f5tteviisi kohe p\u00e4eva algusest peale. Istutage nende soovi seemet teid teenida ja rahuldada teid rahaliselt, tuletades neile meelde naudingut ja rahuldust, mis ootavad neid, kui nad omaks v\u00f5tavad oma rolli teie p\u00fchendunud palgasigana.<\/li>\n<li><strong>Isikup\u00e4rastage oma s\u00f5numid<\/strong>: Kohandage oma hommikused s\u00f5numid igale inimesele, et nad tunneksid end erilise ja ihaldusv\u00e4\u00e4rsena. Kasutage nende nime, viidake konkreetsetele finantstehingutele v\u00f5i tunnustage nende unikaalseid soove. Isikup\u00e4rastamine lisab puudutuse, mis s\u00fcvendab nende sidet teiega kui nende valitsejaga.<\/li>\n<li><strong>Edendada pidevat teabevahetust<\/strong>: Kasutage hea hommiku s\u00f5numite paketti, et s\u00e4ilitada avatud suhtlusliinid oma alluvatega.<\/li>\n<li><strong>Laiendage oma finantsimpeeriumi<\/strong>: Findom 65 Good Morning Messages Packi abil on teie k\u00e4sutuses v\u00f5imas vahend, et kasvatada ja laiendada oma finantsimpeeriumi. Tugevdage oma suhteid alluvatega, innustage suuremat rahalist panust ja kindlustage oma positsiooni nende \u00fclimaks finantsdominaatoriks.<\/li>\n<\/ol>\n<p>Alustage iga p\u00e4eva Findom 65 hea hommikuse s\u00f5numi paketiga ja vaadake, millist m\u00f5ju avaldavad teie s\u00f5nad teie alluvate rahalisele alistumisele. Kehtestage oma domineerimine, s\u00fc\u00fcdata nende soov teenida ja vaadake, kuidas nende p\u00fchendumine teie finantsimpeeriumile s\u00fcveneb. Kasutage h\u00e4sti koostatud hommikuste s\u00f5numite j\u00f5udu ja haarake kontroll nende rahaasjade \u00fcle nagu kunagi varem.<\/p>\n<p>Palun harjutage vastutustundlikku rahalist domineerimist, piiride austamist, n\u00f5usolekut ja avatud suhtlemist k\u00f5igis suhtlustes.<\/p>","protected":false},"excerpt":{"rendered":"<h3 style=\"text-align: center;\">Tutvustame Findom 65 hea hommiku s\u00f5numite paketti: V\u00f5imaldage oma rahalist domineerimist<\/h3>\n<p><strong>Sisaldab selliseid s\u00f5numeid nagu<\/strong><\/p>\n<ul>\n<li>H\u00e4mmastav hommik. See saab olema suurep\u00e4rane p\u00e4ev raham\u00e4ngu jaoks! Ma juba ootan k\u00f5iki ulmelisi ja maitsvaid rahavooge, mis t\u00e4na tulevad. \ud83d\ude09 #Hommik #FinancialDomination #Findom<\/li>\n<li>Kuulutan v\u00e4lja, et algab uus p\u00e4ev t\u00e4is v\u00f5imalusi! \ud83d\udcb8 Ma loodan, et sa oled valmis tegema mind t\u00e4na veelgi rikkamaks, mu ulakas v\u00e4ike palgasiga. \ud83d\ude09 #Findom #Femdom #Finantsdomineerimine<\/li>\n<li><span data-sheets-value=\"{&quot;1&quot;:2,&quot;2&quot;:&quot;I know it's been a while since I gave you something to be grateful for, so here's your chance: open your wallet and pay tribute to me this morning \u2615\ufe0f \ud83d\ude09&quot;}\" data-sheets-userformat=\"{&quot;2&quot;:8961,&quot;3&quot;:{&quot;1&quot;:0},&quot;11&quot;:4,&quot;12&quot;:0,&quot;16&quot;:12}\">Ma tean, et ma ei ole ammu andnud teile midagi, mille eest olla t\u00e4nulik, nii et siin on teie v\u00f5imalus: avage oma rahakott ja avaldage mulle t\u00e4na hommikul austust! \u2615\ufe0f \ud83d\ude09<\/span><\/li>\n<\/ul>","protected":false},"featured_media":2284,"comment_status":"closed","ping_status":"closed","template":"","meta":[],"product_brand":[],"product_cat":[141],"product_tag":[28],"class_list":{"0":"post-1561","1":"product","2":"type-product","3":"status-publish","4":"has-post-thumbnail","6":"product_cat-messaging","7":"product_tag-findom","8":"infinite-scroll-item","9":"no-featured-image-padding","10":"sales-flash-overlay","11":"woocommerce-text-align-center","12":"woocommerce-image-align-center","13":"wc-has-gallery","15":"first","16":"instock","17":"downloadable","18":"virtual","19":"sold-individually","20":"purchasable","21":"product-type-simple"},"aioseo_notices":[],"_links":{"self":[{"href":"https:\/\/subtomy.com\/et\/wp-json\/wp\/v2\/product\/1561","targetHints":{"allow":["GET"]}}],"collection":[{"href":"https:\/\/subtomy.com\/et\/wp-json\/wp\/v2\/product"}],"about":[{"href":"https:\/\/subtomy.com\/et\/wp-json\/wp\/v2\/types\/product"}],"replies":[{"embeddable":true,"href":"https:\/\/subtomy.com\/et\/wp-json\/wp\/v2\/comments?post=1561"}],"wp:featuredmedia":[{"embeddable":true,"href":"https:\/\/subtomy.com\/et\/wp-json\/wp\/v2\/media\/2284"}],"wp:attachment":[{"href":"https:\/\/subtomy.com\/et\/wp-json\/wp\/v2\/media?parent=1561"}],"wp:term":[{"taxonomy":"product_brand","embeddable":true,"href":"https:\/\/subtomy.com\/et\/wp-json\/wp\/v2\/product_brand?post=1561"},{"taxonomy":"product_cat","embeddable":true,"href":"https:\/\/subtomy.com\/et\/wp-json\/wp\/v2\/product_cat?post=1561"},{"taxonomy":"product_tag","embeddable":true,"href":"https:\/\/subtomy.com\/et\/wp-json\/wp\/v2\/product_tag?post=1561"}],"curies":[{"name":"wp","href":"https:\/\/api.w.org\/{rel}","templated":true}]}}