{"id":2037,"date":"2023-08-06T21:23:53","date_gmt":"2023-08-07T02:23:53","guid":{"rendered":"https:\/\/subtomy.com\/?post_type=product&#038;p=2037"},"modified":"2024-03-02T21:39:06","modified_gmt":"2024-03-03T02:39:06","slug":"findom-daily-affirmations","status":"publish","type":"product","link":"https:\/\/subtomy.com\/et\/toode\/findom-igapaevased-kinnitused\/","title":{"rendered":"Findom igap\u00e4evased kinnitused"},"content":{"rendered":"<p>Kasutage s\u00f5nade j\u00f5udu ja t\u00f5stke oma rahaline domineerimism\u00e4ng enneolematult k\u00f5rgele selle 50 hoolikalt koostatud kinnituse eksklusiivse kogumikuga. Sukelduge iga p\u00e4ev domineerimise, kontrolli ja finantsv\u00f5imekuse maailma, kui juhatate oma alluvaid t\u00e4ieliku alluvuse valdkonda.<\/p>\n<ol>\n<li><strong>50 v\u00f5imendavat kinnitust:<\/strong> V\u00f5ta iga p\u00e4ev k\u00e4sile uus ja v\u00f5imas afirmatsioon, mis on m\u00f5eldud sinu findom-v\u00f5ime tugevdamiseks. Alates p\u00fchendumise sisendamisest kuni rahalise lojaalsuse suurendamiseni, see kollektsioon on m\u00f5eldud teie rahalise domineerimise igale aspektile.<\/li>\n<li><strong>Vabastage sisemine j\u00f5ud:<\/strong> Kasutage enda sees olevat tohutut j\u00f5udu ja suunake see oma finantssuhetes. Need kinnitused tuletavad teile meelde teie loomup\u00e4rast autoriteeti, suurendades teie enesekindlust ja j\u00e4ttes teie alluvad aukartusse.<\/li>\n<li><strong>Kohandatav domineerimine:<\/strong> Isikup\u00e4rastage kinnitused, et need sobiksid teie ainulaadsele findom-stiilile. Olenemata sellest, kas eelistate \u00f5rna veenmist v\u00f5i otsest domineerimist, kohandage kinnitused nii, et need tugevdaksid teie eelistatud l\u00e4henemist.<\/li>\n<li><strong>Ajendage vankumatut lojaalsust:<\/strong> N\u00f5uandke oma allakirjutanute vankumatut lojaalsust, kui nad v\u00f5tavad omaks igap\u00e4evaste kinnituste s\u00f5ltuvusttekitava r\u00fctmi. Vaadake, kuidas nad muutuvad p\u00fchendunuks, innukaks ja meeleheitlikult t\u00e4idavad iga teie rahalist soovi.<\/li>\n<li><strong>Loo rahaline loobumine:<\/strong> Iga kinnitus toimib katal\u00fcsaatorina, mis paneb teie allakirjutanuid oma rahaasju vabatahtlikult loovutama. Teie s\u00f5nad ahvatlevad neid avama oma rahakotti, ajendatuna rahuldamatust vajadusest teid teenida.<\/li>\n<li><strong>Suurendage rahalist naudingut:<\/strong> Nende igap\u00e4evaste kinnituste abil muutub rahaline teenistus r\u00f5\u00f5muks, suurendades teie naudingut ja teie p\u00fchendunud alluvaid. Teie soove t\u00e4idetakse entusiastlikult, tagades, et nende ohvrid toovad teile \u00fclima rahulolu.<\/li>\n<\/ol>\n<p><strong>Kuidas kasutada:<\/strong><\/p>\n<ol>\n<li><strong>Hommikune rituaal:<\/strong> Alustage oma p\u00e4eva v\u00f5imsa kinnitusega, mis viib teie m\u00f5tteviisi vastavusse finantsdominatsiooniga. Keskenduge oma kavatsustele, kui kordate neid s\u00f5nu, valmistades end ette ahvatleva kontrolliga p\u00e4evaks.<\/li>\n<li><strong>Interaktsiooni v\u00f5imendaja:<\/strong> Enne allt\u00f6\u00f6v\u00f5tjaga suhtlemist lausuge soovitud tulemusega koosk\u00f5las olev kinnitus. Vaadake, kuidas teie s\u00f5nad j\u00e4tavad kustutamatu j\u00e4lje, ajendades neid t\u00e4ielikult alluma teie rahalistele kapriisidele.<\/li>\n<li><strong>Magamamineku tugevdamine:<\/strong> Kui te l\u00f5petate, lausuge kinnitust, mis tugevdab teie rahalist \u00fclemv\u00f5imu.<\/li>\n<\/ol>\n<p>V\u00f5tke omaks oma roll v\u00f5imekana findomina ja laske \"Findom Daily Affirmations\" olla oma juhtiva j\u00f5una. Kui te kasutate neid kinnitusi nagu k\u00e4skivat v\u00f5lukeppi, n\u00e4ete, millist muutvat m\u00f5ju nad avaldavad teie finantsaladele. Domineerimine, kontroll ja rahaline v\u00f5im ootavad teid iga teie poolt lausutud afirmatsiooniga. <strong>V\u00f5tke omaks oma saatus ja laske maailmal kummardada teie v\u00f5imsa findomi valitsemise ees.<\/strong><\/p>","protected":false},"excerpt":{"rendered":"<p>Kasutage s\u00f5nade j\u00f5udu ja t\u00f5stke oma rahaline domineerimism\u00e4ng enneolematult k\u00f5rgele selle 50 hoolikalt koostatud kinnituse eksklusiivse kogumikuga. Sukelduge iga p\u00e4ev domineerimise, kontrolli ja finantsv\u00f5imekuse maailma, kui juhatate oma alluvaid t\u00e4ieliku alluvuse valdkonda.<\/p>\n<p><strong>N\u00e4idis kinnitused:<\/strong><\/p>\n<ul>\n<li>Ma avastan uusi viise, kuidas kontrollida ja domineerida oma finantsorjade \u00fcle.<\/li>\n<li>Ma saavutan t\u00e4ieliku finantskontrolli oma abonentide \u00fcle.<\/li>\n<li>Vabastan minus peituva j\u00f5u, et v\u00f5tta nende rahakottide eest hoolt.<\/li>\n<\/ul>","protected":false},"featured_media":2249,"comment_status":"closed","ping_status":"closed","template":"","meta":[],"product_brand":[],"product_cat":[140],"product_tag":[180,26,28],"class_list":{"0":"post-2037","1":"product","2":"type-product","3":"status-publish","4":"has-post-thumbnail","6":"product_cat-tools","7":"product_tag-affirmations","8":"product_tag-dominatrix","9":"product_tag-findom","10":"infinite-scroll-item","11":"no-featured-image-padding","12":"sales-flash-overlay","13":"woocommerce-text-align-center","14":"woocommerce-image-align-center","15":"wc-has-gallery","17":"first","18":"instock","19":"downloadable","20":"virtual","21":"purchasable","22":"product-type-simple"},"aioseo_notices":[],"_links":{"self":[{"href":"https:\/\/subtomy.com\/et\/wp-json\/wp\/v2\/product\/2037","targetHints":{"allow":["GET"]}}],"collection":[{"href":"https:\/\/subtomy.com\/et\/wp-json\/wp\/v2\/product"}],"about":[{"href":"https:\/\/subtomy.com\/et\/wp-json\/wp\/v2\/types\/product"}],"replies":[{"embeddable":true,"href":"https:\/\/subtomy.com\/et\/wp-json\/wp\/v2\/comments?post=2037"}],"wp:featuredmedia":[{"embeddable":true,"href":"https:\/\/subtomy.com\/et\/wp-json\/wp\/v2\/media\/2249"}],"wp:attachment":[{"href":"https:\/\/subtomy.com\/et\/wp-json\/wp\/v2\/media?parent=2037"}],"wp:term":[{"taxonomy":"product_brand","embeddable":true,"href":"https:\/\/subtomy.com\/et\/wp-json\/wp\/v2\/product_brand?post=2037"},{"taxonomy":"product_cat","embeddable":true,"href":"https:\/\/subtomy.com\/et\/wp-json\/wp\/v2\/product_cat?post=2037"},{"taxonomy":"product_tag","embeddable":true,"href":"https:\/\/subtomy.com\/et\/wp-json\/wp\/v2\/product_tag?post=2037"}],"curies":[{"name":"wp","href":"https:\/\/api.w.org\/{rel}","templated":true}]}}