{"id":585,"date":"2023-04-13T23:44:56","date_gmt":"2023-04-14T04:44:56","guid":{"rendered":"https:\/\/shop.cammodelagency.com\/?post_type=product&#038;p=585"},"modified":"2024-03-26T19:39:22","modified_gmt":"2024-03-27T00:39:22","slug":"onlyfans-captions","status":"publish","type":"product","link":"https:\/\/subtomy.com\/et\/toode\/onlyfans-captions-2\/","title":{"rendered":"100+ OnlyFans, Reddit ja sotsiaalmeedia pildiallkirja pakett"},"content":{"rendered":"<p>Kas soovite hoida oma OnlyFans'i sisu v\u00e4rskena ja kaasahaaravana? Meie sotsiaalmeedia pildipakett t\u00e4iskasvanud modellidele on teile abiks!<\/p>\n<p>Koos <strong>\u00dcLE 100 unikaalset pealkirja<\/strong> mis on loodud spetsiaalselt t\u00e4iskasvanutele m\u00f5eldud sisu jaoks, aitab meie pakett teil v\u00f5ita oma publiku t\u00e4helepanu ja hoida neid rohkem tagasi tulemas. Meie pildiallkirjad h\u00f5lmavad laia teemade ja stsenaariumide valikut, alates flirtidest kuni otsekoheseteni, nii et leiad iga postituse jaoks sobiva pildiallkirja.<\/p>\n<p>Meie h\u00f5lpsasti kasutatav formaat v\u00f5imaldab h\u00f5lpsasti kopeerida ja kleepida valitud pealkirja oma OnlyFans-postitusse, mis s\u00e4\u00e4stab teie aega ja vaeva. Lisaks on nii palju v\u00f5imalusi, mille hulgast valida, et teil ei saa kunagi ideed oma sisu jaoks otsa.<\/p>\n<p>Kui soovite tutvustada oma uusimat pesukomplekti, jagada aurukat lugu v\u00f5i lihtsalt suhelda oma publikuga isiklikumal tasandil, on meie sotsiaalmeedia pildipaketis k\u00f5ik vajalik, et teie OnlyFans'i sisu oleks silmapaistev.<\/p>\n<p>Miks siis oodata? Tellige meie OnlyFans sotsiaalmeedia pildipakett juba t\u00e4na ja viige oma sisu j\u00e4rgmisele tasemele!<\/p>\n<p>Meie pakett sisaldab <strong>100+ unikaalset pildiallkirja<\/strong> mis on loodud spetsiaalselt OnlyFans'i sisu jaoks, et saaksite oma j\u00e4lgijate t\u00e4helepanu k\u00f6ita ja hoida neid rohkem tagasi tulemas. Kas soovite n\u00e4idata oma uusimat pesukomplekti, jagada auravat du\u0161istseeni v\u00f5i anda oma j\u00e4lgijatele pilgu oma igap\u00e4evase rutiini tagantj\u00e4rele, meie pildiallkirjad aitavad teil teha avaldust.<\/p>\n<p>Meie pildiallkirjad h\u00f5lmavad erinevaid teemasid, alates m\u00e4ngulistest kuni provokatiivsete ja k\u00f5ikv\u00f5imalike vahepealsete teemadeni. Kui soovite oma j\u00e4lgijaid kiusata salajase pilguga v\u00f5i meelitada neid \u00f5\u00f5vastava s\u00f5numiga, siis meil on teie jaoks k\u00f5ik olemas. T\u00e4nu meie lihtsale formaadile saad valitud pildiallkirja kiiresti ja lihtsalt kopeerida ja kleepida oma OnlyFans-postitustele, s\u00e4\u00e4stes nii aega ja vaeva.<\/p>\n<p>Kui olete valmis viima oma OnlyFans sisu j\u00e4rgmisele tasemele ja hoidma oma j\u00e4lgijad kaasatuna ja p\u00f5nevana, tellige meie sotsiaalmeedia pildipakett juba t\u00e4na!<\/p>","protected":false},"excerpt":{"rendered":"<p><strong>Eluaegsed uuendused!<\/strong><\/p>\n<p>Kas soovite, et teie OnlyFans sisu eristuks rahvahulgast? Vaadake meie sotsiaalmeedia pildiallkirjade paketti t\u00e4iskasvanud modellidele!<\/p>\n<p>N\u00e4ited<\/p>\n<ul>\n<li><span data-sheets-value=\"{&quot;1&quot;:2,&quot;2&quot;:&quot;Easy as 1-2-3, let's get naughty \ud83d\udc8b Ready to unleash my wild side - who's ready to join me? #ReadyToPlay \ud83d\ude08&quot;}\" data-sheets-userformat=\"{&quot;2&quot;:8961,&quot;3&quot;:{&quot;1&quot;:0},&quot;11&quot;:4,&quot;12&quot;:0,&quot;16&quot;:12}\">Lihtne kui 1-2-3, hakkame ulakaks \ud83d\udc8b Valmis oma metsiku k\u00fclje vallandama - kes on valmis minuga \u00fchinema? #ReadyToPlay \ud83d\ude08<\/span><\/li>\n<li><span data-sheets-value=\"{&quot;1&quot;:2,&quot;2&quot;:&quot;Love to tease you with my \ud83d\udc8b\ud83e\udd75 Let's chat and explore our wildest fantasies together! #sexytime&quot;}\" data-sheets-userformat=\"{&quot;2&quot;:8961,&quot;3&quot;:{&quot;1&quot;:0},&quot;11&quot;:4,&quot;12&quot;:0,&quot;16&quot;:12}\">Armastan sind kiusata oma \ud83d\udc8b\ud83e\udd75 Vestleme ja uurime koos meie k\u00f5ige metsikumaid fantaasiaid! #sexytime<\/span><\/li>\n<li><span data-sheets-value=\"{&quot;1&quot;:2,&quot;2&quot;:&quot;Reward yourself with some pleasure \ud83d\udca6 I'm feeling extra naughty today, wanna join me? \ud83d\ude09 #LetMeTeaseYou&quot;}\" data-sheets-userformat=\"{&quot;2&quot;:8961,&quot;3&quot;:{&quot;1&quot;:0},&quot;11&quot;:4,&quot;12&quot;:0,&quot;16&quot;:12}\">Premeeri ennast m\u00f5nuga \ud83d\udca6 Ma tunnen end t\u00e4na eriti ulakana, tahad minuga \u00fchineda? \ud83d\ude09 #LetMeTeaseYou<\/span><\/li>\n<\/ul>\n<p><strong>(Sisaldab ka iga pealkirja hashtagita versiooni)<\/strong><\/p>","protected":false},"featured_media":2318,"comment_status":"open","ping_status":"closed","template":"","meta":[],"product_brand":[],"product_cat":[22],"product_tag":[142],"class_list":{"0":"post-585","1":"product","2":"type-product","3":"status-publish","4":"has-post-thumbnail","6":"product_cat-captions","7":"product_tag-onlyfans","8":"infinite-scroll-item","9":"no-featured-image-padding","10":"sales-flash-overlay","11":"woocommerce-text-align-center","12":"woocommerce-image-align-center","13":"wc-has-gallery","15":"first","16":"instock","17":"downloadable","18":"virtual","19":"sold-individually","20":"purchasable","21":"product-type-simple"},"aioseo_notices":[],"_links":{"self":[{"href":"https:\/\/subtomy.com\/et\/wp-json\/wp\/v2\/product\/585","targetHints":{"allow":["GET"]}}],"collection":[{"href":"https:\/\/subtomy.com\/et\/wp-json\/wp\/v2\/product"}],"about":[{"href":"https:\/\/subtomy.com\/et\/wp-json\/wp\/v2\/types\/product"}],"replies":[{"embeddable":true,"href":"https:\/\/subtomy.com\/et\/wp-json\/wp\/v2\/comments?post=585"}],"wp:featuredmedia":[{"embeddable":true,"href":"https:\/\/subtomy.com\/et\/wp-json\/wp\/v2\/media\/2318"}],"wp:attachment":[{"href":"https:\/\/subtomy.com\/et\/wp-json\/wp\/v2\/media?parent=585"}],"wp:term":[{"taxonomy":"product_brand","embeddable":true,"href":"https:\/\/subtomy.com\/et\/wp-json\/wp\/v2\/product_brand?post=585"},{"taxonomy":"product_cat","embeddable":true,"href":"https:\/\/subtomy.com\/et\/wp-json\/wp\/v2\/product_cat?post=585"},{"taxonomy":"product_tag","embeddable":true,"href":"https:\/\/subtomy.com\/et\/wp-json\/wp\/v2\/product_tag?post=585"}],"curies":[{"name":"wp","href":"https:\/\/api.w.org\/{rel}","templated":true}]}}