{"id":59,"date":"2022-06-06T15:46:47","date_gmt":"2022-06-06T20:46:47","guid":{"rendered":"https:\/\/shop.cammodelagency.com\/?post_type=product&#038;p=59"},"modified":"2023-09-03T00:47:37","modified_gmt":"2023-09-03T05:47:37","slug":"how-to-sell-your-dick-pics-to-1000-per-month","status":"publish","type":"product","link":"https:\/\/subtomy.com\/et\/toode\/how-to-sell-your-dick-pics-to-1000-per-month\/","title":{"rendered":"Kuidas m\u00fc\u00fca oma D* pilte $1,000 kuus"},"content":{"rendered":"<h2 style=\"text-align: center;\">Kuidas saate teha $1,000 v\u00f5i rohkem kuus m\u00fc\u00fces Dick Pics vabastades selle t\u00e4ieliku Blueprindi<\/h2>\n<p><img loading=\"lazy\" decoding=\"async\" class=\"aligncenter wp-image-61 size-full\" src=\"https:\/\/subtomy.com\/wp-content\/uploads\/2022\/06\/Selling-Your.jpg\" alt=\"\" width=\"960\" height=\"540\" srcset=\"https:\/\/subtomy.com\/wp-content\/uploads\/2022\/06\/Selling-Your.jpg 960w, https:\/\/subtomy.com\/wp-content\/uploads\/2022\/06\/Selling-Your-600x338.jpg 600w, https:\/\/subtomy.com\/wp-content\/uploads\/2022\/06\/Selling-Your-300x169.jpg 300w, https:\/\/subtomy.com\/wp-content\/uploads\/2022\/06\/Selling-Your-768x432.jpg 768w, https:\/\/subtomy.com\/wp-content\/uploads\/2022\/06\/Selling-Your-18x10.jpg 18w\" sizes=\"auto, (max-width: 960px) 100vw, 960px\" \/><\/p>\n<p style=\"text-align: center;\"><strong><span style=\"color: #008000;\">\u00d5ppige t\u00e4pselt, kuidas ma teen \u00fcle $1,100 kuus (Autopiloodi!)<\/span><\/strong><\/p>\n<p>Sa armastad pildistada, kuid sa ei tea, kuidas sellega raha teenida. Olete varem proovinud neid internetis m\u00fc\u00fca, kuid ei ole kunagi m\u00fc\u00fcgitulu teeninud.<\/p>\n<p>N\u00fc\u00fcd on siin kursus, mis \u00f5petab teile, kuidas m\u00fc\u00fca oma riistapilte internetis, et teenida igakuiselt $1,000 v\u00f5i rohkem. See ei ole mingi kiirelt rikastumise skeem; see on samm-sammult koostatud juhend, mis n\u00e4itab teile, kuidas luua nullist edukas peenisepiltide \u00e4ri.<\/p>\n<p>\u00d5pi, kuidas m\u00fc\u00fca oma munnipilte internetis ja teenida t\u00e4iskohaga elatist sellega, mida sa armastad! See videokursus viib teid l\u00e4bi k\u00f5ik, mida peate teadma, alates oma fotode jaoks \u00f5ige turu leidmisest kuni klientide haldamiseni.<\/p>\n<p>Selle <strong>videokursus<\/strong>, saad teadmistepagasi k\u00f5igest alates<\/p>\n<ul>\n<li>Millist platvormi kasutada<\/li>\n<li>Kuidas hallata kliente<\/li>\n<li>Kuidas kasvatada oma kliendibaasi<\/li>\n<li>V\u00f5imalus automatiseerida 97% \u00e4ri<\/li>\n<\/ul>\n<p>Mis on sees:<\/p>\n<ul>\n<li>12 videot, mis viivad teid l\u00e4bi <strong>T\u00c4PSELT<\/strong> kuidas alustada<\/li>\n<li>Kogu esitluse PDF, et saaksite h\u00f5lpsasti viidata kursuse jooksul tehtud p\u00f5hipunktidele.<\/li>\n<\/ul>\n<p>Seal on palju inimesi, kes on huvitatud munnipiltide m\u00fc\u00fcgist internetis. L\u00f5ppude l\u00f5puks on see suurep\u00e4rane v\u00f5imalus teenida lisaraha. Ja kes ei armastaks peenist?<\/p>\n<p>Kuid enne, kui saate oma fotosid m\u00fc\u00fcma hakata, peate te teadma, kuidas seda teha. Siinkohal tuleb appi meie videokursus. Me \u00f5petame sulle k\u00f5ike, mida pead teadma, alates sellest, kuidas leida \u00f5igeid ostjaid ja l\u00f5petades sellega, milliseid pilte nad otsivad.<\/p>\n<p>Nii et olenemata sellest, kas olete kogenud professionaal v\u00f5i alles alustate, meie kursus aitab teil oma peenisefotodest k\u00f5ige rohkem kasu saada.<\/p>\n<p>Mida te siis ootate?<\/p>","protected":false},"excerpt":{"rendered":"<p>\u00d5pi, kuidas m\u00fc\u00fca oma munnipilte internetis ja teenida t\u00e4iskohaga elatist sellega, mida sa armastad! See videokursus viib teid l\u00e4bi k\u00f5ik, mida peate teadma, alates oma fotode jaoks \u00f5ige turu leidmisest kuni klientide haldamiseni.<\/p>\n<p><strong>Kerige allapoole, et vaadata videot selle kohta, mida te saate sellel kursusel \ud83d\udc47\ud83c\udffe<\/strong><\/p>","protected":false},"featured_media":1539,"comment_status":"open","ping_status":"closed","template":"","meta":[],"product_brand":[],"product_cat":[41],"product_tag":[33,40],"class_list":{"0":"post-59","1":"product","2":"type-product","3":"status-publish","4":"has-post-thumbnail","6":"product_cat-video-course","7":"product_tag-men","8":"product_tag-video","9":"infinite-scroll-item","10":"no-featured-image-padding","11":"sales-flash-overlay","12":"woocommerce-text-align-center","13":"woocommerce-image-align-center","15":"first","16":"instock","17":"downloadable","18":"virtual","19":"sold-individually","20":"purchasable","21":"product-type-simple"},"aioseo_notices":[],"_links":{"self":[{"href":"https:\/\/subtomy.com\/et\/wp-json\/wp\/v2\/product\/59","targetHints":{"allow":["GET"]}}],"collection":[{"href":"https:\/\/subtomy.com\/et\/wp-json\/wp\/v2\/product"}],"about":[{"href":"https:\/\/subtomy.com\/et\/wp-json\/wp\/v2\/types\/product"}],"replies":[{"embeddable":true,"href":"https:\/\/subtomy.com\/et\/wp-json\/wp\/v2\/comments?post=59"}],"wp:featuredmedia":[{"embeddable":true,"href":"https:\/\/subtomy.com\/et\/wp-json\/wp\/v2\/media\/1539"}],"wp:attachment":[{"href":"https:\/\/subtomy.com\/et\/wp-json\/wp\/v2\/media?parent=59"}],"wp:term":[{"taxonomy":"product_brand","embeddable":true,"href":"https:\/\/subtomy.com\/et\/wp-json\/wp\/v2\/product_brand?post=59"},{"taxonomy":"product_cat","embeddable":true,"href":"https:\/\/subtomy.com\/et\/wp-json\/wp\/v2\/product_cat?post=59"},{"taxonomy":"product_tag","embeddable":true,"href":"https:\/\/subtomy.com\/et\/wp-json\/wp\/v2\/product_tag?post=59"}],"curies":[{"name":"wp","href":"https:\/\/api.w.org\/{rel}","templated":true}]}}