{"id":608,"date":"2023-04-14T19:14:00","date_gmt":"2023-04-15T00:14:00","guid":{"rendered":"https:\/\/shop.cammodelagency.com\/?post_type=product&#038;p=608"},"modified":"2024-03-02T21:46:54","modified_gmt":"2024-03-03T02:46:54","slug":"findom-caption-pack","status":"publish","type":"product","link":"https:\/\/subtomy.com\/et\/toode\/findom-caption-pack\/","title":{"rendered":"100+ FinDom\/Financial Domination Caption Pack for Social Media, Reddit, Onlyfans jne."},"content":{"rendered":"<p>Kui oled t\u00e4iskasvanud modell, kes pakub finantsdomineerimise teenuseid ja soovib kaasata oma palgasigasid ja rahaorje, siis meie finantsdomineerimise sotsiaalmeedia pildipakett on t\u00e4pselt see, mida sa vajad!<\/p>\n<p>Meie pakett sisaldab 100 unikaalset pealkirja, mis aitavad teil oma domineerimist kinnitada, panna oma j\u00e4rgijad tundma allumatust ja l\u00f5ppkokkuv\u00f5ttes suurendada oma sissetulekut. \u00dcksk\u00f5ik, kas n\u00e4itad oma disainerriideid, esitled oma luksuslikku elustiili v\u00f5i lihtsalt tuletad oma j\u00e4lgijatele meelde, kes on vastutav, meie pildiallkirjad aitavad sul teha avaldust.<\/p>\n<p>Meie pildiallkirjad h\u00f5lmavad erinevaid teemasid, alates kiusamisest kuni pilkamiseni ja k\u00f5igest sellest vahepealsest. Kui soovite inspireerida oma j\u00e4rgijaid teid austama, pakkuda eksklusiivset sisu oma tipptegijatele v\u00f5i tuletada k\u00f5igile meelde nende kohta teie maailmas, siis meil on k\u00f5ik olemas. Ja t\u00e4nu meie lihtsale formaadile saate valitud pealkirja kiiresti ja lihtsalt kopeerida ja kleepida oma sotsiaalmeediapostitustes, s\u00e4\u00e4stes nii aega ja vaeva.<\/p>\n<p>Seega, kui oled valmis viima oma rahalise domineerimise m\u00e4ngu j\u00e4rgmisele tasemele ja maksimeerima oma sissetulekuid, tellige meie rahalise domineerimise sotsiaalmeedia pildipakett juba t\u00e4na!<\/p>","protected":false},"excerpt":{"rendered":"<p>Meie pakett sisaldab 100 ainulaadset pealkirja, mis aitavad teil oma findom-saatjaid k\u00f6ita ja panna neid teie jaoks oma rahakotid avama. \u00dcksk\u00f5ik, kas postitad foto endast luksuslikus riietuses, uhkeldad oma rikkuse ja v\u00f5imuga v\u00f5i esitad lihtsalt provokatiivse s\u00f5numi, meie pildiallkirjad aitavad sul m\u00f5ju avaldada.<\/p>\n<p><strong>N\u00e4ited:<\/strong><\/p>\n<ul>\n<li><span data-sheets-value=\"{&quot;1&quot;:2,&quot;2&quot;:&quot;Better start counting those coins, boys. \ud83d\udcb0 I'm not here to play nice - I'm here to take your hard earned cash and put it in my pocket where it belongs. Come and get a taste of what you can't resist...you know you want to! \ud83d\ude08 #Goddess&quot;}\" data-sheets-userformat=\"{&quot;2&quot;:8961,&quot;3&quot;:{&quot;1&quot;:0},&quot;11&quot;:4,&quot;12&quot;:0,&quot;16&quot;:12}\">Parem hakake neid m\u00fcnte lugema, poisid. \ud83d\udcb0 Ma ei ole siin selleks, et kenasti m\u00e4ngida - ma olen siin, et v\u00f5tta teie raskelt teenitud raha ja panna see oma taskusse, kuhu see kuulub. Tulge ja proovige seda, millele te ei suuda vastu panna... te teate, et tahate! \ud83d\ude08 #Goddess<\/span><\/li>\n<li><span data-sheets-value=\"{&quot;1&quot;:2,&quot;2&quot;:&quot;Flawless and in control, I live for the power games that come with financial domination. Your extravagance is my pleasure; you will beg to be my pay pig \ud83e\udd11\ud83d\udcb0&quot;}\" data-sheets-userformat=\"{&quot;2&quot;:8961,&quot;3&quot;:{&quot;1&quot;:0},&quot;11&quot;:4,&quot;12&quot;:0,&quot;16&quot;:12}\">Veatu ja kontrolliv, ma elan rahalise domineerimisega kaasnevate v\u00f5imum\u00e4ngude jaoks. Sinu ekstravagantsus on minu nauding; sa kerjused, et olla minu palgasiga \ud83e\udd11\ud83d\udcb0.<\/span><\/li>\n<li><span data-sheets-value=\"{&quot;1&quot;:2,&quot;2&quot;:&quot;Look at you, so desperate and thirsty for a Goddess like me. You're nothing more than my piggy bank, ready to do whatever it takes to be allowed to worship me \ud83d\udcb0\ud83d\udc51&quot;}\" data-sheets-userformat=\"{&quot;2&quot;:8961,&quot;3&quot;:{&quot;1&quot;:0},&quot;11&quot;:4,&quot;12&quot;:0,&quot;16&quot;:12}\">Vaata sind, nii meeleheitlikult ja janunult ootad sellist jumalanna nagu mina. Sa ei ole midagi muud kui minu s\u00e4\u00e4stupank, valmis tegema k\u00f5ike, et mind saaks kummardada \ud83d\udcb0\ud83d\udc51.<\/span><\/li>\n<\/ul>","protected":false},"featured_media":2252,"comment_status":"open","ping_status":"closed","template":"","meta":[],"product_brand":[],"product_cat":[22],"product_tag":[28],"class_list":{"0":"post-608","1":"product","2":"type-product","3":"status-publish","4":"has-post-thumbnail","6":"product_cat-captions","7":"product_tag-findom","8":"infinite-scroll-item","9":"no-featured-image-padding","10":"sales-flash-overlay","11":"woocommerce-text-align-center","12":"woocommerce-image-align-center","13":"wc-has-gallery","15":"first","16":"instock","17":"downloadable","18":"virtual","19":"sold-individually","20":"purchasable","21":"product-type-simple"},"aioseo_notices":[],"_links":{"self":[{"href":"https:\/\/subtomy.com\/et\/wp-json\/wp\/v2\/product\/608","targetHints":{"allow":["GET"]}}],"collection":[{"href":"https:\/\/subtomy.com\/et\/wp-json\/wp\/v2\/product"}],"about":[{"href":"https:\/\/subtomy.com\/et\/wp-json\/wp\/v2\/types\/product"}],"replies":[{"embeddable":true,"href":"https:\/\/subtomy.com\/et\/wp-json\/wp\/v2\/comments?post=608"}],"wp:featuredmedia":[{"embeddable":true,"href":"https:\/\/subtomy.com\/et\/wp-json\/wp\/v2\/media\/2252"}],"wp:attachment":[{"href":"https:\/\/subtomy.com\/et\/wp-json\/wp\/v2\/media?parent=608"}],"wp:term":[{"taxonomy":"product_brand","embeddable":true,"href":"https:\/\/subtomy.com\/et\/wp-json\/wp\/v2\/product_brand?post=608"},{"taxonomy":"product_cat","embeddable":true,"href":"https:\/\/subtomy.com\/et\/wp-json\/wp\/v2\/product_cat?post=608"},{"taxonomy":"product_tag","embeddable":true,"href":"https:\/\/subtomy.com\/et\/wp-json\/wp\/v2\/product_tag?post=608"}],"curies":[{"name":"wp","href":"https:\/\/api.w.org\/{rel}","templated":true}]}}