{"id":628,"date":"2023-04-17T15:11:27","date_gmt":"2023-04-17T20:11:27","guid":{"rendered":"https:\/\/shop.cammodelagency.com\/?post_type=product&#038;p=628"},"modified":"2024-03-25T00:24:30","modified_gmt":"2024-03-25T05:24:30","slug":"bratty-captions","status":"publish","type":"product","link":"https:\/\/subtomy.com\/et\/toode\/jonnakad-pildiallkirjad\/","title":{"rendered":"100+ Bratty captions for OnlyFans, Reddit, sotsiaalmeedia"},"content":{"rendered":"<p>Kas oled OnlyFans'i modell, kes armastab oma luksuslikku elustiili esitleda ja tahab oma publikut sotsiaalmeedias kaasata? Meie rikutud sotsiaalmeedia pildipakett on just see, mida sa vajad!<\/p>\n<p>Meie pakett sisaldab \u00fcle 100 unikaalse pildiallkirja, mis aitavad teil n\u00e4idata oma rikkalikku ja k\u00fclluslikku elustiili, olles samal ajal \u00fchenduses oma j\u00e4lgijatega. \u00dcksk\u00f5ik, kas postitate foto endast, kus te ostate k\u00f5rgekvaliteedilistes kauplustes, reisite luksuses v\u00f5i lihtsalt esitlete oma disainerriideid, meie pildiallkirjad aitavad teil oma publikut kaasata ja reklaamida oma videoteenuseid.<\/p>\n<p>Meie pildiallkirjad katavad erinevaid teemasid, ulmelisest m\u00e4ngulisest kuni m\u00e4ngulisse ja k\u00f5ike, mis on nende vahel. Tahad sa oma j\u00e4lgijatele salap\u00e4ra pakkuda v\u00f5i n\u00e4idata oma enesekindlat ja enesekindlat poolt - meil on k\u00f5ik olemas. T\u00e4nu meie lihtsale vormingule saad valitud pealkirja kiiresti ja lihtsalt kopeerida ja kleepida oma sotsiaalmeediapostitustes, s\u00e4\u00e4stes nii aega ja vaeva.<\/p>\n<p>Nii et kui oled OnlyFans'i rikutud modell, kes soovib oma publikuga \u00fchendust v\u00f5tta ja oma videoteenuseid reklaamida, tellige meie rikutud sotsiaalmeedia pildiallkirjade pakett juba t\u00e4na!<\/p>","protected":false},"excerpt":{"rendered":"<p><strong>Eluaegsed uuendused ja juurdep\u00e4\u00e4s!<\/strong><\/p>\n<p>Kas oled OnlyFans'i modell, kes kehastab rikutud kratti ja soovib oma videoteenuseid sotsiaalmeedias reklaamida? Meie sotsiaalmeedia pildiallkirjade pakett on siin, et aidata!<\/p>\n<p>N\u00e4ited on j\u00e4rgmised:<\/p>\n<ul>\n<li><span data-sheets-value=\"{&quot;1&quot;:2,&quot;2&quot;:&quot;Do you crave a bratty princess who always gets her way? \ud83e\udd34 I'm here to be spoiled, admired and adored. DM me if you're up for the challenge \ud83d\ude09 &quot;}\" data-sheets-userformat=\"{&quot;2&quot;:14656,&quot;9&quot;:0,&quot;11&quot;:4,&quot;14&quot;:{&quot;1&quot;:2,&quot;2&quot;:0},&quot;15&quot;:&quot;Verdana&quot;,&quot;16&quot;:11}\">Kas sa ihkad jonnakat printsessi, kes saab alati oma tahtmist? \ud83e\udd34 Ma olen siin, et mind \u00e4ra rikkuda, imetleda ja jumaldada. DM mulle, kui sa oled valmis v\u00e4ljakutse \ud83d\ude09<\/span><\/li>\n<li><span data-sheets-value=\"{&quot;1&quot;:2,&quot;2&quot;:&quot;For members only \ud83d\udc40 I'm the brat who always gets her way! \ud83e\udd2d Come talk to me and spoil me rotten...I'm feelin' sexy AF &amp; ready for some naughty fun! \ud83d\ude0d &quot;}\" data-sheets-userformat=\"{&quot;2&quot;:14656,&quot;9&quot;:0,&quot;11&quot;:4,&quot;14&quot;:{&quot;1&quot;:2,&quot;2&quot;:0},&quot;15&quot;:&quot;Verdana&quot;,&quot;16&quot;:11}\">Ainult liikmetele \ud83d\udc40 Mina olen see krati, kes alati saab oma tahtmist! \ud83e\udd2d Tule r\u00e4\u00e4gi minuga ja \u00e4ra rikku mind...ma tunnen end seksikalt AF &amp; olen valmis m\u00f5neks ulakaks l\u00f5buks! \ud83d\ude0d <\/span><\/li>\n<li><span data-sheets-value=\"{&quot;1&quot;:2,&quot;2&quot;:&quot;Right now I'm sitting here, looking pretty and feeling naughty. \ud83d\udc45 I always get my way; so if you want to talk with me, you better be ready to spoil me! \ud83d\udcb0 &quot;}\" data-sheets-userformat=\"{&quot;2&quot;:14656,&quot;9&quot;:0,&quot;11&quot;:4,&quot;14&quot;:{&quot;1&quot;:2,&quot;2&quot;:0},&quot;15&quot;:&quot;Verdana&quot;,&quot;16&quot;:11}\">Praegu istun ma siin, n\u00e4en ilus v\u00e4lja ja tunnen end ulakalt. \ud83d\udc45 Ma saan alati oma tahtmist; nii et kui sa tahad minuga r\u00e4\u00e4kida, siis ole parem valmis mind \u00e4ra rikkuma! \ud83d\udcb0 <\/span><\/li>\n<\/ul>","protected":false},"featured_media":2305,"comment_status":"open","ping_status":"closed","template":"","meta":[],"product_brand":[],"product_cat":[22],"product_tag":[21],"class_list":{"0":"post-628","1":"product","2":"type-product","3":"status-publish","4":"has-post-thumbnail","6":"product_cat-captions","7":"product_tag-bratty","8":"infinite-scroll-item","9":"no-featured-image-padding","10":"sales-flash-overlay","11":"woocommerce-text-align-center","12":"woocommerce-image-align-center","13":"wc-has-gallery","15":"first","16":"instock","17":"downloadable","18":"virtual","19":"sold-individually","20":"purchasable","21":"product-type-simple"},"aioseo_notices":[],"_links":{"self":[{"href":"https:\/\/subtomy.com\/et\/wp-json\/wp\/v2\/product\/628","targetHints":{"allow":["GET"]}}],"collection":[{"href":"https:\/\/subtomy.com\/et\/wp-json\/wp\/v2\/product"}],"about":[{"href":"https:\/\/subtomy.com\/et\/wp-json\/wp\/v2\/types\/product"}],"replies":[{"embeddable":true,"href":"https:\/\/subtomy.com\/et\/wp-json\/wp\/v2\/comments?post=628"}],"wp:featuredmedia":[{"embeddable":true,"href":"https:\/\/subtomy.com\/et\/wp-json\/wp\/v2\/media\/2305"}],"wp:attachment":[{"href":"https:\/\/subtomy.com\/et\/wp-json\/wp\/v2\/media?parent=628"}],"wp:term":[{"taxonomy":"product_brand","embeddable":true,"href":"https:\/\/subtomy.com\/et\/wp-json\/wp\/v2\/product_brand?post=628"},{"taxonomy":"product_cat","embeddable":true,"href":"https:\/\/subtomy.com\/et\/wp-json\/wp\/v2\/product_cat?post=628"},{"taxonomy":"product_tag","embeddable":true,"href":"https:\/\/subtomy.com\/et\/wp-json\/wp\/v2\/product_tag?post=628"}],"curies":[{"name":"wp","href":"https:\/\/api.w.org\/{rel}","templated":true}]}}