{"id":664,"date":"2023-04-17T20:43:03","date_gmt":"2023-04-18T01:43:03","guid":{"rendered":"https:\/\/shop.cammodelagency.com\/?post_type=product&#038;p=664"},"modified":"2024-04-02T17:57:06","modified_gmt":"2024-04-02T22:57:06","slug":"stoner-girl-captions","status":"publish","type":"product","link":"https:\/\/subtomy.com\/et\/toode\/stoner-girl-captions\/","title":{"rendered":"100+ K\u00e4nnut\u00fcdruku pildiallkirja OnlyFans, Reddit, sotsiaalmeedia jne jaoks."},"content":{"rendered":"<p>Kas oled OnlyFans'i modell, kes armastab 420-s\u00f5bralikku l\u00f5bu ja suhelda oma j\u00e4lgijatega sotsiaalmeedias? Meie k\u00e4nnut\u00fcdrukute meediatekstide pakett on siin, et aidata teil oma teenuseid reklaamida ja oma publikut kaasata!<\/p>\n<p>Meie pakett sisaldab \u00fcle 100 unikaalse pildiallkirja, mis aitavad teil n\u00e4idata oma armastust kanepi vastu ja reklaamida oma videoteenuseid. \u00dcksk\u00f5ik, kas postitad fotot endast, kus sa naudid joint'i v\u00f5i jagad s\u00f5numit, mis toob esile sinu lemmikt\u00fcved, meie tiitrid aitavad sul haarata oma publiku t\u00e4helepanu ja tutvustada oma narkootilise elustiili.<\/p>\n<p>Meie pildiallkirjad h\u00f5lmavad erinevaid teemasid, alates rahulikust kuni humoorikani ja k\u00f5ike, mis j\u00e4\u00e4b nende vahele. \u00dcksk\u00f5ik, kas soovite jagada oma lemmiktsiteeringuid v\u00f5i r\u00f5hutada oma narkos\u00f5bralikke tegevusi, meil on k\u00f5ik olemas. Ja t\u00e4nu meie lihtsale formaadile saad valitud pealkirja kiiresti ja lihtsalt kopeerida ja kleepida oma sotsiaalmeediapostitustes, s\u00e4\u00e4stes nii aega ja vaeva.<\/p>\n<p>N\u00e4ited:<\/p>\n<ul>\n<li><span data-sheets-value=\"{&quot;1&quot;:2,&quot;2&quot;:&quot;Could this be any sexier? \ud83d\udd25 I'm a stoner slut, ready to get high and have some fun. Come join me if you're down for an unforgettable experience of being pretty and sexy while we share our mutual love for marijuana. Let's chat and see what kind of mischief we can get into! \ud83d\ude09 &quot;}\" data-sheets-userformat=\"{&quot;2&quot;:14656,&quot;9&quot;:0,&quot;11&quot;:4,&quot;14&quot;:{&quot;1&quot;:2,&quot;2&quot;:0},&quot;15&quot;:&quot;Verdana&quot;,&quot;16&quot;:11}\">Kas see v\u00f5iks olla veel seksikam? \ud83d\udd25 Ma olen k\u00e4nnu lutikas, kes on valmis narkootikumi saama ja l\u00f5butsema. Tule minuga, kui oled valmis unustamatuks kogemuseks, kus oled ilus ja seksikas, samal ajal kui me jagame oma \u00fchist armastust marihuaana vastu. Vestleme ja vaatame, milliseid pahandusi me saame teha! \ud83d\ude09 <\/span><\/li>\n<li><span data-sheets-value=\"{&quot;1&quot;:2,&quot;2&quot;:&quot;Half price \ud83e\udd11 tonight only! \ud83d\ude18 I'm feeling extra sexy, so let's get high and see where the night takes us. \ud83d\udca8 Who knows, with the right person we might just melt into each other. \ud83d\udc45 DM me if you're up for a wild ride. &quot;}\" data-sheets-userformat=\"{&quot;2&quot;:14656,&quot;9&quot;:0,&quot;11&quot;:4,&quot;14&quot;:{&quot;1&quot;:2,&quot;2&quot;:0},&quot;15&quot;:&quot;Verdana&quot;,&quot;16&quot;:11}\">Ainult t\u00e4na \u00f5htul poole hinnaga \ud83e\udd11! \ud83d\ude18 Ma tunnen end eriti seksikalt, nii et laseme end k\u00f5rini ja vaatame, kuhu \u00f6\u00f6 meid viib. \ud83d\udca8 Kes teab, \u00f5ige inimesega v\u00f5ime me lihtsalt teineteisega kokku sulada. \ud83d\udc45 DM mulle, kui sa oled valmis metsikuks s\u00f5iduks. <\/span><\/li>\n<li><span data-sheets-value=\"{&quot;1&quot;:2,&quot;2&quot;:&quot;Right now, I'm feeling \ud83d\udd25\ud83d\udd25: high on life and higher with weed. Come join me in my smoky haze of pleasure\u2014we can get lost together in this sexy stoner slut paradise. \ud83d\udca8&quot;}\" data-sheets-userformat=\"{&quot;2&quot;:8961,&quot;3&quot;:{&quot;1&quot;:0},&quot;11&quot;:4,&quot;12&quot;:0,&quot;16&quot;:12}\">Praegu tunnen ma end \ud83d\udd25\ud83d\udd25: k\u00f5rges elut\u00f5usus ja k\u00f5rgemal rohtu. Tule ja liitu minuga minu suitsusesse naudingute udusesse - me v\u00f5ime koos eksida selles seksikas k\u00e4nnu litsiparadiisis. \ud83d\udca8<\/span><\/li>\n<\/ul>\n<p>Seega, kui sa oled k\u00e4nnut\u00fcdruk, kes soovib oma j\u00e4lgijate kaasamist ja oma teenuste reklaamimist OnlyFansis, tellige meie k\u00e4nnut\u00fcdrukute meediatekstide pakett juba t\u00e4na!<\/p>","protected":false},"excerpt":{"rendered":"<p>Kas oled OnlyFans'i modell, kes armastab 420-s\u00f5bralikku l\u00f5bu ja suhelda oma j\u00e4lgijatega sotsiaalmeedias? Meie k\u00e4nnut\u00fcdrukute meediatekstide pakett on siin, et aidata teil oma teenuseid reklaamida ja oma publikut kaasata!<\/p>\n<p>N\u00e4ited:<\/p>\n<ul>\n<li><span data-sheets-value=\"{&quot;1&quot;:2,&quot;2&quot;:&quot;Could this be any sexier? \ud83d\udd25 I'm a stoner slut, ready to get high and have some fun. Come join me if you're down for an unforgettable experience of being pretty and sexy while we share our mutual love for marijuana. Let's chat and see what kind of mischief we can get into! \ud83d\ude09 &quot;}\" data-sheets-userformat=\"{&quot;2&quot;:14656,&quot;9&quot;:0,&quot;11&quot;:4,&quot;14&quot;:{&quot;1&quot;:2,&quot;2&quot;:0},&quot;15&quot;:&quot;Verdana&quot;,&quot;16&quot;:11}\">Kas see v\u00f5iks olla veel seksikam? \ud83d\udd25 Ma olen k\u00e4nnu lutikas, kes on valmis narkootikumi saama ja l\u00f5butsema. Tule minuga, kui oled valmis unustamatuks kogemuseks, kus oled ilus ja seksikas, samal ajal kui me jagame oma \u00fchist armastust marihuaana vastu. Vestleme ja vaatame, milliseid pahandusi me saame teha! \ud83d\ude09 <\/span><\/li>\n<li><span data-sheets-value=\"{&quot;1&quot;:2,&quot;2&quot;:&quot;Half price \ud83e\udd11 tonight only! \ud83d\ude18 I'm feeling extra sexy, so let's get high and see where the night takes us. \ud83d\udca8 Who knows, with the right person we might just melt into each other. \ud83d\udc45 DM me if you're up for a wild ride. &quot;}\" data-sheets-userformat=\"{&quot;2&quot;:14656,&quot;9&quot;:0,&quot;11&quot;:4,&quot;14&quot;:{&quot;1&quot;:2,&quot;2&quot;:0},&quot;15&quot;:&quot;Verdana&quot;,&quot;16&quot;:11}\">Ainult t\u00e4na \u00f5htul poole hinnaga \ud83e\udd11! \ud83d\ude18 Ma tunnen end eriti seksikalt, nii et laseme end k\u00f5rini ja vaatame, kuhu \u00f6\u00f6 meid viib. \ud83d\udca8 Kes teab, \u00f5ige inimesega v\u00f5ime me lihtsalt teineteisega kokku sulada. \ud83d\udc45 DM mulle, kui sa oled valmis metsikuks s\u00f5iduks. <\/span><\/li>\n<li><span data-sheets-value=\"{&quot;1&quot;:2,&quot;2&quot;:&quot;Right now, I'm feeling \ud83d\udd25\ud83d\udd25: high on life and higher with weed. Come join me in my smoky haze of pleasure\u2014we can get lost together in this sexy stoner slut paradise. \ud83d\udca8&quot;}\" data-sheets-userformat=\"{&quot;2&quot;:8961,&quot;3&quot;:{&quot;1&quot;:0},&quot;11&quot;:4,&quot;12&quot;:0,&quot;16&quot;:12}\">Praegu tunnen ma end \ud83d\udd25\ud83d\udd25: k\u00f5rges elut\u00f5usus ja k\u00f5rgemal rohtu. Tule ja liitu minuga minu suitsusesse naudingute udusesse - me v\u00f5ime koos eksida selles seksikas k\u00e4nnu litsiparadiisis. \ud83d\udca8<\/span><\/li>\n<\/ul>","protected":false},"featured_media":2342,"comment_status":"open","ping_status":"closed","template":"","meta":[],"product_brand":[],"product_cat":[22],"product_tag":[39],"class_list":{"0":"post-664","1":"product","2":"type-product","3":"status-publish","4":"has-post-thumbnail","6":"product_cat-captions","7":"product_tag-stoner","8":"infinite-scroll-item","9":"no-featured-image-padding","10":"sales-flash-overlay","11":"woocommerce-text-align-center","12":"woocommerce-image-align-center","13":"wc-has-gallery","15":"first","16":"instock","17":"downloadable","18":"virtual","19":"sold-individually","20":"purchasable","21":"product-type-simple"},"aioseo_notices":[],"_links":{"self":[{"href":"https:\/\/subtomy.com\/et\/wp-json\/wp\/v2\/product\/664","targetHints":{"allow":["GET"]}}],"collection":[{"href":"https:\/\/subtomy.com\/et\/wp-json\/wp\/v2\/product"}],"about":[{"href":"https:\/\/subtomy.com\/et\/wp-json\/wp\/v2\/types\/product"}],"replies":[{"embeddable":true,"href":"https:\/\/subtomy.com\/et\/wp-json\/wp\/v2\/comments?post=664"}],"wp:featuredmedia":[{"embeddable":true,"href":"https:\/\/subtomy.com\/et\/wp-json\/wp\/v2\/media\/2342"}],"wp:attachment":[{"href":"https:\/\/subtomy.com\/et\/wp-json\/wp\/v2\/media?parent=664"}],"wp:term":[{"taxonomy":"product_brand","embeddable":true,"href":"https:\/\/subtomy.com\/et\/wp-json\/wp\/v2\/product_brand?post=664"},{"taxonomy":"product_cat","embeddable":true,"href":"https:\/\/subtomy.com\/et\/wp-json\/wp\/v2\/product_cat?post=664"},{"taxonomy":"product_tag","embeddable":true,"href":"https:\/\/subtomy.com\/et\/wp-json\/wp\/v2\/product_tag?post=664"}],"curies":[{"name":"wp","href":"https:\/\/api.w.org\/{rel}","templated":true}]}}